{"id":1526,"date":"2023-06-27T19:19:39","date_gmt":"2023-06-27T18:19:39","guid":{"rendered":"https:\/\/kokaindrogekaufen.com\/?post_type=product&#038;p=1526"},"modified":"2024-12-06T06:14:22","modified_gmt":"2024-12-06T06:14:22","slug":"blau-domino-mdma-pillen-zu-verkaufen","status":"publish","type":"product","link":"https:\/\/kokaindrogekaufen.com\/sv\/product\/blau-domino-mdma-pillen-zu-verkaufen\/","title":{"rendered":"BLUE DOMINO MDMA PILLER TILL SALU"},"content":{"rendered":"<h2>ECSTASY ONLINE K\u00d6PA:<\/h2>\n<p>Slutligen Ecstasy online k\u00f6p diskret inom 24 timmar. Rapture (Blue Domino Ecstacy) finns i tablettform, som ofta \u00e4r graverade med realistiska motiv eller logotyper. Blue Domino Ecstasy Piller \u00e4r oftast tas som en tablett, men kan krossas och grunted, infunderas, eller som stolpiller f\u00f6r att anv\u00e4ndas. Du kommer f\u00f6rmodligen ocks\u00e5 lyssna p\u00e5 musik, f\u00f6rem\u00e5l med olika tryck p\u00e5 ytor och f\u00f6rem\u00e5l med lampor inspektera. Ecstasy k\u00f6pa online<\/p>\n<p>Begr\u00e4nsning av de flesta av hemmet testet enheter \u00e4r att de ofta kan skilja n\u00e5gra av de recept av en oskiljbara tablett igenom det. De kan ber\u00e4tta f\u00f6r dig om en tablett Blue Domino Ecstasy Piller inkluderar, men \u00e4r inte om det ocks\u00e5 inneh\u00e5ller metamfetamin, och s\u00e5 vidare. Kom ih\u00e5g hur piller i n\u00e4rheten av element som g\u00f6r dem trivsamma och s\u00e4kra att anv\u00e4nda, minskar f\u00f6r att uppleva faror av sp\u00e4nningar. Ecstasy k\u00f6pa online<\/p>\n<p>De fall d\u00e4r m\u00e4nniskor d\u00f6tt efter att ha tagit en dos av Eufori, var ofta resultatet av ovanliga och specifika reaktioner mot l\u00e4kemedlet, f\u00f6r den Del av irrelevant. Euphoria \u00e4r vanligen kallad &#034;fartyget av K\u00e4rlek&#034;, eftersom det p\u00e5verkar perspektiv av f\u00f6rvirring och ljud, och klart mer k\u00e4nslor utvecklas n\u00e4r man r\u00f6r vid eller smekningar, speciellt under samlag. \u00c4ven om det f\u00f6rekommer d\u00e5 och d\u00e5, \u00e4r inte en para-sett-Metoxi-amfetamin. Ecstasy k\u00f6pa online<\/p>\n<h3>ATT S\u00c4LJA ECSTASY:<\/h3>\n<p>M\u00e5nga m\u00e4nniskor fr\u00e5n hela v\u00e4rlden \u00e4r kliniskt i s\u00f6kning av h\u00f6g kvalitet Blue Domino Ecstasy Piller, eller lycka, att k\u00f6pa f\u00f6r ditt professionella, logiska, i till\u00e4mpliga fall, och idrottsliga krav. Rapture \u00e4r en av de mest anv\u00e4nda l\u00e4kemedlen i EU, s\u00e4rskilt bland unga m\u00e4nniskor, bes\u00f6ka kapacitet och Klubbar. Som f\u00f6r f\u00f6rsta G\u00e5ngen en stor grupp av PMAs kom ut p\u00e5 v\u00e4garna, om tjugo m\u00e4nniskor d\u00f6dades. Ecstasy k\u00f6pa online<\/p>\n<p>Alla dessa saker verkar saknas i den senaste Blue Domino Ecstasy Piller. Jag undviker vanliga piller, men T\u00e4nk \u00e4r fortfarande m\u00f6jligt att administrera. Blue Domino Ecstasy Piller har visat sedan 2017 ingen logisk tecken. Det var kort som anv\u00e4nds i psykoterapi, innan det f\u00f6rbj\u00f6ds. Trots att behandlingen \u00e4r laglig att anv\u00e4nda n\u00e5gra psykoterapeuter forts\u00e4tta att Blue Domino Ecstasy Piller i strategin. Ecstasy k\u00f6pa online<\/p>\n<p>Avgifterna b\u00f6r s\u00e4nkas med leverant\u00f6rer. Jag skulle vara villig att betala i god Tro, en m\u00e4ngd pengar f\u00f6r att uppleva denna f\u00f6rflutna Tid. Gl\u00e4dje \u00e4r ett av de m\u00e5nga arkitekter av l\u00e4kemedel som f\u00f6r n\u00e4rvarande \u00e4r p\u00e5 uppg\u00e5ng p\u00e5 grund av ett underjordiskt laboratorium g\u00f6r utvecklingen inom den kemiska f\u00f6rdel. I syfte att kringg\u00e5 de drog-lag, prova dessa laboratorier, f\u00f6r att \u00e4ndra den kemiska strukturen hos befintliga l\u00e4kemedel, att skapa nya typer med samma egenskaper. Ecstasy k\u00f6pa online<\/p>\n<h4>ECSTASY ONLINE K\u00d6P EUROPA:<\/h4>\n<p>Dessa Tester leder till att det ursprungliga l\u00e4kemedlet kommer ut p\u00e5 marknaden, med H\u00e4nryckning, utan tvekan, \u00e4r en av dem. Det st\u00f6rsta problemet verkade vara att det tog ungef\u00e4r en timme, tills effekten har intr\u00e4ffat (i motsats till 30 till 40 minuter p\u00e5 en Blue Domino Ecstacy), s\u00e5 att kunderna hade en k\u00e4nsla av att du skulle f\u00e5 massor av piller, om det i den f\u00f6rsta timmen, knappast n\u00e5got som h\u00e4nde, s\u00e5 var du n\u00e5gra onekligen mer och sprudlande. S\u00e4ljaren ger ibland en Bl\u00e5 Domino MDMA Piller, LSD eller meskalin f\u00f6r att f\u00f6rklara f\u00f6r henne tydligt, &#034;halluzinogeneren&#034; egenskaper (som att det skulle vara en MDA-container kommer att g\u00f6ra). Ecstasy k\u00f6pa online<\/p>\n<p>\u00c4ven om p\u00e5verkan \u00e4r vanligt f\u00f6rekommande, \u00e4r att finna i den farmaceutiska industrin \u00e4r extremt s\u00e4llsynt. Lorna Spinks, en Bliss-offren dog strax efter att ha tagit tv\u00e5 &#034;Kolossal styrka&#034; - tabletter, vilket \u00e4r n\u00e4stan en multipel av den normala dosen av l\u00e4kemedlet stod f\u00f6r. Den icke-vinstdrivande l\u00e4kemedel och bus-minskning av gruppen &#034;The Loop&#034; \u00e4r riktat till deltagarna, f\u00f6r att upplysa er om n\u00e5gra av de tabletter som du helt undvikas eller vid tidpunkten f\u00f6r tar du mycket att vara f\u00f6rsiktig. Ecstasy k\u00f6pa online<\/p>\n<p>Blue Domino Ecstasy Piller kan ibland d\u00f6da narkomaner, men de flesta av tiden, de orsaka Illam\u00e5ende, ilska, misstro och oro. Ibland, \u00c5terf\u00f6rs\u00e4ljare, Blue Domino Ecstacy, LSD, eller meskalin ing\u00e5r, g\u00f6r det klart, att f\u00f6rklara sina extra &#034;hallucinogen&#034; egenskaper (t ex, MDA-tank skulle uppst\u00e5.) Ecstasy k\u00f6pa Online<\/p>\n<h4>ATT S\u00c4LJA BLUE DOMINO MDMA PILLER:<\/h4>\n<p>Oberoende av hur v\u00e4l k\u00e4nt det \u00e4r, \u00e4r meskalin \u00e4r verkligen saknar motstycke i den farmaceutiska industrin. Eufori en hel del av skaparna recept, som nu \u00f6kar som ett resultat av U-Bahn \u00e4r den mest sannolika laboratorium, f\u00f6r att dra f\u00f6rdel av vetenskapliga framsteg. I samband med n\u00e4san med den muntliga grop, uppn\u00e5s en extremt h\u00e5rd stil i munnen, om de f\u00f6rbises, kan vara orsaken till ner, Illam\u00e5ende och Rapningar, s\u00e4rskilt i nu magar j\u00e4st. Ecstasy k\u00f6pa online<\/p>\n<p>De negativa effekterna av gl\u00e4dje Blue Domino Ecstasy Piller kan ta lite tid att utforska p\u00e5 egen hand. En del av tiden, och kan anv\u00e4nda tv\u00e5 till 90 dagar \u00e4r det Vanliga l\u00e4kemedel. En enda m\u00e5nads leverans av Blue Domino Ecstasy Piller F\u00f6rb\u00e4ttring inneh\u00e5ller 60 i beh\u00e5llaren, b\u00f6r du konsumera tv\u00e5 av dessa p\u00e5 en regelbunden basis. Ta det med ett glas vatten och en b\u00e4ttre diet Plan varje Morgon, och forts\u00e4tta att arbeta med honom inte mindre \u00e4n flera g\u00e5nger, utan en Del, om en fortsatt l\u00e5ng i behov av periodens resultat. Ecstasy k\u00f6pa online<\/p>","protected":false},"excerpt":{"rendered":"<p>ECSTASY ONLINE KAUFEN: Endlich Ecstasy online kaufen, diskret innerhalb von 24 Stunden. Rapture (Blue Domino Ecstasy Pills) ist in Tablettenform erh\u00e4ltlich, die h\u00e4ufig mit realistischen Designs oder Firmenlogos graviert sind. Blue Domino Ecstasy Pills werden in der Regel als Tablette eingenommen, k\u00f6nnen aber auch zerkleinert und gegrunzt, infundiert oder als Z\u00e4pfchen verwendet werden. Wahrscheinlich wirst Du auch gerne Musik h\u00f6ren, Gegenst\u00e4nde mit verschiedenen Oberfl\u00e4chen ber\u00fchren und Objekte mit Lichtern inspizieren. Ecstasy online kaufen Die Einschr\u00e4nkung der meisten Heimtestger\u00e4te besteht darin, dass sie h\u00e4ufig nicht in der Lage sind, einige Rezepte durch eine ununterscheidbare Tablette hindurch zu unterscheiden. Sie k\u00f6nnen Ihnen\u2026<\/p>","protected":false},"featured_media":1542,"comment_status":"open","ping_status":"closed","template":"","meta":{"content-type":""},"product_brand":[],"product_cat":[120],"product_tag":[121,122,123,124,125,126,127,128,129,130,131,132,133,134,135,136,137,138,139,140,141,142,143,144,145,146,147,148,149],"class_list":{"0":"post-1526","1":"product","2":"type-product","3":"status-publish","4":"has-post-thumbnail","6":"product_cat-mdma","7":"product_tag-blue-domino-mdma-for-sale","8":"product_tag-blue-domino-mdma-pills","9":"product_tag-blue-domino-mdma-pills-for-sale","10":"product_tag-bogner-ecstasy-25-for-sale","11":"product_tag-bogner-ecstasy-3534-for-sale","12":"product_tag-buy-blue-domino-mdma-online","13":"product_tag-buy-blue-domino-mdma-pills-online","14":"product_tag-buy-ecstasy-online","15":"product_tag-buying-ecstasy-online","16":"product_tag-ecstasy-cigarettes-for-sale","17":"product_tag-ecstasy-drug-for-sale","18":"product_tag-ecstasy-for-sale","19":"product_tag-ecstasy-for-sale-legal","20":"product_tag-ecstasy-for-sale-online","21":"product_tag-ecstasy-mdma-for-sale","22":"product_tag-ecstasy-online-zu-verkaufen","23":"product_tag-ecstasy-pille-zu-verkaufen","24":"product_tag-ecstasy-pillen-online-zu-verkaufen","25":"product_tag-ecstasy-quando-zu-verkaufen","26":"product_tag-ecstasy-renegade-trike-zu-verkaufen","27":"product_tag-ecstasy-super-sale","28":"product_tag-ecstasy-trike-zu-verkaufen","29":"product_tag-ecstasy-trikes-for-sale-by-owners","30":"product_tag-ecstasy-trikes-for-sale-in-usa","31":"product_tag-herbal-ecstasy-pills-for-sale","32":"product_tag-legal-ecstasy-zu-verkaufen","33":"product_tag-liquid-ecstasy-zu-verkaufen-online","34":"product_tag-mdma-ecstasy-zu-verkaufen","35":"product_tag-spirit-of-ecstasy-zu-verkaufen","37":"first","38":"instock","39":"shipping-taxable","40":"purchasable","41":"product-type-variable"},"_links":{"self":[{"href":"https:\/\/kokaindrogekaufen.com\/sv\/wp-json\/wp\/v2\/product\/1526"}],"collection":[{"href":"https:\/\/kokaindrogekaufen.com\/sv\/wp-json\/wp\/v2\/product"}],"about":[{"href":"https:\/\/kokaindrogekaufen.com\/sv\/wp-json\/wp\/v2\/types\/product"}],"replies":[{"embeddable":true,"href":"https:\/\/kokaindrogekaufen.com\/sv\/wp-json\/wp\/v2\/comments?post=1526"}],"wp:featuredmedia":[{"embeddable":true,"href":"https:\/\/kokaindrogekaufen.com\/sv\/wp-json\/wp\/v2\/media\/1542"}],"wp:attachment":[{"href":"https:\/\/kokaindrogekaufen.com\/sv\/wp-json\/wp\/v2\/media?parent=1526"}],"wp:term":[{"taxonomy":"product_brand","embeddable":true,"href":"https:\/\/kokaindrogekaufen.com\/sv\/wp-json\/wp\/v2\/product_brand?post=1526"},{"taxonomy":"product_cat","embeddable":true,"href":"https:\/\/kokaindrogekaufen.com\/sv\/wp-json\/wp\/v2\/product_cat?post=1526"},{"taxonomy":"product_tag","embeddable":true,"href":"https:\/\/kokaindrogekaufen.com\/sv\/wp-json\/wp\/v2\/product_tag?post=1526"}],"curies":[{"name":"wp","href":"https:\/\/api.w.org\/{rel}","templated":true}]}}