{"id":1533,"date":"2023-06-27T19:19:40","date_gmt":"2023-06-27T18:19:40","guid":{"rendered":"https:\/\/kokaindrogekaufen.com\/?post_type=product&#038;p=1533"},"modified":"2024-12-06T06:24:07","modified_gmt":"2024-12-06T06:24:07","slug":"blue-punisher-mdma-pills-290-mg-zu-verkaufen","status":"publish","type":"product","link":"https:\/\/kokaindrogekaufen.com\/sv\/product\/blue-punisher-mdma-pills-290-mg-zu-verkaufen\/","title":{"rendered":"BL\u00c5 PUNISHER MDMA PILLER F\u00d6R ATT S\u00c4LJA 290 MG"},"content":{"rendered":"<h2 style=\"text-align: center;\">BL\u00c5 PUNISHER MDMA PILLER F\u00d6R F\u00d6RS\u00c4LJNING:<\/h2>\n<p style=\"text-align: center;\">I alla fall, vi Bl\u00e5 Punisher MDMA Piller har till salu till mycket moderata priser. En enda South Carolina forskning bestod av tjugo patienter i Allm\u00e4nhet, offer f\u00f6r sexuella \u00f6vergrepp, erfarna PTSD f\u00f6r mer \u00e4n 19 \u00e5r. Det \u00e4r en falsk behandling kontrolleras bed\u00f6mning, s\u00e5 att alla m\u00e4nniskor har f\u00e5tt en liknande behandling, men en del var med tanke p\u00e5 den Bl\u00e5 Punisher MDMA Piller; 83% av dessa, den Bl\u00e5 Punisher MDMA Piller var inte l\u00e4ngre riktlinjerna f\u00f6r PTSD \u00f6verensst\u00e4mmelse med behandling \u00e4r uppfyllda, i samband med tjugofem procent av de personer som inte var fastst\u00e4llt l\u00e4kemedel.<\/p>\n<p style=\"text-align: center;\">Resultaten har innehas f\u00f6r olika m\u00e5nga \u00e5r. I sj\u00e4lva verket, f\u00f6r n\u00e4rvarande, Badawy \u00e4r s\u00e4rskilt energisk, p\u00e5 grund av potentialen finner han i en Bl\u00e5 Punisher MDMA Piller hj\u00e4lpte psykoterapi, med beaktande av v\u00e4lg\u00f6rare i logiska f\u00f6rberedelser erfarna lidit av PTSD f\u00f6r en normal sjutton-nio \u00e5r. Reaktioner p\u00e5 Medscape behandlas och kommer att vara kvalificerade i tonen och i sak.<\/p>\n<p style=\"text-align: center;\">Det \u00e4r av grundl\u00e4ggande betydelse f\u00f6r att meddela att alla av olika omst\u00e4ndigheter identifieras med sina Revisioner och reaktioner. F\u00f6r mer information, se v\u00e5ra riktlinjer f\u00f6r kommentarer. Vi f\u00f6rbeh\u00e5ller oss r\u00e4tten att ta bort inl\u00e4gg och kommentarer efter eget gottfinnande. Det \u00e4r denna betydande utvidgning av medk\u00e4nsla, som spelar n\u00e4stan s\u00e4kert en uppgift, medan det i huruvida den Bl\u00e5 Punisher MDMA Piller f\u00f6r st\u00f6d inom Fix av skada.<\/p>\n<h3 style=\"text-align: center;\">BL\u00c5 PUNISHER MDMA PILLER P\u00c5 N\u00c4TET K\u00d6P:<\/h3>\n<p style=\"text-align: center;\">F\u00f6r att ge dig en metod, hur Bl\u00e5 Punisher MDMA Piller anv\u00e4ndas kliniskt, och exakt vad det m\u00f6jlighet f\u00f6r offret, denna kortfattade (nio minuter), Online Video \u00e4r en bra skiss. Om f\u00f6rberedelserna g\u00e5r helt perfekt, Bl\u00e5 Punisher MDMA Piller under andra \u00e5r 2021 godk\u00e4nd och utg\u00f6r en ursprunglig metod f\u00f6r behandling av PTSD, en psykisk st\u00f6rning som kan utl\u00f6sas av Upplevelsen av en livshotande Fest. Bl\u00e5 Punisher MDMA Piller f\u00f6r att s\u00e4lja<\/p>\n<p style=\"text-align: center;\">Uttryck f\u00f6r f\u00f6rdr\u00f6jd exponering, visar v\u00e4gen att metoden f\u00f6r att programmera skapades av l\u00e5ng vana av exponering behandling f\u00f6r Stress fr\u00e5gor, i vilka kunderna \u00e4r hj\u00e4lpt till att trotsa S\u00e4ker men nervositet medf\u00f6r problem att besegra sina irrationell och \u00d6verdriven r\u00e4dsla och obehag. Vid samma tid, PE har uppst\u00e5tt genom anpassning och utveckling av K\u00e4nslom\u00e4ssig Bearbetning Id\u00e9 att PTSD, som betonar att k\u00e4rnan i att effektivt kunna hantera de fruktansv\u00e4rda minne medan det i f\u00f6rb\u00e4ttring av PTSD tecken. Bl\u00e5 Punisher MDMA piller till salu<\/p>\n<p style=\"text-align: center;\">Runt denna instruktions Motion, Skaparen av funktionsrika att den mentala hantering av den komponent som skulle vara grundl\u00e4ggande f\u00f6r den blomstrande minskning av PTSD tecken. Individer kvar i laboratorium tills kv\u00e4llen behandlingstillf\u00e4lle och gick till en unders\u00f6kning, en annan tidig Morgon. Sessionen var upprepas en m\u00e5nad efter det faktum, och en g\u00e5ng varje m\u00e5nad d\u00e4refter. Bl\u00e5 Punisher MDMA Piller f\u00f6r att s\u00e4lja<\/p>\n<p style=\"text-align: center;\">I mellan, offer f\u00f6r telefonen hade kontakt med experter, som hade invigts i den f\u00f6rv\u00e4rvade behandling strategi. Man tror att Bl\u00e5 Punisher MDMA-Piller kan bidra till att g\u00f6ra effekterna av CPT k\u00e4nd. Om Hemmen i den Bl\u00e5 Punisher MDMA Piller, uttryckligen Chansen att bo med k\u00e4nsla och Beg\u00e4ran om insikter, dessa effekter \u00e4r s\u00e4rskilt identifieras med instrument av CPT. I examina, g\u00e5 framf\u00f6r scenen tv\u00e5 logiska unders\u00f6kningar anv\u00e4nds en reducerad dos av Bl\u00e5 Punisher MDMA Piller, som arbetade p\u00e5 villfarelsen, men gav upphov till en l\u00e4gre effekt i termer av \u00e5r. Bl\u00e5 Punisher MDMA Piller f\u00f6r att s\u00e4lja<\/p>\n<h4 style=\"text-align: center;\">BL\u00c5 PUNISHER MDMA PILLER TILL SALU P\u00c5 N\u00c4TET:<\/h4>\n<p style=\"text-align: center;\">I del 3 av den prelimin\u00e4ra stil, har f\u00e5tt resultatet av dataintegritet (trots en rimlig Avkodning), av en konsultfirma v\u00e4lbefinnande data (som beh\u00f6vs) och Autonoma Rater unders\u00f6kning PTSD Sv\u00e5righetsgrad och anv\u00e4ndbar f\u00f6rsvagning av information, i syfte att f\u00f6rhindra anlag f\u00f6r att samla in. 20,21 genombrott eller sl\u00e5ende f\u00f6r\u00e4ndringar i mottagandet och perspektiv kan tvekl\u00f6st att intr\u00e4ffa i olika behandling varierar men du kan vara knappa och snart efter de h\u00e4ndelser som ska s\u00f6kas i. Bl\u00e5 Punisher MDMA Piller f\u00f6r att s\u00e4lja<\/p>\n<p style=\"text-align: center;\">I h\u00e4ndelse av att denna ut\u00f6kade psykoterapi p\u00e5 ett tillf\u00f6rlitligt s\u00e4tt orsakar kritiska erfarenhet eller en verkligen nya perspektiv p\u00e5 en viss typ av liv, Detta kan vara en avg\u00f6rande faktor i hans utst\u00e4llning i behandling av PTSD och andra problem. S\u00f6k helande med Bl\u00e5 Punisher MDMA Piller, en stor del av varelser p\u00e5 samma s\u00e4tt som hur unga m\u00e4nniskor reagerade p\u00e5 sociala kontakter, genom utformningen av en god relation mellan v\u00e4nlig kommunikation, ut\u00f6ver skivmaterial. Bl\u00e5 Punisher MDMA Piller f\u00f6r att s\u00e4lja<\/p>\n<p style=\"text-align: center;\">Detta resultat gick f\u00f6r ungef\u00e4r tv\u00e5 m\u00e5nader efter den Bl\u00e5 Punisher MDMA Piller fix, och det var inte i m\u00f6ss saltl\u00f6sning sett infusioner. Senare, dessa institutioner kan inte bara direkt, Bl\u00e5 Punisher MDMA Piller f\u00f6r PTSD fortfarande Psilocybin \u00e4r ocks\u00e5, och detta \u00e4r nu lovande ut f\u00f6r en rad villkor, s\u00e5som prim\u00e4r sorg. Bl\u00e5 Punisher MDMA Piller f\u00f6r att s\u00e4lja<\/p>\n<h5 style=\"text-align: center;\">ATT S\u00c4LJA MDMA:<\/h5>\n<p style=\"text-align: center;\">Tills den dag organisationen, takt av nervositet, k\u00e4ken tajt k\u00e4ken, otillr\u00e4cklig Efterfr\u00e5gan och h\u00e5ll p\u00e5 \/ f\u00f6r mat, och sjukdom. i de Offer, som expanderar den energiska delen av den Bl\u00e5 Punisher MDMA Piller upphandlas, om tr\u00f6ghet och migr\u00e4n insvept extra genomtr\u00e4ngande medan j\u00e4mf\u00f6relsegruppen Bl\u00e5 Punisher MDMA Piller \u00e4r oftast svalt, men det har gjorts unders\u00f6kningar som utf\u00f6rs f\u00f6r att r\u00f6ka, sniffa och Injicera den Bl\u00e5 Punisher MDMA Piller. Bl\u00e5 Punisher MDMA Piller f\u00f6r att s\u00e4lja<\/p>\n<p style=\"text-align: center;\">Konsumenter kan koppla in en krossad eller pulveriserad eller avsedd dos Bl\u00e5 Punisher MDMA Piller i en liten bit av mjukt papper (t ex toalettpapper) och sv\u00e4lja, i syfte att snabbare ins\u00e4ttande effekt av l\u00e4kemedel (s\u00e5 kallade Fallsk\u00e4rmshoppning). Den Bl\u00e5 Punisher MDMA Piller assisterad psykoterapi \u00e4r f\u00f6r n\u00e4rvarande f\u00f6rem\u00e5l f\u00f6r internationella studier f\u00f6r behandling av post-traumatisk stress disorder (PTSD). Resultaten \u00e4r uppmuntrande, anv\u00e4ndning av Blue Punisher MDMA Piller som ett Komplement till psykoterapi, kan vara anv\u00e4ndbart. Bl\u00e5 Punisher MDMA Piller f\u00f6r att s\u00e4lja<\/p>\n<p style=\"text-align: center;\">F\u00f6r m\u00e5nga kunder, \u00e4ven de som har lidit av i decennier under betydande PTSD symtom och d\u00e4r andra behandlingar inte har fungerat. Den Bl\u00e5 Punisher MDMA Piller som vi hade, kom fr\u00e5n en tillf\u00f6rlitlig k\u00e4lla, och jag har l\u00e5tit en reagens f\u00f6r att k\u00f6ra. Jag vet att jag inte vet utan laboratorietester, i Allm\u00e4nhet, exakt, att det \u00e4r f\u00f6rfalskade, men en hel del andra m\u00e4nniskor har tagit lika mycket som jag g\u00f6r och inte f\u00f6rekommer i det dagliga livet, n\u00e5got som \u00e4r det b\u00e4sta som finns. Bl\u00e5 Punisher MDMA piller till salu<\/p>\n<h5 style=\"text-align: center;\">ATT S\u00c4LJA ECSTASY:<\/h5>\n<p style=\"text-align: center;\">N\u00e4r alla har tagit samma Parti Bl\u00e5 Punisher MDMA Piller och hennes kompis hade Problem, det \u00e4r en extern Variabel, vilket f\u00f6rvisso \u00e4r ansvarig f\u00f6r problemen. Det \u00e4r m\u00f6jligt att ha ett anfall, \u00e4ven om det \u00e4r energikr\u00e4vande, det \u00e4r popul\u00e4rt i fritid, och \u00e4r mycket vanligare om du har alkoholabstinens. Bl\u00e5 Punisher MDMA Piller f\u00f6r att s\u00e4lja<\/p>\n<p style=\"text-align: center;\">Historien om Bl\u00e5 Punisher MDMA Piller b\u00f6rjade l\u00e5ngt innan de Rave-kulturen som gjorde dem popul\u00e4ra. En typisk myt \u00e4r att det var f\u00f6rsta gangen genom aaronay.com som en aptit suppressant och patenterade. Den fr\u00e4msta orsaken till d\u00f6dsfall i samband med Bl\u00e5 Punisher MDMA Piller \u00e4r brist p\u00e5 utbildning. Folk l\u00e4r sig inte hur man ska ta l\u00e4kemedlet p\u00e5 r\u00e4tt s\u00e4tt, och f\u00f6rs\u00e4mra deras h\u00e4lsa och fitness problem. Bl\u00e5 Punisher MDMA Piller f\u00f6r att s\u00e4lja<\/p>\n<h6 style=\"text-align: center;\">DESSUTOM:<\/h6>\n<p style=\"text-align: center;\">Med en ansvarsfull anv\u00e4ndning, \u00e4r det en relativt s\u00e4ker och tillf\u00f6rlitlig l\u00e4kemedel. Euphoria kan inte, eller n\u00e5got mer, Bl\u00e5 Punisher MDMA Piller ing\u00e5r och kan skrivas ner med den andra handen \u00e4r s\u00e4kert riskfyllda \u00e4mnen. Det anv\u00e4nds i en icke-kliniska sammanhang utan hj\u00e4lp av personal fr\u00e5n sjukv\u00e5rden. Eftersom behandlingen \u00e4r \u00e4nnu inte officiellt godk\u00e4nt, kan inte till\u00e4mpas p\u00e5 kostnader f\u00f6r kunden genom att h\u00e4lso-och f\u00f6rs\u00e4kringsbolag. I det f\u00f6rflutna, f\u00f6rsta pris f\u00f6r ett program av Bl\u00e5 Punisher MDMA Piller-assisted psykoterapi per drabbade var ber\u00e4knad att vara mer \u00f6ppen Person. Bl\u00e5 Punisher MDMA Piller f\u00f6r att s\u00e4lja<\/p>","protected":false},"excerpt":{"rendered":"<p>BLUE PUNISHER MDMA PILLS FOR SALE: In jedem Fall haben wir Blue Punisher MDMA Pills zum Verkauf zu sehr moderaten Preisen. Eine einzelne South Carolina Forschung umfasste zwanzig Patienten, in der Regel Opfer von sexueller Misshandlung, die PTSD f\u00fcr mehr als 19 Jahre erlebt. Es war eine gef\u00e4lschte Behandlung kontrollierte Bewertung, so dass alle Personen wurden genau eine \u00e4hnliche Behandlung gegeben, aber einige wurden die Blue Punisher MDMA Pills gegeben; 83% von diesen gab die Blue Punisher MDMA Pills nicht mehr erf\u00fcllt die Richtlinien f\u00fcr PTSD Einhaltung der Behandlung, in Korrelation mit f\u00fcnfundzwanzig% der Personen, die nicht bestimmt wurden die\u2026<\/p>","protected":false},"featured_media":1543,"comment_status":"open","ping_status":"closed","template":"","meta":{"content-type":""},"product_brand":[],"product_cat":[120],"product_tag":[150,151,152,153,154,155,156,157,158,159],"class_list":{"0":"post-1533","1":"product","2":"type-product","3":"status-publish","4":"has-post-thumbnail","6":"product_cat-mdma","7":"product_tag-bestellen-blu-punhr-mdma-pills-290mg","8":"product_tag-blu-punhr-mdma-pll-290mg-fr-l","9":"product_tag-bu-blu-punisher-mdma-pills-290mg","10":"product_tag-bu-blu-punisher-mdma-pll-290mg-n-australia","11":"product_tag-bu-blu-punhr-mdma-pll-290mg-in-uk","12":"product_tag-bu-blu-punhr-xtc","13":"product_tag-bu-rave-drug","14":"product_tag-kaufen-sie-blue-punisher-mdma-online","15":"product_tag-kaufen-sie-blu-punisher-mdma-pll-290mg-fur-raves","16":"product_tag-kaufen-sie-blu-punhr-mdma-pll-290mg-in-der-nahe-u","18":"first","19":"instock","20":"shipping-taxable","21":"purchasable","22":"product-type-variable"},"_links":{"self":[{"href":"https:\/\/kokaindrogekaufen.com\/sv\/wp-json\/wp\/v2\/product\/1533"}],"collection":[{"href":"https:\/\/kokaindrogekaufen.com\/sv\/wp-json\/wp\/v2\/product"}],"about":[{"href":"https:\/\/kokaindrogekaufen.com\/sv\/wp-json\/wp\/v2\/types\/product"}],"replies":[{"embeddable":true,"href":"https:\/\/kokaindrogekaufen.com\/sv\/wp-json\/wp\/v2\/comments?post=1533"}],"wp:featuredmedia":[{"embeddable":true,"href":"https:\/\/kokaindrogekaufen.com\/sv\/wp-json\/wp\/v2\/media\/1543"}],"wp:attachment":[{"href":"https:\/\/kokaindrogekaufen.com\/sv\/wp-json\/wp\/v2\/media?parent=1533"}],"wp:term":[{"taxonomy":"product_brand","embeddable":true,"href":"https:\/\/kokaindrogekaufen.com\/sv\/wp-json\/wp\/v2\/product_brand?post=1533"},{"taxonomy":"product_cat","embeddable":true,"href":"https:\/\/kokaindrogekaufen.com\/sv\/wp-json\/wp\/v2\/product_cat?post=1533"},{"taxonomy":"product_tag","embeddable":true,"href":"https:\/\/kokaindrogekaufen.com\/sv\/wp-json\/wp\/v2\/product_tag?post=1533"}],"curies":[{"name":"wp","href":"https:\/\/api.w.org\/{rel}","templated":true}]}}