{"id":1544,"date":"2023-06-27T19:19:48","date_gmt":"2023-06-27T18:19:48","guid":{"rendered":"https:\/\/kokaindrogekaufen.com\/?post_type=product&#038;p=1544"},"modified":"2024-12-06T06:28:29","modified_gmt":"2024-12-06T06:28:29","slug":"coca-cola-mdma-online-kaufen","status":"publish","type":"product","link":"https:\/\/kokaindrogekaufen.com\/sv\/product\/coca-cola-mdma-online-kaufen\/","title":{"rendered":"COCA-COLA MDMA K\u00d6PA ONLINE"},"content":{"rendered":"<h2>COCA-COLA MDMA K\u00d6PA ONLINE:<\/h2>\n<p>Oavsett, du kan k\u00f6pa Coca-Cola MDMA online till ett mycket l\u00e5gt pris. Det \u00e4r en f\u00f6rfalskning av l\u00e4kemedel. Det \u00e4r fr\u00e4mst \u00e4rmar i tablett-eller pulverform. Coca-Cola inneh\u00f6ll MDMA \u00e4r giftiga. Det \u00e4r fortfarande i blodet krets. Det tr\u00e4nger genom cerebrum, vilket \u00e4r anledningen till att det har f\u00f6r\u00e4ndrat v\u00e5r attityd och ger oss mer energi. MDMA har p\u00e5 varje person har en annan effekt.<\/p>\n<p>Vi har gett dig, beh\u00e5llare, vad \u00e4r det mest popul\u00e4ra s\u00e4ttet att ta detta l\u00e4kemedel. Varje Portion av Coca-Cola MDMA inneh\u00e5ller s\u00e4rskilda Fixare. Recept skador aktivister varnar f\u00f6r mycket potent n\u00f6je l\u00e4kemedel till marknaden i F\u00f6renade Kungariket, efter en utredning av droger i en t\u00e4vling i Manchester har avsl\u00f6jat n\u00e5gra dubbla eller tom tredubbla dosen.k\u00f6pa coca-cola MDMA online<\/p>\n<p>Kokain kan ha en tuffare namn som Coca-Cola MDMA, men b\u00e5da b\u00f6r undvikas eftersom de kan leda till allvarliga problem. De tillst\u00e5nd som har en mycket mer omfattande bed\u00f6mning av kokain, och Coca-Cola MDMA. Pemberton beskrivs den drink som &#034;en ande, en tonic och psykisk drink&#034;, och det marknadsf\u00f6rs som en &#034;patent medicin&#034;. I verkligheten \u00e4r det en syntetisk drog. Coca-Cola MDMA inneh\u00e5ller farliga ingredienser.<\/p>\n<h3>ATT S\u00c4LJA COCA-COLA MDMA:<\/h3>\n<p>Det g\u00e5r in i blodomloppet. Det g\u00e5r genom sinnet, vilket \u00e4r varf\u00f6r den kommer att f\u00f6r\u00e4ndra v\u00e5r attityd och oss sj\u00e4lva, den energi som kan k\u00e4nna. Coca-Cola MDMA har olika effekter p\u00e5 olika m\u00e4nniskor. Det \u00e4r oftast i form av tabletter, tank, eller i pulver form. Vi presenterar du kosttillskott som \u00e4r den mest k\u00e4nda metoden f\u00f6r att f\u00e5 detta l\u00e4kemedel. N\u00e4stan varje del av Coca-Cola MDMA inneh\u00e5ller olika kontaktpunkter totalt. Han h\u00e4vdade att det l\u00e4tthet Komplex, en nerv\u00f6s mage och tr\u00f6tthet.<\/p>\n<p>Patent p\u00e5 l\u00e4kemedel var kombinationer av s\u00e5 kallade &#034;anm\u00e4rkningsv\u00e4rt&#034; ingredienser och droger f\u00f6rst\u00e4rkare, som lindras, enligt dess uppfinnare, ett brett spektrum av sjukdomar. Bra gissningar om effekt av droger var anst\u00e4lld av l\u00e4karna gav fyllmedel och orenheter med l\u00f6sningen inneb\u00e4r att man som tv\u00e4ttade och sedan Coca-Cola MDMA. De inneh\u00f6ll, men ofta \u00e4mnen som vi vet idag, att de ofta leder till missbruk, s\u00e5som kokain och Opium, liksom skadliga element s\u00e5som kvicksilver och bly. Coca-Cola MDMA k\u00f6pa online<\/p>\n<p>Blandningar av inneh\u00e5llet i en viss reaktion kan ha en renare produktion \u00e4n andra. Kanske ett visst sound vill uppm\u00e4rksamma det faktum att artikeln \u00e4r obestridligt tv\u00e4ttas i mer detalj. Det finns ocks\u00e5 ljud som inte \u00e4r Coca-Cola MDMA, men Substanser med liknande effekter som MDMA Kristaller eller MDEA? Tack f\u00f6r din tid och ditt arbete. Ett \u00d6verskott av J\u00e4sning p\u00e5 den \u00e4dla stenar medan du \u00e4r i gasning fas fr\u00e5n Freebase Olja, leder till den jordiska f\u00e4rgade \u00e4delstenar. Coca-Cola MDMA k\u00f6pa online<\/p>\n<h4>COCA-COLA MDMA K\u00d6PA ONLINE EUROPA<\/h4>\n<p>Medan identifiera en viss kontrast med vit Coca-Cola MDMA HCl p\u00e4rlor, detta kan inte ha ett betydande inflytande p\u00e5 grund av. Markisen testet \u00e4r oftast en reagens test, som en droppe av reagens v\u00e4tska p\u00e5 ett litet urval av det material som unders\u00f6ks \u00e4r tappade. P\u00e5 grund av det s\u00e4tt MDMA, Serotonin och dopamin i hj\u00e4rnan samverkar, det kan orsaka extrem depression. Coca-Cola MDMA k\u00f6pa online<\/p>\n<p>Tyv\u00e4rr, best\u00e5r av m\u00e4nniskor, Coca-Cola MDMA missbruk, en h\u00f6gre risk att uppleva en riktig f\u00f6rtvivlan, som inte kommer att f\u00f6rsvinna trots alla \u00e5terh\u00e5llsamhet. De kemikalier i reagens att reagera p\u00e5 olika s\u00e4tt med olika syntetiska blandningar och resultera i ett par olika ljud, beroende p\u00e5 vad som ing\u00e5r, f\u00f6r guds skull i den testade Konsistens. Detta beror p\u00e5 f\u00f6rm\u00e5gan hos den enskilda forskaren att d\u00f6da dig eller vad som \u00e4r mer sannolikt, av f\u00f6rm\u00e5ga (tr\u00f6ghet) f\u00f6r att kasta av dig. Coca-Cola MDMA k\u00f6pa online<\/p>\n<p>Om du utel\u00e4mnar verktyg, \u00f6kar vikten p\u00e5 topp objekt, s\u00e5 att du kan dra f\u00f6rst\u00e5r varf\u00f6r du har en ton av Skit. En tillr\u00e4cklig m\u00e4ngd av Coca-Cola MDMA kan hantera temperatur och f\u00e4rdigheter. Dess effekt varar l\u00e4ngre \u00e4n tre till sju timmar. En g\u00e5ng p\u00e5 ett tag kan du k\u00e4nna dig deprimerad. Coca-Cola MDMA k\u00f6pa online<\/p>\n<h4>COCA-COLA MDMA P\u00c5 N\u00c4TET I USA K\u00d6PA:<\/h4>\n<p>Detta l\u00e4kemedel \u00f6kar sannolikheten f\u00f6r att en Hepatit. Det \u00e4r oftast p\u00e5 grund av en lever-och njursvikt. Kokain \u00e4r ett fantastiskt och beroendeframkallande energi l\u00e4kemedel. F\u00f6r m\u00e5nga \u00e5r, m\u00e4nniskor i S\u00f6dra Usa, har bitit, d\u00e4r Coca plantan v\u00e4xer, Kokablad, och tagit, vad \u00e4r listan \u00f6ver v\u00e4ckelse \u00e4r resultaten. Coca-Cola MDMA k\u00f6pa online<\/p>\n<p>Kokainhydroklorid, en raffinerad \u00e4mnet har redan vunnit mer \u00e4n 100 \u00e5r sedan fr\u00e5n v\u00e4xter. I b\u00f6rjan av 1900-talet, rent kokain var en viktig del av tonika och elixir. MDMA i Coca-Cola: Detta l\u00e4kemedel \u00e4r k\u00e4nt att det finns andra att k\u00e4nna sig viktiga. Det \u00e4r i sj\u00e4lva verket en stimulerande drog. Det \u00e4r idag en av de mest popul\u00e4ra droger i vuxna och ungdomar. Det \u00e4r f\u00f6rnekade att det fortfarande anv\u00e4nds \u00f6ver hela v\u00e4rlden f\u00f6r en mycket bra k\u00e4nsla.<\/p>","protected":false},"excerpt":{"rendered":"<p>COCA-COLA MDMA ONLINE KAUFEN: Unabh\u00e4ngig davon k\u00f6nnen Sie Coca-Cola MDMA online zu einem sehr niedrigen Preis kaufen. Es ist eine F\u00e4lschung eines Medikaments. Es ist haupts\u00e4chlich in Tabletten-, H\u00fclsen- oder Pulverform erh\u00e4ltlich. Das in Coca-Cola enthaltene MDMA ist giftig. Es ist immer noch im Blutkreislauf vorhanden. Es durchdringt das Gro\u00dfhirn, weshalb es unsere Einstellung ver\u00e4ndert und uns zu mehr Energie verhilft. MDMA hat auf jeden Menschen eine andere Wirkung. Wir haben dir Beh\u00e4ltnisse gegeben, was die beliebteste Art ist, dieses Medikament zu nehmen. Jede einzelne Portion Coca-Cola MDMA enth\u00e4lt spezifische Fixer. Verschreibungen schaden Aktivisten warnen vor hochpotenten Vergn\u00fcgungsdrogen auf dem\u2026<\/p>","protected":false},"featured_media":1574,"comment_status":"open","ping_status":"closed","template":"","meta":{"content-type":""},"product_brand":[],"product_cat":[120],"product_tag":[],"class_list":{"0":"post-1544","1":"product","2":"type-product","3":"status-publish","4":"has-post-thumbnail","6":"product_cat-mdma","8":"first","9":"instock","10":"shipping-taxable","11":"purchasable","12":"product-type-variable"},"_links":{"self":[{"href":"https:\/\/kokaindrogekaufen.com\/sv\/wp-json\/wp\/v2\/product\/1544"}],"collection":[{"href":"https:\/\/kokaindrogekaufen.com\/sv\/wp-json\/wp\/v2\/product"}],"about":[{"href":"https:\/\/kokaindrogekaufen.com\/sv\/wp-json\/wp\/v2\/types\/product"}],"replies":[{"embeddable":true,"href":"https:\/\/kokaindrogekaufen.com\/sv\/wp-json\/wp\/v2\/comments?post=1544"}],"wp:featuredmedia":[{"embeddable":true,"href":"https:\/\/kokaindrogekaufen.com\/sv\/wp-json\/wp\/v2\/media\/1574"}],"wp:attachment":[{"href":"https:\/\/kokaindrogekaufen.com\/sv\/wp-json\/wp\/v2\/media?parent=1544"}],"wp:term":[{"taxonomy":"product_brand","embeddable":true,"href":"https:\/\/kokaindrogekaufen.com\/sv\/wp-json\/wp\/v2\/product_brand?post=1544"},{"taxonomy":"product_cat","embeddable":true,"href":"https:\/\/kokaindrogekaufen.com\/sv\/wp-json\/wp\/v2\/product_cat?post=1544"},{"taxonomy":"product_tag","embeddable":true,"href":"https:\/\/kokaindrogekaufen.com\/sv\/wp-json\/wp\/v2\/product_tag?post=1544"}],"curies":[{"name":"wp","href":"https:\/\/api.w.org\/{rel}","templated":true}]}}