{"id":1551,"date":"2023-06-27T19:19:49","date_gmt":"2023-06-27T18:19:49","guid":{"rendered":"https:\/\/kokaindrogekaufen.com\/?post_type=product&#038;p=1551"},"modified":"2024-12-06T06:39:31","modified_gmt":"2024-12-06T06:39:31","slug":"maybach-mdma-kaufen-deutschland","status":"publish","type":"product","link":"https:\/\/kokaindrogekaufen.com\/sv\/product\/maybach-mdma-kaufen-deutschland\/","title":{"rendered":"MAYBACH MDMA K\u00d6P TYSKLAND"},"content":{"rendered":"<h2>K\u00d6P MDMA TYSKLAND:<\/h2>\n<p>F\u00f6rst av allt, MDMA Tyskland k\u00f6pa till mycket rimliga priser. F\u00f6r att inte n\u00e4mna det faktum att vi har den b\u00e4sta MDMA piller till salu online. Transaktionen \u00e4r inte sp\u00e5rbar och mycket f\u00f6rsiktig. Vi arbetar med uppenbara skicklighet och omsorg. S\u00e5 kan vi g\u00f6ra dig glad, om varan att komma fram. Om du beg\u00e4r n\u00e5got, du har intrycket av att det hanteras av proffs. De hallucinogena amfetamin karakt\u00e4r av Maybach MDMA erbjuder Rave bes\u00f6kare en m\u00e4ngd fascinerande komponenter.<\/p>\n<p>P\u00e5 grund av att den stimulerande effekten av l\u00e4kemedlet erbjuder n\u00e5gra av de slutliga konsumenten p\u00e5 k\u00e4nslan av massan av gemenskapen, medan andra anv\u00e4nder det som br\u00e4nsle f\u00f6r m\u00f6ten. K\u00f6p Maybach MDMA (Ecstasy&#034;), ocks\u00e5 k\u00e4nd som &#034;Lycka&#034; eller XTC, \u00e4r ofta konsumeras av unga, \u00e4ldre m\u00e4nniskor i stora st\u00e4der. M\u00e5nga o\u00f6nskade effekter kan uppst\u00e5 i h\u00e4ndelse av \u00d6verdos, inklusive k\u00e4ken ryckningar, skakningar muskler, Illam\u00e5ende\/kr\u00e4kningar, och en \u00f6kad hj\u00e4rtfrekvens. MDMA-att s\u00e4lja piller<\/p>\n<p>Dessutom \u00f6kar i de fall ett \u00d6verskott av inre v\u00e4rme v\u00e4rdet av de m\u00e4nniskor som \u00e4r starkare, och det kan leda till psykisk Resor. Som ett resultat, \u00e4r det troligt att en tandl\u00e4kare kommer att ha att g\u00f6ra med m\u00e4nniskor, lycka konsumera. Anledningen till detta \u00e4r \u00f6kningen av antalet synapser i v\u00e5r hj\u00e4rna, som experter, men detta \u00e4r \u00e4nnu inte bevisat. MDMA k\u00f6p Tyskland<\/p>\n<h3>MDMA PILLER P\u00c5 N\u00c4TET K\u00d6P:<\/h3>\n<p>Det var ocks\u00e5 uppt\u00e4ckt att vissa skarpa piller h\u00e4mmar fl\u00f6det av dopamin, en syntetisk substans i hj\u00e4rnan. Grymtande lycka kommer att snabba upp resultaten och att en mer begr\u00e4nsad, mycket mer grundlig klimax. Hur ett l\u00e4kemedel tas best\u00e4ms av den hastighet med vilken det g\u00e5r in i hj\u00e4rnan, och grymta \u00e4r en av de snabbaste. N\u00e4sta dag, efter att ha tagit h\u00f6ga doser av Maybach MDMA, \u00f6kad depression, liksom koncentrationssv\u00e5righeter, s\u00f6mnst\u00f6rningar och minskad aptit f\u00f6r filer. MDMA k\u00f6p Tyskland<\/p>\n<p>Enligt forskarna, de arbetar med att iaktta den r\u00f6relse av synapser i v\u00e5r hj\u00e4rna, men detta har inte kunnat bekr\u00e4ftas. Maybach MDMA (gl\u00e4dje) \u00e4r ofta felaktigt, och m\u00e4ngden av Maybach MDMA i tablett\/fr\u00e5ga kan variera, \u00e4ven inom samma pack. Tiden mellan mottagandet av l\u00e4kemedel och Erfarenhet av ett utfall verkar variera beroende p\u00e5 medicinering och Person. MDMA k\u00f6p Tyskland<\/p>\n<p>Den sammansatta Empire termen &#034;Mandy&#034; och USA-tid &#034;Molly&#034; nonchalant med Maybach MDMA i ett transparent puder struktur, det antas att det \u00e4r fritt fr\u00e5n f\u00f6roreningar. Maybach MDMA \u00e4r ocks\u00e5 s\u00e4ljs i Form av hydroklorid salt, antingen som l\u00f6s p\u00e4rlor eller i gelcaps. Det \u00e4r ocks\u00e5 klarlagt att vissa smart piller h\u00e4mma bildandet av dopamin, ett syntetiskt \u00e4mne som f\u00f6rekommer i cerebrum. MDMA k\u00f6p Tyskland<\/p>\n<h4>MDMA K\u00d6PA ONLINE:<\/h4>\n<p>Gl\u00e4dje \u00e4r ofta marknadsf\u00f6rs som en komprimerad tablett (Lila Maybach tabletter), den granulat vissa kunder till ett pulver Gran och grymta. Den grymtade av njutning kan leda till att konsekvenserna av kunden f\u00f6re sin topp, men det kan ocks\u00e5 \u00f6ka i och med drog-relaterade risker. Maybach MDMA (eufori) \u00e4r ofta produceras p\u00e5 allvar, och inneh\u00e5llet av Maybach MDMA i p-piller\/beh\u00e5llaren kan variera betydligt \u00e4ven inom samma bunt. MDMA k\u00f6p Tyskland<\/p>\n<p>Tiden mellan att ta l\u00e4kemedlet och F\u00f6rekomsten av effekten kan variera, beroende p\u00e5 l\u00e4kemedel och Person. Lila Maybach Maybach MDMA \u00e4r en falska med stimulerande egenskaper som \u00e4r n\u00e4stan identiska med amfetamin och m\u00e5ttligt stimulerande effekt. Maybach MDMA-tabletter \u00e4r den prim\u00e4ra psykoaktiva specialist i m\u00e5nga Gl\u00e4dje. MDMA k\u00f6p Tyskland<\/p>\n<p>Preparat \u00e4r Buller s\u00e4llan ren Maybach MDMA; ist\u00e4llet, den illegala tillverkningen av dessa piller vanligtvis best\u00e5r av en kombination av Maybach MDMA med andra professionellt f\u00f6reskrivna l\u00e4kemedel s\u00e5som koffein, amfetamin, kokain, ketamin, eller narkotika. Ecstasy \u00e4r ett annat namn f\u00f6r Maybach MDMA. MDMA (bliss) produceras i de vanligen mycket stark, och m\u00e4ngden av Maybach MDMA i ett piller case\/cover kan vara i en liknande bunt vackra delar. MDMA k\u00f6p Tyskland<\/p>\n<h5>MDMA PILLER F\u00d6R F\u00d6RS\u00c4LJNING I EUROPA:<\/h5>\n<p>\u00c4nd\u00e5, medell\u00e5ng buller \u00e4r s\u00e4llan ren Maybach MDMA; ist\u00e4llet, den illegala tillverkningen av dessa piller \u00e4r vanligen tillverkade av en kombination av Maybach MDMA med andra professionellt f\u00f6reskrivna l\u00e4kemedel s\u00e5som koffein, amfetamin, kokain, ketamin, eller narkotika. Ecstasy \u00e4r ett annat namn f\u00f6r Maybach MDMA. MDMA (bliss) \u00e4r normalt produceras stark, och m\u00e4ngden av Maybach MDMA i ett piller case\/cover kan vara vacker delar, \u00e4ven inom ett liknande paket. MDMA EUROPA k\u00f6p<\/p>\n<p>Oavsett, det \u00e4r oklart hur de p\u00e5verkar v\u00e5r uppfattningsf\u00f6rm\u00e5ga. N\u00e4sta dag, efter att ha tagit h\u00f6ga doser av Maybach MDMA, Depression. En luggsliten bit av koncentration, en s\u00f6mn st\u00f6rning och f\u00f6rfall, i slutet, ofile appette Marquis test \u00e4r ett reagens-disciplin-Test d\u00e4r en droppe av reagens v\u00e4tska p\u00e5 ett litet urval av Textur appliceras. MDMA k\u00f6p Tyskland<\/p>\n<p>I alla fall, de \u00e4mnen som reagerar i ett provr\u00f6r med olika kompositmaterial, vilket leder till flera olika f\u00e4rger, beroende p\u00e5 vad som ing\u00e5r, f\u00f6r guds skull i \u00f6nskad vara utkastat Material. En \u00d6verdos kan leda till k\u00e4ken ryckningar, skakningar muskler, Illam\u00e5ende\/kr\u00e4kningar, och f\u00f6rh\u00f6jt blodtryck. \u00c4ven i en \u00d6verdos, kroppstemperaturen stiger dramatiskt, och hallucinationer kan f\u00f6rekomma. MDMA k\u00f6p Tyskland<\/p>\n<h5>MER:<\/h5>\n<p>M\u00e4ngden av Maybach MDMA i Extas kapslar i Europa har \u00f6kat under de senaste \u00e5ren p\u00e5 grund av att Online Ecstasy butik. Lila Maybach MDMA \u00e4r ett syntetiskt centralstimulerande medel med amfetamin-liknande egenskaper och en viss hallucinogen effekt. M\u00e5nga Ecstasy tabletter inneh\u00e5ller Maybach MDMA som den prim\u00e4ra psykoaktiva \u00e4mnet. Ecstasy tabletter ren Maybach MDMA \u00e4r s\u00e4llsynta, men i st\u00e4llet MDMA-tabletter vid olaglig framst\u00e4llning av Ecstasy, ofta med andra receptbelagda l\u00e4kemedel s\u00e5som koffein, amfetamin, kokain, ketamin eller opiater blandat. MDMA k\u00f6p Tyskland<\/p>\n<p>Maybach MDMA \u00e4r ocks\u00e5 k\u00e4nd som &#034;Ecstasy&#039;. Ett samh\u00e4lle som tror p\u00e5 spridning, \u00e4r glad och ljus, och de dansar tills solen g\u00e5r upp. Vi utbyta presenter med grannarna. V\u00e4nligen skicka mig ett privat meddelande, om du \u00e4r en trogen kund som har l\u00e4mnat oss en genomg\u00e5ng! Potentiella k\u00f6pare som tar emot varningar n\u00e4r vi n\u00e5r milstolpar, kan f\u00e5 upp till 50% av best\u00e4llningarna. I fall av aaronay.com du kan k\u00f6pa billiga lila Maybach MDMA p\u00e5 Internet och se till att den \u00e4r av h\u00f6gsta kvalitet och fri fr\u00e5n farmaceutiska f\u00f6roreningar. MDMA k\u00f6p Tyskland<\/p>","protected":false},"excerpt":{"rendered":"<p>KAUFEN MDMA DEUTSCHLAND: Zun\u00e4chst einmal, MDMA Deutschland kaufen zu sehr g\u00fcnstigen Preisen. Ganz zu schweigen davon, dass wir die besten MDMA-Pillen zum Verkauf online haben. Die Transaktion ist nicht zur\u00fcckverfolgbar und extrem vorsichtig. Wir arbeiten mit offensichtlicher Kompetenz und Sorgfalt. So k\u00f6nnen wir Sie gl\u00fccklich machen, wenn die Artikel ankommen. Wenn Sie etwas anfordern, haben Sie den Eindruck, dass es von Profis bearbeitet wird. Der halluzinogene Amphetamincharakter von Maybach MDMA bietet den Rave-Besuchern eine Vielzahl faszinierender Komponenten. Aufgrund der stimulierenden Wirkung des Medikaments freuen sich einige Endverbraucher \u00fcber das Gef\u00fchl der Massengemeinschaft, w\u00e4hrend andere es als Treibstoff f\u00fcr Zusammenk\u00fcnfte verwenden.\u2026<\/p>","protected":false},"featured_media":1575,"comment_status":"open","ping_status":"closed","template":"","meta":{"content-type":""},"product_brand":[],"product_cat":[120],"product_tag":[],"class_list":{"0":"post-1551","1":"product","2":"type-product","3":"status-publish","4":"has-post-thumbnail","6":"product_cat-mdma","8":"first","9":"instock","10":"shipping-taxable","11":"purchasable","12":"product-type-variable"},"_links":{"self":[{"href":"https:\/\/kokaindrogekaufen.com\/sv\/wp-json\/wp\/v2\/product\/1551"}],"collection":[{"href":"https:\/\/kokaindrogekaufen.com\/sv\/wp-json\/wp\/v2\/product"}],"about":[{"href":"https:\/\/kokaindrogekaufen.com\/sv\/wp-json\/wp\/v2\/types\/product"}],"replies":[{"embeddable":true,"href":"https:\/\/kokaindrogekaufen.com\/sv\/wp-json\/wp\/v2\/comments?post=1551"}],"wp:featuredmedia":[{"embeddable":true,"href":"https:\/\/kokaindrogekaufen.com\/sv\/wp-json\/wp\/v2\/media\/1575"}],"wp:attachment":[{"href":"https:\/\/kokaindrogekaufen.com\/sv\/wp-json\/wp\/v2\/media?parent=1551"}],"wp:term":[{"taxonomy":"product_brand","embeddable":true,"href":"https:\/\/kokaindrogekaufen.com\/sv\/wp-json\/wp\/v2\/product_brand?post=1551"},{"taxonomy":"product_cat","embeddable":true,"href":"https:\/\/kokaindrogekaufen.com\/sv\/wp-json\/wp\/v2\/product_cat?post=1551"},{"taxonomy":"product_tag","embeddable":true,"href":"https:\/\/kokaindrogekaufen.com\/sv\/wp-json\/wp\/v2\/product_tag?post=1551"}],"curies":[{"name":"wp","href":"https:\/\/api.w.org\/{rel}","templated":true}]}}