{"id":1558,"date":"2023-06-27T19:19:49","date_gmt":"2023-06-27T18:19:49","guid":{"rendered":"https:\/\/kokaindrogekaufen.com\/?post_type=product&#038;p=1558"},"modified":"2024-12-06T06:35:44","modified_gmt":"2024-12-06T06:35:44","slug":"chanel-mdma-zu-verkaufen","status":"publish","type":"product","link":"https:\/\/kokaindrogekaufen.com\/sv\/product\/chanel-mdma-zu-verkaufen\/","title":{"rendered":"S\u00c4LJA CHANEL MDMA"},"content":{"rendered":"<h2>S\u00c4LJA CHANEL MDMA:<\/h2>\n<p>Vi har de b\u00e4sta Chanel MDMA f\u00f6r f\u00f6rs\u00e4ljning i Usa och runt om i v\u00e4rlden. Genom att tillhandah\u00e5lla enorma m\u00e4ngder Serotonin Chanel MDMA, leder dock till att den viktiga synapser \u00e4r slut i den cerebrala avsev\u00e4rt, vilket bidrar till de skadliga mentala sent, folk kommer kunna uppleva under en l\u00e5ng tid efter att ha tagit Chanel MDMA. 95, 96, 96.<\/p>\n<p>Behandlingen av dessa sjukdomar med en av de m\u00e5nga k\u00e4nda NMDA-Receptor-antagonister, leder dock till att en m\u00e4ngd irriterande biverkningar, av vilka vissa kan vara betydande. Milj\u00f6n i people &#039; s Chanel MDMA f\u00e5, kommer att vara mycket annorlunda och mycket s\u00e4krare \u00e4n den milj\u00f6 som personer vardagligen anv\u00e4nder, med hj\u00e4lp av en kontrollerad Del, ett \u00e4kta exemplar av l\u00e4kemedel, avsaknad av andra droger eller alkohol och en specialist som verkligen \u00e4gna uppm\u00e4rksamhet \u00e5t ditt v\u00e4lbefinnande och din h\u00e4lsa. S\u00e4lja Chanel MDMA<\/p>\n<p>Detta inneb\u00e4r att utredningen kommer att ber\u00e4tta f\u00f6r oss om det \u00e4r s\u00e4kert att t\u00e4nka p\u00e5 en Klubb i lycka eller inte, men du kommer att f\u00f6rb\u00e4ttra v\u00e5r f\u00f6rst\u00e5else av hur Chanel MDMA uppn\u00e5tt sina psykoaktiva effekter. Chanel MDMA fr\u00e4mjar utvecklingen av dessa synapser i den neurala anslutning, genom att \u00f6ka sina utsl\u00e4pp av k\u00e4nsliga punkter och deras \u00e5terh\u00e4mtning h\u00e4mmar. Chanel MDMA till salu<\/p>\n<p>Memantin \u00e4r utan tvekan ett exempel p\u00e5 ett icke-konkurrenskraftigt NMDA-Receptorn kanal blockerare, som g\u00e5r i allm\u00e4nhet snabbt och en l\u00e5g lutningsvinkel. Vara mina paket \u00e4r p\u00e5 fysiologiska pH-v\u00e4rdet \u00e4r mycket laddad och dess receptor antagonism \u00e4r sp\u00e4nning-beroende. Chanel MDMA har blivit allm\u00e4nt kallad &#034;Lycka&#034; (f\u00f6rkortas till &#034;E&#034;, &#034;X&#034;, eller &#034;XTC&#034;) \u00e4r k\u00e4nda, ofta med anspelning p\u00e5 hans piller struktur, d\u00e4r denna tid, saker som kan vara n\u00e4rvarande bland sina potentiella f\u00f6roreningar eller f\u00f6rtunningsmedel. S\u00e4lja Chanel MDMA<\/p>\n<h3>CHANEL MDMA K\u00d6PA ONLINE :<\/h3>\n<p>Sannolikheten att k\u00e4nslan av lycka g\u00e5r, stiger i v\u00e4rmen, till exempel i en fullsatt klubb, eller i fall av musik, under bar himmel, men lycka kan pass \u00e4ven vid normala temperaturer som en f\u00f6ljd av \u00d6verhettning av kroppen. Chanel MDMA \u00e4r f\u00f6r n\u00e4rvarande i kliniska pr\u00f6vningar som en potentiell behandling agent f\u00f6r behandling av en fruktansv\u00e4rd nervositet disorder (PTSD), sp\u00e4nningar i de fall d\u00e4r Offren \u00e4r n\u00e4ra d\u00f6den, och social \u00c5ngest hos psykiskt obalanserad vuxna testas. Chanel MDMA till salu<\/p>\n<p>FDA har klassificerat Chanel MDMA-assisterad behandling av PTSD nyligen som ett genombrott terapi. F\u00f6r mer information om Chanel MDMA studie, f\u00e5r du, om du har f\u00f6r att kontakta anh\u00e4ngare av den kliniska studier som presenteras Chanel MDMA studier. Termen &#034;Mandy&#034; i storbritannien och &#034;Molly&#034; i Usa, b\u00e5da h\u00e4nvisar till Chanel MDMA i en glas-liknande pulver struktur, som inte skrivs av. Chanel MDMA till salu<\/p>\n<p>Inom ramen f\u00f6r projekt, neurologiska och psykologiska effekter av Chanel MDMA, liksom de potentiella riskerna med och konsekvenserna av kort - och l\u00e5ngvarig anv\u00e4ndning av l\u00e4kemedlet studeras. Chanel MDMA till salu<\/p>\n<p>&#034;M\u00e5let f\u00f6r MDMA-LSD \u00e4r att skapa ett mentalt tillst\u00e5nd, som kan dra nytta av tv\u00e5 liknande \u00e4mnen, och en mer l\u00e5ngvarig effekt \u00e4n oberoende Psilocybin eller LSD,&#034; sade Matthias Liechti, namne i laboratoriet, i ett offentligt uttalande. Chanel MDMA \u00e4r allm\u00e4nt anses vara drogen val inom Rave Livsstil, och anv\u00e4nds ofta p\u00e5 Klubbar, p\u00e5 fester och familjesammankomster. S\u00e4lja Chanel MDMA<\/p>\n<h4>CHANEL MDMA TILL SALU P\u00c5 N\u00c4TET:<\/h4>\n<p>De konkreta effekterna av den nya musiken och lamporna \u00e4r oftast fast med l\u00e4kemedel inom Rave biologiska System samverkar. De hallucinogena amfetamin typ av Chanel MDMA erbjuder en m\u00e4ngd fascinerande egenskaper f\u00f6r individer under Rave inst\u00e4llning. M\u00e4nniskor som konsumerar Chanel MDMA, ta det som en regel, i Form av en l\u00e5da eller piller, men vissa sv\u00e4lja det i flytande Form eller grymta pulvret. Chanel MDMA till salu<\/p>\n<p>Chanel MDMA var f\u00f6rst i nattklubben scenen och natt dans parter (&#034;Rave&#034;) popul\u00e4rt, i tiden, l\u00e4kemedlet p\u00e5verkar ett st\u00f6rre antal m\u00e4nniskor som kallar, det \u00e4r ofta kallas Ecstasy eller Molly. Den st\u00f6ds alias Molly (Slang f\u00f6r &#034;atomic&#034;) refererar ofta till den m\u00e5n uppgifterna \u00e4r k\u00e4nda, den &#034;rena&#034; genomskinligt pulver Chanel MDMA, oftast s\u00e4ljs i beh\u00e5llare. S\u00e4lja Chanel MDMA<\/p>\n<p>Dessa \u00e4mnen kan vara s\u00e4rskilt farligt om Personen vet vad de \u00e4tit. Du kan ocks\u00e5 vara farligt n\u00e4r det kombineras med Chanel MDMA. M\u00e4nniskor som mix, avsiktligt eller oavsiktligt, \u00e4r denna typ av kombination med andra \u00e4mnen som till exempel Cannabis och alkoholhaltiga drycker, st\u00e4ll dig sj\u00e4lv en mycket h\u00f6gre risk f\u00f6r farliga f\u00f6rmodligen resultaten fr\u00e5n montern. S\u00e4lja Chanel MDMA<\/p>\n<p>Antagonister p\u00e5 NMDA-Receptorn anv\u00e4nds som ett lugnande medel f\u00f6r djur och, ibland, f\u00f6r m\u00e4nniskor, och de \u00e4r. p\u00e5 grund av dess stimulerande egenskaper, ofta som en sportig, professionellt f\u00f6reskrivna mediciner som anv\u00e4nds, i trots av sina v\u00e4rderingar, effekter som uppm\u00e4rksammats vid h\u00f6gre doser, till exempel vid separation, N\u00e4r vissa NMDA ges Receptor-skurkar gnagare i stora doser, kan de orsaka en typ av hj\u00e4rnskada, s\u00e5ren som Olney s \u00e4r k\u00e4nda f\u00f6r. S\u00e4lja Chanel MDMA<\/p>\n<h5>CHANEL MDMA F\u00d6R F\u00d6RS\u00c4LJNING I USA:<\/h5>\n<p>Den drog inte bara har en kemisk p\u00e5verkan p\u00e5 hj\u00e4rnan, men ocks\u00e5 f\u00f6r\u00e4ndrat dig fysiskt och k\u00e4nslom\u00e4ssigt. Effekten av Chanel MDMA kan bara p\u00e5g\u00e5 i n\u00e5gra timmar, s\u00e4rskilt i fr\u00e5ga om personer som f\u00e5r flera doser eller i en stor m\u00e4ngd p\u00e5 en g\u00e5ng f\u00f6r att ta och sedan flera burkar \u00e5teranv\u00e4ndning. Det \u00e4r viktigt att ge korrekt vetenskaplig information f\u00f6r att resultaten fr\u00e5n Chanel MDMA, i syfte att minska den narkotikarelaterade negativa h\u00e4lsoeffekter. S\u00e4lja Chanel MDMA<\/p>\n<p>M\u00e4nniskor i tjugo\u00e5rs\u00e5ldern v\u00e4nner, komposit behandling system f\u00f6r dysfunktionella st\u00f6rningar, och L\u00e4kare \u00e4r de mest betrodda k\u00e4llor av information f\u00f6r seniorer som anv\u00e4nder en Chanel MDMA. Dessa omr\u00e5den kan vara m\u00e4n och kvinnor som \u00e4r stressad eller deprimerad, hyperaktiv. I motsats till alkohol, vilket d\u00e4mpar den funktion i hj\u00e4rnan, verkar Ecstasy lagen, s\u00e4rskilt i den h\u00e4r Regionen, vilket inneb\u00e4r att det kan hj\u00e4lpa vid behandling av depression, eller PTSD. S\u00e4lja Chanel MDMA<\/p>\n<p>Dessa omr\u00e5den kan vara m\u00e4n och kvinnor som \u00e4r stressad eller deprimerad, hyperaktiv. I motsats till alkohol, vilket d\u00e4mpar funktion i \u00e5tanke, verkar Ecstasy lagen, s\u00e4rskilt i den h\u00e4r Regionen, vilket inneb\u00e4r att det kan hj\u00e4lpa vid behandling av depression, eller PTSD. Vid destillation av l\u00f6sningsmedel tas bort, s\u00e5 att den r\u00e5a, MDMA-gratis-Chanel-bas i kolven kvar. Genom vakuumdestillation, det kan vara ytterligare st\u00e4das, men detta verkar inte vara \u00f6nskv\u00e4rt. S\u00e4lja Chanel MDMA<\/p>\n<h5>DESSUTOM:<\/h5>\n<p>Denna vara eller tj\u00e4nst kommer att l\u00f6sas i \u00e5ttio milliliter torr Isopropanol (isopropylalkohol). En droppe koncentrerad saltsyra \u00e4r alltid l\u00e4ggas fram till den l\u00f6sning som \u00e4r lite surt. M\u00e5nga m\u00e4nniskor \u00e4r inte medvetna om att Ecstasy och &#034;ren&#034; Molly \u00e4r inte ofta inneh\u00e5ller endast ren Chanel MDMA, men \u00e4ven andra receptbelagda l\u00e4kemedel som kan anv\u00e4ndas i kombination med \u00f6rtmedicin \u00e4r s\u00e4rskilt farliga. Chanel MDMA till salu<\/p>\n<p>Ecstasy kan ses, till exempel, f\u00e4rgerna \u00e4r olika och ny musik att lyssna p\u00e5, vilket \u00f6kar den totala upplevelsen. Ecstasy \u00f6kar ocks\u00e5 k\u00e4nslan av empati och n\u00e4rhet till andra. Det finns inga tillf\u00f6rlitliga bevis f\u00f6r att 5-HTP i kombination med Chanel MDMA \u00e4r farligt, \u00e4ven om rykten s\u00e4ger det motsatta. S\u00e4lja Chanel MDMA<\/p>\n<p>Om du har ett bra bevis p\u00e5, dela det med oss. P\u00e5 1980-talet, Ecstasy, eller Molly, dock, var en mycket mer k\u00e4nd part l\u00e4kemedel. San Francisco Chronicle beskrivs l\u00e4kemedlet i en artikel fr\u00e5n 1984, som en &#034;Yuppie-Psychedelic&#034; eftersom det s\u00e5gs som ett mildare och mindre farligt \u00e4n LSD. Chanel MDMA i samband med aerobic Dans, ett varmt och tr\u00e5ngt omgivningen och brist p\u00e5 dricksvatten kan resultera i en d\u00f6dlig Cocktail, som i vissa fall kan leda till v\u00e4rmeslag. S\u00e4lja Chanel MDMA<\/p>","protected":false},"excerpt":{"rendered":"<p>CHANEL MDMA ZU VERKAUFEN: Insgesamt haben wir die besten Chanel MDMA zum Verkauf in den Vereinigten Staaten und weltweit. Durch die Bereitstellung massiver Mengen an Serotonin f\u00fchrt Chanel MDMA jedoch dazu, dass die lebenswichtigen Synapsen im Gro\u00dfhirn erheblich ersch\u00f6pft werden, was zu den sch\u00e4dlichen mentalen Sp\u00e4tfolgen beitr\u00e4gt, die Menschen lange Zeit nach der Einnahme von Chanel MDMA erleben k\u00f6nnen. 95, 96, 96. Die Behandlung dieser Krankheiten mit einem der vielen bekannten NMDA-Rezeptor-Antagonisten f\u00fchrt jedoch zu einer Vielzahl von l\u00e4stigen Nebeneffekten, von denen einige erheblich sein k\u00f6nnen. Die Umgebung, in der Menschen Chanel MDMA erhalten, wird sehr unterschiedlich und weitaus sicherer\u2026<\/p>","protected":false},"featured_media":1576,"comment_status":"open","ping_status":"closed","template":"","meta":{"content-type":""},"product_brand":[],"product_cat":[120],"product_tag":[],"class_list":{"0":"post-1558","1":"product","2":"type-product","3":"status-publish","4":"has-post-thumbnail","6":"product_cat-mdma","8":"first","9":"instock","10":"shipping-taxable","11":"purchasable","12":"product-type-variable"},"_links":{"self":[{"href":"https:\/\/kokaindrogekaufen.com\/sv\/wp-json\/wp\/v2\/product\/1558"}],"collection":[{"href":"https:\/\/kokaindrogekaufen.com\/sv\/wp-json\/wp\/v2\/product"}],"about":[{"href":"https:\/\/kokaindrogekaufen.com\/sv\/wp-json\/wp\/v2\/types\/product"}],"replies":[{"embeddable":true,"href":"https:\/\/kokaindrogekaufen.com\/sv\/wp-json\/wp\/v2\/comments?post=1558"}],"wp:featuredmedia":[{"embeddable":true,"href":"https:\/\/kokaindrogekaufen.com\/sv\/wp-json\/wp\/v2\/media\/1576"}],"wp:attachment":[{"href":"https:\/\/kokaindrogekaufen.com\/sv\/wp-json\/wp\/v2\/media?parent=1558"}],"wp:term":[{"taxonomy":"product_brand","embeddable":true,"href":"https:\/\/kokaindrogekaufen.com\/sv\/wp-json\/wp\/v2\/product_brand?post=1558"},{"taxonomy":"product_cat","embeddable":true,"href":"https:\/\/kokaindrogekaufen.com\/sv\/wp-json\/wp\/v2\/product_cat?post=1558"},{"taxonomy":"product_tag","embeddable":true,"href":"https:\/\/kokaindrogekaufen.com\/sv\/wp-json\/wp\/v2\/product_tag?post=1558"}],"curies":[{"name":"wp","href":"https:\/\/api.w.org\/{rel}","templated":true}]}}