{"id":1565,"date":"2023-06-27T19:19:49","date_gmt":"2023-06-27T18:19:49","guid":{"rendered":"https:\/\/kokaindrogekaufen.com\/?post_type=product&#038;p=1565"},"modified":"2024-12-06T06:31:32","modified_gmt":"2024-12-06T06:31:32","slug":"dom-perignon-mdma-zu-verkaufen","status":"publish","type":"product","link":"https:\/\/kokaindrogekaufen.com\/sv\/product\/dom-perignon-mdma-zu-verkaufen\/","title":{"rendered":"ATT S\u00c4LJA DOM PERIGNON MDMA"},"content":{"rendered":"<h2>ATT S\u00c4LJA DOM PERIGNON MDMA:<\/h2>\n<p>I slut\u00e4ndan har vi DOM PERIGNON MDMA F\u00d6R F\u00d6RS\u00c4LJNING till mycket rimliga priser. Dom Pergnon MDMA i allm\u00e4nhet leder till en \u00f6kad fris\u00e4ttning av kroppens egna droger. Det kan leda till biverkningar s\u00e5som &#034;slipning&#034;, nerv rivskador, och \u00e4ven yrsel. Med allt b\u00e4ttre kroppstemperaturen stiger, och det kan leda till hallucinationer. En blandning av buller, nervositet, och en hel del droger.<\/p>\n<p>Dom Pergnon MDMA p-piller kan kn\u00e4cka K\u00e4ken, darrningar muskler, Illam\u00e5ende, och en \u00f6kad belastning p\u00e5 den krets som kan orsaka. Hj\u00e4rtat, levern och njurarna \u00e4r s\u00e4rskilt h\u00e5rt belastad. Regelbunden konsumtion av en stor m\u00e4ngd av Dom Pergnon MDMA \u00e4r neurotoxiskt och kan \u00f6ka risken f\u00f6r irreversibla skador till cerebrum. P-piller har en streckad linje p\u00e5 baksidan. Dom Pergnon MDMA kan vara farliga om de tas i h\u00f6gre doser, eller om flera sm\u00e5 doser tas under en oerh\u00f6rt kort tid f\u00f6r att h\u00e5lla upp med det belopp som steg p\u00e5 v\u00e4gen. Vid det h\u00e4r bordet, Dom P\u00e9rignon champagne serveras.<\/p>\n<p>Slutanv\u00e4ndare av Dom Perignon MDMA erfarenhet av alla av dessa biverkningar, men du kan avbryta intaget av Dom Perignon MDMA piller. Dom Perignon MDMA anv\u00e4ndare, kommer din l\u00e4kare, och n\u00e4sta, och ta honom mer \u00e4n sin mamma. Du kan ocks\u00e5 k\u00f6pa Dom P\u00e9rgnon MDMA tablett p\u00e5 n\u00e4tet. Medan Molly marknadsf\u00f6rs som en genuin Form av Dom P\u00e9rgnon MDMA, slutanv\u00e4ndaren har inget s\u00e4tt att veta vad som ing\u00e5r i det.<\/p>\n<h3>DOM PERIGNON MDMA K\u00d6PA ONLINE<\/h3>\n<p>B\u00e5de Dom Pergnon MDMA, liksom bliss kan anv\u00e4ndas i kombination med andra l\u00e4kemedel. Den snabba och energiska fester, effekterna av ny musik och ljus \u00e4r ofta synergistiska med l\u00e4kemedlet. Dom Pergnon MDMA artiklar \u00e4r ofta fira som drog i rave och uppfriskande, den enory effekter av musik och ljus \u00e4r ofta hghly synergistiskt med l\u00e4kemedlet sett. ATT S\u00c4LJA DOM PERIGNON MDMA<\/p>\n<p>En liten studie som publiceras i tidskriften Lancet Psykiatri, har tittat p\u00e5 anv\u00e4ndning av Dom Pergnon MDMA i patienter som lider av distribuerade fruktansv\u00e4rd stress disorder (PTSD). De forskare som administreras 22 veteraner, tv\u00e5 brandm\u00e4n och polis som lider av PTSD, tre doser av Dom Pergnon MDMA. Efter f\u00f6rbrukning av stora m\u00e4ngder av Dom Pergnon MDMA andn\u00f6d, d\u00e5lig samordning, s\u00f6mnst\u00f6rningar, och \u00f6kad aptit \u00e4r oundvikliga. ATT S\u00c4LJA DOM PERIGNON MDMA<\/p>\n<p>I alla fall, inte alla experter \u00e4r \u00f6vertygade om. I denna lilla grupp bred acceptans kan dock inte garanteras, och faran av besatthet, och Implosion inom den Allm\u00e4nna befolkningen som \u00e4r i riskzonen vid denna tid f\u00f6r dessa certifierade prestation. Under de senaste \u00e5ren, l\u00e4kemedel har f\u00e5ngat marknaden av Ecstasy piller, MDMA pulver och MDMA-drycker till n\u00e5gra av de matr\u00e4tter som inneh\u00e5ller Dom Pergnon MDMA.DOM PERIGNON MDMA TILL SALU<\/p>\n<h4>ATT S\u00c4LJA DOM PERIGNON MDMA ONLINE:<\/h4>\n<p>B\u00e5de Dom Pergnon MDMA och lycka kan anv\u00e4ndas i kombination med andra l\u00e4kemedel. Den snabba och energiska fester, effekterna av ny musik och ljus \u00e4r ofta synergistiska med l\u00e4kemedlet. Dom Pergnon MDMA objekt \u00e4r ofta sett som drog av rave och uppfriskande fester, den enory effekter av musik och ljus \u00e4r ofta hghly synergistiska med l\u00e4kemedlet. ATT S\u00c4LJA DOM PERIGNON MDMA<\/p>\n<p>En liten studie som publiceras i tidskriften Lancet Psykiatri, unders\u00f6kte anv\u00e4ndningen av Dom Pergnon MDMA i patienter som lider av distribuerade fruktansv\u00e4rd stress disorder (PTSD). De forskare som administreras tre doser av Dom Pergnon MDMA 22 veteraner, tv\u00e5 brandm\u00e4n och en polis, som led av PTSD. Efter att ha f\u00f6rt\u00e4rt stora m\u00e4ngder av Dom Pergnon MDMA, andn\u00f6d, d\u00e5lig samordning, s\u00f6mnst\u00f6rningar, och \u00f6kad aptit \u00e4r oundvikliga. ATT S\u00c4LJA DOM PERIGNON MDMA<\/p>\n<p>I alla fall, inte alla experter var \u00f6vertygad om. Med denna lilla grupp, utbredd acceptans kan dock inte garanteras, och det finns en risk f\u00f6r besatthet och implosion inom den allm\u00e4nna befolkningen som \u00e4r i riskzonen f\u00f6r dessa certifierade resultat vid denna tid. Under de senaste \u00e5ren, berusningsmedel har tagit \u00f6ver marknaden, ecstasy piller f\u00f6r att MDMA pulver och MDMA drycker till vissa matvaror inneh\u00e5ller Dom Pergnon MDMA.ATT S\u00c4LJA DOM PERIGNON MDMA<\/p>\n<h5>DOM PERIGNON MDMA:<\/h5>\n<p>Trots att Dom Pergnon MDMA-erfaren k\u00f6pare alla dessa negativa effekterna, du kan sluta ta Dom Pergnon MDMA piller. Dom Pergnon MDMA anv\u00e4ndare n\u00e4ra till sina konsumenter v\u00e4ldigt mycket och uppskattar dig \u00e4nnu mer n\u00e4r du \u00e4ter. 34 % tr\u00e4ffade missbruk kriterier f\u00f6r l\u00e4kemedel, eftersom de agerar trots fysiska eller psykiska fel, abstinensbesv\u00e4r, och motst\u00e5nd (eller minskade svar), mer konsumeras. ATT S\u00c4LJA DOM PERIGNON MDMA<\/p>\n<p>Detta piller inneh\u00e5ller en ovanlig dos av Dom Pergnon MDMA, vilket kan ha negativa bieffekter. Anv\u00e4nd det med stor f\u00f6rsiktighet. Sjukdom, f\u00f6rtvivlan, hantera problem, drogmissbruk och uppr\u00f6rande r\u00e4dsla \u00e4r alla exempel p\u00e5 psykiska effekter. Dessa problem kan uppst\u00e5 under och efter en evighet eller m\u00e5nader efter njutning. Dom Pergnon MDMA tablett \u00e4r en domino-formade vita tablett ourced fr\u00e5n och selled \u0430 Dom Pergnon MDMA. ATT S\u00c4LJA DOM PERIGNON MDMA<\/p>\n<h5>DESSUTOM:<\/h5>\n<p>Du \u00e4r mycket sv\u00e5rt, och mell f\u00f6ljande &#034;MDMA om buller&#034;. Dom Pergnon MDMA \u00e4r ofta en drog som g\u00f6r att m\u00e4nniskor euforisk och sympatisk. Molly \u00e4r den gata namn f\u00f6r pulver eller gem Dom Pergnon MDMA, som \u00e4r typiskt erbjuds i resv\u00e4skor \u00e4r. Rapture of the street namn f\u00f6r en resv\u00e4ska platser av Dom Pergnon MDMA. ATT S\u00c4LJA DOM PERIGNON MDMA<\/p>\n<p>Fall av Lycka \u00e4r syntetiska psykoaktiva, professionellt f\u00f6rskrivna l\u00e4kemedel, som liknar metamfetamin och meskalin. Eftersom den verkliga langare ofta byter gatan namn f\u00f6r att f\u00f6rvirra de brottsbek\u00e4mpande myndigheterna, Ecstasy, m\u00e5nga av de alternativa namn. Uppsats (Love drug) kan ocks\u00e5 Xtc refileerr; Superman; Rolex; Pnk Superman; Pll; Mtubh; MDMA; Mandy; E; Delfiner. Kristall, Cowies; Browne; Molly att vara. ATT S\u00c4LJA DOM PERIGNON MDMA<\/p>","protected":false},"excerpt":{"rendered":"<p>DOM PERIGNON MDMA ZU VERKAUFEN: Am Ende haben wir DOM PERIGNON MDMA FOR SALE zu sehr g\u00fcnstigen Preisen. Dom Pergn\u043en MDMA bewirkt im Allgemeinen eine erh\u00f6hte Freisetzung der k\u00f6rpereigenen Rauschmittel. Es kann zu Nebenwirkungen wie &#8222;Knirschen&#8220;, Nervenzerrei\u00dfung und sogar Schwindelgef\u00fchlen kommen. Mit zunehmender Besserung steigt die K\u00f6rpertemperatur, und es kann zu Halluzinationen kommen. Eine Mischung aus Rausch, Nervosit\u00e4t und einer Menge Drogen. Dom P\u0435rgnon MDMA-Pille kann Kieferknacken, Muskelzittern, \u00dcbelkeit und eine erh\u00f6hte Belastung des Kreislaufs verursachen. Das Herz, die Leber und die Nieren werden besonders stark belastet. Der regelm\u00e4\u00dfige Konsum einer gro\u00dfen Menge Dom P\u0435rgn\u043en MDMA ist neurotoxisch und erh\u00f6ht\u2026<\/p>","protected":false},"featured_media":1577,"comment_status":"open","ping_status":"closed","template":"","meta":{"content-type":""},"product_brand":[],"product_cat":[120],"product_tag":[],"class_list":{"0":"post-1565","1":"product","2":"type-product","3":"status-publish","4":"has-post-thumbnail","6":"product_cat-mdma","8":"first","9":"instock","10":"shipping-taxable","11":"purchasable","12":"product-type-variable"},"_links":{"self":[{"href":"https:\/\/kokaindrogekaufen.com\/sv\/wp-json\/wp\/v2\/product\/1565"}],"collection":[{"href":"https:\/\/kokaindrogekaufen.com\/sv\/wp-json\/wp\/v2\/product"}],"about":[{"href":"https:\/\/kokaindrogekaufen.com\/sv\/wp-json\/wp\/v2\/types\/product"}],"replies":[{"embeddable":true,"href":"https:\/\/kokaindrogekaufen.com\/sv\/wp-json\/wp\/v2\/comments?post=1565"}],"wp:featuredmedia":[{"embeddable":true,"href":"https:\/\/kokaindrogekaufen.com\/sv\/wp-json\/wp\/v2\/media\/1577"}],"wp:attachment":[{"href":"https:\/\/kokaindrogekaufen.com\/sv\/wp-json\/wp\/v2\/media?parent=1565"}],"wp:term":[{"taxonomy":"product_brand","embeddable":true,"href":"https:\/\/kokaindrogekaufen.com\/sv\/wp-json\/wp\/v2\/product_brand?post=1565"},{"taxonomy":"product_cat","embeddable":true,"href":"https:\/\/kokaindrogekaufen.com\/sv\/wp-json\/wp\/v2\/product_cat?post=1565"},{"taxonomy":"product_tag","embeddable":true,"href":"https:\/\/kokaindrogekaufen.com\/sv\/wp-json\/wp\/v2\/product_tag?post=1565"}],"curies":[{"name":"wp","href":"https:\/\/api.w.org\/{rel}","templated":true}]}}