{"id":1572,"date":"2023-06-27T19:19:50","date_gmt":"2023-06-27T18:19:50","guid":{"rendered":"https:\/\/kokaindrogekaufen.com\/?post_type=product&#038;p=1572"},"modified":"2024-12-06T06:52:47","modified_gmt":"2024-12-06T06:52:47","slug":"mdma-zu-verkaufen","status":"publish","type":"product","link":"https:\/\/kokaindrogekaufen.com\/sv\/product\/mdma-zu-verkaufen\/","title":{"rendered":"ATT S\u00c4LJA MDMA"},"content":{"rendered":"<h2>ATT S\u00c4LJA MDMA:<\/h2>\n<p>I sj\u00e4lva verket har vi att s\u00e4lja MDMA till mycket l\u00e5ga priser. MDMA \u00e4r, utan tvekan, den formella \u00e4mnet beteckning f\u00f6r ren syntetisk f\u00f6rening \u2013 i en idealisk v\u00e4rld, 100% skulle vara Molly \u00e4r ren MDMA. H\u00f6gre puls och hj\u00e4rtfrekvens f\u00f6r patienter med hj\u00e4rt-problem, mycket farligt och \u00f6kad kroppstemperatur kan leda till ett antal farliga konsekvenser.<\/p>\n<p>I trots av det faktum att detta \u00e4mne \u00e4r k\u00e4nt f\u00f6r att ha dr\u00f6mmar, f\u00f6r att undertrycka, f\u00f6r att uppleva n\u00e5gra av k\u00f6paren efter intag av stora m\u00e4ngder av MDMA f\u00f6r flera kv\u00e4llar en bisarr och ibland skr\u00e4mmande Beg\u00e4ran. Sm\u00e5 portioner kan vara bra f\u00f6r den f\u00f6rsta lilla gruppen av Bedrifter \u00e4r s\u00e4rskilt stort, eftersom du kan oavsiktligt ha ett h\u00e4lsoproblem, som ett hot av hypertermi, vad g\u00f6r MDMA \u00e4r \u00e4nnu farligare. Att s\u00e4lja Mdma<\/p>\n<p>En LSD-besegra vanligtvis tar ca 24 timmar, och kan inkludera k\u00e4nslor av f\u00f6rtvivlan, Stress och misstro. M\u00e5nga m\u00e4nniskor rapporterar att de fortfarande veckor eller m\u00e5nader p\u00e5 tecken av ett nederlag att v\u00e4nta. 80 mg kan vara, i Allm\u00e4nhet, en bra b\u00f6rjan dosen. Molly \u00e4r en gata namn f\u00f6r MDMA i pulverform, som vanligen \u00e5terfinns i den omissk\u00e4nnliga fall. &#034;Molly&#034; inte n\u00f6dv\u00e4ndigtvis betyder &#034;ren&#034;. MDMA till salu<\/p>\n<p>MDMA g\u00f6r f\u00f6r en eng\u00e5ngsh\u00f6jning av den fysiska f\u00f6rnimmelser. Kunderna normalt rapport av en k\u00e4nsla av att bevara och Fluffiness som omger dina porer och huden. Rapture \u00e4r en gata namn f\u00f6r MDMA i tablettform. S\u00e4rskilt n\u00e4r man bet\u00e4nker att MDMA \u00e4r p\u00e5 v\u00e4g, l\u00e4kare rekommenderade l\u00e4kemedel som anv\u00e4nds f\u00f6r att st\u00f6dja behandlingen att anv\u00e4nda. Diuretika, s\u00e5som sprit, kan f\u00f6rv\u00e4rra dessa problem genom att skapa en ovanligt h\u00f6g grad av uttorkning. Att s\u00e4lja Mdma<\/p>\n<h3>MDMA K\u00d6PA ONLINE:<\/h3>\n<p>Det rekommenderas att betala n\u00e4ra uppm\u00e4rksamhet till vattenf\u00f6rbrukning, att dricka, varken f\u00f6r mycket eller f\u00f6r lite, och inte \u00f6veranstr\u00e4nga dig sj\u00e4lv utan hj\u00e4lp av andra f\u00f6r att undvika v\u00e4rmeslag, som kan vara d\u00f6dlig. Den neurotoxicitet av MDMA anv\u00e4nda \u00e4r ett \u00e4mne som \u00e4r kontroversiellt. Att s\u00e4lja Mdma<\/p>\n<p>Den logiska unders\u00f6kningen har lett fram till slutsatsen att MDMA \u00e4r i allm\u00e4nhet s\u00e4kra, om det \u00e4r i en kontrollerad milj\u00f6 \u00e4r testade, men organisationen av upprepade eller en tid f\u00f6r m\u00e4tningar av MDMA i ett visst intervall, utan tvekan, \u00e4r neurotoxiska. Sedan 1980-talet, MDMA \u00e4r allm\u00e4nt kallad &#034;H\u00e4nryckning&#034; (f\u00f6rkortat som &#034;E&#034;, &#034;X&#034;, eller &#034;XTC&#034;), vilket syftar p\u00e5 dess v\u00e4g typer som olaglig pressade tabletter Mdma till salu<\/p>\n<p>V\u00e4rmeslag och serotonin sjukdom MDMA \u00f6kat, som alla serotonerga, l\u00e4kare ordinerade mediciner, risken f\u00f6r v\u00e4rmeslag p\u00e5 grund av dess effekter p\u00e5 centrala nervsystemet, den del av hj\u00e4rnan som hj\u00e4lper oss att styra v\u00e5rt inre temperatur. Dessa \u00e4mnen kan vara s\u00e4rskilt skadligt om Konsumenten vet vad han eller hon g\u00f6r. De kan vara farliga i kombination med MDMA.mdma till salu<\/p>\n<p>M\u00e4nniskor som kan kombinera denna typ av blandningar, avsiktligt eller oavsiktligt, med andra \u00e4mnen som marijuana och alkohol, kan uts\u00e4tta en betydligt h\u00f6gre risk f\u00f6r negativa h\u00e4lsoeffekter. Den Amerikanska termen &#034;Molly&#034;, liksom den Brittiska Motsvarigheten till &#034;Mandy&#034;, avs\u00e5g ursprungligen ett gem eller en MDMA pulver, trodde att det var oerh\u00f6rt ren och fri fr\u00e5n f\u00f6roreningar. Att s\u00e4lja Mdma<\/p>\n<h4>S\u00c4LJA BK MDMA:<\/h4>\n<p>Vissa klienter rapporterar att MDMA \u00e4r ben\u00e4gna att f\u00f6rlora efter att en tio-upplevelse hans &#034;magiska kraft&#034;, medan andra rapporterar ett stort antal upplevelser innan den empatiska egenskaper f\u00f6rsvinner. Detta verkar inte vara betydande f\u00f6r alla kunder, eftersom m\u00e5nga kunder visar att du har gett trots en handfull, eller kan vara ett stort antal applikationer, inga f\u00f6rdelar \u00e4r l\u00e4gre p\u00e5 den m\u00f6jligheten. Att s\u00e4lja Mdma<\/p>\n<p>Du b\u00f6rjar att sakta och stadigt. Detta \u00e4r vanligtvis en exceptionell r\u00e5d. Vid h\u00f6gre delarna av risken f\u00f6r en obehaglig resa eller katastrofala f\u00f6ljder \u00f6kar. F\u00f6lj en reducerad Dos \u00e4r avg\u00f6rande, s\u00e4rskilt om du har aldrig \u00e4tit innan godis. Se till att du ger reducerad Del av tillr\u00e4ckligt med tid och energi f\u00f6r att fungera, innan du l\u00e4gger till fler. Mdma till salu<\/p>\n<p>Liknar andra aggregat av allvarliga konsumtion kan anses vara av MDMA som en starkt vanebildande, med en h\u00f6g potential f\u00f6r missbruk, och framg\u00e5ng i att f\u00f6ra om psykisk beroende p\u00e5 vissa m\u00e4nniskor. Om en Person har fullgjort sin konsumtion pl\u00f6tsligt, efter det att den har utvecklat en fallenhet f\u00f6r att kunna Efterfr\u00e5gan och tillbakadragande symptom uppst\u00e5r. Att s\u00e4lja Mdma<\/p>\n<p>S\u00e5, i denna artikel, du m\u00e5ste fr\u00e5ga dig sj\u00e4lv varf\u00f6r du b\u00f6r k\u00f6pa MDMA pulver online. Okej, i den h\u00e4r artikeln, vi kommer att ge b\u00e4sta kvalitet objekt som du f\u00f6r eller lita p\u00e5 MDMA pulver p\u00e5 Internet i den h\u00e4r artikeln. F\u00f6ljande \u00e4r n\u00e5gra av de viktigaste punkterna som talar till f\u00f6rm\u00e5n av k\u00f6p av MDMA bara h\u00e4r. MDMA-produkterna \u00e4r olagligt i m\u00e5nga l\u00e4nder, och fr\u00e5n och med 2021, inga godk\u00e4nda medicinska behandlingar och mycket mer. Som ett resultat, k\u00e4nna, b\u00e5de m\u00e4n och kvinnor ofta frustrerade och utmattad. Att s\u00e4lja Mdma<\/p>\n<h5>ATT S\u00c4LJA MDMA ONLINE:<\/h5>\n<p>MDMA i f\u00f6rsta hand stimulerar signalsubstanserna Serotonin och noradrenalin i vissa omr\u00e5den av hj\u00e4rnan. Det h\u00f6r till drogen klass, ers\u00e4tta amfetamin, och har centralstimulerande och hallucinogena egenskaper. Begr\u00e4nsade undantag som finns och skapas ibland f\u00f6r forsknings\u00e4ndam\u00e5l. Med spridningen av Rave och klubbscenen i stora st\u00e4der och f\u00f6rorter i hela landet, konsumtion och distribution av MDMA \u00f6kat. MDMA till salu<\/p>\n<p>MDMA har ingen accepterade medicinska indikationer. Han observerade en begr\u00e4nsad anv\u00e4ndning i psykoterapi innan l\u00e4kemedlet var i stort sett f\u00f6rbjuden. Oavsett r\u00e4ttslig Status av l\u00e4kemedel, anv\u00e4nds det av m\u00e5nga psykoterapeuter fortfarande i terapi. MDMA \u00e4r ofta i kombination med andra receptbelagda l\u00e4kemedel. F\u00f6r n\u00e4rvarande \u00e4r l\u00e4kemedlet fortfarande konsumeras av en st\u00f6rre grupp av m\u00e4nniskor, som de h\u00e4nvisar till som Ecstasy eller Molly. Att s\u00e4lja Mdma<\/p>\n<p>Mehrere Teams aus professionellen medizinischen und organisatorischen Experten, Berichterstattern, psychedelischen Aktivisten und individuellen Bef\u00fcrwortern arbeiten an hochwertigen Psychedelika. Am Anfang ging es uns nur um die Gesundheit unserer Patienten. Wissenschaftler untersuchen, ob MDMA bei der Behandlung der heilungsresistenten posttraumatischen Belastungsst\u00f6rung (PTSD) helfen kann; die Studien zur Wirksamkeit und zum Schutz sollen 2020 beginnen. Mdma zu verkaufen<\/p>\n<p>Heutzutage kaufen Menschen MDMA-Pulver h\u00e4ufig online und konsumieren es, indem sie es auf ihr Zahnfleisch tupfen oder in einer Zigarettenschachtel schlucken, eine Praxis, die als \u201eBombardierung\u201c bekannt ist. Wenn eine Person nicht wei\u00df, was sie zu sich nimmt, k\u00f6nnen diese Substanzen extrem gef\u00e4hrlich sein. In Kombination mit MDMA k\u00f6nnen sie extrem gef\u00e4hrlich sein. Und der Freizeitkonsum wird h\u00e4ufig mit der Rave-Kultur in Verbindung gebracht. Tanzpartys und Festivals f\u00fcr elektronische Musik. Mdma zu verkaufen<\/p>\n<h4>MDMA ZU VERKAUFEN EUROPA:<\/h4>\n<p>Unabh\u00e4ngig vom legalen Status der illegalen Droge glauben einige Gesundheitswissenschaftler, dass sie einen therapeutischen Nutzen haben k\u00f6nnte. Insbesondere bei Menschen, die unter PTBS, Melancholie und anderen Verhaltensproblemen leiden. Menschen, die diese Art von Mischungen absichtlich oder unabsichtlich mit verschiedenen Substanzen wie Gras und Spirituosen kombinieren, k\u00f6nnen sich selbst einem deutlich h\u00f6heren Risiko einer sch\u00e4dlichen Wohlfahrt aussetzen. Mdma zum Verkauf<\/p>\n<p>MDMA-Pulver wird h\u00e4ufig in der Medizin verwendet. Menschen, die handels\u00fcbliches MDMA konsumieren, erhalten es in der Regel in Kapsel- oder Pillenform. Viele Menschen verwenden es in Verbindung mit anderen Medikamenten. In einigen L\u00e4ndern wird es vor allem in der Kultur in Clubs, Wohnheimen und auf Festivals eingesetzt. Allerdings ist diese Molly-Droge jeder anderen Droge \u00fcberlegen. Mdma zum Verkauf<\/p>\n<p>Es handelt sich um ein hochpotentes Stimulans mit empathogener und entaktogener Wirkung; der Wirkungseintritt von MDMA dauert etwa eine halbe Stunde, und die Wirkungsdauer von MDMA h\u00e4lt vier bis sechs Stunden an, so dass Forscher ihre Experimente durchf\u00fchren k\u00f6nnen. Wir bieten MDMA f\u00fcr den forensischen Bedarf von autorisierten Ermittlern an. Fast jeder, der Ecstasy in der Stadt oder in Sammell\u00e4den kauft, hat ohnehin keine Ahnung, was h\u00e4ufig auf der Tablette ist. Mdma zu verkaufen<\/p>\n<h5>MER:<\/h5>\n<p>Diese Ecstasy-Kapseln enthalten in der Regel Amphetamine in Kombination mit MDMA, was zu unerw\u00fcnschten Nebenwirkungen f\u00fchrt. Versuchen Sie niemals, Ihre allgemeine Gesundheit zu verschlechtern. Infolgedessen f\u00fchlen sich sowohl M\u00e4nner als auch Frauen h\u00e4ufig frustriert und ersch\u00f6pft. MDMA stimuliert in erster Linie die Neurotransmitter Serotonin und Noradrenalin in bestimmten Bereichen des Gehirns. Es geh\u00f6rt zur Drogenklasse der substituierten Amphetamine und hat stimulierende und halluzinogene Eigenschaften. Mdma zu verkaufen<\/p>","protected":false},"excerpt":{"rendered":"<p>MDMA ZU VERKAUFEN: In der Tat haben wir MDMA zu sehr niedrigen Preisen zu verkaufen. MDMA ist zweifelsohne die formale Substanzbezeichnung f\u00fcr die reine synthetische Verbindung &#8211; in einer idealen Welt w\u00e4re Molly 100% reines MDMA. H\u00f6here Puls- und Herzfrequenzen k\u00f6nnen f\u00fcr Patienten mit Kreislaufproblemen extrem gef\u00e4hrlich sein, und eine erh\u00f6hte K\u00f6rpertemperatur kann zu einer Reihe von gef\u00e4hrlichen Folgen f\u00fchren. Ungeachtet der Tatsache, dass diese Substanz daf\u00fcr bekannt ist, Tr\u00e4ume zu unterdr\u00fccken, erleben einige K\u00e4ufer nach der Einnahme gro\u00dfer Mengen MDMA mehrere Abende lang ein bizarres und gelegentlich erschreckendes Verlangen. Geringf\u00fcgige Portionen k\u00f6nnen f\u00fcr die erste kleine Gruppe von Exploits\u2026<\/p>","protected":false},"featured_media":1578,"comment_status":"open","ping_status":"closed","template":"","meta":{"content-type":""},"product_brand":[],"product_cat":[120],"product_tag":[],"class_list":{"0":"post-1572","1":"product","2":"type-product","3":"status-publish","4":"has-post-thumbnail","6":"product_cat-mdma","8":"first","9":"instock","10":"shipping-taxable","11":"purchasable","12":"product-type-variable"},"_links":{"self":[{"href":"https:\/\/kokaindrogekaufen.com\/sv\/wp-json\/wp\/v2\/product\/1572"}],"collection":[{"href":"https:\/\/kokaindrogekaufen.com\/sv\/wp-json\/wp\/v2\/product"}],"about":[{"href":"https:\/\/kokaindrogekaufen.com\/sv\/wp-json\/wp\/v2\/types\/product"}],"replies":[{"embeddable":true,"href":"https:\/\/kokaindrogekaufen.com\/sv\/wp-json\/wp\/v2\/comments?post=1572"}],"wp:featuredmedia":[{"embeddable":true,"href":"https:\/\/kokaindrogekaufen.com\/sv\/wp-json\/wp\/v2\/media\/1578"}],"wp:attachment":[{"href":"https:\/\/kokaindrogekaufen.com\/sv\/wp-json\/wp\/v2\/media?parent=1572"}],"wp:term":[{"taxonomy":"product_brand","embeddable":true,"href":"https:\/\/kokaindrogekaufen.com\/sv\/wp-json\/wp\/v2\/product_brand?post=1572"},{"taxonomy":"product_cat","embeddable":true,"href":"https:\/\/kokaindrogekaufen.com\/sv\/wp-json\/wp\/v2\/product_cat?post=1572"},{"taxonomy":"product_tag","embeddable":true,"href":"https:\/\/kokaindrogekaufen.com\/sv\/wp-json\/wp\/v2\/product_tag?post=1572"}],"curies":[{"name":"wp","href":"https:\/\/api.w.org\/{rel}","templated":true}]}}