{"id":1584,"date":"2023-06-27T19:20:00","date_gmt":"2023-06-27T18:20:00","guid":{"rendered":"https:\/\/kokaindrogekaufen.com\/?post_type=product&#038;p=1584"},"modified":"2024-12-06T07:01:16","modified_gmt":"2024-12-06T07:01:16","slug":"mdma-pillen-zu-verkaufen","status":"publish","type":"product","link":"https:\/\/kokaindrogekaufen.com\/sv\/product\/mdma-pillen-zu-verkaufen\/","title":{"rendered":"ATT S\u00c4LJA MDMA PILLER"},"content":{"rendered":"<h2>MDMA PILLEN KAUFEN:<\/h2>\n<p>Aaronay s\u00e4lja MDMA piller i v\u00e4rlden. Om du anser att ett piller som ger dig, en v\u00e4n eller du kan hitta i din l\u00e4rjunge, \u00e4r en fr\u00f6jd, det kan vara att l\u00e4kemedel. MDMA piller, \u00e4ven k\u00e4nd som Gl\u00e4dje eller Molly, som \u00e4r en psykoaktiv drog som fungerar som ett Aggregat, och syntetiska \u00e4mnen som en del av din hj\u00e4rna s\u00e4nder ut f\u00f6r att f\u00e5 en stimulerande effekt, f\u00f6r att f\u00f6rb\u00e4ttra dina kunskaper och f\u00f6r att \u00f6ka k\u00e4nslor s\u00e5som sj\u00e4lvk\u00e4nnedom och medk\u00e4nsla.<\/p>\n<p>Summan av kardemumman \u00e4r att detta \u00e4r en s\u00e4rskilt allvarlig risk om de anv\u00e4nds p\u00e5 fel s\u00e4tt-gjort-rutan. De negativa effekterna av MDMA piller konsumtion \u00f6ver det kritiska \u00d6gonblicket, i till\u00e4gg till fortsatt konsumtion. N\u00e4stan 80 % av k\u00f6parna av MDMA piller rapport extrem tr\u00f6tthet, Anhedoni och el\u00e4nde efter att ha tagit MDMA-piller. F\u00f6r street apotekspersonal, det \u00e4r verkligen enkelt. MDMA piller till salu<\/p>\n<p>MDMA piller med varje \u00e4mne, vilket verkar vara det, s\u00e5 att MDMA piller kommer inte att visa att de kan kombineras f\u00f6r att av misstag under olika \u00e4mnen som med alla droger. Denna offensiv efter-effekter \u00e4r endast p\u00e5 grund av serotonin konsumtion i hj\u00e4rnan \u00e4r m\u00f6jligt. Du har ingen aning om vad som faktiskt finns i beh\u00e5llaren, och hur det p\u00e5verkar din kropp. MDMA piller till salu<\/p>\n<p>Renhetsgrad av MDMA piller f\u00f6r\u00e4ndring som de flesta illegala, professionellt l\u00e4kemedel som f\u00f6rskrivs regelbundet, s\u00e5 att n\u00e4r det g\u00e4ller av olika typer, det f\u00f6rtroende som anv\u00e4nds f\u00f6r att vara onekligen v\u00e4rdiga, och det finns ingen garanti f\u00f6r att detta kommer att f\u00f6rbli s\u00e5. MDMA piller i kombination med is, Hastighet eller kokain: \u00d6kad risk f\u00f6r sp\u00e4nningar och minskar hj\u00e4rnans funktion p\u00e5 grund av att de dopamin-konsumtion. Den enorma stress p\u00e5 det kardiovaskul\u00e4ra systemet och andra delar av den m\u00e4nskliga kroppen kan leda till en stroke. MDMA-att s\u00e4lja piller<\/p>\n<h3>MDMA PILLER P\u00c5 N\u00c4TET K\u00d6P:<\/h3>\n<p>sju och \u00e5tta av gl\u00e4dje som kan f\u00e5 m\u00e4nniskor att k\u00e4nna sig vid denna tidpunkt gl\u00e4nsande, men k\u00e4nslan \u00e4r flyktig. Kunderna kan uppleva under och strax efter anv\u00e4ndning av den medf\u00f6ljande tecken eller symtom. MDMA piller \u00e4r generellt anses vara drogen val inom Rave-scenen, och konsumeras ocks\u00e5 i Klubbar, p\u00e5 fester och i dina egna fyra v\u00e4ggar. MDMA-att s\u00e4lja piller<\/p>\n<p>De konkreta resultaten av musik och ljus \u00e4r ofta exceptionellt synergistiskt med l\u00e4kemedel i Rave-milj\u00f6n. MDMA piller hallucinogent amfetamin Toppen naturen ger olika komponenter f\u00f6r sin lockbete f\u00f6r kunden under Rave-milj\u00f6n. Detta lyfter fram potentiella risker som \u00e4r f\u00f6rknippade med genomf\u00f6randet av modern eller klarar av scheman, s\u00e5som att k\u00f6ra ett fordon under p\u00e5verkan av detta l\u00e4kemedel. MDMA piller till salu<\/p>\n<p>MDMA piller ensam kommer inte att vara accepterade p\u00e5 grund av dess historia som en fritids l\u00e4kemedel med risk f\u00f6r skada, missbruk och beroende f\u00f6r laglig anv\u00e4ndning. I alla fall, FDA har klassificerat de positiva effekterna av l\u00e4kemedlet p\u00e5 PTSD symtom och yttringar eftersom 2017 som &#034;avancerad terapi&#034;. En annan erfarenhet att vissa MDMA piller g\u00f6r konsumenten, \u00e4r re-intag. MDMA piller till salu<\/p>\n<p>Om n\u00e5gon MDMA tar p-piller kan p\u00e5verka l\u00e4kemedel \u00e4r kroppens f\u00f6rm\u00e5ga att anv\u00e4nda det, vilket leder till en h\u00f6g Fixering niv\u00e5er i blodet. Ecstasy \u00e4r, utan tvekan, en olaglig drog som MDMA piller (3,4-metylendioximetamfetamin). Det \u00e4r b\u00e5de aggregat samt stimulerande medicinering f\u00f6rde in anslutning och genererar b\u00e5da typerna av effekter, vilket g\u00f6r det till ett popul\u00e4rt Evenemang-l\u00e4kemedel. MDMA-att s\u00e4lja piller<\/p>\n<h4>MDMA PILLER TILL SALU P\u00c5 N\u00c4TET:<\/h4>\n<p>Molly \u00e4r en term som anv\u00e4nds f\u00f6r att beskriva den eufori av kapacitet typ. \u00d6kad puls och hj\u00e4rtfrekvens kan vara f\u00f6r konsumenter med cirkulationsproblem \u00e4r extremt farligt, och \u00f6kad temperatur kan leda till en rad farliga resultat. PTSD utvecklas efter att en Person har upplevt en traumatisk h\u00e4ndelse, s\u00e5som en tung h\u00e4ndelse, sexuella \u00f6vergrepp, olyckor eller krig. Att s\u00e4lja MDMA piller<\/p>\n<p>Minnen kan bl\u00e4nda i Form av check eller d\u00e5liga Dr\u00f6mmar uppst\u00e5r, vilket g\u00f6r att m\u00e5nga m\u00e4nniskor att komma ih\u00e5g den skr\u00e4mmande h\u00e4ndelser. En kritisk PTSD kan ocks\u00e5 leda till sj\u00e4lvf\u00f6rst\u00f6relse. F\u00f6r att unders\u00f6ka om MDMA piller en vanebildande effekt p\u00e5 prestanda. Studier har visat att djur MDMA piller sj\u00e4lva \u2013 en viktig indikator p\u00e5 risken f\u00f6r olaglig anv\u00e4ndning av narkotika, om \u00e4n i mindre utstr\u00e4ckning \u00e4n andra l\u00e4kemedel s\u00e5som kokain. MDMA piller till salu<\/p>\n<p>Riskprofil f\u00f6r MDMA \u00e4r tillr\u00e4ckligt l\u00e5g f\u00f6r att motivera ytterligare forskning inom ramen f\u00f6r kliniska pr\u00f6vningar. Detta g\u00e4ller dock endast f\u00f6r noggrant utformade test-inst\u00e4llningar med verifierade vuxen fr\u00e5gor, och inte f\u00f6r hela MDMA konsumtion. Den riktlinje som kan minska sannolikheten f\u00f6r att man f\u00f6rest\u00e4ller sig MDMA. MDMA piller till salu<\/p>\n<p>\u00c4ven om alla l\u00e4kemedel kan vara skadliga, verkar f\u00f6r att MDMA ska vara s\u00e4krare \u00e4n de flesta andra illegala droger. Om du f\u00f6ljer riktlinjerna f\u00f6r skadekontroll, \u00e4r MDMA s\u00e4krare. P\u00e5 grund av upprepad anv\u00e4ndning av narkotika inom kort mellanrum kan st\u00f6ra den personliga metabolism (nedbrytning i kroppen), kan vara mycket farligt steg att n\u00e5. MDMA-att s\u00e4lja piller<\/p>\n<h5>MDMA PILLER F\u00d6R F\u00d6RS\u00c4LJNING I EUROPA:<\/h5>\n<p>Efter \u00e5r av konsumtion, \u00e4r det sv\u00e5rt att MDMA piller f\u00f6r att administrera, eftersom den m\u00e4nskliga kroppen har att anpassa sig till att fungera utan MDMA piller. Abstinenssymptom uppst\u00e5r efter 7 dagar, och oftast efter en m\u00e5nad p\u00e5 sig att f\u00f6rsvinna. L\u00e5ngvarig anv\u00e4ndning av MDMA piller i vuxna kan orsaka skador p\u00e5 serotoninsystemet. Konsumenter som \u00e4r i behov av MDMA-piller eller Ecstasy, att sl\u00e5ss med missbruk tenderar att lida mest allvarliga konsekvenser p\u00e5 l\u00e5ng sikt. MDMA piller till salu<\/p>\n<p>M\u00e5nga konsumenter \u00e4r inte medvetna om att de l\u00e4kemedel som \u00e4r blandad med andra \u00e4mnen, vilket leder till \u00e4nnu mer farliga konsumentvaror scenarier. Molly, en annan slang f\u00f6r MDMA piller \u00e4r blandning med andra \u00e4mnen, som ofta inneh\u00e5ller ingen MDMA piller. I Allm\u00e4nhet, k\u00f6pare av MDMA-de berusande effekterna av MDMA piller erfarenhet-piller i ca 45 minuter efter att ha tagit en enda dos. Ecstasy kan sv\u00e4ljas piller i regeln. M\u00e5nga m\u00e4nniskor krossa dem och snort dem. MDMA piller till salu<\/p>\n<p>Vi har de b\u00e4sta MDMA piller butik p\u00e5 Internet du letar efter ett stort urval av h\u00f6gkvalitativa Ecstacy, med ett enda klick, ordning och f\u00f6rb\u00e4ttra din h\u00e4lsa utan att bryta Banken. Koncentrationen av MDMA i Extas piller varierar kraftigt. N\u00e5gra Ecstasy piller inneh\u00e5ller ett antal andra, l\u00e5ngt mer farliga receptbelagda l\u00e4kemedel som beh\u00f6ver mycket l\u00e4ngre tid att kasta. MDMA-att s\u00e4lja piller<\/p>\n<p>S\u00e5dana resultat inkluderar en \u00f6kad insikt om att vara perfekt, Extroversion, k\u00e4nslom\u00e4ssig v\u00e4rme och empati \u00f6kat f\u00f6r m\u00e5nga andra. MDMA piller \u00e4r oftast vara drogen val inom Rave-kulturen och finns \u00e4ven i Golf kurser, Festivaler och privata m\u00f6ten. Den sensoriska effekter fr\u00e5n musiken och ljusen fr\u00e5n Rave-sf\u00e4ren \u00e4r ofta riktigt synergistiskt med hela medicinen. Att s\u00e4lja MDMA piller<\/p>\n<h5>ATT S\u00c4LJA MDMA:<\/h5>\n<p>Den stimulerande effekten av drogen MDMA piller anv\u00e4nds mer s\u00e4llan \u00e4n andra stimulantia, vanligtvis mindre \u00e4n en g\u00e5ng per vecka. Vem k\u00f6per MDMA piller av st\u00e5ngen, det f\u00f6rv\u00e4rvar en regel, i Form av kapslar eller tabletter, medan andra sv\u00e4lja l\u00e4kemedel i flytande Form eller pulverform snort. MDMA piller till salu<\/p>\n<p>Molly (slang f\u00f6r &#034;molecular&#034;) \u00e4r ett popul\u00e4rt smeknamn f\u00f6r &#034;ren&#034; MDMA piller i Form av kristallint pulver, som \u00e4r typiskt erbjuds i kapslar. Dessa \u00e4mnen kan vara mycket farlig om den Person som kontrollerar vad du f\u00f6rbrukar. N\u00e4r i kombination med MDMA piller, de kan vara farliga. MDMA-att s\u00e4lja piller<\/p>\n<h6>DESSUTOM :<\/h6>\n<p>MDMA piller var ursprungligen popul\u00e4r i nattklubben scenen och har varit r\u00f6kt, men de drog nu p\u00e5verkar ett st\u00f6rre antal m\u00e4nniskor som kommer regelbundet med drogen Ecstasy eller Molly i tryck. eller omedvetet, dessa typer av blandningar med andra \u00e4mnen, till exempel marijuana och alkohol, anv\u00e4ndning, du kan uts\u00e4tta en st\u00f6rre risk att drabbas av h\u00e4lsoproblem.<\/p>\n<p>MDMA piller i Form av kristallint pulver anses vara fri fr\u00e5n f\u00f6rfalskningar. MDMA piller finns som hydroklorid salt, liksom enskilda MDMA-tabletter i kristallin Form eller i form av kapslar.<\/p>","protected":false},"excerpt":{"rendered":"<p>MDMA PILLEN KAUFEN: Aaronay hat MDMA Pillen zu verkaufen in der ganzen Welt. Wenn du glaubst, dass eine Pille, die dir ein Freund gibt oder die du im Zimmer deines Sch\u00fclers findest, ein Genuss ist, k\u00f6nnte es dieses Medikament sein. MDMA-Pillen, auch bekannt als Joy oder Molly, sind ein psychoaktives Medikament, das als Energizer fungiert und synthetische Substanzen als Bestandteil deines Gro\u00dfhirns abgibt, um eine belebende Wirkung zu erzielen, deine F\u00e4higkeiten zu verbessern und Gef\u00fchle wie Selbstbewusstsein und Mitgef\u00fchl zu steigern. Unterm Strich ist das ein besonders gro\u00dfes Risiko, wenn man eine falsch gemachte Kiste benutzt. Die ung\u00fcnstigen Auswirkungen des\u2026<\/p>","protected":false},"featured_media":1609,"comment_status":"open","ping_status":"closed","template":"","meta":{"content-type":""},"product_brand":[],"product_cat":[120],"product_tag":[],"class_list":{"0":"post-1584","1":"product","2":"type-product","3":"status-publish","4":"has-post-thumbnail","6":"product_cat-mdma","8":"first","9":"instock","10":"shipping-taxable","11":"purchasable","12":"product-type-variable"},"_links":{"self":[{"href":"https:\/\/kokaindrogekaufen.com\/sv\/wp-json\/wp\/v2\/product\/1584"}],"collection":[{"href":"https:\/\/kokaindrogekaufen.com\/sv\/wp-json\/wp\/v2\/product"}],"about":[{"href":"https:\/\/kokaindrogekaufen.com\/sv\/wp-json\/wp\/v2\/types\/product"}],"replies":[{"embeddable":true,"href":"https:\/\/kokaindrogekaufen.com\/sv\/wp-json\/wp\/v2\/comments?post=1584"}],"wp:featuredmedia":[{"embeddable":true,"href":"https:\/\/kokaindrogekaufen.com\/sv\/wp-json\/wp\/v2\/media\/1609"}],"wp:attachment":[{"href":"https:\/\/kokaindrogekaufen.com\/sv\/wp-json\/wp\/v2\/media?parent=1584"}],"wp:term":[{"taxonomy":"product_brand","embeddable":true,"href":"https:\/\/kokaindrogekaufen.com\/sv\/wp-json\/wp\/v2\/product_brand?post=1584"},{"taxonomy":"product_cat","embeddable":true,"href":"https:\/\/kokaindrogekaufen.com\/sv\/wp-json\/wp\/v2\/product_cat?post=1584"},{"taxonomy":"product_tag","embeddable":true,"href":"https:\/\/kokaindrogekaufen.com\/sv\/wp-json\/wp\/v2\/product_tag?post=1584"}],"curies":[{"name":"wp","href":"https:\/\/api.w.org\/{rel}","templated":true}]}}