{"id":1594,"date":"2023-06-27T19:20:00","date_gmt":"2023-06-27T18:20:00","guid":{"rendered":"https:\/\/kokaindrogekaufen.com\/?post_type=product&#038;p=1594"},"modified":"2024-12-06T07:05:49","modified_gmt":"2024-12-06T07:05:49","slug":"trump-mdma-pillen-zu-verkaufen","status":"publish","type":"product","link":"https:\/\/kokaindrogekaufen.com\/sv\/product\/trump-mdma-pillen-zu-verkaufen\/","title":{"rendered":"ATT S\u00c4LJA TRUMP MDMA PILLER"},"content":{"rendered":"<h2>ATT S\u00c4LJA TRUMP MDMA PILLER:<\/h2>\n<p>F\u00f6rst av allt, vi har Trump MDMA Piller till Salu med en 100% pengarna-tillbaka-garanti policy. Orange eufori piller, som var dekorerade med Avbild av Ordf\u00f6rande Trump, och mer \u00e4n tv\u00e5 portioner av MDMA finns i music competition &#034;Bestival&#034;. Vid provning av Trump MDMA piller med medium och h\u00f6ga doser av en ut\u00f6kad njutning och upphetsning kontinuum uppt\u00e4cktes. I efterdyningarna av Trump MDMA Piller v\u00e4xande v\u00e4nlighet \u00e4r konsekvent, \u00e4ven om resultaten \u00e4r blandade p\u00e5 medk\u00e4nsla i slutet av onekligen mer.<\/p>\n<p>Det finns inga specifika kliniska l\u00e4kemedel f\u00f6r beroende av Trump MDMA Piller. Vissa m\u00e4nniskor f\u00f6rs\u00f6ker att uppt\u00e4cka en strategi f\u00f6r beroende av Trump MDMA Piller, har uppt\u00e4ckt att ett beteende kan vara behandling \u00e4r viktig. Forskarna beh\u00f6ver g\u00f6ra mycket mer tester f\u00f6r att se hur fantastisk denna healing \u00e4r en metod f\u00f6r att beroendet av Trump MDMA Piller. De hallucinogena amfetamin typ av MDMA ett par sp\u00e4nnande inslag f\u00f6r kunder i Rave-Inst\u00e4llningen.<\/p>\n<p>Vissa m\u00e4nniskor njuta av k\u00e4nslan av Massa gemenskap av skenande effekter av drogen, medan andra anv\u00e4nder det p\u00e5 grund av den stimulerande effekten av de l\u00e4kemedel som narkotika. Trump MDMA Piller, p\u00e5 grund av deras sympatiska effekt som en empathogen l\u00e4kemedel. Effekter av olika studier som visar p\u00e5 konsekvenserna av den f\u00f6rl\u00e4ngda medk\u00e4nsla med andra.<\/p>\n<h3>TRUMP MDMA PILLER P\u00c5 N\u00c4TET K\u00d6P:<\/h3>\n<p>Trump \u00e4r farligt f\u00f6r tabletter, gener\u00f6sa insatser av Trump MDMA Piller, och varje Person s\u00e4tta detta i grundl\u00e4ggande skador. Vi har sett Trump MDMA Piller tabletter in p\u00e5 en serie av sociala k\u00e4nda saker innan, och ett senare exempel p\u00e5 detta \u00e4r &#034;trumf&#034;, \u00e4ven Om Trump MDMA Piller och andra Club-l\u00e4kare som rekommenderade l\u00e4kemedel i denna distinkta former finns, jag \u00e4r i position att n\u00e5gon som \u00e4r sugen p\u00e5 att titta p\u00e5 Trump i munnen. Att s\u00e4lja Trump MDMA Piller<\/p>\n<p>Jag misst\u00e4nker att Melania st\u00e4ng dina \u00f6gon och ditt gamla t\u00e4nkande, n\u00e4r det har att genomf\u00f6ra. Drog inspektion f\u00f6rem\u00e5l och f\u00f6rvaltningar \u00e4r ett smart f\u00f6rfarande f\u00f6r att st\u00f6dja m\u00e4nniskors val om de sv\u00e5righeter, det \u00e4r i bruk. Med hj\u00e4lp av yrkesskicklighet genom sin loop, och Dessa \u00e4r f\u00f6r n\u00e4rvarande oftast p\u00e5 fester, och kommer att vara i stort sett alla vanliga bostadsyta m\u00f6jligt, vart l\u00e4kemedel \u00e4r vanligtvis fattas. Att s\u00e4lja Trump MDMA Piller<\/p>\n<p>De symptom tillbakadragande av gl\u00e4dje kan skiljas fr\u00e5n m\u00e5ttligt till grunden p\u00e5 grund av upprepning av anv\u00e4ndningen av, och beroende. Ibland kan m\u00e4nniskor b\u00f6rja med att ta Trump MDMA Piller, eller f\u00e5 allt att rulla, samtidigt som \u00e4nnu ett l\u00e4kemedel f\u00f6r att f\u00f6rhindra uttag. Metabolismen kan p\u00e5verkas av \u00e5lder, aktivitet scenen och den valda v\u00e4lbefinnande och h\u00e4lsa omst\u00e4ndigheter. Att s\u00e4lja Trump MDMA Piller<\/p>\n<h4>TRUMP MDMA PILLER TILL SALU P\u00c5 N\u00c4TET:<\/h4>\n<p>Alla kan vara snabb eller l\u00e5ngsam Metabolizers av drogen, liknande till Rapture. En Person som har en h\u00f6gre metabolisk v\u00e4rde, har, i Allm\u00e4nhet, en blygsam uppt\u00e4ckt f\u00f6nstret f\u00f6r Trump MDMA Piller som n\u00e5gon som har en l\u00e5ngsammare laddning. Trump MDMA Piller \u00e4r ofta en Plan jag \u00f6vervakade \u00e4mnet, vilket tyder p\u00e5 att det inte uppfattas som medicinska tj\u00e4nster och en h\u00f6gre risk f\u00f6r missbruk. Att s\u00e4lja Trump MDMA Piller<br \/>\nSi vous cherchez un bracelet. Il y en a pour tous les looks, du pr\u00e8s du corps au structur\u00e9, des poignets \u00e0 la cha\u00eene. <a href=\"https:\/\/www.high-endrolex.com\/\" target=\"_blank\" rel=\"noopener\">chain bracelet<\/a> et des poignets.<br \/>\n\u00c5 andra sidan, logiska unders\u00f6kningar p\u00e5g\u00e5r f\u00f6r att avg\u00f6ra dess L\u00e4mplighet som en potentiell behandling av Stress och sp\u00e4nningar i m\u00e4nniskor med PTSD (Se Hemska Stam Sjukdom) och end-scenen sjukdom. Dessa \u00e4mnen kan onekligen vara farlig om den Enskilde ser vad han tar. De kan ocks\u00e5 vara farligt n\u00e4r det kombineras med Trump MDMA Piller. Att s\u00e4lja Trump MDMA Piller<\/p>\n<p>M\u00e4nniskor som mix, avsiktligt eller oavsiktligt, \u00e4r denna typ av blandning med andra \u00e4mnen, som liknar Gr\u00e4s och sprit, kan uts\u00e4tta en mycket st\u00f6rre risk f\u00f6r skadliga effekter p\u00e5 v\u00e4lbefinnande. En enda ny fara f\u00f6r Klubben droger \u00e4r att v\u00e4tskan i m\u00e5l, eller pulver typer av dessa regler presenteras p\u00e5 gatan i Allm\u00e4nhet, mystiska \u00e4mnen som kan vara farliga, som andra illegala droger eller l\u00e4kemedel. Trump MDMA piller till salu<\/p>\n<p>Som ett resultat av den fantastiska och energizer attribut Trump MDMA Piller, kan du uppt\u00e4cka, \u00e4r det m\u00f6jligt f\u00f6r justering eller kanske lust och farliga puls, hj\u00e4rt-\u00f6kade utgifter, och i Allm\u00e4nhet, inre v\u00e4rme niv\u00e5er. Dessa F\u00e4llor \u00e4r vanligtvis runt kontrolleras i avsk\u00e4rmade m\u00e4nniskor och hanteras i termer av Trump MDMA Piller som st\u00f6ds behandling, \u00e4ven om ov\u00e4nliga resultat och passager i okontrollerad inst\u00e4llningar har f\u00f6rt med sig. Att s\u00e4lja Trump MDMA Piller<\/p>\n<h5>ATT S\u00c4LJA MDMA:<\/h5>\n<p>\u00c4ven om en hel del av dess livskraft \u00e4r sannolikt att de system som \u00f6verf\u00f6rs till andra PTSD healing, den m\u00e5ngsidiga \u00e4ndringar f\u00f6r brott p\u00e5verkas \u00d6vertygelser, och f\u00f6rb\u00e4ttrad hinder av tankl\u00f6sa sp\u00e4nning svaren kom ih\u00e5g att konsolidera Trump MDMA Piller Organisation och psykoterapi kan dra nytta av begr\u00e4nsande \u00e5terh\u00e4mtning processer. Trump MDMA Piller till salu<\/p>\n<p>In Kombination mit einer Psychotherapie bietet die Einnahme von Trump MDMA Pills die M\u00f6glichkeit, \u201eden gesch\u00e4digten Kunden in einem Punkt mentaler Sicherheit zu halten, der eine Bedingung der empathischen Selbstreflexion schafft, durch die er zum ersten Mal in seinem Leben mit seinen schrecklichen Erinnerungen konfrontiert wird, ohne dass er durch den massiven antagonistischen Effekt besiegt wird, der gelegentlich mit einer \u00dcberpr\u00fcfung seiner nervt\u00f6tenden Gef\u00fchle einhergeht\u201c. Trump MDMA Pills zu verkaufen<\/p>","protected":false},"excerpt":{"rendered":"<p>TRUMP MDMA PILLEN ZU VERKAUFEN: Erstens haben wir Trump MDMA Pills for Sale mit einer 100% Geld-zur\u00fcck-Garantie Politik. Orangefarbene Euphorie-Pillen, die mit der \u00c4hnlichkeit von Pr\u00e4sident Trump verziert waren und mehr als zwei Portionen MDMA enthielten, wurden bei dem Musikwettbewerb &#8222;Bestival&#8220; gefunden. Bei Tests von Trump-MDMA-Pillen mit mittleren und hohen Dosen wurde ein erweitertes Genie\u00dfer- und Erregungskontinuum festgestellt. Die Nachwirkung von Trump MDMA Pills wachsende Freundlichkeit ist konsequent, obwohl seine Ergebnisse auf Mitgef\u00fchl am Ende unbestreitbar mehr gemischt werden. Es gibt keine speziellen klinischen Medikamente f\u00fcr die Abh\u00e4ngigkeit von Trump MDMA Pills. Einige Leute, die versuchen, eine Strategie f\u00fcr die\u2026<\/p>","protected":false},"featured_media":1610,"comment_status":"open","ping_status":"closed","template":"","meta":{"content-type":""},"product_brand":[],"product_cat":[120],"product_tag":[],"class_list":{"0":"post-1594","1":"product","2":"type-product","3":"status-publish","4":"has-post-thumbnail","6":"product_cat-mdma","8":"first","9":"instock","10":"shipping-taxable","11":"purchasable","12":"product-type-variable"},"_links":{"self":[{"href":"https:\/\/kokaindrogekaufen.com\/sv\/wp-json\/wp\/v2\/product\/1594"}],"collection":[{"href":"https:\/\/kokaindrogekaufen.com\/sv\/wp-json\/wp\/v2\/product"}],"about":[{"href":"https:\/\/kokaindrogekaufen.com\/sv\/wp-json\/wp\/v2\/types\/product"}],"replies":[{"embeddable":true,"href":"https:\/\/kokaindrogekaufen.com\/sv\/wp-json\/wp\/v2\/comments?post=1594"}],"wp:featuredmedia":[{"embeddable":true,"href":"https:\/\/kokaindrogekaufen.com\/sv\/wp-json\/wp\/v2\/media\/1610"}],"wp:attachment":[{"href":"https:\/\/kokaindrogekaufen.com\/sv\/wp-json\/wp\/v2\/media?parent=1594"}],"wp:term":[{"taxonomy":"product_brand","embeddable":true,"href":"https:\/\/kokaindrogekaufen.com\/sv\/wp-json\/wp\/v2\/product_brand?post=1594"},{"taxonomy":"product_cat","embeddable":true,"href":"https:\/\/kokaindrogekaufen.com\/sv\/wp-json\/wp\/v2\/product_cat?post=1594"},{"taxonomy":"product_tag","embeddable":true,"href":"https:\/\/kokaindrogekaufen.com\/sv\/wp-json\/wp\/v2\/product_tag?post=1594"}],"curies":[{"name":"wp","href":"https:\/\/api.w.org\/{rel}","templated":true}]}}