{"id":1602,"date":"2023-06-27T19:20:01","date_gmt":"2023-06-27T18:20:01","guid":{"rendered":"https:\/\/kokaindrogekaufen.com\/?post_type=product&#038;p=1602"},"modified":"2024-12-06T07:16:17","modified_gmt":"2024-12-06T07:16:17","slug":"2-fma-zu-verkaufen","status":"publish","type":"product","link":"https:\/\/kokaindrogekaufen.com\/sv\/product\/2-fma-zu-verkaufen\/","title":{"rendered":"TILL SALU 2-FMA"},"content":{"rendered":"<h2>TILL SALU 2-FMA:<\/h2>\n<p>I de flesta fall, vi har en 2-FMA \u00e4r till salu \u00f6ver hela v\u00e4rlden till mycket moderata priser. F\u00f6rb\u00e4ttrad visualisering av 2-FMA \u00e4r en stor del av tiden och endast en liten uppenbart i fallet med st\u00f6rre avst\u00e5nd. De \u00e4r verkligen lika mycket som deliriants och f\u00e5 extra snabbt i dunstigeren fl\u00e4ckar. F\u00f6rvara p\u00e5 torr och out-of-control plats f\u00f6r en perfekt tid f\u00f6r realistisk anv\u00e4ndbarhet.<\/p>\n<p>Om du arbetar med syntetiska \u00e4mnen, b\u00f6r du ta i forskningsanl\u00e4ggningen, l\u00e4mpliga f\u00f6rsiktighets\u00e5tg\u00e4rder, s\u00e5som reng\u00f6ring av ytor och B\u00e4r handskar, en cover, och skyddande kl\u00e4der. Personer som anv\u00e4nder f\u00f6reskrifter, 2-FMA, kunde informera en f\u00f6rh\u00f6jd sinnesst\u00e4mning i konsekvens Med dessa mediciner ocks\u00e5. Detta \u00e4r p\u00e5 grund av det faktum att de \u00e4mnen som finns i deras huvuden att \u00f6ka, och d\u00e4rf\u00f6r, f\u00f6r att effektivt styra sin Disposition. 2-FMA till salu<\/p>\n<p>Energizer l\u00e4kemedel redovisas, att m\u00e4nniskor med fat st\u00f6d f\u00f6r borttagning av Kv\u00e4vning ditt Sug efter mat. Detta resultat leder till att kunden konsumeras totalt mindre stapelvara. Sedan igen, vi producerar rutinm\u00e4ssigt andra sammansatta strukturer tillg\u00e4nglig, s\u00e5 fritt att n\u00e5 ut till oss f\u00f6r att kontrollera om vi har ditt st\u00f6d material typ som finns i lager. Det \u00e4r viktigt att vara inte mindre \u00e4n 18 m\u00e5nga \u00e5r, f\u00f6r att f\u00e5 2-FMA av oss. 2-FMA till salu<\/p>\n<p>Sedan igen, kan vi producera konsekvent olika kompositmaterial tillg\u00e4nglig, s\u00e5 att vara gratis f\u00f6r att f\u00e5 oss att kontrollera om vi har ditt st\u00f6d Material typ som finns i lager. Det \u00e4r grundl\u00e4ggande att vara n\u00e5gonstans runt 18 m\u00e5nga \u00e5r, f\u00f6r att f\u00e5 2-FMA av oss. Energizer l\u00e4kemedel som anv\u00e4nds regelbundet av barn i skolan f\u00f6r att f\u00f6rb\u00e4ttra sin koncentration under sina studier. 2-FMA till salu<\/p>\n<h3>2-FMA K\u00d6PA ONLINE:<\/h3>\n<p>Det konstaterades att om sextiosju procent av de unga m\u00e4nniskor som anv\u00e4nder Energizer, gjorde det ocks\u00e5 under deras tid p\u00e5 skolan. Efter att jag tror att 2-FMA, eller kanske 2-FA p\u00e5 en vecka efter vecka f\u00f6ruts\u00e4ttningen, f\u00f6r att hj\u00e4lpa till att, i b\u00f6rjan av \u00e5ret f\u00f6r mig i min vetenskapliga gemenskapen, och har uppt\u00e4ckt tecken eller manifestationer av individer, som inte visas definitivt, till exempel urin av underh\u00e5ll med tv\u00e5-FMA. 2-FMA till salu<\/p>\n<p>Med det sagt, producerar vi regelbundet anv\u00e4nder andra sammansatt sortiment l\u00e4tt tillg\u00e4ngligt, du Var s\u00e5 glad f\u00f6r att f\u00e5nga oss, av en Slump, f\u00f6r att finna att vi nu har deras mest popul\u00e4ra Material typ som finns i lager. Du b\u00f6r vara n\u00e5gonstans runt arton f\u00f6r ett tag f\u00f6r att f\u00e5 till 2-FMA av oss. Doser p\u00e5 2-FMA inom 100mg+ visa orsaka n\u00e5got och flimmer Nystagmus (eye wiggles). 2-FMA till salu<\/p>\n<p>Anekdotiska rapporter fr\u00e5n var och en av de individer som har utv\u00e4rderat 2-FMA, priser, att det verkar inte vara alla illavarslande h\u00e4lsa krediteras f\u00f6r att bara prova den h\u00e4r l\u00e4nken f\u00f6r exceptionellt l\u00e5g till genomsnittligt portioner ensam eller att till\u00e4mpa den sparsamt (men inget kan vara helt garanterad). 2-FMA till salu<\/p>\n<h4>2-FMA TILL SALU P\u00c5 N\u00c4TET:<\/h4>\n<p>Allt i allt, det kan vara n\u00e5gon Energizer ge hj\u00e4rt-r\u00f6r, om felaktigt, eller \u00e4ts, den enkla sanningen \u00e4r att hanteras p\u00e5 ett s\u00e5dant s\u00e4tt att m\u00e4nniskor \u00e4r definitivt inte extremt noga med dina CNS program p\u00e5 din led i att uppn\u00e5 effektivitet, eller h\u00e4nryckning. Energizer l\u00e4kemedel som ordinerats av l\u00e4kare uppfattas vara till st\u00f6d f\u00f6r personer med dagens Kasta kroppsvikt f\u00f6r att kv\u00e4vas av din l\u00e4ngtan. 2-fma till salu<\/p>\n<p>Denna effekt g\u00f6r att k\u00f6paren att \u00e4ta till stor del mindre mat. 2-FMA \u00e4r utsedda som ett kontrollerat Material lista jag, trots att medicin av en auktoriserad l\u00e4kare \u00e4r skyldig att ha 2-FMA i Kanada och f\u00f6r att fr\u00e4mja. Innehav utan tillst\u00e5nd kan leda till b\u00f6ter f\u00f6r stora och eventuellt f\u00e4ngelse. \u00c4ven om 2-FMA \u00e4r regelbundet betraktas som en drog, det \u00e4r inte psyko-aktiv, resultat, och kan endast begr\u00e4nsas till cerebral \u00e5tg\u00e4rder med enskilda, och \u00e4r i riktning av idrottsliga sk\u00e4l. 2-FMA till salu<\/p>\n<p>V\u00e5r 2-FMA Pellets \u00e4r strikt f\u00f6r att anv\u00e4ndas i forskning, och inte f\u00f6r humant bruk till\u00e5ten. Varje punkt i dos och v\u00e5rd av personer eller varelser, eller n\u00e4stan vad som helst som inte \u00e4r ansluten f\u00f6r att anv\u00e4nda godtagbara. Det \u00e4r verkligen viktigt att dessa resultat kan uppst\u00e5 i en riktigt \u00f6verraskande eller tillf\u00f6rlitlig teknik, medan h\u00f6gre doser \u00e4r mer fara f\u00f6r att driva en m\u00e4ngd olika effekter. 2-fma till salu<\/p>\n<h4>2-FMA F\u00d6R F\u00d6RS\u00c4LJNING I EUROPA:<\/h4>\n<p>Dessutom, ogynnsamma resultat kommer att vara med h\u00f6gre doser onekligen rimligt och kan inneh\u00e5lla beroende och grundl\u00e4ggande enda kr\u00e4nkning. \u00c4ven om den aktiva substansen \u00e4r 2-har inte studerats FMA officiellt p\u00e5 en j\u00e4mf\u00f6rbar niv\u00e5 som traditionell amfetamin, visar logiska unders\u00f6kningar, att han sprang b\u00e5de som en brist p\u00e5 dopamin samt noradrenalin - specialist arbetar. 2-fma till salu<\/p>\n<p>Detta inneb\u00e4r att det \u00e4r framg\u00e5ngsrikt med st\u00f6d av niv\u00e5erna av noradrenalin och dopamin, genom att begr\u00e4nsa b\u00e4rarproteiner och n\u00e5got \u00e4r det som hindrar dig att vanligtvis samla in i den synaptiska klyftan. Det finns ingen f\u00f6reslagna andel, eftersom 2 \u00e4r inte best\u00e4mt fluor metamfetamin l\u00e4tt f\u00f6r m\u00e4nsklig konsumtion, men \u00e4r unika f\u00f6r en syntetisk utredning som lagligt stort f\u00f6r unders\u00f6kningen \u00e4r utannonserade. 2-fma till salu<\/p>\n<p>L\u00e4kemedlet \u00e4r oftast mer tillfredsst\u00e4llande och att k\u00e4nna igen som Modafinil, men de \u00e4r b\u00e5da betydligt starkare \u00e4n sport. Energizer recept \u00e4r k\u00e4nda f\u00f6r att hj\u00e4lpa personer med dagens Kasta fett genom att Strypa deras cravings. Detta p\u00e5verkar enskilda Burn-Genom att g\u00f6ra det mycket mindre stapelvara. Till salu 2-fma<\/p>\n<h5>DESSUTOM :<\/h5>\n<p>I all verklighet, jag skulle inte bli alltf\u00f6r f\u00f6rv\u00e5nad om den h\u00e4r historien av intensiv kardiovaskul\u00e4ra effekter (inte cardiotoxic, \u00d6verv\u00e4ganden, v\u00e4nligen) real, fr\u00e4mst p\u00e5 grund av 2 ing\u00e5r FMA uttryckligen den lycka som \u00e4r f\u00f6rknippade med de flesta andra undertiteln amfetamin, s\u00e5 att en Person som letar efter uppryckandet. Till salu 2-FMA<\/p>\n<p>M\u00e4nniskor som anv\u00e4nder lugnande medel, 2-FMA ing\u00e5r, kan uppleva \u00f6kad hum\u00f6r strax efter intag denna medicin. \u00c4r det f\u00f6r att de \u00e4mnen som finns i din hj\u00e4rna, och l\u00e4ngs dessa linjer p\u00e5 ett effektivt s\u00e4tt styra sin Disposition. 2-FMA till salu<\/p>","protected":false},"excerpt":{"rendered":"<p>2-FMA ZU VERKAUFEN: In den meisten F\u00e4llen haben wir 2-FMA zum Verkauf auf der ganzen Welt zu sehr moderaten Preisen. Die verbesserte Visualisierungen von 2-FMA sind viel von der zeitlosen stetig und nur etwas offensichtlich bei gr\u00f6\u00dferen Messungen. Sie sind wirklich viel das gleiche wie deliriants und kommen \u00fcber extra prompt in dunstigeren Flecken. Halten Sie in einem trockenen und au\u00dfer Kontrolle Ort f\u00fcr die ideale Zeitrahmen der realistischen Verwendbarkeit. Wenn Sie mit synthetischen Substanzen arbeiten, sollten Sie in der Forschungseinrichtung die entsprechenden Vorsichtsma\u00dfnahmen treffen, wie z. B. die Reinigung von Oberfl\u00e4chen und das Tragen von Handschuhen, einer Abdeckung und\u2026<\/p>","protected":false},"featured_media":1611,"comment_status":"open","ping_status":"closed","template":"","meta":{"content-type":""},"product_brand":[],"product_cat":[163],"product_tag":[],"class_list":{"0":"post-1602","1":"product","2":"type-product","3":"status-publish","4":"has-post-thumbnail","6":"product_cat-forschung-chemikalien","8":"first","9":"instock","10":"shipping-taxable","11":"purchasable","12":"product-type-variable"},"_links":{"self":[{"href":"https:\/\/kokaindrogekaufen.com\/sv\/wp-json\/wp\/v2\/product\/1602"}],"collection":[{"href":"https:\/\/kokaindrogekaufen.com\/sv\/wp-json\/wp\/v2\/product"}],"about":[{"href":"https:\/\/kokaindrogekaufen.com\/sv\/wp-json\/wp\/v2\/types\/product"}],"replies":[{"embeddable":true,"href":"https:\/\/kokaindrogekaufen.com\/sv\/wp-json\/wp\/v2\/comments?post=1602"}],"wp:featuredmedia":[{"embeddable":true,"href":"https:\/\/kokaindrogekaufen.com\/sv\/wp-json\/wp\/v2\/media\/1611"}],"wp:attachment":[{"href":"https:\/\/kokaindrogekaufen.com\/sv\/wp-json\/wp\/v2\/media?parent=1602"}],"wp:term":[{"taxonomy":"product_brand","embeddable":true,"href":"https:\/\/kokaindrogekaufen.com\/sv\/wp-json\/wp\/v2\/product_brand?post=1602"},{"taxonomy":"product_cat","embeddable":true,"href":"https:\/\/kokaindrogekaufen.com\/sv\/wp-json\/wp\/v2\/product_cat?post=1602"},{"taxonomy":"product_tag","embeddable":true,"href":"https:\/\/kokaindrogekaufen.com\/sv\/wp-json\/wp\/v2\/product_tag?post=1602"}],"curies":[{"name":"wp","href":"https:\/\/api.w.org\/{rel}","templated":true}]}}