{"id":1612,"date":"2023-06-27T19:20:11","date_gmt":"2023-06-27T18:20:11","guid":{"rendered":"https:\/\/kokaindrogekaufen.com\/?post_type=product&#038;p=1612"},"modified":"2024-12-06T07:19:23","modified_gmt":"2024-12-06T07:19:23","slug":"2c-b-zu-verkaufen","status":"publish","type":"product","link":"https:\/\/kokaindrogekaufen.com\/sv\/product\/2c-b-zu-verkaufen\/","title":{"rendered":"2C-S\u00c4LJA-B"},"content":{"rendered":"<h2>2C-S\u00c4LJA-B<\/h2>\n<p>I Allm\u00e4nhet, vi har att s\u00e4lja 2C-B till mycket l\u00e5ga priser. 2C-B \u00e4r en hallucinogen drog som ger stimulera k\u00e4nslor och k\u00e4nsla. Identifiering av detta l\u00e4kemedel \u00e4r positivt och signifikant ogenomskinlig, men en ny boom i natt-scenen drar uppm\u00e4rksamhet till 2C-B. i Huvudsak \u00e4r det ett s\u00e4tt att samordna tyg som kommer under ett MDMA-m\u00f6te, och medlemmar av byggnaden, f\u00f6r att f\u00e5 meskalin-liknande effekt av 2C-B igen &#034;i kroppen&#034;. 2C-B till salu<\/p>\n<p>Slutligen, en tyska farmaceutiska f\u00f6retaget startade av namnet p\u00e5 den tredje samt med tillverkning av 2C-B i en dos av fem milligram och marknadsf\u00f6rs den som en &#034;Nexus&#034;, ett l\u00e4kemedel f\u00f6r att \u00f6ka styrka, svaghet och &#034;kalla&#034; b\u00f6r lindra det. Som MDMA var f\u00f6rbjudna i 1985 i Usa, 2C-B som en juridisk ers\u00e4ttare snabbt. Den hydrofoba interaktioner med de hydrofoba delarna av fokus p\u00e5 den begr\u00e4nsning som kan vara orsakade av hydrofoba F\u00f6reningar av doftande ringen och den plana doft ring struktur inom fenetylaminen ryggraden i k-2C-B. 2C-B till salu<\/p>\n<p>Om 2C-B-i rimliga doser (mindre \u00e4n 25 till trettio mg) tycks vara betydande b\u00f6r personer med hj\u00e4rtproblem eller epilepsi med \u00e4mnet att vara mer f\u00f6rsiktig, eftersom de kan p\u00e5verka hj\u00e4rtat summan, h\u00f6gt blodtryck, och fokal oroliga program. De flesta av de l\u00e4kemedel recensioner kommer inte att k\u00e4nna igen 2C-B. 2C-B till salu<\/p>\n<h3>2C-B KAN K\u00d6PA P\u00c5 N\u00c4TET:<\/h3>\n<p>Endast specifika l\u00e4kemedel, tester, masspektrometri eller gaskromatografi anv\u00e4nda, kan skilja p\u00e5 2C-B fr\u00e5n en blod-eller urinprov. Anv\u00e4ndare kan ha dr\u00f6mmar, den mest k\u00e4nsliga visuella resultatet \u00e4r \u00f6kat, s\u00e5som ansikts krumbukter, glidande ytor, eller r\u00f6rliga ljud eller f\u00f6rnimmelser som \u00e4r liknande f\u00f6r att Se om Verkar. St\u00f6rre doser kan orsaka en hel del bizarrere mentala Resor, som kan vara obehagliga eller skr\u00e4mmande. 2C-s\u00e4lja-B<\/p>\n<p>Nyligen rapporterades det om klaustrofobi och Muskler fascination. 2C-B \u00e4r s\u00e5ld av s\u00e4ljare och kan ocks\u00e5 finnas tillg\u00e4ngliga p\u00e5 Darknet-relaterade. Enligt den V\u00e4rldsomsp\u00e4nnande Drog Unders\u00f6kning 2019, f\u00f6rv\u00e4rv av 2C-B har \u00f6kat i Darknet under de senaste fem \u00e5ren, trots DMT och ketamin. Enligt Drug Enforcement Administration (DEA) anser i olika handlare som du kan transportera MDMA, men det kan vara 2C-B. 2C-B till salu<\/p>\n<p>F\u00f6r n\u00e4rvarande, den l\u00f6sning som kommer att anv\u00e4ndas f\u00f6r amfetamin och amfetamin Ers\u00e4tter i stor omfattning f\u00f6r behandling av ADHD (attention deficit hyperactivity disorder). Missbruk av aggregat \u00e4r f\u00f6r n\u00e4rvarande ett stort lokala ekonomiska problem. 2C-B \u00e4r en smart psyko-aktiv substans, som utvecklades 1974 av den naturliga kemist och Psyko-farmakologer, Alexander &#034;Sasha&#034; Shulgin. Shulgin \u00e4r som en &#034;Backup F\u00f6r\u00e4lder of Ecstasy&#034; och har producerat mer \u00e4n 200 hallucinogena blandningar i en illaluktande lab p\u00e5 hans egendom i the Bay Area som &#034;The Farm&#034; k\u00e4nda juridiska. 2C-s\u00e4lja-B<\/p>\n<h3>2C-B TILL SALU P\u00c5 N\u00c4TET:<\/h3>\n<p>En annan typ av 2C-B, modell f\u00f6r elektronisk handel organisation d\u00e4r privatpersoner och f\u00f6retag tj\u00e4nster kan erbjuda och f\u00f6retaget kommer att betala k\u00f6paren \u00e4r. Denna aff\u00e4rsmodell \u00e4r en total omsv\u00e4ngning av traditionell modell, partnerskap Varor och tj\u00e4nster till kunder. Upp till 10 procent av eleverna i gymnasieskolans utbildning i anv\u00e4ndning av energi har observerats vid behandling av ADHD, och n\u00e4stan 35% av eleverna i gymnasiet har f\u00e5tt denna typ av l\u00e4kemedel som f\u00f6rskrivits till dig. 2C-s\u00e4lja-B<\/p>\n<p>Beroende p\u00e5 \u00e4mnet f\u00f6r att k\u00e4nna sig verkligen byggt eller f\u00f6rtrollade, \u00e4r normalt ett tecken p\u00e5 beroende. Om du eller n\u00e5gon du k\u00e4nner, 2C-B missa att du s\u00f6ker hj\u00e4lp. Kontakta en it-ansvarige f\u00f6r att st\u00f6dja dig i h\u00e4ndelse av problem och l\u00f6sningar i samband med \u00e5tervinning. Det finns inga forskningsresultat att 2C-b, 2C-B till salu<\/p>\n<p>Oavsett hur detta material anv\u00e4nds ofta, det finns ingen logisk eller studier som kan Toxikologiska studier. Medan typiska hallucinogener s\u00e5som LSA, Ayahuasca och meskalin b\u00f6rja inom fantasier till niv\u00e5 fem eller fler ber\u00e4kning, 2C-B, f\u00f6r det mesta direkt i niv\u00e5 8A visuell matematik. Denna Brist p\u00e5 konsekvent inducerad dr\u00f6m fram\u00e5t hoppar tyder p\u00e5 att 2C-B f\u00f6r vissa m\u00e4nniskor, \u00e4r s\u00e5 djup, s\u00e5 som vissa andra hallucinogener. 2C-s\u00e4lja-B<\/p>\n<h3>ATT S\u00c4LJA 2C-B-FLY:<\/h3>\n<p>De enda uppgifter som vi f\u00f6r n\u00e4rvarande har \u00e4r fr\u00e5n episodiska ber\u00e4ttelser och observationer rapporter. De mest hallucinogena v\u00e4xter som odlas av oss. I syfte att s\u00e4kerst\u00e4lla att de \u00e4r av h\u00f6gsta kvalitet, de produceras i v\u00e4rlden. Empati, v\u00e4nskap och v\u00e4nlighet f\u00f6r att f\u00f6rb\u00e4ttra Dessa interna \u00f6verv\u00e4ganden av v\u00e4nlighet, uppskattning och sympati \u00e4r n\u00e5got br\u00e4ckligare och mindre skarpa \u00e4n i fallet med de \u00e4mnen, som MDMA, att bygga men \u00e4r fortfarande en rej\u00e4l och ov\u00e4ntat mer stabil \u00e4n andra Hallucinogena varje klass. 2C-B till salu<\/p>\n<p>Detta \u00e4r en substans som s\u00e4gs ha varit en l\u00e5ng avslappnande effekt. Transporten kommer att ta, beroende p\u00e5 Regionen av tv\u00e5 till tre dagar. Vi erbjuder b\u00e5de sm\u00e5 och stora partitioner, samt rabatter f\u00f6r bulk \u00f6nskem\u00e5l. Ett stort antal Leder inte alltid till f\u00f6rdel f\u00f6r ditt f\u00f6retag, eftersom det i detta fall, bra kvalitet, m\u00e4ngden \u00e4r l\u00e5ngt \u00f6verl\u00e4gsen. 2C-s\u00e4lja-B<\/p>\n<h5>DESSUTOM:<\/h5>\n<p>S\u00e4ljaren kommer att bli avskr\u00e4ckta, om du investerar din tid i Marknadsf\u00f6ring f\u00f6r n\u00e5gon som antingen inte vill eller inte har m\u00f6jlighet att k\u00f6pa din tj\u00e4nst eller produkt. Den sanna hemliga m\u00e5l aaronay.com det \u00e4r att hj\u00e4lpa dem att st\u00e4rka sina relationer med sm\u00e5 och medelstora f\u00f6retag. 2C-B till salu<\/p>\n<p>I st\u00e4llet f\u00f6r att f\u00f6rlita sig p\u00e5 &#034;b\u00e4sta gissningar&#034; som bygger sin f\u00f6rs\u00e4ljning och marknadsf\u00f6ring funktioner \u00e4r nu klart definierade faser, fr\u00e5n tema till kontinuerlig \u00d6vervakning och observation. De \u00e4r n\u00e4stan alltid den befattningshavare eller Nyckelpersoner i en Aaronay kampanj. Detta inneb\u00e4r att lite tid spenderas i ett f\u00f6rs\u00f6k att n\u00e5 r\u00e4tt Person&#034;. 2C-B till salu<\/p>\n<p>N\u00e4r telefonen ringer, det \u00e4r n\u00e4stan alltid r\u00e4tt Person. 2C-B \u00e4r vanligen beskrivs som stimulerande och utvecklande och, j\u00e4mf\u00f6rt med MDMA. I h\u00f6gre doser, \u00e4r denna effekt kan vara mycket \u00f6vertygande, och att uppmuntra k\u00f6paren att fysiska aktiviteter s\u00e5som Dans. 2C-s\u00e4lja-B<\/p>","protected":false},"excerpt":{"rendered":"<p>2C-B ZU VERKAUFEN Im Allgemeinen haben wir 2C-B zu sehr niedrigen Preisen zu verkaufen. 2C-B ist ein halluzinogenes Medikament, das anregende Gef\u00fchle und Hochgef\u00fchl erzeugt. Die Identifikation mit diesem Medikament ist positiv und deutlich undurchsichtig, aber ein neuer Aufschwung in der Nachtleben-Szene lenkt die Aufmerksamkeit auf 2C-B. Im Wesentlichen geht es darum, den Stoff, der w\u00e4hrend eines MDMA-Treffens aufkommt, zu koordinieren und die Mitglieder mit der aufbauenden, meskalinartigen Wirkung von 2C-B wieder &#8222;in ihren K\u00f6rper&#8220; zu bringen. 2C-B zum Verkauf Schlie\u00dflich begann ein deutsches Pharmaunternehmen namens Drittewell mit der Herstellung von 2C-B in einer Dosierung von f\u00fcnf Milligramm und vermarktete\u2026<\/p>","protected":false},"featured_media":1642,"comment_status":"open","ping_status":"closed","template":"","meta":{"content-type":""},"product_brand":[],"product_cat":[163],"product_tag":[],"class_list":{"0":"post-1612","1":"product","2":"type-product","3":"status-publish","4":"has-post-thumbnail","6":"product_cat-forschung-chemikalien","8":"first","9":"instock","10":"shipping-taxable","11":"purchasable","12":"product-type-variable"},"_links":{"self":[{"href":"https:\/\/kokaindrogekaufen.com\/sv\/wp-json\/wp\/v2\/product\/1612"}],"collection":[{"href":"https:\/\/kokaindrogekaufen.com\/sv\/wp-json\/wp\/v2\/product"}],"about":[{"href":"https:\/\/kokaindrogekaufen.com\/sv\/wp-json\/wp\/v2\/types\/product"}],"replies":[{"embeddable":true,"href":"https:\/\/kokaindrogekaufen.com\/sv\/wp-json\/wp\/v2\/comments?post=1612"}],"wp:featuredmedia":[{"embeddable":true,"href":"https:\/\/kokaindrogekaufen.com\/sv\/wp-json\/wp\/v2\/media\/1642"}],"wp:attachment":[{"href":"https:\/\/kokaindrogekaufen.com\/sv\/wp-json\/wp\/v2\/media?parent=1612"}],"wp:term":[{"taxonomy":"product_brand","embeddable":true,"href":"https:\/\/kokaindrogekaufen.com\/sv\/wp-json\/wp\/v2\/product_brand?post=1612"},{"taxonomy":"product_cat","embeddable":true,"href":"https:\/\/kokaindrogekaufen.com\/sv\/wp-json\/wp\/v2\/product_cat?post=1612"},{"taxonomy":"product_tag","embeddable":true,"href":"https:\/\/kokaindrogekaufen.com\/sv\/wp-json\/wp\/v2\/product_tag?post=1612"}],"curies":[{"name":"wp","href":"https:\/\/api.w.org\/{rel}","templated":true}]}}