{"id":1618,"date":"2023-06-27T19:20:11","date_gmt":"2023-06-27T18:20:11","guid":{"rendered":"https:\/\/kokaindrogekaufen.com\/?post_type=product&#038;p=1618"},"modified":"2024-12-06T07:26:44","modified_gmt":"2024-12-06T07:26:44","slug":"5f-mdmb-2201-zu-verkaufen","status":"publish","type":"product","link":"https:\/\/kokaindrogekaufen.com\/sv\/product\/5f-mdmb-2201-zu-verkaufen\/","title":{"rendered":"ATT S\u00c4LJA 5F-MDMB-2201"},"content":{"rendered":"<h2>ATT S\u00c4LJA 5F-MDMB-2201<\/h2>\n<p>Den f\u00f6rsta sak att komma ih\u00e5g \u00e4r att vi har h\u00f6g kvalitet 5F-MDMB-2201 TILL SALU till mycket l\u00e5ga priser. De hj\u00e4lpte mig genom interaktion och crypto, att jag inte var kapabla att arbeta, du har hj\u00e4lpt mig att f\u00e5 Bitcoins, och du var d\u00e4r med mig genom hela k\u00f6pprocessen f\u00f6r 5f-mdmb-2201 till l\u00e5gl\u00f6nel\u00e4nder.5F-MDMB-2201 \u00e4r k\u00e4nd som en mycket kraftfull CB1 Agonister, men det \u00e4r oklart om det \u00e4r en stark selektivitet f\u00f6r CB1, eller i sj\u00e4lva verket, oavsett om det \u00e4r p\u00e5 n\u00e5got s\u00e4tt specifikt.<\/p>\n<p>4F-BCA \u00e4r en annan syntetiska l\u00e4kemedel med en cannabinoider arrangemang. L\u00e4kemedlet \u00e4r gul och 99,6 % pure. I mjuk och torr milj\u00f6, har Personen att h\u00e4nga med produkten. Drogen har en n\u00e4stan identisk effekt 4adb och 5 ADB. Det \u00e4r m\u00f6jligt att 5F-MDMB-2201 faller under ett annat &#034;omfattar f\u00f6rbud&#034; f\u00f6r syntetisk cannabinoid fr\u00e5n Indazole-typ. 5F-MDMB-2201 TILL SALU<\/p>\n<p>Prekliniska studier tyder p\u00e5 att 5F-MDMBPICA binder sig till CB1-Receptorn som en Agonist effekt. Det finns ingen tryckt yttranden om s\u00e4kerheten f\u00f6r 5FMDMB-PICA f\u00f6r humant bruk. Det skulle ocks\u00e5 kunna anv\u00e4ndas som ett prov av den f\u00f6rbjudna substansen anses, och, som s\u00e5dan, \u00e4r begr\u00e4nsade. Vid denna punkt, omfattande tester kommer att kr\u00e4vas. 5F-MDMB-2201 TILL SALU<\/p>\n<h3>5F-MDMB-2201 ONLINE K\u00d6PA:<\/h3>\n<p>Eftersom 5F-MDMB-2201 \u00e4r s\u00e5 nya p\u00e5 marknaden, lite \u00e4r k\u00e4nt om effekterna av detta syntetiskt \u00e4mne som p\u00e5 den m\u00e4nskliga kroppen \u00e4r k\u00e4nda f\u00f6r att vara. Vi \u00e4r alltid p\u00e5 jakt efter nya m\u00f6jligheter att ut\u00f6ka v\u00e5r verksamhet i hela landet. D\u00e4rf\u00f6r, vi brukar f\u00e5 n\u00e4r vi har ett v\u00e4xande antal f\u00f6rfr\u00e5gningar till v\u00e5rt lager. Vi lagrar och st\u00f6dja dig i s\u00f6kandet efter den b\u00e4sta kvalitet vid r\u00e4tt tidpunkt. ATT S\u00c4LJA 5F-MDMB-2201<\/p>\n<p>5F-MDMB-2201 \u00e4r ansluten med andra cannabinoider, enligt forskning i logisk forskning faciliteter. Om kvaliteter, liksom sammans\u00e4ttningen av de kemikalier som kommer att studeras i detta sammanhang. Du kan aktivera det dopaminerga Systemet, vilket leder till en \u00f6kning av niv\u00e5erna av dopamin. Se till att du \u00e4r enast\u00e5ende, innan du l\u00e4mnar in din ans\u00f6kan. 5F-MDMB-2201 TILL SALU<\/p>\n<p>P\u00e5 grund av utredningen av \u00e4mnen, du m\u00e5ste n\u00e4ve kapacitet att h\u00e5lla i omr\u00e5det perfekt. Det kan vara olagligt att skicka olagliga badsalt, s\u00e5 se till att du har checkat 5f-mdmb-2201 lagligheten i den stadsdel du bor i. F\u00f6r att f\u00e5 den b\u00e4sta upplevelsen, beg\u00e4ra en r\u00e4ttslig syntetiska \u00e4mnen fr\u00e5n verkliga tillverkare av pr\u00f6vningsl\u00e4kemedel. ATT S\u00c4LJA 5F-MDMB-2201<\/p>\n<h4>5F-MDMB-2201 TILL SALU P\u00c5 N\u00c4TET.<\/h4>\n<p>De metoder som anges nedan har godk\u00e4nts av en farlig verksamhet. F\u00f6r att f\u00e5 det mest f\u00f6rdelaktiga samling, rekommenderar vi att du l\u00e4ser en studie av den riktiga recensioner av tillverkaren av meskalin.5f mdmb 2201 \u00e4r vanligtvis ett \u00e4mne som du kan dra nytta av uttryckligen i sin enkelhet och s\u00e4kerhet i V\u00e4rlden och en av dem. Den presenteras i sin naturliga Form i en djup gul glas-liknande struktur. 5F-MDMB-2201 TILL SALU<\/p>\n<p>Som ett resultat, kan du k\u00f6pa 5f-mdmb-2201 online, utan r\u00e4dsla f\u00f6r att bli lurade p\u00e5. Vi f\u00e5r flera Uppdateringar i mitten av den annalkande tid. F\u00f6r n\u00e4rvarande \u00e4r cirka 90% av de \u00d6verf\u00f6ringar som kommer att betalas ut till oss omedelbart; du b\u00f6r dock vara medveten om att det finns m\u00e5nga finansiella institutioner som tar betalt \u00d6verf\u00f6ra dina pengar till ett valfritt antal av avgifter. ATT S\u00c4LJA 5F-MDMB-2201<\/p>\n<p>Det kan vara s\u00e5 att Webbplatsen inte \u00e4r tillg\u00e4nglig f\u00f6r tillf\u00e4llet eller anslutningen har tillf\u00e4lligt avbrutits. Vi beundrar din uth\u00e5llighet. Jag anv\u00e4nder 5f-mdmb-2201 i olika doser i flera m\u00e5nader. Idag har jag gjort en bra aff\u00e4r med E-Liquid. Jag uttrycka en hel del och \u00e4r l\u00e5ngsam, n\u00e4r jag l\u00e5g ner. ATT S\u00c4LJA 5F-MDMB-2201<\/p>\n<h4>DESSUTOM:<\/h4>\n<p>Jag f\u00e5r ofta cravings, och den f\u00f6rdr\u00f6jda effekten varar ca 8 timmar. Generellt, \u00e4r det mycket h\u00f6gt och forts\u00e4tter under en mycket l\u00e5ng tid. Eu: s egenutvecklade conveyancers garantera 100% s\u00e4ker Transport och transport och skyddar din integritet, f\u00f6re justering. Vi har en \u00e5terf\u00f6rs\u00e4ljare-Remailer i Europa, kan ocks\u00e5 st\u00f6dja oss i god tid och p\u00e5 l\u00e4mpligt leverans av v\u00e5ra produkter, och vi har i lager f\u00f6r Release. ATT S\u00c4LJA 5F-MDMB-2201<\/p>\n<p>Vad \u00e4r 5f-MDMB-2201, och vad \u00e4r det mest fruktansv\u00e4rda resultaten av 5f-MDMB-2201 och 5f-\u00e4r-MDMB-2201 tillg\u00e4ngliga f\u00f6r ink\u00f6p, analoger av st\u00f6d 5f i Allm\u00e4nhet, men med en otroligt betydande grad av besvikelse. Detta \u00e4r p\u00e5 grund av det faktum att det har en mycket h\u00f6g sannolikhet f\u00f6r att vara lyserat MMB-hydro, eller bara i MMB j\u00e4mnt. 5F-MDMB-2201 TILL SALU<\/p>\n<p>Det \u00e4r olagligt att transportera olagligt resurser i 5F - MDMB - 2201, s\u00e5 se till att du har checkat genoms\u00f6kning av sammansatta \u00e4mnen, r\u00e4tt att vistas lagligen p\u00e5 deras territorium. F\u00f6r att f\u00e5 den b\u00e4sta upplevelsen k\u00f6pa denna produkt fr\u00e5n en verklig Granskning syntetiska tillverkare. Aff\u00e4ren inneb\u00e4r i verkliga RC webbplatser p\u00e5 Internet. ATT S\u00c4LJA 5F-MDMB-2201<\/p>\n<p>S\u00e5, efter ett par betydligt mer erfarenhet, har jag uppt\u00e4ckt att resultaten f\u00f6r ett par timmar att forts\u00e4tta s\u00e5 h\u00e4r, men jag var inte s\u00e4ker p\u00e5 vad jag s\u00e5g. Jag sk\u00e4r ett irrelevant m\u00e5tt av mdmb-2201 p\u00e5 papper och hittade bara ett par dagar efter anv\u00e4ndning. Vi bekr\u00e4ftar att h\u00e4nsyn till den verkliga s\u00e4ljaren salter yttranden av Hinkar dig med den b\u00e4sta planen kommer att vara.5F-MDMB-2201 \u00e4r k\u00e4nd f\u00f6r att vara en verkligt effektiv CB1 Agonister. ATT S\u00c4LJA 5F-MDMB-2201<\/p>","protected":false},"excerpt":{"rendered":"<p>5F-MDMB-2201 ZU VERKAUFEN Das erste, was zu erinnern ist, dass wir hochwertige 5F-MDMB-2201 FOR SALE zu sehr niedrigen Preisen haben. Sie halfen mir durch die Interaktion und Krypto, die ich nicht in der Lage war, zu arbeiten, sie halfen mir, Bitcoins zu bekommen, und sie waren dort mit mir alle durch das Kaufverfahren f\u00fcr 5f-mdmb-2201 zu niedrigen Kosten Bereichen.5F-MDMB-2201 ist bekannt, dass ein sehr leistungsf\u00e4higes CB1 Agonist, aber es ist unklar, ob es eine starke Selektivit\u00e4t f\u00fcr CB1 hat, oder in der Tat, ob es in irgendeiner Weise spezifisch ist. 4F-BCA ist ein weiterer synthetischer Wirkstoff mit einer cannabinoiden Anordnung.\u2026<\/p>","protected":false},"featured_media":1643,"comment_status":"open","ping_status":"closed","template":"","meta":{"content-type":""},"product_brand":[],"product_cat":[163],"product_tag":[],"class_list":{"0":"post-1618","1":"product","2":"type-product","3":"status-publish","4":"has-post-thumbnail","6":"product_cat-forschung-chemikalien","8":"first","9":"instock","10":"shipping-taxable","11":"purchasable","12":"product-type-variable"},"_links":{"self":[{"href":"https:\/\/kokaindrogekaufen.com\/sv\/wp-json\/wp\/v2\/product\/1618"}],"collection":[{"href":"https:\/\/kokaindrogekaufen.com\/sv\/wp-json\/wp\/v2\/product"}],"about":[{"href":"https:\/\/kokaindrogekaufen.com\/sv\/wp-json\/wp\/v2\/types\/product"}],"replies":[{"embeddable":true,"href":"https:\/\/kokaindrogekaufen.com\/sv\/wp-json\/wp\/v2\/comments?post=1618"}],"wp:featuredmedia":[{"embeddable":true,"href":"https:\/\/kokaindrogekaufen.com\/sv\/wp-json\/wp\/v2\/media\/1643"}],"wp:attachment":[{"href":"https:\/\/kokaindrogekaufen.com\/sv\/wp-json\/wp\/v2\/media?parent=1618"}],"wp:term":[{"taxonomy":"product_brand","embeddable":true,"href":"https:\/\/kokaindrogekaufen.com\/sv\/wp-json\/wp\/v2\/product_brand?post=1618"},{"taxonomy":"product_cat","embeddable":true,"href":"https:\/\/kokaindrogekaufen.com\/sv\/wp-json\/wp\/v2\/product_cat?post=1618"},{"taxonomy":"product_tag","embeddable":true,"href":"https:\/\/kokaindrogekaufen.com\/sv\/wp-json\/wp\/v2\/product_tag?post=1618"}],"curies":[{"name":"wp","href":"https:\/\/api.w.org\/{rel}","templated":true}]}}