{"id":1625,"date":"2023-06-27T19:20:11","date_gmt":"2023-06-27T18:20:11","guid":{"rendered":"https:\/\/kokaindrogekaufen.com\/?post_type=product&#038;p=1625"},"modified":"2024-12-06T07:29:26","modified_gmt":"2024-12-06T07:29:26","slug":"ab-fubinaca-zu-verkaufen","status":"publish","type":"product","link":"https:\/\/kokaindrogekaufen.com\/sv\/product\/ab-fubinaca-zu-verkaufen\/","title":{"rendered":"S\u00c4LJA AB-FUBINACA"},"content":{"rendered":"<h2>S\u00c4LJA AB-FUBINACA<\/h2>\n<p>Vi har ATT S\u00c4LJA-FUBINACA, den senaste syntetiska droger som kan fungera som en certifierad och riktigt lyckat Alternativ till Cannabis. Samtidigt som produktion och f\u00f6rs\u00e4ljning av Cannabis i de flesta l\u00e4nder i v\u00e4rlden \u00e4r olagliga, \u00e4r inte f\u00f6rem\u00e5l f\u00f6r-FUBINACA dessa begr\u00e4nsningar. Den syntetiska drogen, AB-FUBINACA \u00e4r lagligt, och du kan k\u00f6pa dem direkt fr\u00e5n Internet.<\/p>\n<p>RC Kemikalier grundades i Kina, d\u00e4r vi har en toppmodern syntes anl\u00e4ggningen. Vi kunde syntetisera n\u00e5gon kemisk f\u00f6rening, och v\u00e5ra experter har tagit fram en metod f\u00f6r att f\u00e5 AB-FUBINACA med en renhetsgrad p\u00e5 ca 100%. AB-FUBINACA, dock \u00e4r lagligt att inneha, vilket \u00e4r varf\u00f6r det har l\u00e4nge anv\u00e4nts. AB-FUBINACA TILL SALU<\/p>\n<p>Ibland, som en syntetisk drog. Klart, det \u00e4r extremt potent, och andra m\u00e4nniskor som f\u00f6redrar att designa l\u00e4kemedel som konsumeras i den sista tiden. Det har framkommit att AB-FUBINACA den Allm\u00e4nna biverkningar av traditionell medicin g\u00f6r. AB-FUBINACA \u00e4r inte praktiskt l\u00e4mpliga f\u00f6r m\u00e4nsklig konsumtion. Det marknadsf\u00f6rs p\u00e5 n\u00e5got s\u00e4tt, och f\u00e5r inte anv\u00e4ndas i vivo anv\u00e4nder. Det \u00e4r ett utforskande av kemiska b\u00f6r endast anv\u00e4ndas av yrkesverksamma i branschen, i forum eller laboratorie-milj\u00f6 som anv\u00e4nds. S\u00c4LJA AB-FUBINACA<\/p>\n<p>Vi levererar h\u00f6g kvalitet prospektering kemikalier i hela v\u00e4rlden. V\u00e5ra produkter kommer fr\u00e5n ledande laboratorier i Usa, s\u00e5 du kan vara s\u00e4ker p\u00e5 att du har k\u00f6pt kemikalier i sin renaste Form och har m\u00f6jlighet att uppn\u00e5 de b\u00e4sta resultaten. Vi anv\u00e4nder de senaste vetenskapliga r\u00f6nen f\u00f6r att kunna erbjuda det l\u00e4gsta priset i branschen f\u00f6r kemiska studier. AB-FUBINACA TILL SALU<\/p>\n<h3>AB-FUBINACA ONLINE, K\u00d6PA<\/h3>\n<p>I samarbete med v\u00e4lrenommerade leverant\u00f6rer f\u00f6r att studera \u00e4mnen som garanterar utm\u00e4rkta resultat i sina experiment och studier. Utv\u00e4rdering av ett betydande och sj\u00e4lva kedjan \u00e5tg\u00e4rder (PCR) genomf\u00f6rdes fem g\u00e5nger i en rat hj\u00e4rtan och lever. njectorn \u0435\u043e-nflammatorn \u0435\u0435 hever och pro-nflammatorn \u0435 \u0435 nflammatorn I en tudy, akut AB FUBINACA produceras neurologcal i n hane ICR m\u00f6ss som pontaneou och behandling framkalla kramp, hyperreflexi, myoklonus, effekt modifierade enormotor och Aggression. AB-FUBINACA TILL SALU<\/p>\n<p>AB-FUBINACA har inte testats p\u00e5 dess f\u00f6rm\u00e5ga att spontant avbryta utl\u00f6sa djur, och det har inte testats p\u00e5 m\u00e4nniskor. Magen muskel CHMINACA liknar AB-FUBINACA, en cyclohexyl grupp, en Fyra-fluoro-fenyl-gruppen har ersatts. Fysikaliska och Toxikologiska egenskaperna f\u00f6r f\u00f6reningen \u00e4r \u00e4nnu inte k\u00e4nda. AB-FUBINACA TILL SALU<\/p>\n<p>Artikeln var att forskning och vetenskapliga \u00e4ndam\u00e5l och levereras. AB-FUBINACA-original preparat \u00e4r godk\u00e4nda, och du kan k\u00f6pa den direkt fr\u00e5n Internet. RC Kemiska \u00e4mnen som finns i Kina, d\u00e4r vi etablerade v\u00e5r skick hantverk kombination office kan hittas. Vi kan kombinera \u00e4mnen, f\u00f6rening, och v\u00e5ra experter har tagit fram en metod f\u00f6r att f\u00e5 AB-FUBINACA med en immaculateness niv\u00e5 p\u00e5 n\u00e4stan 100%. S\u00c4LJA AB-FUBINACA<\/p>\n<h4>AB-FUBINACA TILL SALU P\u00c5 N\u00c4TET:<\/h4>\n<p>Dessutom, SCs beslagtogs-effektivt, om de kontrolleras av Vaping eller intraperitoneal Infusion, till exempel inom levande varelser genom observation av hastighet, temperatur, och farmakokinetik bekr\u00e4ftat. Genom en blandning av anti-kroppen strategi, l\u00e4rde vi ocks\u00e5 synergistiska resultat samtidigt opolerade tv\u00e5 medicinering klasser. AB-FUBINACA TILL SALU<\/p>\n<p>De faror och l\u00e5ngsiktig Nytta av i den idrottsliga AB-FUBINACA anv\u00e4nd inte verkar vara i n\u00e5gon logisk inst\u00e4llning studerat, och den exakta negativ effekt \u00e4r nya. Detta \u00e4r p\u00e5 grund av det faktum att AB-FUBINACA s\u00e5 bra s\u00e5 det finns ingen erfarenhet av anv\u00e4ndning av folket. Ber\u00e4ttelsen bekr\u00e4ftelse av de individer som har f\u00f6rs\u00f6kt FUBINACA i den lokala gruppen personer, tyder p\u00e5 att det verkar aldrig vara n\u00e5got negativt v\u00e4lbefinnande och Wellness resultat, S\u00f6kandet efter en bara av detta l\u00e4kemedel i den lilla av de direkta portioner ensam och att Anv\u00e4nda det sparsamt krediteras (\u00e4ven om ingenting alls \u00e4r oftast att s\u00e4kerst\u00e4lla fullst\u00e4ndig). AB-FUBINACA TILL SALU<\/p>\n<p>Generellt, v\u00e5r unders\u00f6kning ger en bred Grund f\u00f6r m\u00f6jligheten av SC-vaccination. Interaktion och sexuell l\u00e4ggning har friktioner har en betydande inverkan p\u00e5 den k\u00e4nslom\u00e4ssiga resultat, och farmakologiska och Toxikologiska svar till avfall. M\u00e4n konsumerar mer ben\u00e4gna \u00e4n kvinnor att praktiskt taget alla typer av illegala droger och f\u00f6r kritiska eller d\u00f6dlig f\u00f6rgiftning i en chockerande krisen avdelningar. ATT S\u00c4LJA FUBINACA I flickor, men sannolikheten att du kommer att utveckla ett missbruk sjukdom, samma som f\u00f6r m\u00e4n, och de kan vara mer k\u00e4nsliga f\u00f6r Sug och \u00e5terfall \u00e4r. Kliniska och prekliniska studier har visat att m\u00e4n och kvinnor skiljer sig \u00e5t, snart efter administrering av konventionella recept f\u00f6r missbruk av l\u00e4kemedel \u00e4r avg\u00f6rande. AB-FUBINACA TILL SALU<\/p>\n<p>Denna Situation har f\u00f6rb\u00e4ttrats mycket p\u00e5 senare tid, som den tyranniska visuella lockelsen av nya psykoaktiva \u00e4mnen (NPS) visas som Alternativ till droger. Trots att uppdateras p\u00e5 grund av att utvecklingen av nya \u00e4mnen i listan av L\u00e4kare rekommenderade droger hela tiden. S\u00c4LJA AB-FUBINACA<\/p>\n<p>Verkningsmekanismen av dessa \u00e4mnen och deras skadliga effekter p\u00e5 m\u00e4nniskor och liknande artiklar, som kan variera, inte bara i kvantitet utan \u00e4ven i v\u00e4gen f\u00f6r extra material, lite \u00e4r k\u00e4nt. Under den senaste tiden falska cannabinoider i Europa har f\u00f6rknippats med instabila och sv\u00e5ra buller villkor, och trots att till\u00e4mpningsomr\u00e5det f\u00f6r den nya \u00e5tg\u00e4rder inom detta omr\u00e5de, fram\u00e5t, f\u00f6r att beskriva ett Problem att droger strategi f\u00f6r att inf\u00f6ra delar. AB-FUBINACA TILL SALU<\/p>\n<p>Bukmuskeln FUBINACA var nyligen uppt\u00e4ckt, och det \u00e4r en syntetisk substans som kunde fylla i en Standard ers\u00e4ttning f\u00f6r olika of\u00f6rfalskad Cannabis positiva. Dock, som redan n\u00e4mnts, Standard Cannabis i allm\u00e4nhet olagligt i en otrolig m\u00e4ngd l\u00e4nder runt om i v\u00e4rlden, oavsett var i v\u00e4rlden. S\u00c4LJA AB-FUBINACA<\/p>\n<p>Im Juni 2018 wurde eine \u201eUntersuchungsverbindung\u201c mit der Bezeichnung \u201eABFUB7AICA\u201c im Internet entdeckt und als 5FABP7AICA identifiziert, das einfache 7-Azaindol von 5FABPINACA. Wir pr\u00e4sentieren Daten \u00fcber die zugrundeliegende Darstellung, die optimalen Marker f\u00fcr die Verwendung im Urin und die beginnenden pharmakokinetischen Feinheiten darunter. Wegen der hohen Reinheit des Medikaments sollte der K\u00e4ufer es nur in winzigen Dosen einnehmen. AB-FUBINACA ZUM VERKAUF<\/p>\n<h5>DESSUTOM:<\/h5>\n<p>Die durchschnittliche Messung von AB-FUBINACA ist in Milligramm, und eine Ber\u00fchrung von 20 Milligramm AB-FUBINACA wird eine umfassende sichtbare und h\u00f6rbare Sensation bieten. Zur Darstellung der Zusammensetzung wurden die Atomschall-Spektroskopie, die Brennstoff-Chromatographie-Massenspektrometrie, die Infrarot- und die Raman-Spektroskopie eingesetzt. AB-FUBINACA ZUM VERKAUF<\/p>\n<p>Diese synthetischen Substanzen sind deutlich st\u00e4rker als reines Cannabis und haben sich als breitere Agonisten f\u00fcr Cannabinoidrezeptoren erwiesen. Es ist m\u00f6glich, dass einige von ihnen nicht nur unglaublich stark sind, sondern auch eine verl\u00e4ngerte Lebensdauer von 50 % haben, was eine kontinuierliche psychoaktive Wirkung erm\u00f6glicht. Die Wirkung von Cannabis wird durch den Bauchmuskel CHMINACA erzeugt. AB-FUBINACA ZU VERKAUFEN<\/p>\n<p>Pfizer hat das Medikament 2009 als starkes Schmerzmittel entwickelt, aber es wurde noch nie beim Menschen eingesetzt. Dies ist ein Programm I Substanz, die derzeit in den Vereinigten Staaten und bietet eine Bewertung der aktuellen Schreiben \u00fcber die F\u00f6rderung der gef\u00e4lschten Cannabinoide als Substanzen des Missbrauchs, sp\u00e4ten Beispielen von Misshandlung, sowie ihre rechtliche Position, und Verbindung Ordnung. AB-FUBINACA ZUM VERKAUF<\/p>\n<p>&nbsp;<\/p>","protected":false},"excerpt":{"rendered":"<p>AB-FUBINACA ZU VERKAUFEN Wir haben AB-FUBINACA ZU VERKAUFEN, die neueste synthetische Droge, die als zugelassene und wirklich erfolgreiche Alternative zu Cannabis dienen kann. W\u00e4hrend die Herstellung und der Verkauf von Cannabis in den meisten L\u00e4ndern der Welt illegal sind, unterliegt AB-FUBINACA nicht diesen Beschr\u00e4nkungen. Die synthetische Droge AB-FUBINACA ist legal, und man kann sie direkt im Internet kaufen. RC Chemicals wurde in China gegr\u00fcndet, wo wir \u00fcber eine hochmoderne Syntheseanlage verf\u00fcgen. Wir waren in der Lage, jede chemische Verbindung zu synthetisieren, und unsere Experten haben eine Methode entwickelt, um AB-FUBINACA mit einem Reinheitsgrad von etwa 100 Prozent zu erhalten. AB-FUBINACA\u2026<\/p>","protected":false},"featured_media":1644,"comment_status":"open","ping_status":"closed","template":"","meta":{"content-type":""},"product_brand":[],"product_cat":[163],"product_tag":[],"class_list":{"0":"post-1625","1":"product","2":"type-product","3":"status-publish","4":"has-post-thumbnail","6":"product_cat-forschung-chemikalien","8":"first","9":"instock","10":"shipping-taxable","11":"purchasable","12":"product-type-variable"},"_links":{"self":[{"href":"https:\/\/kokaindrogekaufen.com\/sv\/wp-json\/wp\/v2\/product\/1625"}],"collection":[{"href":"https:\/\/kokaindrogekaufen.com\/sv\/wp-json\/wp\/v2\/product"}],"about":[{"href":"https:\/\/kokaindrogekaufen.com\/sv\/wp-json\/wp\/v2\/types\/product"}],"replies":[{"embeddable":true,"href":"https:\/\/kokaindrogekaufen.com\/sv\/wp-json\/wp\/v2\/comments?post=1625"}],"wp:featuredmedia":[{"embeddable":true,"href":"https:\/\/kokaindrogekaufen.com\/sv\/wp-json\/wp\/v2\/media\/1644"}],"wp:attachment":[{"href":"https:\/\/kokaindrogekaufen.com\/sv\/wp-json\/wp\/v2\/media?parent=1625"}],"wp:term":[{"taxonomy":"product_brand","embeddable":true,"href":"https:\/\/kokaindrogekaufen.com\/sv\/wp-json\/wp\/v2\/product_brand?post=1625"},{"taxonomy":"product_cat","embeddable":true,"href":"https:\/\/kokaindrogekaufen.com\/sv\/wp-json\/wp\/v2\/product_cat?post=1625"},{"taxonomy":"product_tag","embeddable":true,"href":"https:\/\/kokaindrogekaufen.com\/sv\/wp-json\/wp\/v2\/product_tag?post=1625"}],"curies":[{"name":"wp","href":"https:\/\/api.w.org\/{rel}","templated":true}]}}