{"id":1632,"date":"2023-06-27T19:20:12","date_gmt":"2023-06-27T18:20:12","guid":{"rendered":"https:\/\/kokaindrogekaufen.com\/?post_type=product&#038;p=1632"},"modified":"2024-12-06T07:31:59","modified_gmt":"2024-12-06T07:31:59","slug":"alpha-pvp-flakka-zu-verkaufen","status":"publish","type":"product","link":"https:\/\/kokaindrogekaufen.com\/sv\/product\/alpha-pvp-flakka-zu-verkaufen\/","title":{"rendered":"ALPHA-S\u00c4LJA PVP (FLAKKA)"},"content":{"rendered":"<h2>ALPHA-S\u00c4LJA PVP:<\/h2>\n<p>Vi har Alfa-PVP till salu till mycket rimliga priser, precis som alla andra l\u00e4kemedel. Alfa-PVP \u00e4r en medlem av de mest v\u00e4lk\u00e4nda klass f\u00f6r medicinska experter, och det anv\u00e4nds f\u00f6r en rad olika syften. Den fr\u00e4msta orsaken till sitt \u00f6verklagande \u00e4r hur dess med h\u00f6g intensitet och snabb effekt. Liknar det andra Aggregatet, genom att agera direkt p\u00e5 det Centrala nervsystemet.<\/p>\n<p>Alfa-PVP \u00e4r en mildare Version av kokain. Det l\u00f6ser sig snabbt n\u00e4r kunden s\u00e4tter det under tungan, men han eller hon kan anpassa sig till ett d\u00f6dligt m\u00f6te. Uppbyggnaden av Upprymdhet oftast tar l\u00e4ngst, men om det inte anv\u00e4nds, det b\u00f6r vara d\u00e4r i 30 minuter. I anslutning till mordet, du kommer att best\u00e4mma vilken puls \u00e4r mer uttalad. Alpha-s\u00e4lja PVP<\/p>\n<p>P\u00e5 samma g\u00e5ng, kan du f\u00f6rlora Viljan att konsumera vatten. Buller gradvis b\u00f6rjar om 30 minuter efter intag. Den domningar medan tungan \u00e4r f\u00f6ljt av anv\u00e4ndning av en mild \u00f6kning i blodtryck, och definitivt inte ett behov av att Dricka vatten. Efter ca 45 minuter f\u00f6r att ta en mild Stimulering \u00e4r k\u00e4nt, ut\u00f6vandet av trailern tr\u00f6g. Alfa-PVP till salu<\/p>\n<p>Var och en av effekterna varar bara tre timmar, och det \u00e4r osannolikt att kunden skulle vilja ta en annan dos. Den h\u00f6ga k\u00e4nslan du f\u00e5r n\u00e4r du s\u00e4tter in resurser till Alfa \u2013 PVP och anv\u00e4nda det varar inte l\u00e4nge. Vissa kunder h\u00e4vdar att konsumtion av \u00e4del sten utbud \u00e4r inte den privata utrymmen \u00e4r \u00f6verl\u00e4gsen, eftersom det kommer att mjuka upp deras n\u00e4sor. Alpha-s\u00e4lja PVP<\/p>\n<h3>ALFA-PVP ONLINE K\u00d6PA:<\/h3>\n<p>I Allm\u00e4nhet, de Insufflation inneb\u00e4r att en Person som arbetar med detta under en l\u00e5ng tid en euforisk upplevelse. Det \u00e4r sv\u00e5rt att bed\u00f6ma dess effektivitet, eftersom vissa m\u00e4nniskor \u00e4r gradvis p\u00e5verkas, d\u00e5 du kommer att njuta av denna strategi. Den b\u00f6rjar fungera s\u00e5 snart den n\u00e5r n\u00e4san av k\u00f6paren. H\u00f6jdpunkten av h\u00f6g k\u00e4nsla uppn\u00e5s inom 10 minuter tar det. Alfa-PVP till salu<\/p>\n<p>Alfa-PVP psykedelia \u00e4r redo att kombinera effekter s\u00e5som drag, f\u00f6rtrollande tilt, Anti-\u00e5ngest, och koppla av. Dessutom, \u00e4r din motst\u00e5ndare \u00e4r vanligt att anv\u00e4nda f\u00f6r att erh\u00e5lla en b\u00e5t s\u00e5 Tydligt som du. En hel del m\u00e4nniskor s\u00e4tter en chock-kriget-modul, ett kontroll-Disruptor, etc. p\u00e5 en oanv\u00e4nd b\u00e5t, f\u00f6r att f\u00e5 en f\u00f6rdel \u00f6ver en intet ont anande motst\u00e5ndare, eller s\u00e5 kan du bete med en b\u00e5t &#034;, och verkar vara br\u00e4cklig (som en H\u00e4ger), men f\u00f6r PVP \u00e4r l\u00e4mplig. Alpha-s\u00e4lja PVP<\/p>\n<p>K\u00f6paren, Flakka-bensodiazepiner i Usa som en metod att f\u00e5 vara Benzos anv\u00e4nds och rekommenderas. I Usa finns nootropika tj\u00e4na som en utm\u00e4rkt bad salt med intellektuella effekter. Anv\u00e4ndning av nootropics leder till en \u00f6kning i kapacitet f\u00f6r innovation och en f\u00f6rb\u00e4ttring av minnet. Alfa-PVP till salu<\/p>\n<p>Efter ca 45 minuter av konsumtionen, en l\u00e4tt upphetsning uppfattas som kunden kan ta bara tr\u00f6g sant. Detta uppt\u00e4cktes i mitten av 1960-talet, tillsammans med 1\/kvartal-intensitet summan i samband med MDPV. Resultaten \u00e4r ungef\u00e4r j\u00e4mf\u00f6rbart. Alfa-PVP \u00e4r ofta funna i vita \u00e4dla stenar. Alla effekter som varar i bara 3 timmar, och det \u00e4r osannolikt att kunden skulle vilja ta en ytterligare Del till sig sj\u00e4lv. Alpha-s\u00e4lja PVP<\/p>\n<h4>ATT S\u00c4LJA ALFA-PVP ONLINE:<\/h4>\n<p>-PVP syntetiseras fr\u00e5n Pyrovalerone och \u00e4r ocks\u00e5 den enkla keton av Prolintan. Det anv\u00e4nds ofta som en drog och \u00e4r klassificerad enligt Food and Drug Administration, S\u00e4kerhet och Innovation Fungera som ett Schema som jag drog. Den viktigaste effekten av detta l\u00e4kemedel \u00e4r att det fungerar p\u00e5 innovation f\u00f6rm\u00e5ga kunder. Bland de olika resultaten, en extrem k\u00e4nsla av lycka och en h\u00f6g niv\u00e5 av energi. Kroppen av den trailer som slappnar av med inga cravings f\u00f6r livsmedel. Alfa-PVP till salu<\/p>\n<p>-PVP kan leda till, liksom andra liknande l\u00e4kemedel, en statlig orsak, som en &#034;uppfriskande rush&#034; \u00e4r k\u00e4nt, \u00d6verstimulering, neuroser och fantasier, som inneh\u00e5ller aggressiva beteende och sj\u00e4lvskadebeteende. L\u00e4kemedlet \u00e4r fortfarande f\u00f6rknippat med d\u00f6den av sj\u00e4lvf\u00f6rst\u00f6relse, och hj\u00e4rtsvikt i samband. Det kan ocks\u00e5 \u00f6ka den Allm\u00e4nna inre v\u00e4rme budget farliga, vilket kan leda till njurskador eller misslyckande. Alfa-PVP till salu<\/p>\n<p>PVP \u00e4r ofta ses som en verkligt uppfriskande och eldig i termer av dess inverkan p\u00e5 den faktiska el upptagning av Enskilda. Detta m\u00f6jligg\u00f6r aktiviteter s\u00e5som Arbete, Kl\u00e4ttra och R\u00f6ra p\u00e5 sig, men det kan ocks\u00e5 sitta riktigt enkel energi station\u00e4ra och upptagen med on\u00f6diga uppgifter. Den eufori som oftast tar lite tid att f\u00e5 tillg\u00e5ng till, men du b\u00f6r ske inom trettio minuter av f\u00f6rt\u00e4ring. Alpha-s\u00e4lja PVP<\/p>\n<h5>ALPHA-S\u00c4LJA PVP I V\u00c4RLDEN:<\/h5>\n<p>Efter mordet, kommer du att finna att cirkulatorisk belastning successivt \u00f6kat. Det \u00e4r sensationella ber\u00e4ttelser som \u00e4r stor som en media feed, och verkligen konstigt omedelbarhet som \u00e4r associerad med p\u00e5st\u00e5endet att stora doser av Alfa-PVP tagit. Oavsett det extra l\u00e4get doser, priser, helt enkelt produktiv individuella m\u00e4sterskapet m\u00f6ten \u00e4r sv\u00e5rt att komma med. Alpha-s\u00e4lja PVP<\/p>\n<p>P\u00e5 samma g\u00e5ng kommer du att bli av med Efterfr\u00e5gan f\u00f6r att dricka vatten. P\u00e5 grund av dess f\u00f6rm\u00e5ga att expandera elev, PVP kan resultera i att omr\u00e5den som \u00e4r ljusare. F\u00f6rdelning av befogenheter och ansvar f\u00f6r de olika niv\u00e5er av Presidiet, EN-PVP, kan orsaka snabba och spontana r\u00f6relser av \u00f6gongloben, vilket leder till suddig syn och tillf\u00e4llig f\u00f6rlust av Koncentration leder.<\/p>\n<p>Konstgjorda Katinon \u00e4r beroendeframkallande, och det kan vara abstinenssymtom s\u00e5som nervositet, Darrningar, Paranoia, melankoli och s\u00f6mnst\u00f6rningar f\u00f6rekommer. Forskarna uppt\u00e4ckte att r\u00e5ttor som var beroende av att Flakka, och spaken trycks mot l\u00e4kemedlet till djur, p\u00e5 ett s\u00e5 konsekvent s\u00e4tt som m\u00f6jligt att administrera. Detta kallas Nystagmus. Alpha-s\u00e4lja PVP<\/p>\n<p>Man tror att Flakka g\u00f6r kroppen temperatur av ca 104 grader Celsius, om inte \u00f6kat. En s\u00e4rskilt h\u00f6g kroppstemperatur kan ha allvarliga konsekvenser, inklusive njure skador eller fel, och i vissa fall d\u00f6d. Det \u00e4r viktigt f\u00f6r att undvika uttorkning, s\u00e4rskilt om du \u00e4r dans i en varm milj\u00f6, men risken f\u00f6r att vatten berusning \u00e4r inte bara p\u00e5 grund av intag. Alpha-s\u00e4lja PVP<\/p>\n<h5>DESSUTOM:<\/h5>\n<p>D\u00e4rf\u00f6r konsumenten kommer att uppmuntras att SMUTTA p\u00e5 ditt dricksvatten l\u00e4tt och att se till att ditt dricksvatten. Syntetiska Katinoner tillh\u00f6r en klass av l\u00e4kemedel som kallas &#034;nya psykoaktiva \u00e4mnen med k\u00e4nda och landsting irritera (NPS). NPS \u00e4r oreglerat psykoaktiva (personlighetsf\u00f6r\u00e4ndrande) \u00e4mnen, som har f\u00f6rst nyligen kommit ut p\u00e5 marknaden och effekterna av illegal narkotika f\u00f6r att efterlikna, vilket kan leda slingor till obehagliga Tro. Alpha-s\u00e4lja PVP<\/p>\n<p>Det \u00e4r k\u00e4nt att NBOMs spasm kan orsaka kramper, och stimulantia kan \u00f6ka denna risk. H\u00f6jdpunkten kan vara fr\u00e5n 3 timmar till 5 timmar, men m\u00e5nga anv\u00e4ndare har rapporterat att en \u00e5terg\u00e5ng till en b\u00f6rjan kan vara sv\u00e5rt och gradvis. Som ett resultat, vissa m\u00e4nniskor \u00e4r f\u00f6r tidigt att g\u00f6ra en &#034;Re-dos&#034; och konsumerar mer \u00e4n du t\u00e4nkt dig, med negativa konsekvenser. Alpha-s\u00e4lja PVP<\/p>\n<p>Katinoner, MDMC och alfa-PVP f\u00f6r n\u00e4rvarande har Nytta av att inga k\u00e4nda terapeutiska och har en exceptionellt h\u00f6g risk f\u00f6r beroende, missbruk och illegala droger, liksom en betydande toxicitet profil, som inneh\u00e5ller de standarder i den Nya Agendan. Agenda fyra och Bilaga D \u00e4r utan tvekan oacceptabelt. Alfa-PVP till salu<\/p>\n<h6>MER:<\/h6>\n<p>Ta Flakka \u00e4r redan farlig. Det faktum att Flakka \u00e4r oreglerad i den St\u00f6rsta, men det \u00f6kar din risk. Produktionssystemet inte \u00e4r v\u00e4l kontrollerad, och ingredienserna kan variera kraftigt mellan olika tillverkare. Alpha-s\u00e4lja PVP<\/p>\n<p>&nbsp;<\/p>","protected":false},"excerpt":{"rendered":"<p>ALPHA-PVP ZU VERKAUFEN: Wir haben Alpha-PVP zum Verkauf zu sehr g\u00fcnstigen Preisen, genau wie jedes andere Medikament. Alpha-PVP ist ein Mitglied der bekanntesten Klasse von Experten medizinische, und es ist f\u00fcr eine breite Palette von Zwecken verwendet. Der Hauptgrund f\u00fcr seine Anziehungskraft ist seine hohe Intensit\u00e4t und seine schnelle Wirkungsweise. Es wirkt \u00e4hnlich wie andere Energizer, indem es direkt auf das zentrale Nervensystem wirkt. Alpha-PVP ist eine mildere Version von Kokain. Es l\u00f6st sich schnell auf, wenn der Kunde es unter die Zunge legt, aber er oder sie kann sich auf eine t\u00f6dliche Begegnung einstellen. Der Aufbau von Elation dauert\u2026<\/p>","protected":false},"featured_media":1645,"comment_status":"open","ping_status":"closed","template":"","meta":{"content-type":""},"product_brand":[],"product_cat":[163],"product_tag":[],"class_list":{"0":"post-1632","1":"product","2":"type-product","3":"status-publish","4":"has-post-thumbnail","6":"product_cat-forschung-chemikalien","8":"first","9":"instock","10":"shipping-taxable","11":"purchasable","12":"product-type-variable"},"_links":{"self":[{"href":"https:\/\/kokaindrogekaufen.com\/sv\/wp-json\/wp\/v2\/product\/1632"}],"collection":[{"href":"https:\/\/kokaindrogekaufen.com\/sv\/wp-json\/wp\/v2\/product"}],"about":[{"href":"https:\/\/kokaindrogekaufen.com\/sv\/wp-json\/wp\/v2\/types\/product"}],"replies":[{"embeddable":true,"href":"https:\/\/kokaindrogekaufen.com\/sv\/wp-json\/wp\/v2\/comments?post=1632"}],"wp:featuredmedia":[{"embeddable":true,"href":"https:\/\/kokaindrogekaufen.com\/sv\/wp-json\/wp\/v2\/media\/1645"}],"wp:attachment":[{"href":"https:\/\/kokaindrogekaufen.com\/sv\/wp-json\/wp\/v2\/media?parent=1632"}],"wp:term":[{"taxonomy":"product_brand","embeddable":true,"href":"https:\/\/kokaindrogekaufen.com\/sv\/wp-json\/wp\/v2\/product_brand?post=1632"},{"taxonomy":"product_cat","embeddable":true,"href":"https:\/\/kokaindrogekaufen.com\/sv\/wp-json\/wp\/v2\/product_cat?post=1632"},{"taxonomy":"product_tag","embeddable":true,"href":"https:\/\/kokaindrogekaufen.com\/sv\/wp-json\/wp\/v2\/product_tag?post=1632"}],"curies":[{"name":"wp","href":"https:\/\/api.w.org\/{rel}","templated":true}]}}