{"id":1639,"date":"2023-06-27T19:20:12","date_gmt":"2023-06-27T18:20:12","guid":{"rendered":"https:\/\/kokaindrogekaufen.com\/?post_type=product&#038;p=1639"},"modified":"2023-08-07T08:27:05","modified_gmt":"2023-08-07T07:27:05","slug":"anesket-online-kaufen","status":"publish","type":"product","link":"https:\/\/kokaindrogekaufen.com\/sv\/product\/anesket-online-kaufen\/","title":{"rendered":"ANESKET K\u00d6PA ONLINE"},"content":{"rendered":"<h2>ANESKET K\u00d6PA ONLINE<\/h2>\n<p>Vid denna tid, kan du k\u00f6pa Anesket Online med eller utan recept. Vid den punkt d\u00e5 n\u00e5gon Anesket grymtar, du kommer att uppleva en distinkt ljud, som du skulle f\u00e5 f\u00f6rt\u00e4ring som l\u00e4gger b\u00e5da, tilt t\u00e4nkbara och f\u00f6rb\u00e4ttrad gluten-fara grymtar av Anesket en tung lugna den snabbt ins\u00e4ttande, riskfyllda medicinering effekter. Detta l\u00e4kemedel kan p\u00e5verka deras innovation eller deras reaktioner.<\/p>\n<p>Du kommer f\u00f6rmodligen inte att vara till\u00e5tet att leva utan hj\u00e4lp av n\u00e5gon, som enligt deras aktivitet eller behandling. K\u00f6r inte bil eller arbeta med enheter f\u00f6r ca 24 timmar. P\u00e5 den tiden, om du har upphandlat Anesket. Dessutom \u00e4r denna typ av program kan leda till betydande skada p\u00e5 n\u00e4san avsnitt.<\/p>\n<p>Anesket Infusion \u00e4r ett professionellt f\u00f6rskrivna recept som \u00e4r ensam eller tillsammans med andra l\u00e4kemedel som anv\u00e4nds f\u00f6r att fr\u00e5nvaro av medvetande strax f\u00f6re och genom en operation eller kanske en klinisk behandling. Anesket V\u00e4tskan skapar en ov\u00e4ntad generositet som varar i ca 60 minuter. Det Anesket b\u00f6rjar of\u00f6rutsedda effekter av 2 till 5 minuter, n\u00e4r Dosen har varit r\u00f6kt eller f\u00f6rt\u00e4ring. Anesket k\u00f6pa online<\/p>\n<p>Data fr\u00e5n obetydlig m\u00e4ngd m\u00e4nniskor i det \u00f6ppna p\u00e5 uppdrag av potentiella kliniska f\u00f6rberedelser tyder p\u00e5 att Anesket kunde vara med l\u00e4kning av oerh\u00f6rda t\u00e4nda och grov b\u00f6jelser anv\u00e4ndbart. Oavsett m\u00e4tomr\u00e5det \u00e4r mycket olika och \u00e4r en m\u00e4rklig dos har inte fastst\u00e4llts. Anesket \u00e4r inte gluten-i allm\u00e4nhet med d\u00f6dlig utg\u00e5ng, trots att det kan ge st\u00f6d till betydande skada f\u00f6r dina kunder, och grymta ketamin gluten-s\u00e4tt. Anesket k\u00f6pa online<\/p>\n<h4>ANESKET F\u00d6R F\u00d6RS\u00c4LJNING:<\/h4>\n<p>F\u00f6r anledningen till att den grymtar av drogen g\u00f6r det, anden snabbare, det kan medf\u00f6ra \u00f6kat buller, men m\u00e5nga av \u00f6vermanna hj\u00e4rnan-kontrollerad fysiologiska metoder. Under en Sj\u00e4lvrisk kommer kunden stagger mest sannolikt gl\u00f6msk och, utan tvekan, s\u00f6mnig ytlig andning 2. K\u00f6p Anesket Online<\/p>\n<p>\u00c4ven om vissa bekr\u00e4ftelse av luftfart trafiks\u00e4kerheten kan bara kv\u00e4vas p\u00e5 grund av den starka laryngeala och svalg reflexer, och Efterfr\u00e5gan uppst\u00e5r, Tillsammans med Infusion av Anesket hydroklorid kunde presenteras. Anesket hydroklorid Infusion \u00e4r inte snabb f\u00f6r m\u00e4nniskor som inte har f\u00f6ljt Noll-Rubriker f\u00f6r varje Hamburgare. Anesket k\u00f6pa online<\/p>\n<p>Levertoxicitet av Anesket ing\u00e5r ocks\u00e5 v\u00e4rderingar, doser, och upprepa m\u00e4rka i slutet av organisationen. I ett m\u00f6te med en ih\u00e5llande betydande andel av Anesket kunder, rapporterades tillbaka till de enskilda leverskador uppst\u00e5 f\u00f6r att vara till st\u00f6rsta delen, ca 10%. Anesket inf\u00f6rs, i Allm\u00e4nhet, en Infusion av dessa finns i organisationen av den normala lugnande medel, underh\u00e5ll av din flygning v\u00e4gen och under den organisation av andan inom f\u00f6retaget f\u00f6r din h\u00e4lsa experter, akutkliniken, eller inst\u00e4llningen. Anesket k\u00f6pa online<\/p>\n<h4>ANESKET ONLINE EUROPA K\u00d6PA:<\/h4>\n<p>I genomg\u00e5ng, denna Anesket ett godk\u00e4nt l\u00e4kemedel \u00e4r i regel. Dock, vi kan leverera med eller utan l\u00f6sning (Skaffa Anesket med eller utan att bota). \u00d6verskott\/montering, Detta \u00e4r verkligen f\u00f6r den f\u00f6rklaring som vi beh\u00f6ver f\u00f6r att hj\u00e4lpa de sjuka i hela v\u00e4rlden. Anesket \u00e4r ett l\u00e4kemedel som anv\u00e4nds i m\u00e4nniska och varelse uppgifter till sl\u00f6het och sedering uppmuntra, utan att kompromissa med andning och h\u00f6gt blodtryck 1. Anesket k\u00f6pa online<\/p>\n<p>Anesket \u00e4r en dissoziatives lugnande medel, och det var allt l\u00e4kemedel som en Festival, s\u00e4rskilt p\u00e5 grundval av de uttagna, dr\u00f6m-liknande, det \u00e4r som anv\u00e4nds. Anesket Infusion \u00e4r en l\u00e4kare rekommenderade recept utan n\u00e5gon annan eller som till\u00e4gg till andra l\u00e4kemedel f\u00f6r att f\u00f6rlust av medvetandet f\u00f6re och efter aktivitet, eller ens en klinisk behandling. Anesket k\u00f6pa online<\/p>\n<p>Ocks\u00e5, vi garanterar en snabb, s\u00e4ker och vaksamma Transport och transport till hundra procent. Ocks\u00e5 betydande. Bortsett fr\u00e5n det faktum att ingen specifik data, kunden kommer att avsl\u00f6jas fr\u00e5n paketet fynd. Ocks\u00e5 l\u00e4ngs dessa linjer, konsumenternas s\u00e4kerhet och integritet att forts\u00e4tta att vara v\u00e5r viktigaste behov. tillsammans. Anesket p\u00e5 konstgjord v\u00e4g, i motsats till barbiturater och Diazepam p\u00e5 grund av att uppmuntra utveckling. K\u00f6p Anesket Online<\/p>\n<h5>DESSUTOM:<\/h5>\n<p>D\u00e4refter b\u00f6r detta inte konsolideras i exakt samma n\u00e5l eller implantation av v\u00e4tska. Anesket \u00e4r intraven\u00f6st rakt in i en massa eller ven. Du kommer att f\u00e5 denna Infusion i ett centrum eller en specialistklinik. Din andning, blodtryck, hj\u00e4rt-design och annat viktigt tips \u00e4r sannolikt att f\u00f6ljas flitigt, medan du \u00e4r Anesket best\u00e4ms. Anesket k\u00f6pa online<\/p>\n<p>Anesket pulver inte ska anv\u00e4ndas utan hj\u00e4lp av n\u00e5gon annan eller tillsammans med andra f\u00f6rordningar f\u00f6r att ge till en brist p\u00e5 medvetenhet l\u00e5ngt innan, och genom att verksamheten, eller kanske till sjukv\u00e5rden. Den har en plats i en grupp av l\u00e4kemedel som kallas normalt ett lugnande medel. Anesket \u00e4r ett l\u00e4kemedel som st\u00f6ds av de flesta l\u00e4nder, och \u00f6verallt i till\u00e4mpliga fall. V\u00e5rt material kommer direkt fr\u00e5n tillverkaren. K\u00f6p Anesket Online<\/p>\n<p>Detta \u00e4r ett laboratorium-kommandot, s\u00e5 att vi f\u00e5r leva under varum\u00e4rket Anesket skiljer sig \u00e5t. Cirkulatorisk belastning och puls regelbundet \u00f6kat intag av Anesket hydroklorid ensam. I alla fall, hypotension och bradykardi kan noteras. Arytmi \u00e4r ocks\u00e5 f\u00f6rekommit. \u00c4ven kostnader \u00e4r v\u00e4rdefull, tveksamt. Anesket k\u00f6pa online<\/p>","protected":false},"excerpt":{"rendered":"<p>ANESKET ONLINE KAUFEN Bis zu diesem Zeitpunkt k\u00f6nnen Sie Anesket Online mit oder ohne Rezept kaufen. An dem Punkt, wenn jemand grunzt Anesket, werden sie arbeiten Erfahrung eine unverwechselbare Rausch, als sie es geschluckt bekommen w\u00fcrde, die sowohl von denen f\u00fcgt hinzu, Neigung denkbar und verbessert Glut Gefahr. Das Grunzen von Anesket gibt eine schwere Beruhigung der schnell beginnenden, riskanten Medikationauswirkungen. Dieses Medikament kann m\u00f6glicherweise Ihre Innovationskraft oder Ihre Reaktionen beeinflussen. Sie werden wahrscheinlich nicht erlaubt, ohne Hilfe von irgendjemandem zu wohnen, der nach Ihrer T\u00e4tigkeit oder Behandlungssystem angemessen ist. Verzichten Sie auf das Fahren oder die Arbeit mit Ger\u00e4ten\u2026<\/p>","protected":false},"featured_media":1646,"comment_status":"open","ping_status":"closed","template":"","meta":{"content-type":""},"product_brand":[],"product_cat":[163],"product_tag":[],"class_list":{"0":"post-1639","1":"product","2":"type-product","3":"status-publish","4":"has-post-thumbnail","6":"product_cat-forschung-chemikalien","8":"first","9":"instock","10":"shipping-taxable","11":"purchasable","12":"product-type-variable"},"_links":{"self":[{"href":"https:\/\/kokaindrogekaufen.com\/sv\/wp-json\/wp\/v2\/product\/1639"}],"collection":[{"href":"https:\/\/kokaindrogekaufen.com\/sv\/wp-json\/wp\/v2\/product"}],"about":[{"href":"https:\/\/kokaindrogekaufen.com\/sv\/wp-json\/wp\/v2\/types\/product"}],"replies":[{"embeddable":true,"href":"https:\/\/kokaindrogekaufen.com\/sv\/wp-json\/wp\/v2\/comments?post=1639"}],"wp:featuredmedia":[{"embeddable":true,"href":"https:\/\/kokaindrogekaufen.com\/sv\/wp-json\/wp\/v2\/media\/1646"}],"wp:attachment":[{"href":"https:\/\/kokaindrogekaufen.com\/sv\/wp-json\/wp\/v2\/media?parent=1639"}],"wp:term":[{"taxonomy":"product_brand","embeddable":true,"href":"https:\/\/kokaindrogekaufen.com\/sv\/wp-json\/wp\/v2\/product_brand?post=1639"},{"taxonomy":"product_cat","embeddable":true,"href":"https:\/\/kokaindrogekaufen.com\/sv\/wp-json\/wp\/v2\/product_cat?post=1639"},{"taxonomy":"product_tag","embeddable":true,"href":"https:\/\/kokaindrogekaufen.com\/sv\/wp-json\/wp\/v2\/product_tag?post=1639"}],"curies":[{"name":"wp","href":"https:\/\/api.w.org\/{rel}","templated":true}]}}