{"id":1650,"date":"2023-06-27T19:20:22","date_gmt":"2023-06-27T18:20:22","guid":{"rendered":"https:\/\/kokaindrogekaufen.com\/?post_type=product&#038;p=1650"},"modified":"2024-12-06T07:35:03","modified_gmt":"2024-12-06T07:35:03","slug":"ethycathinon-online-kaufen","status":"publish","type":"product","link":"https:\/\/kokaindrogekaufen.com\/sv\/product\/ethycathinon-online-kaufen\/","title":{"rendered":"ETHYCATHINON K\u00d6PA ONLINE"},"content":{"rendered":"<h2>ETHYCATHINON K\u00d6PA ONLINE<\/h2>\n<p>Du kan ocks\u00e5 k\u00f6pa Ethycathinon p\u00e5 n\u00e4tet till mycket l\u00e5ga priser. Detta badkar salt Katinon analog kan vara en urinv\u00e4gsinfektion metaboliten av N-Ethycathinon. N-etyl-katinon, \u00e4ven k\u00e4nd som etyl propionsyra eller ETH-KATT, som \u00e4r en syntetisk Katinon och stimulerande som ofta ing\u00e5r i bath salt sm\u00e4lter, och n\u00e5gra piller.<\/p>\n<p>Den fulla effekten av CSA och till\u00e4mpningsf\u00f6reskrifterna till denna, s\u00e5som f\u00e4ngelse, civila och administrativa p\u00e5f\u00f6ljder, b\u00f6ter och administrativa kontroller av listan jag \u00e4mnen som \u00f6verf\u00f6rs genom k\u00f6p av tillverkning, distribution, innehav, import och export av denna konstgjorda Cathinons. Betydligt flera formella studier av farmakokinetik eller farmakologiska genomf\u00f6rdes av dynamiken i cykliska ers\u00e4tta \u00c4mnet.<\/p>\n<p>Katinonderivat har sympatomimetiska effekter som amfetamin-derivat \u00e4r j\u00e4mf\u00f6rbar med observationerna fr\u00e5n kunder, som kom med misst\u00e4nkt mefedron toxicitet i tryck. I Sverige, den viktigaste toxikologiskt bekr\u00e4ftade d\u00f6dsfall, som \u00e4r speciellt med anv\u00e4ndning av mefedron i sitt sammanhang, det var registrerade i \u00e5r 2012. Ethycathinon k\u00f6pa online<\/p>\n<p>Ethycathinone Shop \u00e4r en farmaceutisk specialitet f\u00f6retag som har specialiserat sig p\u00e5 h\u00f6gsta kvalitet Katinoner i kristall och pulver form, som \u00e4r tillg\u00e4ngliga \u00f6ver hela v\u00e4rlden. V\u00e5ra l\u00f6sningar \u00e4r kliniskt testade f\u00f6r sin renhet, som understryker v\u00e5rt engagemang i att tillhandah\u00e5lla l\u00f6sningar f\u00f6r att otillfredsst\u00e4llda h\u00e4lso-och fritidsresen\u00e4rer. Detta bibliometriska analysen visade nya funktioner i forskning fascination f\u00f6r \u00c4mnet, s\u00e4rskilt den syntetiska drogen syntes. Ethycathinon k\u00f6pa online<\/p>\n<h3>ATT S\u00c4LJA ETANOL \u00c4MNET:<\/h3>\n<p>Som ett resultat, reglerna beh\u00f6ver uppdateras s\u00e5 att de har tydliga gr\u00e4nser f\u00f6r tillf\u00e4llig v\u00e5rd och illegal konsumtion set. Vi \u00e4r en av de mest framg\u00e5ngsrika partner, och att ha en snabb f\u00f6rbindelse med olika tillverkare och leverant\u00f6rer runt om i v\u00e4rlden. Vi har nyligen inf\u00f6rt en h\u00f6g kvalitet recensioner, eftersom v\u00e5ra kunder v\u00e4rdes\u00e4tter kvalitet. Ethycathinon k\u00f6pa online<\/p>\n<p>N\u00e5got liknande till oss, kommer att accepteras efter ink\u00f6p av Varor i stor utstr\u00e4ckning. R\u00e4dsla-inducerande och fokusera effekter av centralstimulerande medel som \u00f6kar sannolikheten f\u00f6r att man f\u00f6rmodligen obehagliga Lockar. P\u00e5 grund av att den stimulerande effekten av psykedelia, kombinationen \u00e4r oftast meningsl\u00f6st. Etyl katinon ensam genererar starka k\u00e4nslom\u00e4ssiga eufori, och k\u00e4nslan av njutning som sannolikt kommer att vara ett direkt resultat av Serotonin och Dopamin release. Ethycathinon k\u00f6pa online<\/p>\n<p>I motsats till dietyl katinon Ethcathinon \u00e4r dock inte betraktas i Allm\u00e4nhet som en Prodrug, eftersom det (som Tramadol, kodein, och MDMA) kan ocks\u00e5 vara ensam aktiv, vad det utesluter fr\u00e5n gruppering av m\u00e5nga av de mest strikta definitioner. I j\u00e4mf\u00f6relse med MDMA dess effekter \u00e4r mer lik den eufori av amfetamin och mefedron. Eftersom dietyl \u00e4mnet verkar vara en inaktiv Prodrug det \u00e4r f\u00f6rst efter ytterligare \u00e4mnesoms\u00e4ttning Ethcathinon aktiv. Ethycathinon k\u00f6pa online<\/p>\n<p>D\u00e4rf\u00f6r \u00e4r antagandet att Ethcathinon \u00e4r ocks\u00e5 dealkyliert N -om det konsumeras f\u00f6r att Katinon. Bk-MDEA fungerar som kokain som en icke-selektiva H\u00e4mmare av mono-amin-Absorption och inducerad p\u00e5 samma g\u00e5ng, distribution av Serotonin som MDMA. M\u00e5nga m\u00e4nniskor har uppt\u00e4ckt att det \u00e4r en effektiv ers\u00e4ttning f\u00f6r Ethycathinon. Ethycathinon k\u00f6pa online<\/p>\n<h4>ETHYCATHINON K\u00d6PA ONLINE EUROPA:<\/h4>\n<p>Det har beskrivits som Ethycathinon \u00e4r inte bara anv\u00e4nds f\u00f6r fritids\u00e4ndam\u00e5l, som det blir i j\u00e4mf\u00f6relse med andra stimulantia, bara en minimal eufori, medan den korta verkningstiden, tv\u00e5ngsm\u00e4ssigt Redosing kan fr\u00e4mja. Blandningar med f\u00f6ljande \u00e4mnen som kan orsaka farligt h\u00f6ga Serotonin niv\u00e5er. Serotonin syndrom kr\u00e4ver omedelbar medicinsk uppm\u00e4rksamhet och \u00e4r d\u00f6dlig om den inte behandlas. Ethycathinon k\u00f6pa online<\/p>\n<p>Ethycathinon till salu, inte att f\u00f6rv\u00e4xla med eten, skulle kunna vara en ny designer drog med stimulerande egenskaper, som uppt\u00e4cktes i b\u00f6rjan av 1960. Det \u00e4r ett l\u00e4kemedel som moder natur stimuleras f\u00f6r att \u00f6ka kraften i den m\u00e4nskliga anden, och att orsaka eufori. M\u00e4n och kvinnor konsumerar Ethycathinon l\u00e4kemedel i f\u00f6rsta linje till olika medicinska och rekreation. Irina Majumder fr\u00e5n University of Adelaide har skrivit detta arbete. Ethycathinon k\u00f6pa online<\/p>\n<p>Eftersom Ethycathinone \u00e4r en stark Agonist av myntet-receptorn, som kan anv\u00e4ndas f\u00f6r kemisk f\u00f6rening Ethylone i professionella medicinska studier som ett Kosttillskott f\u00f6r viktminskning. K\u00f6p Ethycathinone \u00e4r namnet f\u00f6r den kemiska F\u00f6reningar bk-EBDB-och N-etyl butylone. Dessutom drog \u00e4r k\u00e4nd under olika namn, eftersom det \u00e4r en attraktiv l\u00e4kemedel f\u00f6r konsumenter som vill anv\u00e4nda den p\u00e5 fritiden. Ethycathinon k\u00f6pa online<\/p>\n<p>Organisationen har decennier av erfarenhet i kampen mot dessa kemiska F\u00f6reningar, s\u00e5 det \u00e4r inte f\u00f6rv\u00e5nande att Ethycathinone har blivit f\u00f6r f\u00f6rs\u00e4ljning under \u00e5ren att vara en betrodd namn i branschen. Dietyl \u00e4mnet verkar vara en inaktiv Prodrug som aktiveras f\u00f6rst efter det att det har varit metaboliseras till Ethcathinon.<\/p>\n<h4>ETHYCATHINON ONLINE I EUROPA K\u00d6PA:<\/h4>\n<p>D\u00e4rf\u00f6r \u00e4r antagandet att Ethcathinon b\u00f6r vara dealkyliert att konsumenten p\u00e5 ett mer aktivt l\u00e4kemedel Katinon, N -, som kan vara i en mycket b\u00e4ttre position f\u00f6r att stimulera fris\u00e4ttning av Dopamin tillf\u00f6rlitlig. V\u00e5rt fr\u00e4msta m\u00e5l \u00e4r att ge en grossist tj\u00e4nst att erbjuda, och vi distribuerar kemiska F\u00f6reningar, kemikalier, l\u00e4kemedel, Cannabinoid v\u00e4xtbaserade blandningar och h\u00f6g renhet kemikalier och l\u00e4kemedel och leverera. Ethycathinon k\u00f6pa online<\/p>\n<p>Den kemiska F\u00f6reningar bk-EBDB-och N-Ethylbutylon \u00e4r Ethycathinon k\u00e4nd. Eftersom det \u00e4r en underbar drog, d\u00e4r anv\u00e4ndare f\u00f6rs\u00f6ker anv\u00e4nda mer information f\u00f6r Hobby-program, Ethycathinon drog ocks\u00e5 m\u00e5nga gatunamn \u00e4r p\u00e5 plats. Organisationen kan skicka dessa forskning kemikalier i hela v\u00e4rlden, s\u00e5 att experterna nu kan lita p\u00e5, att du kommer i tid, oavsett n\u00e4r de s\u00e4tter upp sina laboratorier.<\/p>\n<h5>MER:<\/h5>\n<p>Da Ethcathinon ein inaktives Prodrug zu sein scheint und erst unmittelbar nach der weiteren Metabolisierung zu Ethcathinon energetisiert wird, liegt die Vermutung nahe, dass Ethcathinon bei der Verwendung in den meisten F\u00e4llen auch N-dealkyliert wird. aktiven Droge Cathinon, die sicherlich viel zuverl\u00e4ssiger die Freisetzung von Dopamin stimulieren kann.<\/p>","protected":false},"excerpt":{"rendered":"<p>ETHYCATHINON ONLINE KAUFEN Ebenso k\u00f6nnen Sie Ethycathinon online zu sehr niedrigen Preisen kaufen. Dieses Badesalz-Cathinon-Analogon k\u00f6nnte der Urin-Metabolit von N-Ethycathinon sein. N-Ethylcathinon, auch bekannt als Ethylpropion oder ETH-CAT, ist ein synthetisches Cathinon und Stimulans, das h\u00e4ufig in Badesalzmischungen und einigen Pillen enthalten ist. Die vollen Auswirkungen des CSA und seiner Durchf\u00fchrungsbestimmungen, wie Haftstrafen, zivil- und verwaltungsrechtliche Strafen, Bu\u00dfgelder und beh\u00f6rdliche Kontrollen von Stoffen der Liste I, werden durch diesen Kauf auf die Herstellung, den Vertrieb, den Besitz, die Einfuhr und die Ausfuhr dieses k\u00fcnstlichen Cathinons \u00fcbertragen. Bezeichnenderweise wurden mehrere formale Studien zur Pharmakokinetik oder Pharmakodynamik von zyklisch substituiertem Cathinon durchgef\u00fchrt.\u2026<\/p>","protected":false},"featured_media":1677,"comment_status":"open","ping_status":"closed","template":"","meta":{"content-type":""},"product_brand":[],"product_cat":[163],"product_tag":[],"class_list":{"0":"post-1650","1":"product","2":"type-product","3":"status-publish","4":"has-post-thumbnail","6":"product_cat-forschung-chemikalien","8":"first","9":"instock","10":"shipping-taxable","11":"purchasable","12":"product-type-variable"},"_links":{"self":[{"href":"https:\/\/kokaindrogekaufen.com\/sv\/wp-json\/wp\/v2\/product\/1650"}],"collection":[{"href":"https:\/\/kokaindrogekaufen.com\/sv\/wp-json\/wp\/v2\/product"}],"about":[{"href":"https:\/\/kokaindrogekaufen.com\/sv\/wp-json\/wp\/v2\/types\/product"}],"replies":[{"embeddable":true,"href":"https:\/\/kokaindrogekaufen.com\/sv\/wp-json\/wp\/v2\/comments?post=1650"}],"wp:featuredmedia":[{"embeddable":true,"href":"https:\/\/kokaindrogekaufen.com\/sv\/wp-json\/wp\/v2\/media\/1677"}],"wp:attachment":[{"href":"https:\/\/kokaindrogekaufen.com\/sv\/wp-json\/wp\/v2\/media?parent=1650"}],"wp:term":[{"taxonomy":"product_brand","embeddable":true,"href":"https:\/\/kokaindrogekaufen.com\/sv\/wp-json\/wp\/v2\/product_brand?post=1650"},{"taxonomy":"product_cat","embeddable":true,"href":"https:\/\/kokaindrogekaufen.com\/sv\/wp-json\/wp\/v2\/product_cat?post=1650"},{"taxonomy":"product_tag","embeddable":true,"href":"https:\/\/kokaindrogekaufen.com\/sv\/wp-json\/wp\/v2\/product_tag?post=1650"}],"curies":[{"name":"wp","href":"https:\/\/api.w.org\/{rel}","templated":true}]}}