{"id":1659,"date":"2023-06-27T19:20:23","date_gmt":"2023-06-27T18:20:23","guid":{"rendered":"https:\/\/kokaindrogekaufen.com\/?post_type=product&#038;p=1659"},"modified":"2024-11-15T06:09:39","modified_gmt":"2024-11-15T06:09:39","slug":"nembutal-online-kaufen","status":"publish","type":"product","link":"https:\/\/kokaindrogekaufen.com\/sv\/product\/nembutal-online-kaufen\/","title":{"rendered":"NEMBUTAL K\u00d6PA ONLINE"},"content":{"rendered":"<h2>NEMBUTAL K\u00d6PA ONLINE<\/h2>\n<p>H\u00e4r och d\u00e4r, K\u00f6pa Nembutal Online, inom 24 timmar, i Usa. Nembutal Pulver \u00e4r Utformningen av Ramar och anpassade bilden och endast personer med en l\u00f6sning borde verkligen dra nytta av det. Medicinering b\u00f6r f\u00f6rmedlas till knappast n\u00e5gon punkt till m\u00e5nga andra personer med hj\u00e4lp av ett Arv av att hantera l\u00e4kemedel eller lust. Tills nu, detta specialist var k\u00e4nd f\u00f6r att den var otroligt villkor givande i f\u00f6rvaltningen av s\u00f6mn problem eller \u00e5ngest. P\u00e5 tidigare tillf\u00e4llen, var det med kampen Resten m\u00e5ste vara k\u00e4nt.<\/p>\n<p>P\u00e5 grund av den verklighet sedan, vid denna punkt, de flesta l\u00e4nder f\u00f6rbjudit och undertryckta s\u00f6mn kosttillskott, tillg\u00e5ngarna \u00e4r f\u00f6r n\u00e4rvarande mycket ovanligt. I alla fall, massor av destinationer i v\u00e4rlden, f\u00f6r n\u00e4rvarande Nembutal anv\u00e4nda Pulver. Dock b\u00f6r du veta att Nembutal \u00e4r Pulver n\u00e5got d\u00f6dliga i \u00d6verfl\u00f6d. Det \u00e4r oftast anv\u00e4nds av m\u00e4nniskor f\u00f6r sj\u00e4lvf\u00f6rst\u00f6relse, eller eutanasi. Nembutal k\u00f6pa online<\/p>\n<p>L\u00e4kemedlet ans\u00e5gs vara under 60-talet, f\u00f6r \u00d6vervakning av s\u00f6mnbrist som \u00e4r mest bekv\u00e4mt. F\u00e5 Nembutal Pulver i v\u00e4rlden idag \u00e4r inte s\u00e5 mycket s\u00e5 l\u00e4tt som det brukade vara. De flesta av de globala drog i den f\u00f6reslagna l\u00e4nder att anv\u00e4ndas f\u00f6r Nembutal \u00e5terst\u00e4lla pulvret i bulk. Allt i allt, det har tagit \u00e5lder-speciellt enormt, eftersom andra narkotiska och buller-som, medicinskt f\u00f6rskrivna l\u00e4kemedel med f\u00e4rre biverkningar Nembutal pulver-har ersatt. Nembutal k\u00f6pa online<\/p>\n<h3>NEMBUTAL ONLINE EUROPA K\u00d6PA:<\/h3>\n<p>Terapeutiska experter, dessutom, inte anv\u00e4nda det f\u00f6r behandling av kramper och f\u00f6r en m\u00e4ngd olika till\u00e4mpningar spelats in just h\u00e4r. Samtidig anv\u00e4ndning av Barbiturater med andra fokala oroliga metod depressiva \u00e5tg\u00e4rder b\u00f6r anv\u00e4ndas med vaksamhet, som sub-anv\u00e4nd ta en \u00f6verdriven m\u00e4ngd av tr\u00f6tthet, tr\u00f6ghet, samt i extrema situationer, ett tillst\u00e5nd av trance, och f\u00f6rlust av liv f\u00f6r att kunna l\u00e4mna. K\u00f6p Nembutal Online<\/p>\n<p>Nembutal Pulver g\u00f6r i b\u00f6rjan av administrativa inslag betydligt mindre otrolig. Du beh\u00f6ver inte anv\u00e4nda kemiska preventivmedel metoder, till exempel kondom, under den till\u00e4mpning av Pentobarbital, f\u00f6r att s\u00e4kerst\u00e4lla att du inte blir gravid. Nembutal pulver inneh\u00e5ller en vit nyans, och en kraftig smak, som inkluderar anv\u00e4ndning av fiender av antiemetika f\u00f6r att f\u00f6rhindra kr\u00e4kning om muntligt visas p\u00e5 betydande doser. K\u00f6p Nembutal Online<\/p>\n<p>Vi \u00e4r verkligen i Nembutal Pulver f\u00f6retag F\u00f6retag f\u00f6r ett par \u00e5r p\u00e5 denna punkt, och vi f\u00e5r exakt vad du beh\u00f6ver det f\u00f6r en kund. Vi ger ocks\u00e5 olika barbiturater taktfull \u00f6verallt. Skaffa Nembutal pulver av oss \u00e4r helt ensam framf\u00f6r n\u00e5gra andra. Nembutal pulver inneh\u00e5ller vit lera och h\u00e5rd karakt\u00e4r, och f\u00f6r att undvika anv\u00e4ndning av fiender av antiemetika med om muntligt vid h\u00f6gre m\u00e4tningar beg\u00e4ran. K\u00f6p Nembutal Online<\/p>\n<h6>NEMBUTAL F\u00d6R F\u00d6RS\u00c4LJNING:<\/h6>\n<p>N\u00e5 ut till oss p\u00e5 nuet och f\u00e5 mer. Du h\u00e5ller dig borta fr\u00e5n alla Drinkar, om du tar Nembutal pulver f\u00f6r behandling, f\u00f6rutom att du kan n\u00e5 den f\u00f6r att kunna slutf\u00f6ra ditt liv. Alkohol f\u00f6rst\u00e4rker effekten av Nembutal pulver. Att ta f\u00f6r mycket \u00e4r vanligtvis farligt. Du inser att du kan ha en hel del fattas, om du m\u00e4rker omfattande svullnad, halta eller livl\u00f6s k\u00e4nsla otillr\u00e4ckliga f\u00f6r att kissa, eller totalt mindre av det, l\u00e5ngsam eller snabb hj\u00e4rtrytm, svimning, svaga hj\u00e4rtslag och s\u00f6mnig andning. Nembutal k\u00f6pa online<\/p>\n<p>Det \u00e4r en p\u00e5litlig barbiturater f\u00f6r avsiktlig utrotning, det ger en mer lugn och problemfri som f\u00f6rlust av existens med praktiskt taget inga besvikelser i minsta grad. Bortsett fr\u00e5n det \u00e4r det en redovisning av till synes likgiltiga eller sv\u00e5ra passager med Nembutal i reserver av disciplin, Detta kan vara p\u00e5 grund av fel organisation f\u00f6r motsvarande dos. Nembutal k\u00f6pa online<\/p>\n<p>Nembutal pulver, Barbiturater \u00e4r icke-selektiva focal rastl\u00f6s metod depressiva medel, som anv\u00e4nds till stor del som ett lugnande medel och s\u00f6mnmedel, och Antiepileptika i sub-hypnotiska doser. Nembutal Pulver \u00e4r behovet av planering och anpassad utbildning, och endast de som har ett botemedel, att anv\u00e4nda det. Oavsett fallet, du \u00e4r en skinande ny, eller kan vara en \u00e5terkommande kund, vi har radat upp dig. Nembutal k\u00f6pa online<\/p>\n<h5>NEMBUTAL N\u00c4TET USA K\u00d6PA :<\/h5>\n<p>F\u00f6r or\u00f6rda kunder som inte \u00e4r utbildade i termer av barbiturater, vi har en stab av erfarna och Master agenter f\u00f6r den \u00f6vergripande strategin f\u00f6r ink\u00f6p och anv\u00e4ndning av l\u00e4kemedel manuellt. Du b\u00f6r f\u00e5 sj\u00e4lvf\u00f6rst\u00f6relse av till\u00e4gg i gelatin containrar, se till att varje fall ta ut. Den fr\u00e4msta f\u00f6rklaringen \u00e4r att t\u00e4nka p\u00e5 din Assimilering p\u00e5skynda, att du b\u00f6r ha varandra f\u00f6r att f\u00f6rhindra att som en del av din mage koncentration. K\u00f6p Nembutal Online<\/p>\n<p>H\u00e4r finns m\u00e5nga unders\u00f6kningar av m\u00e4nniskor som har l\u00f6nsamt f\u00f6rv\u00e4rvade Nembutal Pulver, och andra m\u00e4nniskor som inte har. Att k\u00f6pa Under de senaste \u00e5ren, som en f\u00f6ljd av Expansionen i m\u00e4ngden av folk oroliga, Nembutal pulver fr\u00e5n Mexiko, specialister har satt sina riktlinjer, k\u00f6p det sv\u00e5rare att Nembutal pulver \u00e4r planerade i Mexiko. Nembutal k\u00f6pa online<\/p>\n<p>Normalt kan du se till att du s\u00f6ker i ett rum, som en \u00e4lskare och inte bara g\u00e5 en eller en Person som f\u00e5r f\u00f6rsiktighet myndighet i ett par timmar, om det f\u00f6rekommer ett fel kan en bomb sj\u00e4lvf\u00f6rst\u00f6relse. Enligt studier mellan arter, f\u00f6nstret p\u00e5 svaghet hos dessa sorter anses \u00d6ppningar under den tredje trimestern av tillv\u00e4xten i branschen med ett stort antal startar en l\u00e5ng tid av livet, men kan str\u00e4cka p\u00e5 ungef\u00e4r trettio \u00e5r gammal nog i m\u00e4nniskor. K\u00f6p Nembutal Online<\/p>\n<p>Fenobarbital Pulver kommer fortfarande att visas till halv slutat tid av doxycyklin under s\u00e5 l\u00e5ng tid som tv\u00e5 m\u00e5nader efter fenobarbital behandling av matfettet. Denna ram \u00e4r mest sannolikt p\u00e5 grund av antagandet av nedsatt mikrosomalt F\u00f6reningar, processen, den bakteried\u00f6dande. Eftersom det var v\u00e4ldigt l\u00e4tt att en hel del av Nembutal pulver f\u00f6r att ta (av misstag eller avsiktligt), det var som gott som helst fr\u00e5n handeln, och med s\u00e4krare s\u00f6mntabletter ers\u00e4ttas. Nembutal k\u00f6pa online<\/p>\n<h4>ATT S\u00c4LJA NEMBUTAL ONLINE:<\/h4>\n<p>Nembutal Pulver togs bort 1998, den Australiska rekommenderas Plan. L\u00e4kemedlet b\u00f6r kunna \u00f6verf\u00f6ras till andra m\u00e4nniskor, s\u00e4rskilt inte m\u00e4nniskor med en historia av drogmissbruk eller beroende. Drogen \u00e4r fortfarande i ett f\u00e5tal l\u00e4nder i v\u00e4rlden, i princip, att eutanasi av varelser \u00e4r till\u00e5tna. Nembutal k\u00f6pa online<\/p>\n<p>I forskning, de l\u00e4kemedel som anv\u00e4nds uteslutande f\u00f6r terapeutiska f\u00f6rtydligande, till exempel f\u00f6r sedering, och sedering. Nembutal Pulver kan vara p\u00e5 grund av Utformningen och anpassad bild och den enskilde och inte ett botemedel, det \u00e4r inte till\u00e5tet att upphandla. S\u00e5, du b\u00f6r inte ge Nembutal pulver till andra, s\u00e4rskilt om du har en upps\u00e4ttning av missbruk. Alla Barbiturater har obehagliga biverkningar. Du Kan K\u00f6pa Nembutal Online<\/p>\n<p>Vissa kan vara m\u00e5ttlig, medan andra \u00e4r kritiska. F\u00f6rmodligen den st\u00f6rsta och bredd effekter av barbiturater och lutning. I h\u00e4ndelse av att du tar Nembutal pulver f\u00f6r en omfattande, du kan med all sannolikhet att s\u00e4kra tillbakadragande tecken och symtom varje G\u00e5ng du sluta anv\u00e4nda denna drog. F\u00e5 fruktansv\u00e4rda krisen, expert i klinisk support p\u00e5 mindre chans att du godk\u00e4nner att du \u00e4r en orimlig \u00e5tg\u00e4rd av detta l\u00e4kemedel. Du Kan K\u00f6pa Nembutal Online<\/p>\n<h5>DESSUTOM:<\/h5>\n<p>Intag av f\u00f6r mycket Nembutal pulver kan vara extra. Du inser att du kan ha en hel del, om du \u00e4r mer omfattande studier, slapp, eller i icke-power tilt, otillr\u00e4cklig kissa eller betydligt mindre av det, s\u00f6mnig eller snabb hj\u00e4rt-niv\u00e5, kraftl\u00f6s, svag puls och l\u00e5ngsam andning att m\u00e4rka. Nembutal k\u00f6pa online<\/p>\n<p>&nbsp;<\/p>","protected":false},"excerpt":{"rendered":"<p>NEMBUTAL ONLINE KAUFEN Hier und da, Buy Nembutal Online innerhalb von 24 Stunden in den USA. Nembutal Powder ist Design Framing und gewohnheitsbildende und nur Menschen mit einer L\u00f6sung sollte wirklich nutzen es. Die Medikation sollte kaum an irgendeinem Punkt zu den zahlreichen anderen besonders Einzelpersonen vermittelt werden, indem man eine Legacy der handhabenden Medikationen oder der Neigung verwendet. Bis jetzt war dieser Spezialist ber\u00fchmt, weil es unglaublich fruchtbar bei der Bew\u00e4ltigung von Ruheproblemen oder Angstzust\u00e4nden war. Bei vergangenen Gelegenheiten wurde es mit Kampf Rest N\u00f6te bekannt. Aufgrund der Realit\u00e4t dann, an diesem Punkt, die meisten L\u00e4nder haben verboten und\u2026<\/p>","protected":false},"featured_media":1678,"comment_status":"open","ping_status":"closed","template":"","meta":{"content-type":""},"product_brand":[],"product_cat":[163],"product_tag":[],"class_list":{"0":"post-1659","1":"product","2":"type-product","3":"status-publish","4":"has-post-thumbnail","6":"product_cat-forschung-chemikalien","8":"first","9":"instock","10":"shipping-taxable","11":"purchasable","12":"product-type-variable"},"_links":{"self":[{"href":"https:\/\/kokaindrogekaufen.com\/sv\/wp-json\/wp\/v2\/product\/1659"}],"collection":[{"href":"https:\/\/kokaindrogekaufen.com\/sv\/wp-json\/wp\/v2\/product"}],"about":[{"href":"https:\/\/kokaindrogekaufen.com\/sv\/wp-json\/wp\/v2\/types\/product"}],"replies":[{"embeddable":true,"href":"https:\/\/kokaindrogekaufen.com\/sv\/wp-json\/wp\/v2\/comments?post=1659"}],"wp:featuredmedia":[{"embeddable":true,"href":"https:\/\/kokaindrogekaufen.com\/sv\/wp-json\/wp\/v2\/media\/1678"}],"wp:attachment":[{"href":"https:\/\/kokaindrogekaufen.com\/sv\/wp-json\/wp\/v2\/media?parent=1659"}],"wp:term":[{"taxonomy":"product_brand","embeddable":true,"href":"https:\/\/kokaindrogekaufen.com\/sv\/wp-json\/wp\/v2\/product_brand?post=1659"},{"taxonomy":"product_cat","embeddable":true,"href":"https:\/\/kokaindrogekaufen.com\/sv\/wp-json\/wp\/v2\/product_cat?post=1659"},{"taxonomy":"product_tag","embeddable":true,"href":"https:\/\/kokaindrogekaufen.com\/sv\/wp-json\/wp\/v2\/product_tag?post=1659"}],"curies":[{"name":"wp","href":"https:\/\/api.w.org\/{rel}","templated":true}]}}