{"id":1665,"date":"2023-06-27T19:20:23","date_gmt":"2023-06-27T18:20:23","guid":{"rendered":"https:\/\/kokaindrogekaufen.com\/?post_type=product&#038;p=1665"},"modified":"2023-08-07T08:26:44","modified_gmt":"2023-08-07T07:26:44","slug":"pseudoephedrin-online-kaufen","status":"publish","type":"product","link":"https:\/\/kokaindrogekaufen.com\/sv\/product\/pseudoephedrin-online-kaufen\/","title":{"rendered":"PSEUDO EFEDRIN K\u00d6PA ONLINE"},"content":{"rendered":"<h2>PSEUDO EFEDRIN K\u00d6PA ONLINE<\/h2>\n<p>I f\u00f6rsta raden pseudoefedrin k\u00f6pa p\u00e5 N\u00e4tet till mycket l\u00e5ga priser. Pseudoefedrin HCL kan uts\u00f6ndras i br\u00f6stmj\u00f6lk och Barnet fr\u00e5n skada. Anv\u00e4nd pseudoefedrin HCL utan att samr\u00e5da med din l\u00e4kare. Om du ammar ett barn. F\u00f6rkylning som inneh\u00e5ller pseudoefedrin, \u00e4r endast tillg\u00e4nglig i kassan. L\u00f6sningar som bara inneh\u00e5ller pseudoefedrin som det verksamma \u00e4mnet b\u00f6r h\u00e5llas bakom apoteket disk.<\/p>\n<p>Pseudoefedrin \u00e4r tillg\u00e4ngliga i ett brett utbud av m\u00e4rken och former. L\u00e4s doseringsrekommendationer f\u00f6r varje produkt noggrant p\u00e5 grund av pseudoefedrin inneh\u00e5ll, beroende p\u00e5 produkt och l\u00f6sning \u00e4r olika. Ta inte mer pseudoefedrin \u00e4n vad som rekommenderas. Produkter som inneh\u00e5ller pseudoefedrin, andra l\u00e4kemedel, m\u00e5ste f\u00f6rvaras i sk\u00e5pen, men endast p\u00e5 apotek s\u00e4ljer n\u00e4r en farmaceut n\u00e4rvarande.<\/p>\n<p>M\u00e4nniskor m\u00e5ste kunna visa upp en form av fotolegitimation f\u00f6r att k\u00f6pa pseudoefedrin som inneh\u00e5ller produkter, och m\u00e4ngden av pseudoefedrin som kan k\u00f6pas, \u00e4r f\u00f6rbjuden. Dessutom, aff\u00e4rer, vissa k\u00f6pare beh\u00f6ver lagra uppgifter f\u00f6r minst tv\u00e5 \u00e5r. Du g\u00e5r till din medicinska R\u00e5dgivare.<\/p>\n<p>Om fenylefrin inte att lindra dina symptom, kan du prova tv\u00e5 till tre timmar efter den sista dosen av pseudoefedrin. Av oro f\u00f6r att, som en f\u00f6ljd av den legala anv\u00e4ndningen av narkotika skulle vara begr\u00e4nsad, f\u00f6rs\u00f6kte lobbyister av tillverkare av icke-receptbelagda l\u00e4kemedel, att se till att lagstiftningen i m\u00e5l, och tog i alla de kemiska F\u00f6reningar som har godk\u00e4nts som en slutlig produkt som omfattas av din f\u00f6rs\u00e4kring, inklusive Sudafed. Pseudo efedrin k\u00f6pa online<\/p>\n<h3>PSEUDO EFEDRIN F\u00d6R F\u00d6RS\u00c4LJNING:<\/h3>\n<p>Det finns inga vetenskapliga skillnaden i avsv\u00e4llande effekt. Men, vasokonstriktion p\u00e5verkar blodk\u00e4rlen i n\u00e4sans bih\u00e5lor och n\u00e4sa. S\u00e5 snart som EPS \u00e4r bundna till plasten i avh\u00e4rdare, det kan anv\u00e4ndas med alla blandningen spolas, s\u00e5 l\u00e4nge de joner som g\u00f6r upp f\u00f6r en betydande del av vattnet. l\u00f6sningsmedel. Pseudo efedrin k\u00f6pa online<\/p>\n<p>Pseudoefedrin \u00e4r en efedrin-Diastereomer, den minskat n\u00e5got till metamfetamin, eller oxideras till Methcathinone kan vara. Sk\u00f6ljning med destillerat vatten och sedan med Metanol och sedan med destillerat vatten har alltid visat sig vara effektiva. Harts b\u00f6r se ut s\u00e5 h\u00e4r. Drogen \u00e4r allm\u00e4nt anv\u00e4ndbart vid behandling av n\u00e4st\u00e4ppa p\u00e5 grund av allergiska reaktioner eller en typisk f\u00f6rkylning. Pseudo efedrin k\u00f6pa online<\/p>\n<p>Pseudoefedrin kan ocks\u00e5 anv\u00e4ndas f\u00f6r behandling av n\u00e4st\u00e4ppa, bih\u00e5lor och sp\u00e4nning som anv\u00e4nds. Pseudoefedrin verk av alfa-adrenerga receptorer stimuleras i n\u00e4san och bih\u00e5lor foder, som t\u00e4pper till blodk\u00e4rl, dr\u00e4nera V\u00e4tska fr\u00e5n blodk\u00e4rlen, och inflammation \u00e4r nedsatt minskas. Pseudo efedrin k\u00f6pa online<\/p>\n<p>Pseudoefedrin HCL kan uts\u00f6ndras i br\u00f6stmj\u00f6lk och barn till skada. Anv\u00e4nd inte pseudoefedrin HCL utan att f\u00f6rst r\u00e5dfr\u00e5ga din l\u00e4kare. Om du ammar ett barn. Det bidrar till lindring av blockeringar i n\u00e4san och bih\u00e5lorna. Dessa receptbelagda l\u00e4kemedel \u00e4r ocks\u00e5 nasal avsv\u00e4llande medel. Du kommer att kort anv\u00e4nds f\u00f6r att lindra f\u00f6rstoppning och trycket i bih\u00e5lorna och n\u00e4san p\u00e5 grund av f\u00f6rkylning, h\u00f6snuva eller andra allergiska symtom. Pseudo efedrin k\u00f6pa online<\/p>\n<h4>PSEUDO EFEDRIN K\u00d6PA ONLINE USA:<\/h4>\n<p>Kolla in denna j\u00e4mf\u00f6relse mellan pseudoefedrin och fenylefrin, f\u00f6r att g\u00f6ra det l\u00e4ttare att Andas. Dessa receptbelagda l\u00e4kemedel \u00e4r ocks\u00e5 nasal avsv\u00e4llande medel. De anv\u00e4nds f\u00f6r en kort tid f\u00f6r att lindra f\u00f6rkylning, h\u00f6snuva eller andra allergiska symtom som orsakas av hinder i bih\u00e5lorna och nasal passage. Pseudo efedrin k\u00f6pa online<\/p>\n<p>\u00c4ven om pseudoefedrin uppst\u00e5r som en naturlig Alkaloid som i vissa v\u00e4xter (till exempel, som en best\u00e5ndsdel av extrakt fr\u00e5n Ma Huang, k\u00e4nd Ephedra-typ, d\u00e4r den f\u00f6rekommer tillsammans med andra efedrin isomerer), de allra flesta f\u00f6r industriella \u00e4ndam\u00e5l-som produceras pseudoefedrin av j\u00e4st f\u00f6r j\u00e4sning av Glukos i n\u00e4rvaro av bensaldehyd. Pseudo efedrin k\u00f6pa online<\/p>\n<p>Specialiserade j\u00e4st (oftast Candida eller Saccharomyces cerevisiae) att ing\u00e5 i stora fartyg, dricka vatten, glukos, och enzymet pyruvat Dekarboxylas. Pseudoefedrin Hcl pulver anv\u00e4nds f\u00f6r korttidsbehandling av Astma symtom s\u00e5som andn\u00f6d, tr\u00e5nghetsk\u00e4nsla i br\u00f6stet och v\u00e4sande andning. Pseudo efedrin k\u00f6pa online<\/p>\n<h5>DU KAN K\u00d6PA PSEUDOEFEDRIN ONLINE I AUSTRALIEN:<\/h5>\n<p>Pseudoefedrin uts\u00f6ndras i br\u00f6stmj\u00f6lk. Du b\u00f6r diskutera innan du ammar risker och F\u00f6rdelar med din l\u00e4kare. Andra sjukdomar kan dra nytta av efedrin, hur din l\u00e4kare best\u00e4mmer. Tidigare efedrin pulver f\u00f6r behandling av andningsproblem, astma och n\u00e4st\u00e4ppa svullnad\/blockader anv\u00e4ndes p\u00e5 grund av f\u00f6rkylningar eller allergiska reaktioner. Pseudo efedrin k\u00f6pa online<\/p>\n<p>Pseudo efedrin pulver \u00e4r ett receptbelagt l\u00e4kemedel f\u00f6r lindring av andningssv\u00e5righeter, \u00e4r i Usa finns p\u00e5 v\u00e5r Hemsida. En H\u00f6gst tre g\u00e5nger den 25 mg efedrin HCL per dag rekommenderas f\u00f6r borttagning f\u00f6r en lyckad fat. En h\u00f6gre dos \u00e4r helt enkelt inte l\u00e4mpligt, eftersom den \u00e4r \u00f6verl\u00e4gsen. Pseudo efedrin k\u00f6pa online<\/p>\n<p>Fettf\u00f6rbr\u00e4nning kr\u00e4ver en Plats eller kan leda till en del obehagliga biverkningar. Anv\u00e4ndning av pseudo-efedrin HCL har ett brett utbud av medicinska effekter. Det vanligaste \u00e4r att det anv\u00e4nds som en bronkdilaterare f\u00f6r behandling av Astma symtom s\u00e5som andn\u00f6d, v\u00e4sande andning, hosta och tryck \u00f6ver br\u00f6stet. Det har ocks\u00e5 anv\u00e4nts med varierande grader av framg\u00e5ng f\u00f6r behandling av hypotension, och nasal blockering. Pseudo efedrin k\u00f6pa online<\/p>\n<p>L\u00e4ngden kan utvidgas erbjudandet till maximalt tolv m\u00e5nader, annars kan den ha l\u00e5ngvarig f\u00f6rt\u00e4ring av negativa konsekvenser. \u00c4ven om pseudoefedrin HCL \u00e4r inte en l\u00e5ngsiktig l\u00f6sning att f\u00f6rlora \u00f6vervikt, det \u00e4r perfekt f\u00f6r b\u00f6rjan av en diet program, om du \u00e4r mycket hungrig. Bodybuilders anv\u00e4nder efedrin HCL f\u00f6r ca 6 till 8 m\u00e5nader innan en T\u00e4vling som en precontest diet, s\u00e5 att pseudo-efedrin HCL \u00e4r till salu. Pseudo efedrin k\u00f6pa online<\/p>\n<h4>PSEUDO EFEDRIN PULVER, K\u00d6PA ONLINE:<\/h4>\n<p>Pseudoephedrin geh\u00f6rt zu einer Klasse von verschreibungspflichtigen Medikamenten, die als nasale Dekongestiva bekannt sind. Diese Medikamente entspannen die Muskeln in den Atemwegen und der Nasenh\u00f6hle, so dass mehr Luft zirkulieren kann. Von einer h\u00f6heren als der empfohlenen Dosis, insbesondere bei Frauen, wird abgeraten, da das Pr\u00e4parat dadurch unvertr\u00e4glicher wird als bei M\u00e4nnern. F\u00fcr Pseudoephedrin Hcl und andere Markenmedikamente wird in der Regel ein gleichwertiges Generikum verwendet, das deutlich preiswerter ist. Pseudoephedrin online kaufen<\/p>\n<p>Pseudoephedrin Hcl-Pulver ist h\u00f6chstwahrscheinlich eine der vier energetischen Komponenten des Ephedrakrauts. Es kann Fettabbau verursachen, indem es die Menge an Fett erh\u00f6ht, die f\u00fcr Benzin zur Verf\u00fcgung steht, sowie den W\u00e4rmeverbrauch erh\u00f6ht. Es wurde damit in Verbindung gebracht, dass es die Stoffwechselrate beim Menschen um bis zu 5% erh\u00f6ht. Zur Linderung von Verstopfungen ist Pseudoephedrin ein sicherer und wirksamer Wirkstoff, der in den meisten Erk\u00e4ltungs-, Allergie- und Nebenh\u00f6hlenmedikamenten enthalten ist.<\/p>\n<p>Obwohl diese Medikamente jedes Jahr von \u00fcber achtzehn Millionen amerikanischen Familien eingenommen werden, kann PSE auch bei der illegalen Herstellung von Methamphetamin verwendet werden. In The Sun ist Pseudoephedrin HCl eine synthetische Version von Ephedrin. Auch hier gilt, dass Ephedra-Extrakt und Ephedrin-Alkaloide auf nat\u00fcrliche Weise in Pflanzen produziert werden, w\u00e4hrend Ephedrin-HCl in einem Labor hergestellt wird. Pseudoephedrin online kaufen<\/p>\n<h4>MER:<\/h4>\n<p>Ganz zu schweigen davon, dass Pseudoephedrin HCL eine Reihe von medizinischen Anwendungen hat. Pseudoephedrin, auch bekannt als Pseudoephedrinhydrochlorid, ist ein abschwellendes Mittel, das bei einer Erk\u00e4ltung oder verstopften Nase die Nase und die Nebenh\u00f6hlen befreit. Pseudoephedrin online kaufen<\/p>\n<p>Wenn Sie allergisch gegen Pseudoephedrin sind, informieren Sie Ihren Arzt oder Apotheker, bevor Sie es verwenden. Wenn Sie andere Allergien haben, teilen Sie uns dies bitte mit. more info Informieren Sie Ihren Arzt, wenn Sie bereits unerw\u00fcnschte Reaktionen auf andere Sympathomimetika (einschlie\u00dflich Ephedrin und Phenylephrin) hatten. Ihre Dosierung wird durch Ihr Alter, Ihren Gesundheitszustand und Ihre Reaktion auf das Verfahren bestimmt. Pseudoephedrin online kaufen<\/p>\n<p>Erh\u00f6hen Sie Ihre Dosis nicht und nehmen Sie dieses Medikament nicht h\u00e4ufiger als vorgeschrieben. Verwenden Sie nicht mehr von diesem Medikament, als f\u00fcr Ihr Alter empfohlen wird. Pseudoephedrin wird verwendet, um bronchiale Asthmasymptome wie Kurzatmigkeit, Engegef\u00fchl in der Brust, Kurzatmigkeit und Keuchen zu behandeln.<\/p>","protected":false},"excerpt":{"rendered":"<p>PSEUDOEPHEDRIN ONLINE KAUFEN In erster Linie kaufen Pseudoephedrin Online zu sehr niedrigen Preisen. Pseudoephedrin HCL kann in die Muttermilch \u00fcbergehen und dem Baby schaden. Verwenden Sie Pseudoephedrin HCL nicht ohne vorherige R\u00fccksprache mit Ihrem Arzt. Wenn Sie ein Kind stillen. Erk\u00e4ltungsmittel, die Pseudoephedrin enthalten, sind nur an der Kasse erh\u00e4ltlich. L\u00f6sungen, die nur Pseudoephedrin als arzneilich wirksamen Bestandteil enthalten, sollten hinter dem Apothekentresen aufbewahrt werden. Pseudoephedrin gibt es in einer Vielzahl von Marken und Formen. Bitte lesen Sie die Dosierungsempfehlungen f\u00fcr jedes Produkt sorgf\u00e4ltig durch, da der Pseudoephedrin-Gehalt je nach Produkt und L\u00f6sung unterschiedlich sein kann. Nehmen Sie nicht mehr\u2026<\/p>","protected":false},"featured_media":1679,"comment_status":"open","ping_status":"closed","template":"","meta":{"content-type":""},"product_brand":[],"product_cat":[163],"product_tag":[],"class_list":{"0":"post-1665","1":"product","2":"type-product","3":"status-publish","4":"has-post-thumbnail","6":"product_cat-forschung-chemikalien","8":"first","9":"instock","10":"shipping-taxable","11":"purchasable","12":"product-type-variable"},"_links":{"self":[{"href":"https:\/\/kokaindrogekaufen.com\/sv\/wp-json\/wp\/v2\/product\/1665"}],"collection":[{"href":"https:\/\/kokaindrogekaufen.com\/sv\/wp-json\/wp\/v2\/product"}],"about":[{"href":"https:\/\/kokaindrogekaufen.com\/sv\/wp-json\/wp\/v2\/types\/product"}],"replies":[{"embeddable":true,"href":"https:\/\/kokaindrogekaufen.com\/sv\/wp-json\/wp\/v2\/comments?post=1665"}],"wp:featuredmedia":[{"embeddable":true,"href":"https:\/\/kokaindrogekaufen.com\/sv\/wp-json\/wp\/v2\/media\/1679"}],"wp:attachment":[{"href":"https:\/\/kokaindrogekaufen.com\/sv\/wp-json\/wp\/v2\/media?parent=1665"}],"wp:term":[{"taxonomy":"product_brand","embeddable":true,"href":"https:\/\/kokaindrogekaufen.com\/sv\/wp-json\/wp\/v2\/product_brand?post=1665"},{"taxonomy":"product_cat","embeddable":true,"href":"https:\/\/kokaindrogekaufen.com\/sv\/wp-json\/wp\/v2\/product_cat?post=1665"},{"taxonomy":"product_tag","embeddable":true,"href":"https:\/\/kokaindrogekaufen.com\/sv\/wp-json\/wp\/v2\/product_tag?post=1665"}],"curies":[{"name":"wp","href":"https:\/\/api.w.org\/{rel}","templated":true}]}}