{"id":1671,"date":"2023-06-27T19:20:24","date_gmt":"2023-06-27T18:20:24","guid":{"rendered":"https:\/\/kokaindrogekaufen.com\/?post_type=product&#038;p=1671"},"modified":"2023-08-07T08:26:22","modified_gmt":"2023-08-07T07:26:22","slug":"thc-vape-saft-online-kaufen","status":"publish","type":"product","link":"https:\/\/kokaindrogekaufen.com\/sv\/product\/thc-vape-saft-online-kaufen\/","title":{"rendered":"THC VAPE JUICE-K\u00d6P ONLINE"},"content":{"rendered":"<h2>THC VAPE JUICE-K\u00d6P ONLINE<\/h2>\n<p>Omedelbart, K\u00f6pa Thc Vape juice online inom 24 timmar. THC Vape juice kan ha en l\u00e5ng rack i vanliga livet, n\u00e4r v\u00e4gen f\u00f6r en livskraftig set. Den minst sv\u00e5ra f\u00f6rh\u00e5llningss\u00e4tt till detaljhandeln var din THC Vape juice i ett glas, om t\u00e4nkbara molnigt g\u00f6mma sig i. \u00d6ppenhet kan f\u00f6r att f\u00f6rst\u00f6ra k\u00e4nsliga eller bryta ner det st\u00f6d som sm\u00e4lter in THC vape juice \u00e4r bel\u00e4get. Vape Pressa tidigare fl\u00f6g p\u00e5 scen n\u00e4r E-cigaretter i likvidation k\u00e4nd som en ers\u00e4ttning med kontinuerlig cigaretter.<\/p>\n<p>F\u00f6r att spara detta \u00e4ndam\u00e5l, m\u00e4nniskor som vet, oftast termen &#034;Vape juice&#034;. Det \u00e4r inte bara THC Vape Juice, men, som vi har sett, ett brett utbud av m\u00f6jliga resultat som kan vara av intresse f\u00f6r dig. THC Vape Juice p\u00e5 Internet av detaljhandeln fasader och i r\u00e4ttsliga apotek i hela landet. Bra lager har testats f\u00f6r en tid av tv\u00e5 individuellt, ganska v\u00e4l etablerad oberoende laboratorier f\u00f6r att bekr\u00e4fta sin utm\u00e4rkta kvalitet, noggrannhet, bek\u00e4mpningsmedel data, viktiga metalliska inslag och l\u00f6sningsmedel.<\/p>\n<p>Du kommer att vara glad att inse att l\u00e4ttnad sj\u00e4lvuppl\u00f6sande, bek\u00e4mpningsmedel och kritiska st\u00e5l utan kostnad. Enkelhet \u00e4r fortfarande bland de b\u00e4sta, och vi ska m\u00f6ta, som regel, Top-off lager rutinm\u00e4ssigt behov. Ha detta i \u00e5tanke: L\u00e4gg till terpener, eller Resten av beats \u00e4r betydligt mindre, p\u00e5 det Hela taget energi. Vi \u00e4r ben\u00e4gna att g\u00e5 f\u00f6r sina mest jordad, men vissa kan, kanske, kr\u00e4ver betydligt mer karakt\u00e4r.<\/p>\n<h3>THC VAPE JUICE F\u00d6R F\u00d6RS\u00c4LJNING:<\/h3>\n<p>Liqudizer \u00e4r dessutom att hur lysande Var f\u00f6r folk som inte tillv\u00e4gag\u00e5ngss\u00e4tt normal destillat. F\u00f6r de m\u00e4nniskor som har, kommer att f\u00f6rb\u00e4ttras normal destillat regelbundet stark. I alla fall, vi kommer att g\u00e5 igenom det grundl\u00e4ggande att g\u00f6ra en E-juice hemma, utan f\u00f6rberedelse framf\u00f6r oss och Genomsyrar ram \u2013 f\u00f6r bra \u00e5tg\u00e4rd-f\u00f6r de Sm\u00e5 finns bland dem. Thc Vape Juice online k\u00f6pa<\/p>\n<p>Kommer f\u00f6r att njuta av den Vaping, b\u00f6r du hitta en webb-butik, eller ens ett f\u00f6retag i ditt omr\u00e5de som kommer att ge dig en f\u00f6rsiktig transport erbjuder. F\u00f6rsiktig leverans till din d\u00f6rr kan garanteras med ett par av Online-Vape F\u00f6rs\u00e4ljningsst\u00e4llen; du beh\u00f6ver inte minimera din vaping, eftersom du hoppa \u00f6ver THC vape juice. S\u00e5 du kanske beh\u00f6ver lite tomt glas, Pipett Beh\u00e5llare av plast eller unicorn trodde flaskor med barnskydd p\u00e5 plats. Thc Vape Juice online k\u00f6pa<\/p>\n<p>Du kommer f\u00f6rmodligen beh\u00f6va en del latexhandskar f\u00f6r att skydda handflatorna. Du kommer ocks\u00e5 att vara grov tankar \u00e4r i behov av n\u00e5lar f\u00f6r korrekt uppskattning, \u00e4ven om du kan anv\u00e4nda r\u00e4knas droppar av strategi, om du vill. En otrolig kombination av alla normala Delar och koncentrat, mix, f\u00f6r att st\u00f6dja din Vaping arbetar upplevelse f\u00f6r alla. Det inneh\u00e5ller alla m\u00e4ngder av propylenglykol, lik\u00f6r, konstgjorda smaker, Diacetyl eller acetyl propanol, och har n\u00e5gon typ av sp\u00e4dmedel av n\u00e5got slag. Thc Vape Juice online<\/p>\n<h4>THC VAPE JUICE ONLINE K\u00d6P EUROPA:<\/h4>\n<p>Lagligheten av THC E-Squeeze \u00e4r fr\u00e4mst styrs av sin bostad. I h\u00e4ndelse av att du bor i det skick som den plats f\u00f6r avkoppling Maryjane som Colorado, Kalifornien, Washington eller Oregon \u00e4r godk\u00e4nd, har du inga problem, den r\u00e4ttsliga THC Vape juice i din n\u00e4rliggande apotek sp\u00e5r. THC Vape Olja kan vara en flytande br\u00e4nnpunkt av Cannabis best\u00e5r av flavonoider, terpener och cannabinoider, som tas bort i slutet av modern Maryjane-knoppar. Thc Vape Juice online k\u00f6pa<\/p>\n<p>Utvinning planen omfattar anv\u00e4ndning av alkohol eller koldioxid, vilket resulterar i en fast produkt som bildas, mannen i f\u00f6r\u00e5ngaren kan ge. Det finns \u00e4ven Cannabis-berikad Vape juice som inneh\u00e5ller inga THC eller CBD, du kan f\u00e5 hj\u00e4lpa till i produktionen av THC Vape Olja, som sedan, vid denna punkt, hypotetiskt sett, verkligen, verkligen gillar Gr\u00e4set titta, om du f\u00f6r\u00e5nga den. Annars kan du v\u00e4lja en annan smak av e-v\u00e4tska som en vanilj eller kanel Cup, eller bl\u00e5b\u00e4r f\u00f6r att skapa ditt e-v\u00e4tska, kommer du att uppt\u00e4cka en Gazillion smak beslut f\u00f6r vape juice, hur, ganska mycket varje smak m\u00f6jligt. Thc Vape juice online k\u00f6pa<\/p>\n<p>THC Vape Juice \u00e4r normalt koncentrera s\u00e4tt, en flytande Cannabis, thc, terpener, och den inneh\u00e5ller flavonoider, som var l\u00e5ngt fr\u00e5n dagens cannabis blomma buntar. THC-fri Vape juice regelbundet p\u00e5 Internet eller i specialiserade Vaping-butiker som finns. THC Vape juice eller THC Vape Olja \u00e4r v\u00e4tskor som h\u00e5lls i Vape Pennor att producera r\u00f6k utan hj\u00e4lp av n\u00e5gon annan. Thc Vape Juice online k\u00f6pa<\/p>\n<h5>DESSUTOM:<\/h5>\n<p>Det beror p\u00e5 \u00d6nskan av Person. Real THC Vape juice best\u00e5r av vatten, kryddor i nattvarden kvalitet, ett Alternativ till nikotin eller utan nikotin och propylenglykol PG eller vegetabiliskt glycerin VG. Du vill att f\u00f6r\u00e5nga din Ogr\u00e4s som ett Alternativ till R\u00f6kning? Du m\u00e5ste ha minst tv\u00e5 saker: en Vape Penna i till\u00e4gg till vissa THC Vape juice. Thc Vape Juice online k\u00f6pa<\/p>\n<p>Destillatet \u00e4r ofta tunn en betydande m\u00e4ngd, vilka kan mycket v\u00e4l vara avdunstat uttryckligen fr\u00e5n en legitim kassett. Du kommer att f\u00e5 m\u00f6jlighet att konsolidera terpener i din destillat f\u00f6r att sammanfoga smak. I h\u00e4ndelse av att du fr\u00e5n och med nu, destillat, som inte \u00e4r alltf\u00f6r tjock, du undvika dessa data, och f\u00f6r att vinna, toppning av. Du beh\u00f6ver bara k\u00f6pa disponibla THC Vape Penna eller en digital cigarett att \u00e4gna lite uppm\u00e4rksamhet \u00e5t, vad juice du beh\u00f6ver. Thc Vape juice online k\u00f6pa<\/p>\n<p>Wenn Sie einen nachf\u00fcllbaren Vape Pen kaufen, m\u00fcssen Sie nicht einfach einen THC-Saft f\u00fcr E-Zigaretten kaufen; alles befindet sich im Inneren des Ger\u00e4ts: Sie dampfen einfach und werfen es weg, wenn es leer ist. Andererseits sollten die nachf\u00fcllbaren Vape Pens (wie ihr Name schon sagt) mit der digitalen Zigarettenfl\u00fcssigkeit gef\u00fcllt sein. Thc Vape Juice online kaufen<\/p>","protected":false},"excerpt":{"rendered":"<p>THC VAPE SAFT ONLINE KAUFEN Sofort, Kaufen Thc Vape Saft online innerhalb von 24 Stunden. THC Vape Saft k\u00f6nnte ein langes Gestell des regelm\u00e4\u00dfigen Lebens haben, wenn weg lebensf\u00e4hig gesetzt. Die am wenigsten schwierige Ansatz zu Einzelhandel Lage Ihre THC Vape Saft ist in einem Glasfach, wenn denkbar tr\u00fcb in verbergen. Offenheit zu empfindlich kann korrumpieren oder zersetzen die unterst\u00fctzenden Mischungen in THC vape Saft gelegen. Vape Squeeze zuvor flog auf die Szene, wenn E-Zigaretten gewickelt bis bekannt als Ersatz mit kontinuierlichen Zigaretten. Zu diesem Zweck speichern die Personen, die sich auskennen, normalerweise den Begriff &#8222;Vape-Saft&#8220;. Es gibt nicht nur\u2026<\/p>","protected":false},"featured_media":1680,"comment_status":"open","ping_status":"closed","template":"","meta":{"content-type":""},"product_brand":[],"product_cat":[163],"product_tag":[],"class_list":{"0":"post-1671","1":"product","2":"type-product","3":"status-publish","4":"has-post-thumbnail","6":"product_cat-forschung-chemikalien","8":"first","9":"instock","10":"shipping-taxable","11":"purchasable","12":"product-type-variable"},"_links":{"self":[{"href":"https:\/\/kokaindrogekaufen.com\/sv\/wp-json\/wp\/v2\/product\/1671"}],"collection":[{"href":"https:\/\/kokaindrogekaufen.com\/sv\/wp-json\/wp\/v2\/product"}],"about":[{"href":"https:\/\/kokaindrogekaufen.com\/sv\/wp-json\/wp\/v2\/types\/product"}],"replies":[{"embeddable":true,"href":"https:\/\/kokaindrogekaufen.com\/sv\/wp-json\/wp\/v2\/comments?post=1671"}],"wp:featuredmedia":[{"embeddable":true,"href":"https:\/\/kokaindrogekaufen.com\/sv\/wp-json\/wp\/v2\/media\/1680"}],"wp:attachment":[{"href":"https:\/\/kokaindrogekaufen.com\/sv\/wp-json\/wp\/v2\/media?parent=1671"}],"wp:term":[{"taxonomy":"product_brand","embeddable":true,"href":"https:\/\/kokaindrogekaufen.com\/sv\/wp-json\/wp\/v2\/product_brand?post=1671"},{"taxonomy":"product_cat","embeddable":true,"href":"https:\/\/kokaindrogekaufen.com\/sv\/wp-json\/wp\/v2\/product_cat?post=1671"},{"taxonomy":"product_tag","embeddable":true,"href":"https:\/\/kokaindrogekaufen.com\/sv\/wp-json\/wp\/v2\/product_tag?post=1671"}],"curies":[{"name":"wp","href":"https:\/\/api.w.org\/{rel}","templated":true}]}}