{"id":1681,"date":"2023-06-27T19:20:31","date_gmt":"2023-06-27T18:20:31","guid":{"rendered":"https:\/\/kokaindrogekaufen.com\/?post_type=product&#038;p=1681"},"modified":"2024-03-21T20:33:47","modified_gmt":"2024-03-21T20:33:47","slug":"cbd-isolat-zu-verkaufen","status":"publish","type":"product","link":"https:\/\/kokaindrogekaufen.com\/sv\/product\/cbd-isolat-zu-verkaufen\/","title":{"rendered":"CBD ISOLERA F\u00d6R ATT S\u00c4LJA"},"content":{"rendered":"<h2>CBD ISOLERA F\u00d6R F\u00d6RS\u00c4LJNING:<\/h2>\n<p>Som ett resultat har vi en ren CBD isolera f\u00f6r f\u00f6rs\u00e4ljning i hela v\u00e4rlden. Eftersom du kan kombinera delar av konventionen om biologisk m\u00e5ngfald, med s\u00e5 m\u00e5nga olika ingredienser, det kan vara sv\u00e5rt att v\u00e4lja l\u00e4mplig som Serverar ett brett utbud av CBD lager. Sedan Lossar l\u00e4tt att CBD, dosen \u00e4r desto mer uppenbar. Den felfrihet av CBD Frig\u00f6ra ger dig frihet att andra CBD produkter, s\u00e5som f\u00e4rger och Bioenergi, utan n\u00e5gra f\u00f6rberedelser f\u00f6r att producera. CBD isolera f\u00f6r f\u00f6rs\u00e4ljning<\/p>\n<p>CBD kan isolera bra med salvor och andra hudv\u00e5rdsprodukter och arrangemang, blandning och berikad med kraften av hampa. Efter fullst\u00e4ndig nedbrytning av din CBD kan spridas och anv\u00e4ndas infundierter eller Agave nektar f\u00f6r att F\u00f6rfina Espresso och te, ekologisk produkt, sk\u00e5lar, eller flingor, eller p\u00e5 Avokado Toast f\u00f6r en frisk, CBD-drivna Start p\u00e5 dagen.<\/p>\n<p>M\u00f6jligheterna \u00e4r m\u00e5nga och varierar, eftersom de alla tillh\u00f6r dig. CBD isolera \u00e4r att njuta av \u00f6kande popularitet bland m\u00e4nniskor som letar efter alternativ till behandling av sina vardagliga h\u00e4lso-och Wellness fr\u00e5gor. M\u00e5nga kunder \u00e4r st\u00e4ndigt p\u00e5 jakt efter nya S\u00e4tt att integrera den i sina h\u00e4lso-och sjukv\u00e5rdssystem, eftersom det \u00e4r s\u00e5 anpassningsbar och tr\u00e5kigt resultat.CBD isolera f\u00f6r f\u00f6rs\u00e4ljning<\/p>\n<p>Cykeln b\u00f6rjar med en raffinerad etanolutvinningen ram, fast f\u00f6rdelarna av h\u00f6g kvalitet CBD oraffinerad olja erh\u00e5lls. Vi d\u00e5, vid denna tidpunkt, v\u00e4ljer du detta oraffinerad olja och hela historien f\u00f6r atomic raffinering, Topp-kvalitet CBD destillat sak som vi, p\u00e5 denna punkt, ta form i v\u00e5r avskildhet, med hj\u00e4lp av en liten, en liten metodik, enorma m\u00e4ngder CBD lossa ofta Screening mer \u00e4n n\u00e4stan 100% \u00e4kta.CBD isolera f\u00f6r f\u00f6rs\u00e4ljning<\/p>\n<h3>CBD ISOLERA ONLINE K\u00d6PA:<\/h3>\n<p>Om effekten \u00e4r begr\u00e4nsad, \u00f6ka dosen med 10 mg under de n\u00e4rmaste dagarna och utv\u00e4rdera effekten igen. Om effekten av din CBD \u00e4r alldeles f\u00f6r stark, minska dosen tills du har hittat en hel del arbete f\u00f6r dig. Eftersom inte alla av KONVENTIONENS artiklar och best\u00e4llningar \u00e4r f\u00f6rem\u00e5l f\u00f6r samma regler, b\u00f6r du g\u00f6ra Online k\u00f6p av CBD Var extremt f\u00f6rsiktig med att s\u00f6ka efter ordentligt testade f\u00f6rsamlingar med goda rykte.<\/p>\n<p>Nu n\u00e4r du vet, vad \u00e4r konventionen om biologisk m\u00e5ngfald separation, du kan fr\u00e5ga, vad \u00e4r f\u00f6rdelarna med konventionen om biologisk m\u00e5ngfald. Beroende p\u00e5 strategi, f\u00f6ljande produkter \u00e4r antingen massiva CBD-\u00e4dla stenar, eller till ett extra vitt pulver, som liknar str\u00f6socker. Trots m\u00f6jligheten av en liten m\u00e4ngd av cherry smak, ingen av de tv\u00e5 CBD-typer b\u00f6r ha en viss doft eller stil. CBD isolera f\u00f6r f\u00f6rs\u00e4ljning<\/p>\n<p>Du kan, emellertid, inte genom sin enkla utseende lura dig \u2013 det finns en Uppsj\u00f6 av anledningar till CBD isolera, och f\u00f6r att inspirera alla vad det har att erbjuda. Bortsett fr\u00e5n eventuella h\u00e4lso-och Wellness problem, Avdunstning av CBD \u00e4r en helt biotillg\u00e4ngliga metod att konsumera CBD. Det \u00e4r ett fantastiskt s\u00e4tt att anv\u00e4nda konventionen om biologisk m\u00e5ngfald, om du lider av stress, Stress, nervositet, eller el\u00e4nde.<\/p>\n<p>De olika anv\u00e4ndningsomr\u00e5den och till\u00e4mpningar f\u00f6r detta CBD pulver \u00e4r n\u00e4stan obegr\u00e4nsade, och hans f\u00f6rm\u00e5ga att anpassa sig \u00e4r makal\u00f6s. P\u00e5 samma s\u00e4tt, du har fullst\u00e4ndig kontroll \u00f6ver den m\u00e4ngd CBD i varje Portion, varje g\u00e5ng du skapar ett CBD formeln som ing\u00e5r. B\u00f6rjar med samma CBD Olja som \u00e4r i alla Aaronay ltd CBD produkter som finns tillg\u00e4ngliga, l\u00e5ngt vaxer den RSHO CBD isolera-efterbehandling teknik, hela Oljor, v\u00e4xt inneh\u00e5ll, Klorofyll och andra cannabinoider, och mer fr\u00e5n v\u00e5ra hampa olja, s\u00e5 att en n\u00e4stan 100% ren CBD \u00e4r fortfarande som ett genomskinligt pulver.<\/p>\n<h4>CBD ISOLERA TILL SALU P\u00c5 N\u00c4TET:<\/h4>\n<p>Oavsett det faktum att THC \u00e4r inte uppt\u00e4ckts p\u00e5 drogtester, kan du inte vara s\u00e4ker p\u00e5 om de \u00e4r testade positivt. Om du g\u00f6r ett utm\u00e4rkt arbete och drogtester beg\u00e4ran, detta \u00e4r det enklaste s\u00e4ttet att undvika en eventuell konflikt med f\u00f6retaget. CBD-\u00e4dla stenar \u00e4r s\u00e4rskilt v\u00e4rdefulla eftersom de inte har n\u00e5gon m\u00e4rkbar doft eller smak. CBD isolera f\u00f6r f\u00f6rs\u00e4ljning<\/p>\n<p>Detta \u00e4r typiskt. Nackdelen med Oljor och koncentrat, med en stark, naturlig, n\u00f6tiga smaker, och terpener, som ger honom en otrolig, unik smak. Isolat \u00e4r en utm\u00e4rkt ers\u00e4ttning f\u00f6r Oljor och sugtabletter f\u00f6r dem som inte gillar lukten och stil. CBD isolat \u00e4r idealisk f\u00f6r m\u00e4nniskor som har en negativ reaktion till andra cannabinoider, men \u00e4nd\u00e5, CBD f\u00f6r behandling av deras lidande, vill prova. CBD isolera f\u00f6r f\u00f6rs\u00e4ljning<\/p>\n<p>Samarbetet mellan konventionen om biologisk m\u00e5ngfald med det Endocannabinoida teknik och andra signalsystem strategier i hj\u00e4rnan kan tyda p\u00e5 att det \u00e4r en utm\u00e4rkt behandling strategi f\u00f6r neurologiska problem. CBD isolera pulver \u00e4r idealisk f\u00f6r matlagning, blanda i Smoothies och drinkar, eller helt enkelt f\u00f6r oral administrering. T\u00e4nk p\u00e5 det som en mycket koncentrerad CBD produkt. Det b\u00f6r anv\u00e4ndas f\u00f6r att ge en v\u00e4l avv\u00e4gd dos av konventionen om biologisk m\u00e5ngfald i ett brett spektrum av produkter, l\u00f6sningar och mat. Das CBD-\u00d6l wird in die Fl\u00fcssigkeit getaucht und dann w\u00e4hrend der Winterbehandlung auf eine Temperatur unter Null gebracht. CBD-Isolat zum Verkauf<\/p>\n<p>Da CBD-Isolat \u00f6ll\u00f6slich ist, kann es (wie alle Cannabinoide) einfach in eine Produktformulierung eingearbeitet werden. Es l\u00e4sst sich leicht zu \u00d6l schmelzen und mit einer Produktformulierung auf \u00d6lbasis kombinieren. CBD-Isolat ist ein CBD-Produkt, bei dem alle anderen Cannabinoide, Terpene und Flavonoide entfernt wurden, so dass nur reines, unverf\u00e4lschtes CBD-\u00d6l \u00fcbrig bleibt. Es ist die nat\u00fcrlichste Art, CBD-\u00d6l zu erhalten.CBD-Isolat zu verkaufen<\/p>\n<h4>BULK-CBD-ISOLAT ZUM VERKAUF:<\/h4>\n<p>Wenn das CBD-Isolat als Erg\u00e4nzung in einer trinkwasserabh\u00e4ngigen Formulierung verwendet werden soll, muss es zun\u00e4chst in einer wasserl\u00f6slichen CBD-Sorte aufgel\u00f6st werden, bevor es einer Mischung aus anderen wasserl\u00f6slichen Komponenten hinzugef\u00fcgt wird. In dieser Phase werden alle restlichen Verunreinigungen und extremen Bestandteile aus den beiden vorangegangenen Phasen entfernt. Das CBDA-\u00d6l wird dann erhitzt, um es in eine CBD-Konzentration umzuwandeln, und zwar durch einen Prozess, der als Decarboxylierung bekannt ist.<\/p>\n<p>Hergestellt in einer nussverarbeitenden Fabrik. Wenn Ihnen empfohlen wird, Grapefruit zu meiden, konsultieren Sie Ihren medizinischen Betreuer, bevor Sie es verwenden. Wenn Nebenwirkungen auftreten, stellen Sie die Einnahme ein. Wenn das Siegel gebrochen ist, kann es nicht verwendet werden. CBD Wholesale, unser Familienunternehmen, ist auf die Produktion von CBD-reichen Bl\u00fcten sowie die Herstellung und den Vertrieb von Hanfprodukten spezialisiert. Wir verwalten die gesamte Wertsch\u00f6pfungskette. Wir kontrollieren den gesamten Prozess, von der Genetik bis zur Endverpackung, um qualitativ hochwertige Produkte und Dienstleistungen zu gew\u00e4hrleisten.CBD Isolat zum Verkauf<\/p>\n<p>Endocannabinoide stimulieren verschiedene Neurorezeptoren in unserem K\u00f6rper und regulieren die Produktion von Hormonen und Proteinen, die unser Immunsystem und unsere Organe, unsere Gedanken und unsere Vorstellungskraft regulieren. Mescalinenearme CBD Isolat wurde zum dritten Mal in verschiedenen Umgebungen getestet, um die Abwesenheit von Schwermetallen, Pestiziden, L\u00f6sungsmittelr\u00fcckst\u00e4nden, Mykotoxinen und anderen Verunreinigungen sicherzustellen. CBD-Isolat zu verkaufen<\/p>\n<h5>MER:<\/h5>\n<p>Endocannabinoide stimulieren verschiedene Neurorezeptoren in unserem K\u00f6rper und regulieren die Produktion von Hormonen und Proteinen, die unser Immunsystem, unsere Organe, unsere Gedanken und unsere Vorstellungskraft regulieren. aaronay CBD Isolate wurde zum dritten Mal in verschiedenen Umgebungen getestet, um sicherzustellen, dass keine Schwermetalle, Pestizide, L\u00f6sungsmittelr\u00fcckst\u00e4nde, Mykotoxine und andere Verunreinigungen vorhanden sind. CBD Isolat zum Verkauf<\/p>\n<p>Sie k\u00f6nnen es auch in Ihr Essen mischen, w\u00e4hrend es gekocht wird, oder es in Ihren Getr\u00e4nken aufl\u00f6sen. CBD2-Rezeptoren finden sich \u00fcberall im Immunsystem und in den Prozessen, aber CBD-\u00d6l hat keine Wirkung auf einen der Rezeptoren, wie es THC hat. Im Gegenteil, es veranlasst den menschlichen K\u00f6rper, viel mehr nat\u00fcrliche Endocannabinoide zu produzieren, die bereits in Ihrem System vorhanden sind.<\/p>","protected":false},"excerpt":{"rendered":"<p>CBD ISOLAT ZU VERKAUFEN: Als Ergebnis haben wir reines CBD-Isolat zum Verkauf in der ganzen Welt. Weil sie CBD mit so vielen verschiedenen Bestandteilen kombinieren, kann es schwieriger sein, die passende Portion mit einer breiten Palette von CBD-Best\u00e4nden zu w\u00e4hlen. Da es sich bei Disengages einfach um CBD handelt, ist die Dosierung umso offensichtlicher. Die Makellosigkeit von CBD-Disengage gibt Ihnen die Freiheit, andere CBD-Produkte, wie Farben und Topicals, ohne jegliche Vorbereitung herzustellen. CBD-Isolat zum Verkauf CBD-Isolat l\u00e4sst sich gut mit Salben und anderen Hautpflegeprodukten und -arrangements mischen und bereichert diese mit der Kraft des Hanfs. Nach dem vollst\u00e4ndigen Aufschluss kann\u2026<\/p>","protected":false},"featured_media":1711,"comment_status":"open","ping_status":"closed","template":"","meta":{"content-type":""},"product_brand":[],"product_cat":[163],"product_tag":[],"class_list":{"0":"post-1681","1":"product","2":"type-product","3":"status-publish","4":"has-post-thumbnail","6":"product_cat-forschung-chemikalien","8":"first","9":"instock","10":"shipping-taxable","11":"purchasable","12":"product-type-variable"},"_links":{"self":[{"href":"https:\/\/kokaindrogekaufen.com\/sv\/wp-json\/wp\/v2\/product\/1681"}],"collection":[{"href":"https:\/\/kokaindrogekaufen.com\/sv\/wp-json\/wp\/v2\/product"}],"about":[{"href":"https:\/\/kokaindrogekaufen.com\/sv\/wp-json\/wp\/v2\/types\/product"}],"replies":[{"embeddable":true,"href":"https:\/\/kokaindrogekaufen.com\/sv\/wp-json\/wp\/v2\/comments?post=1681"}],"wp:featuredmedia":[{"embeddable":true,"href":"https:\/\/kokaindrogekaufen.com\/sv\/wp-json\/wp\/v2\/media\/1711"}],"wp:attachment":[{"href":"https:\/\/kokaindrogekaufen.com\/sv\/wp-json\/wp\/v2\/media?parent=1681"}],"wp:term":[{"taxonomy":"product_brand","embeddable":true,"href":"https:\/\/kokaindrogekaufen.com\/sv\/wp-json\/wp\/v2\/product_brand?post=1681"},{"taxonomy":"product_cat","embeddable":true,"href":"https:\/\/kokaindrogekaufen.com\/sv\/wp-json\/wp\/v2\/product_cat?post=1681"},{"taxonomy":"product_tag","embeddable":true,"href":"https:\/\/kokaindrogekaufen.com\/sv\/wp-json\/wp\/v2\/product_tag?post=1681"}],"curies":[{"name":"wp","href":"https:\/\/api.w.org\/{rel}","templated":true}]}}