{"id":1696,"date":"2023-06-27T19:20:32","date_gmt":"2023-06-27T18:20:32","guid":{"rendered":"https:\/\/kokaindrogekaufen.com\/?post_type=product&#038;p=1696"},"modified":"2024-08-01T10:46:36","modified_gmt":"2024-08-01T09:46:36","slug":"ephedrin-hcl-pulver-zum-verkauf","status":"publish","type":"product","link":"https:\/\/kokaindrogekaufen.com\/sv\/product\/ephedrin-hcl-pulver-zum-verkauf\/","title":{"rendered":"EFEDRIN HCL PULVER TILL SALU"},"content":{"rendered":"<h2>EFEDRIN HCL PULVER TILL SALU<\/h2>\n<p>Dessutom har vi den h\u00f6gsta kvaliteten efedrin leverant\u00f6r, efedrin f\u00f6r f\u00f6rs\u00e4ljning. Efedrin sulfat har en liknande effekt p\u00e5 CNS. Det stimulerar hj\u00e4rnbarken och subkortikala, vilket \u00e4r anledningen till att det anv\u00e4nds f\u00f6r behandling av narkolepsi. P\u00e5 grund av de f\u00f6r\u00e4ndringar i de h\u00e4lsoproblem som \u00e4r f\u00f6rknippade med efedrin, f\u00e5r det inte anv\u00e4ndas som ett Kosttillskott. Efedrin, som fenetylaminen, har en liknande syntetiska struktur som amfetamin och \u00e4r en metamfetamin \u00e4r s\u00e4rskilt metamfetamin-System med en Hydroxylgrupp-bunt i det Inre av plats.<\/p>\n<p>Diese Kombination, wie die Begrenzung des Verzehrs von zus\u00e4tzlichem Fett auf 30 % der Kalorien EPHEDRIN HCL PULVER\u00a0 und m\u00e4\u00dfige Bewegung, scheint das K\u00f6rperfett zu reduzieren, das &#8222;l\u00e4stige&#8220; Cholesterin der unteren Lipoproteinschicht (LDL) zu senken und das &#8222;ausgezeichnete&#8220; Cholesterin der oberen Lipoproteinschicht (<a href=\"https:\/\/kokaindrogekaufen.com\/sv\/product\/ketamin-500-mg-10-ml-zu-verkaufen\/\">HDL<\/a>) zu erh\u00f6hen. Ephedrin ist ein Energizer im Allgemeinen, und ich bin auf der Suche nach einer weniger schwierigen Weg, um gebildete als Kaffee (die schlecht angeordnet werden k\u00f6nnen, weil der Aufbau von Widerstand, nicht ganz beweglich, und Koffein ist wirklich ein Diuretikum).Ephedrin zum Verkauf<\/p>\n<p>Efedrin b\u00f6r inte tas under graviditet, s\u00e5vida inte det uttryckligen \u00e4r ordinerat av l\u00e4kare och endast n\u00e4r inga andra Alternativ finns tillg\u00e4ngliga. Men, Ephedra kombinationer kan resultera i noggrant studerat och testat, eller mest troligt, justerat vuxna diskret f\u00f6rb\u00e4ttringar till den belastning p\u00e5 Blodcirkulationen och hj\u00e4rtat. Efedrin f\u00f6r f\u00f6rs\u00e4ljning<\/p>\n<h3>EFEDRIN K\u00d6PA ONLINE:<\/h3>\n<p>Det finns en betydande oro f\u00f6r s\u00e4kerheten hos denna produkt, eftersom den inneh\u00e5ller stora m\u00e4ngder energi Efedrin och koffein, och \u00e4r ibland tas till vara utan skadliga biverkningar unders\u00f6ks. Efedrin ocks\u00e5 minskar mags\u00e4ckens t\u00f6mning. Methylxanthines, s\u00e5som koffein och teofyllin, har en extremt samverkande relation med efedrin f\u00f6r fett. Efedrin f\u00f6r f\u00f6rs\u00e4ljning<\/p>\n<p>Dies EPHEDRIN HCL PULVER f\u00fchrte dazu, dass sich das Blatt wendete und im Internet zusammengesetzte Produkte vorgestellt wurden. Einer von ihnen, bekannt als der eca-Stack, kombiniert Ephedrin mit Koffein und entz\u00fcndungshemmenden Medikamenten. Es ist ein beliebtes Nahrungserg\u00e4nzungsmittel, das von Muskelprotzen verwendet wird, die herausfinden wollen, wie sie vor einem Wettkampf K\u00f6rperfett abbauen k\u00f6nnen. Bei der Behandlung von Asthma wurde Ephedrin h\u00e4ufig als abschwellendes und bronchienerweiterndes Mittel eingesetzt. Ephedrin zu verkaufen<\/p>\n<p>Det \u00e4r fortfarande anv\u00e4nds f\u00f6r denna uppgift, \u00e4ven om hans erk\u00e4nnande minskar p\u00e5 grund av ordnandet av \u00f6vertygande specialister f\u00f6r dessa skyltar som visar mycket mindre negativa resultat. Roll nasal obstruktion var till stor del ersatts av en mycket starkare-adrenerg Receptor agonister. Efedrin f\u00f6r f\u00f6rs\u00e4ljning<\/p>\n<p>Efedrin kan unders\u00f6kas i blod, Plasma eller urin eventuella fall av observerade \u00e5tg\u00e4rder av konkurrenter och f\u00f6r att bekr\u00e4fta den utredning om skada, eller hj\u00e4lpa till i en r\u00e4ttsmedicinska d\u00f6d utredning. M\u00e5nga mekaniska Immunanalys Screening Tester, som \u00e4r f\u00f6rknippade med amfetamin, verkar vara f\u00f6renat med efedrin korsreagerar, men kromatografiska tekniker kan skilja efedrin utan tvekan fr\u00e5n andra fenetylaminen dotterbolag. Att s\u00e4lja efedrin<\/p>\n<h4>EFEDRIN TILL SALU P\u00c5 N\u00c4TET:<\/h4>\n<p>Efedrin \u00e4r en luftr\u00f6ren v\u00e4xande medium som kan anv\u00e4ndas som en kortsiktig recept f\u00f6r behandling av astma. Det \u00e4r ocks\u00e5 anv\u00e4ndbart som en Energizer och \u00e4r ofta k\u00f6ps i lastbilen stationer f\u00f6r lastbilsf\u00f6rare till detta \u00e4ndam\u00e5l. Eftersom det inte \u00e4r en metamfetamin f\u00f6reg\u00e5ngare, var till salu p\u00e5 lastbilen stannar sedan 2006, de AMERIKANSKA myndigheterna har kraftigt begr\u00e4nsat. Efedrin har utvecklats till en mycket m\u00e4rklig och fantastisk behandling av Astma, i synnerhet, eftersom det kan ges i kontrast till adrenalin (fram till slutet av standard behandling), oralt. Efedrin f\u00f6r f\u00f6rs\u00e4ljning<br \/>\nArticle sponsoris\u00e9 Trouvez quelque chose pour tout le monde dans notre collection de chaussettes color\u00e9es, lumineuses et \u00e9l\u00e9gantes. Achetez individuellement ou en lots pour ajouter de la couleur \u00e0 votre <a href=\"https:\/\/www.high-endrolex.com\/\" target=\"_blank\" rel=\"noopener\">sock<\/a> tiroir!<br \/>\nAnv\u00e4ndning av efedrin f\u00f6r behandling av Astma, som n\u00e5ddes i slutet av 1950-talet kulminerade, varp\u00e5 den terapeutiska anv\u00e4ndningen har minskat gradvis och kontinuerligt. Efedrin har utvecklats fr\u00e5n en standard recept till en fr\u00e4mmande plats av gatan narkotika och n\u00e4ringsrik kosttillskott. Ephedra och efedrin produkter och arrangemang som \u00e4r olagligt i m\u00e5nga l\u00e4nder i v\u00e4rlden, strikt, eftersom de \u00e4r en viktig komponent i tillverkningen av den beroendeframkallande substansen metamfetamin. Efedrin f\u00f6r f\u00f6rs\u00e4ljning<\/p>\n<p>Konsekvent anv\u00e4ndning av efedrin \u00e4r ofta s\u00e4kert och tolereras v\u00e4l; de efterf\u00f6ljande negativa effekterna av \u00f6kad hj\u00e4rt-kostnad, h\u00f6gt blodtryck och nervositet, som ofta f\u00f6rsvinner snart efter den f\u00f6rsta veckan eller s\u00e5 av ans\u00f6kan, dock. \u00c4ven om kosttillskott som inneh\u00e5ller efedrin alkaloider, anv\u00e4nds idag av m\u00e5nga m\u00e4nniskor med tillr\u00e4cklig grad av s\u00e4kerhet och l\u00f6nsamhet, de kan vara f\u00f6r personer som har vissa allvarliga sjukdomar, \u00e4r mycket farliga. Att s\u00e4lja efedrin<\/p>\n<h4>EFEDRIN HCL PULVER F\u00d6R F\u00d6RS\u00c4LJNING:<\/h4>\n<p>Olika fallstudier har efedrin alkaloider som en orsak till verkligt negativa konsekvenser f\u00f6r h\u00e4lsan i fall av beroende m\u00e4nniskor, inklusive, men inte begr\u00e4nsat till, hj\u00e4rtinfarkt, stroke, kramper och, i extrema fall, d\u00f6den inneb\u00e4r. Efedrin \u00e4r ett undanr\u00f6jande av agenter, och en Allm\u00e4n bronkdilaterande. Det fungerar genom att minska svullnad och f\u00f6rtr\u00e4ngning av blodk\u00e4rl i n\u00e4san som \u00e4r nedsatt och Luftv\u00e4garna i lungorna expanderar, vilket g\u00f6r att Andas mycket l\u00e4ttare. Efedrin f\u00f6r f\u00f6rs\u00e4ljning<\/p>\n<p>Dessutom, det stimulerar \u00e4mnesoms\u00e4ttningen, s\u00e5 att kroppen under arbetsdagen kan br\u00e4nna igenom en process som kallas termogenes, f\u00f6r en icke-intensiv verksamhet en hel del mer energi och o\u00f6nskat fett. De flesta dieters kommer att f\u00e5 detta l\u00e4kemedel p\u00e5 Morgonen eller tidigt p\u00e5 eftermiddagen, din \u00e4mnesoms\u00e4ttning under dagen, f\u00f6r att maximalt stimulera. Efedrin kosttillskott \u00e4r normalt inte avsedda f\u00f6r behandling av sjukdomar, \u00e4ven om de har dykt upp i de flesta av de m\u00e4nniskor som \u00e4r effektiva p\u00e5 kort sikt. Efedrin f\u00f6r f\u00f6rs\u00e4ljning<\/p>\n<p>Es steht Ihnen frei zu versuchen, Rockford Chronic Ephedrine unbegrenzt zu wiederholen; EPHEDRIN HCL PULVER k\u00fcmmert sich nicht darum, wie sie beginnen. Ich wollte Sie nur darauf hinweisen, und ich war mir nicht sonderlich bewusst, dass die pr\u00e4kanzer\u00f6sen intraven\u00f6sen Sulfat-Injektionen \u00fcber die frei verk\u00e4ufliche Linie um den Stapel herum dr\u00e4ngen. Ich bin neugierig, was Hochwertiges Ephedrin HCL Pulver f\u00fcr effektive Gewichtsabnahme und Energie-Boost. Jetzt bestellen und von schnellem Versand profitieren! ist \u00fcber 2 neben einem EPHEDRINE EPHEDRINE<a href=\"https:\/\/hhcgraskaufen.com\/\" target=\"_blank\" rel=\"noopener\"> HCL<\/a> zu stoppen Juckreiz und Tropf plus eine glatte in Blutdruck Ebene. Ephedrin zum Verkauf<\/p>\n<p>Sn\u00e4lla f\u00f6rklara, f\u00f6rst av alla, likheter: efedrin HCL och pseudoefedrin, som b\u00e5da \u00e4r naturliga alkaloider som utvinns fr\u00e5n v\u00e4xten Ephedra. Efedrin och pseudoefedrin finns i Ephedra kaffe och Kosttillskott Ephedra. F\u00f6r att bed\u00f6ma din tolerans och reaktionstid. Det \u00e4r, de har tagit ett Kosttillskott som p\u00e5 ett balanserat s\u00e4tt. Bowman har en unik erfarenhet att det \u00e4r inte i dermatologi centrum. Att s\u00e4lja efedrin<\/p>\n<h5>MER:<\/h5>\n<p>EPHEDRIN HCL PULVER Schlucken Sie die Flasche ganz und versuchen Sie, die zuf\u00e4llige Enthauptung zu defibrillieren; Guaifenesin kann verwendet werden, um die Brillen zun\u00e4chst auszugleichen. Mittelsmann EPHEDRINE HCL ist die Zeit zu starten. Es kommt nicht jeden Tag vor, dass wir keinen freien Moment haben, aber fast jeder seri\u00f6se Entwickler hat ihn. EPHEDRINE HCL sollte nicht dazu f\u00fchren, dass Hirnblutungen, Schlaganf\u00e4lle oder Herzrhythmusst\u00f6rungen in indische Generika aufgenommen werden, wenn es nur statistisch oder mental war. Ephedrin zum Verkauf<\/p>\n<p>Efedrin, den aktiva ingrediensen i Ma Huang, en medicinalv\u00e4xt som anv\u00e4nds i Tusentals \u00e5r i Kina. Efedrin har studerats flitigt och \u00e4r relativt tillf\u00f6rlitlig anslutning f\u00f6r kort - och medell\u00e5ng sikt viktminskning (mindre \u00e4n 6 m\u00e5nader) och m\u00e5ttlig prestanda vinster i utbildade m\u00e4n och kvinnor. Det \u00e4r dock inte i alla sv\u00e5ra situationer p\u00e5 ett effektivt s\u00e4tt. l\u00e5ngsiktig fettreducering och resultat i otr\u00e4nade individer har inte studerats. Viktigt och ibland negativa framg\u00e5ng efedrin f\u00f6r f\u00f6rs\u00e4ljning<\/p>\n<p>Bei Personen, die Ephedrin wieder einf\u00fchren, kann es zu Schlaflosigkeit kommen. Ephedrin HCL geh\u00f6rt zu einer Klasse von Medikamenten, die als Sympathomimetika bekannt sind, da es den Chemikalien \u00e4hnelt, die von der sympathischen Angstreaktion w\u00e4hrend einer \u201eKampf- oder Fluchtsituation\u201c produziert werden. Die Droge bindet sich an Alpha- und Beta-Adrenorezeptoren, wodurch das Nervengewebe \u00e4hnlich wie bei einem Adrenalinsto\u00df stimuliert wird. Ephedrin zu verkaufen<\/p>","protected":false},"excerpt":{"rendered":"<h3 style=\"text-align: center;\">EPHEDRIN HCL PULVER<\/h3>\n<p>Hochwertiges Ephedrin HCL Pulver f\u00fcr effektive Gewichtsabnahme und Energie-Boost. Jetzt bestellen und von schnellem Versand profitieren!<\/p>","protected":false},"featured_media":1713,"comment_status":"open","ping_status":"closed","template":"","meta":{"content-type":""},"product_brand":[],"product_cat":[163],"product_tag":[],"class_list":{"0":"post-1696","1":"product","2":"type-product","3":"status-publish","4":"has-post-thumbnail","6":"product_cat-forschung-chemikalien","8":"first","9":"instock","10":"shipping-taxable","11":"purchasable","12":"product-type-variable"},"_links":{"self":[{"href":"https:\/\/kokaindrogekaufen.com\/sv\/wp-json\/wp\/v2\/product\/1696"}],"collection":[{"href":"https:\/\/kokaindrogekaufen.com\/sv\/wp-json\/wp\/v2\/product"}],"about":[{"href":"https:\/\/kokaindrogekaufen.com\/sv\/wp-json\/wp\/v2\/types\/product"}],"replies":[{"embeddable":true,"href":"https:\/\/kokaindrogekaufen.com\/sv\/wp-json\/wp\/v2\/comments?post=1696"}],"wp:featuredmedia":[{"embeddable":true,"href":"https:\/\/kokaindrogekaufen.com\/sv\/wp-json\/wp\/v2\/media\/1713"}],"wp:attachment":[{"href":"https:\/\/kokaindrogekaufen.com\/sv\/wp-json\/wp\/v2\/media?parent=1696"}],"wp:term":[{"taxonomy":"product_brand","embeddable":true,"href":"https:\/\/kokaindrogekaufen.com\/sv\/wp-json\/wp\/v2\/product_brand?post=1696"},{"taxonomy":"product_cat","embeddable":true,"href":"https:\/\/kokaindrogekaufen.com\/sv\/wp-json\/wp\/v2\/product_cat?post=1696"},{"taxonomy":"product_tag","embeddable":true,"href":"https:\/\/kokaindrogekaufen.com\/sv\/wp-json\/wp\/v2\/product_tag?post=1696"}],"curies":[{"name":"wp","href":"https:\/\/api.w.org\/{rel}","templated":true}]}}