{"id":1703,"date":"2023-06-27T19:20:33","date_gmt":"2023-06-27T18:20:33","guid":{"rendered":"https:\/\/kokaindrogekaufen.com\/?post_type=product&#038;p=1703"},"modified":"2024-08-01T10:15:12","modified_gmt":"2024-08-01T09:15:12","slug":"etizolam-pulver-zum-verkauf","status":"publish","type":"product","link":"https:\/\/kokaindrogekaufen.com\/sv\/product\/etizolam-pulver-zum-verkauf\/","title":{"rendered":"ETIZOLAM PULVER TILL SALU"},"content":{"rendered":"<h2>ETIZOLAM PULVER TILL SALU<\/h2>\n<p>Von Nord- bis S\u00fcdamerika, Europa bis Asien, haben wir wirklich hochwertige, reine <a href=\"https:\/\/kokaindrogekaufen.com\/sv\/kokain-preis\/\">Etizolam<\/a> zum Verkauf. Etizolam ist gedacht, um Antidepressiva, gegen Stress und Angst, und insgesamt Gleichgewicht Ergebnisse in der Organisation zu erreichen und wurde f\u00fcr den medizinischen Einsatz in dieser Situation auch genehmigt. Obgleich die Medikation craving Verbesserung verursachen kann, erscheint dieser Effekt nicht in allen K\u00e4ufern.<\/p>\n<p>N\u00e4r m\u00e4nniskor meddela s\u00f6nderfallet av Etizolam, det b\u00f6r inte vara n\u00e5gra Problem att v\u00e4rma upp det, att hj\u00e4lpa, att bryta upp, och att f\u00f6ra pulver i en upplevd m\u00e4ngd v\u00e4tska, och skaka den kraftigt b\u00f6r vara otroligt att arbeta efter en viss tid. Ett milligram av Etizolam har en liknande effekt som tio mg Valium (Diazepam). Etizolam kan inte anv\u00e4ndas som en bensodiazepin, har setts som ett \u00e4mne i systemet, som k\u00e4nnetecknas av en tiofen ring, och inte av en bensen ring. Att s\u00e4lja Etizolam<\/p>\n<p>Eftersom de flesta av de l\u00e4nder i v\u00e4rlden bensodiazepin-inte att f\u00f6rbjuda analoger av detta l\u00e4kemedel i n\u00e4stan alla l\u00e4nder i v\u00e4rlden, det \u00e4r lagligt. Det \u00e4r lagligt i hela v\u00e4rlden! Det \u00e4r \u00e5ngestd\u00e4mpande, lugnande, s\u00f6mngivande, amnesiframkallande och avslappnande egenskaper, som liknar sin syster f\u00f6rening Alprazolam och andra bensodiazepiner har. En studie av Etizolam anv\u00e4ndes, visade att det elimineras audible funderingar hos Schizofrena komplett. Att s\u00e4lja Etizolam<\/p>\n<h4>ETIZOLAM K\u00d6PA ONLINE:<\/h4>\n<p>Von Etizolam Pulver den \u00dcberlegungen, Etizolam ist k\u00fcnstlich mit Benzodiazepinen wahrgenommen und Kapazit\u00e4ten durch eine Beh\u00f6rde GABA-Rezeptor. Etizolam-Pulver wird in der Regel nicht verwendet. Stress und Nervosit\u00e4t sind normalerweise nicht unangenehm, aber es gibt eine Vielzahl von Angsterkrankungen. Nervosit\u00e4t Fragen sind eine Gruppe von psychischen Erkrankungen, die verwirrend und erstaunlich Druck, Spannung und Angst verursachen. Etizolam zum Verkauf<\/p>\n<p>Etizolam ist das gef\u00e4hrlichste Stressmedikament, das sich in Etizolam Pulver verwandeln kann. Es ist das beste System f\u00fcr Anf\u00e4lle und Hoffnungslosigkeit, und es wird sofort beginnen, um Ihnen ein Gef\u00fchl der Ruhe und Gelassenheit. Es kann auch zur Behandlung von Schlaflosigkeit und anderen Schlafst\u00f6rungen eingesetzt werden. Wenn Sie mit einer schwierigen Situation bei der Arbeit konfrontiert sind, vor einer Pr\u00fcfung stehen oder eine kritische Entscheidung treffen m\u00fcssen, erlebt jeder Mensch irgendwann Stress, und genau da k\u00f6nnen Etizolam Tabletten helfen. Etizolam zum Verkauf<\/p>\n<p>Blandningar \u00e4r ett urval av n\u00e5gra av de b\u00e4ttre upplevd unders\u00f6kning av syntetiska blandningar, dess funnits i n\u00e5gra \u00e5r. Eftersom det har funnits under en l\u00e5ng tid, de \u00e4r ofta f\u00f6rknippade med &#034;Old School&#034; - RCs i anslutning. Det s\u00e4gs ocks\u00e5 att m\u00e4nniskor ska anv\u00e4nda l\u00e4kemedlet f\u00f6r rekreation, eftersom det har effekter s\u00e5som inre self-expansion, energisk kamouflage och en k\u00e4nsla av \u00e5terh\u00e5llsamhet. Att s\u00e4lja Etizolam<\/p>\n<h4>ETIZOLAM TILL SALU P\u00c5 N\u00c4TET:<\/h4>\n<p>Menschen ETIZOLAM PULVER haben es auch f\u00fcr Freizeitbesch\u00e4ftigungen verwendet. Dieser Artikel ist f\u00fcr Mess- und Testprogramme bestimmt. Es ist als Thieno-Diazepin klassifiziert und wurde speziell entwickelt, um die Benzodiazepin-Gesetzgebung zu umgehen. Etizolam hat die gleiche Wirkung wie Alprazolam. Der erweiterte Teil kann eine breite Palette von Ergebnissen verursachen, aber es kann auch ung\u00fcnstige Nebeneffekte haben, die Dinge wie extremen Unfug oder Tod in echten Bedingungen einschlie\u00dfen. Etizolam zum Verkauf<\/p>\n<p>Etizolam pulver, \u00e4ven k\u00e4nd som Etilaam, eller Etizest \u00e4r enkelt thieno bensodiazepin och \u00e4r en depressiv anslutning, Anti-Stretch, Anti-Stress och Bulk orsakas lossning av effekter med bensodiazepin j\u00e4mf\u00f6rbara. Det \u00e4r en v\u00e4lk\u00e4nd forskning i \u00e4mnet, som finns i Form av piller, pulver, eller alternativ. Etizolam till salu<\/p>\n<p>Etizolam pulver \u00e4r gjort med upp till 99,8% ren Etizolam. Det \u00e4r en luktfri glas-liknande f\u00f6rening som \u00e4r ol\u00f6sligt i vatten men inte n\u00e5got l\u00f6slig i Etanol. Under tiden fungerar som ett l\u00f6sningsmedel av Kloroform och metanol behandlingar. Trots det faktum att det fortfarande anses som en recept-bara, kommer inte att kontrollera eller godk\u00e4nna lagligheten av Etizolam i Usa, eller begr\u00e4nsad, eftersom det m\u00e5ste f\u00f6rskrivas av en licensierad specialist. Att s\u00e4lja Etizolam<\/p>\n<h5>DESSUTOM :<\/h5>\n<p>Die pulverisierte Etizolam Portion wird h\u00e4ufig empfohlen, nicht mehr als 1mg pro Portion zu sein. Es wirkt, indem es den Geist des Individuums beruhigt, indem es auf die Benzodiazepin-Seite der GABA-Rezeptoren des Gro\u00dfhirns wirkt. Etizolam wurde mit <a href=\"https:\/\/kaufenxanax.com\/\" target=\"_blank\" rel=\"noopener\">Alprazolam<\/a> und Bromazepam bei der Behandlung der generalisierten Angstst\u00f6rung verglichen. Etizolam zu verkaufen<\/p>\n<p>Etizolam de andra tv\u00e5 L\u00e4karna rekommenderade l\u00e4kemedel som \u00f6versteg i f\u00f6rstudien, i f\u00f6rh\u00e5llande till den stimulerande effekten. Om den bl\u00e5 gemenskapen \u00e4r uppl\u00f6st i klara v\u00e4tskor, f\u00e4rgen sl\u00e5r om till bl\u00e5tt. Den bl\u00e5 f\u00e4rgen, men kan bli suddiga n\u00e4r man tar i v\u00e4tskor med en m\u00f6rkare f\u00e4rg. Den bl\u00e5 f\u00e4rgen kommer inte att vara i en icke-exklusiv Rohypnol varianter. Etizolam till salu<\/p>\n<p>Det h\u00e4nvisar generellt till den totala l\u00e4ngd som \u00e4r tillskjutet fr\u00e5n effekten av \u00e4mnet, samt p\u00e5 det totala beloppet som brann i en given tidsperiod. Detta l\u00e4kemedel \u00e4r i allm\u00e4nhet anses vara f\u00f6r att minska stress och minnet av r\u00f6relse anv\u00e4nds. M\u00e4nniskor anv\u00e4nder i allm\u00e4nhet medicinering f\u00f6r \u00e4ndam\u00e5l av Avkoppling, eftersom de kan orsaka biverkningar s\u00e5som svullnad. Etizolam till salu<\/p>","protected":false},"excerpt":{"rendered":"<h4 style=\"text-align: center;\">ETIZOLAM PULVER<\/h4>\n<h4 style=\"text-align: center;\"><\/h4>\n<p>&nbsp;<\/p>","protected":false},"featured_media":1714,"comment_status":"open","ping_status":"closed","template":"","meta":{"content-type":""},"product_brand":[],"product_cat":[163],"product_tag":[],"class_list":{"0":"post-1703","1":"product","2":"type-product","3":"status-publish","4":"has-post-thumbnail","6":"product_cat-forschung-chemikalien","8":"first","9":"instock","10":"shipping-taxable","11":"purchasable","12":"product-type-variable"},"_links":{"self":[{"href":"https:\/\/kokaindrogekaufen.com\/sv\/wp-json\/wp\/v2\/product\/1703"}],"collection":[{"href":"https:\/\/kokaindrogekaufen.com\/sv\/wp-json\/wp\/v2\/product"}],"about":[{"href":"https:\/\/kokaindrogekaufen.com\/sv\/wp-json\/wp\/v2\/types\/product"}],"replies":[{"embeddable":true,"href":"https:\/\/kokaindrogekaufen.com\/sv\/wp-json\/wp\/v2\/comments?post=1703"}],"wp:featuredmedia":[{"embeddable":true,"href":"https:\/\/kokaindrogekaufen.com\/sv\/wp-json\/wp\/v2\/media\/1714"}],"wp:attachment":[{"href":"https:\/\/kokaindrogekaufen.com\/sv\/wp-json\/wp\/v2\/media?parent=1703"}],"wp:term":[{"taxonomy":"product_brand","embeddable":true,"href":"https:\/\/kokaindrogekaufen.com\/sv\/wp-json\/wp\/v2\/product_brand?post=1703"},{"taxonomy":"product_cat","embeddable":true,"href":"https:\/\/kokaindrogekaufen.com\/sv\/wp-json\/wp\/v2\/product_cat?post=1703"},{"taxonomy":"product_tag","embeddable":true,"href":"https:\/\/kokaindrogekaufen.com\/sv\/wp-json\/wp\/v2\/product_tag?post=1703"}],"curies":[{"name":"wp","href":"https:\/\/api.w.org\/{rel}","templated":true}]}}