{"id":1709,"date":"2023-06-27T19:20:33","date_gmt":"2023-06-27T18:20:33","guid":{"rendered":"https:\/\/kokaindrogekaufen.com\/?post_type=product&#038;p=1709"},"modified":"2024-11-07T19:51:27","modified_gmt":"2024-11-07T19:51:27","slug":"ketaminpulver-zum-verkauf","status":"publish","type":"product","link":"https:\/\/kokaindrogekaufen.com\/sv\/product\/ketaminpulver-zum-verkauf\/","title":{"rendered":"KETAMIN PULVER TILL SALU"},"content":{"rendered":"<h2>KETAMIN PULVER TILL SALU<\/h2>\n<p>Und nicht nur das: Wir haben auch hochwertiges Ketaminpulver zu verkaufen, und zwar fast zum Nulltarif. Ketamin pulver kann die Empfindungen im K\u00f6rper einschr\u00e4nken, so dass man sich wie abgesch\u00f6pft oder abgesondert f\u00fchlt, weil die Einsicht und der Rahmen isoliert sind, so dass viele Menschen nicht in der Lage sind, ihre Gef\u00fchle zu \u00e4ndern. Das weithin erh\u00e4ltliche Ketamin-HCL-Pulver ist ein h\u00e4ufig verwendetes dissoziatives Beruhigungsmittel bei Krampfanf\u00e4llen. Ketamin pulver zum Verkauf<\/p>\n<p>Detta \u00e4r ofta f\u00f6rknippat med insikt i den n\u00e4ra-d\u00f6den och \u00e4r ofta kallad &#034;post i K-hole&#034;. Om du f\u00f6rs\u00f6ker att hitta n\u00e5gon att Ketaset, har En direkt tillbaka till din egen sak, eller re-omst\u00e4ndigheter att \u00e5terst\u00e4lla, om m\u00f6jligt, undvik det h\u00e4r Problemet. F\u00f6r omedelbar klinisk hj\u00e4lp, ringa 911.Ketamin pulver till salu<\/p>\n<p>Allein aus diesen Zusammenstellungen lassen sich einige allgemeine Regeln f\u00fcr die Auswahl eines Fahrzeugs oder Lastwagens im Hinblick auf Hautprobleme und die Anwendungsstelle ableiten. Bei der Kombination von Wirkstoffen in einer Basis sollten die dermato-biopharmazeutischen Positionen des gesamten Ger\u00fcsts (Arzneimittel + Vehikel oder Vehikel) ber\u00fccksichtigt werden. Je nach Art und Dauer der Technik kann jedoch etwas mehr Diazepam erforderlich sein. Ketamin pulver zum Verkauf<\/p>\n<p>Den faktiska Situationen f\u00f6r patienten, liksom olika delar. Om du har n\u00e5gon av punkterna ovan n\u00e4mnts, \u00e4r det uppenbart att du \u00e4r ben\u00e4gna att drabbas av en nervskada eller degeneration i nervsystemet. Detta tillst\u00e5nd \u00e4r oftast orsakas av en onormal glukos, avser varje \u00e5r, ett par miljoner Amerikaner. Ketamin pulver till salu<\/p>\n<h3>KETAMIN PULVER ONLINE K\u00d6PA:<\/h3>\n<p>Diese Strategie der Erhaltungsdosierung kann die Rate der psychischen Anzeichen w\u00e4hrend des Anstiegs verringern, insbesondere die wunscherf\u00fcllenden Einsichten und den Beginn des Wahnsinns. Ketaminpulver wird als &#8222;dissoziatives Beruhigungsmittel&#8220; eingestuft und wird als Beruhigungsmittel in Pulver- oder Fl\u00fcssigform vor allem bei Tieren eingesetzt. Es kann infundiert, in Getr\u00e4nken verbrannt, gegrunzt oder in Joints oder Zigaretten gemischt werden. Ketamin pulver wurde 1999 in die Liste der kontrollierten Substanzen in den USA aufgenommen.Ketaminpulver zum Verkauf<\/p>\n<p>Sm\u00e4rtstillande s\u00e5som oxikodon eller Paracetamol anv\u00e4ndas f\u00f6r att behandla mild till m\u00e5ttlig sm\u00e4rta, och kan ocks\u00e5 anv\u00e4ndas f\u00f6r att minska den temperatur som anv\u00e4nds, om febern f\u00f6rekommer. Liknar andra Vanliga lugnande medel, det individuella svaret att Ketamin hydroklorid pulver varierar beroende p\u00e5 dos, behandling, och av patientens \u00e5lder, ett uttalande som kan n\u00e5got som inte ses som det. Ketamin pulver till salu<\/p>\n<p>Medicinen ska anpassas till individuella behov av en titrerad. Dock skelett massa b\u00f6r vara luckrats upp utan varning. Dessutom, f\u00f6r att l\u00e4ngre perioder av metoder. Innan du g\u00e5r till Montering av andra normala lugnande medel. P\u00e5 grund av Implantation av Ketamin hydrochloride. Det \u00e4r verkligen visat att st\u00f6d l\u00e5g effekt administrat\u00f6r. fakturering kicherndes Gas du Letar efter en kompetent klinisk uppm\u00e4rksamhet. Ketamin pulver till salu<\/p>\n<p>Detta \u00e4r ofta f\u00f6rknippat med insikt i den n\u00e4ra-d\u00f6den, och i vardagligt tal som &#034;i K-hole&#034; s\u00e4tt att g\u00e5. F\u00f6r att komma runt detta Problem n\u00e4r du f\u00f6rs\u00f6ker att hitta n\u00e5gon att Ketaset, har En direkt tillbaka till din egen sak, eller \u00e5tervinning av de omst\u00e4ndigheter som, om m\u00f6jligt. F\u00f6r omedelbar klinisk st\u00f6d.Att s\u00e4lja ketamin pulver<\/p>\n<h3>KETAMIN PULVER TILL SALU P\u00c5 N\u00c4TET:<\/h3>\n<p>Ketaminpulver hat eine intraven\u00f6se Halbwertszeit von 10 bis 15 Minuten und eine zugrunde liegende Schr\u00e4glage (Alpha-Segment) von etwa 45 Minuten. Dieser erste Schritt ist klinisch mit der sedierenden Wirkung des Medikaments verbunden. Der sedierende Verlauf gipfelt in einer Umstrukturierung des ZNS zu einem gem\u00e4chlicheren, angepassten Randgewebe und einer hepatischen Biotransformation zu einem Metaboliten. <a href=\"https:\/\/kokaindrogekaufen.com\/sv\/product\/ketamin-kristall-zu-verkaufen\/\">Ketaminpulver<\/a> zum Verkauf<\/p>\n<p>Den kan ocks\u00e5 anv\u00e4ndas som en intraven\u00f6s narkotiskt preparat sm\u00e4rtar relievers att behandla n\u00e5gon typ av definition sm\u00e4rta, s\u00e4rskilt neuropatisk sm\u00e4rta, kan anv\u00e4ndas. Det har den ytterligare f\u00f6rdelen att det v\u00e4ssa Ryggraden eller upphetsning symtom saldon, ansluten med den tidigare lidande. P\u00e5 dessa platser, de psykotropa biverkningar \u00e4r mycket mindre m\u00e4rkbar och bensodiazepiner har mycket god kontroll. Ketamin pulver till salu<\/p>\n<p>Ketamin pulver \u00e4r utan tvekan ett sm\u00e4rtstillande medel som fungerar b\u00e4st i kombination med en l\u00e5g dos av narkotika, eftersom det bara lindrar sm\u00e4rtan f\u00f6r en tillfredsst\u00e4llande lindring av den f\u00f6reskrivna doser \u00e4r mycket h\u00f6gre och leda till enda applikation snarare f\u00f6rvirrande biverkningar kan vara. Ketamin pulver har en desensibilisering effekt. Ketamin pulver till salu<\/p>\n<p>Mer information kommer att anv\u00e4ndas f\u00f6r att s\u00e4kerst\u00e4lla att du f\u00e5r framf\u00f6r en operation och tillr\u00e4ckligt med vila. Ketamin pulver till salu \u00e4r en drog som ofta anv\u00e4nds f\u00f6r induktion och underh\u00e5ll av anestesi. Andra l\u00e4kemedel kan minska dessa symtom \u00e4r vanligtvis s\u00e5 att du kan anv\u00e4nda ketamin forts\u00e4tta att l\u00e4ra sig utan dessa obehagliga biverkningar. Varaktigheten av effekten av ketamin beror p\u00e5 dosering och typ av administration. Att s\u00e4lja ketamin pulver<\/p>\n<h4>ATT S\u00c4LJA KETAMIN:<\/h4>\n<p>Bei h\u00f6heren Dosierungen werden die Wirkungen intensiver, und die Patienten berichten \u00fcber eine vollst\u00e4ndige und kategorische Trennung von ihrem K\u00f6rper. Die Wirkungen wurden so beschrieben, als h\u00e4tten sie einen geschlossenen Tod erlebt, und wurden w\u00e4hrend der Behandlung von Stress und Angst mit K-Gap\u201c-Ketaminpulver beschrieben. Die Wirkung einer intramuskul\u00e4ren Injektion tritt h\u00e4ufig innerhalb von vier Minuten ein, und die Dauer kann zwischen zwanzig und f\u00fcnfzehn Stunden liegen. Ketaminpulver zum Verkauf<\/p>\n<p>Narkos, vilket anges som en Viss K, Stort K och K-Vitamin, satt offer i ett trance-liknande tillst\u00e5nd, och minskar sm\u00e4rta. Ketamin pulver framst\u00e4lls som en injicerbara v\u00e4tska med ketamin. V\u00e5ra ketamin HCl pulver \u00e4r 99,9 % ren, eftersom det kommer fr\u00e5n mycket moderna laboratorium. Som med alla receptbelagda mediciner, konsumtion av hallucinationer av den mentala attityden hos den Person beror p\u00e5 det. Ketamin pulver till salu<\/p>\n<p>Auch hier werden die Halluzinationen wahrscheinlich unangenehm sein, wenn der Benutzer versucht, dem Absturz zu entkommen. Es wird h\u00f6chstwahrscheinlich davon abh\u00e4ngen, aus welchem Grund Sie Ketaminpulver verwenden und wie Ihre Schmerzen auf das Verfahren reagieren. Wenn Sie bei der Einnahme von Ketaminpulver keine negativen Nebenwirkungen versp\u00fcren, k\u00f6nnen Sie es weiterhin verwenden. W\u00e4hrend der Behandlung muss Ihr medizinischer Betreuer m\u00f6glicherweise die Dosis anpassen. Jeder Mensch reagiert anders auf Medikamente. Ketaminpulver zum Verkauf<\/p>\n<p>Im Folgenden sind einige der negativen Auswirkungen von Ketaminpulver aufgef\u00fchrt, die Ihnen m\u00f6glicherweise nicht bekannt sind. Jede negative Nebenwirkung sollte sofort Ihrem Arzt mitgeteilt werden. Wenn Ketamin missbraucht wird, wird es geschluckt oder zu einem Schnupfpulver verdampft. Da es weder geruchs- noch geschmacksintensiv ist, kann es unbemerkt in Getr\u00e4nke gemischt werden, was zu Ged\u00e4chtnisverlust f\u00fchrt. Ketaminpulver wird zur Sedierung von Patienten vor einer Operation verwendet. Ketaminpulver zum Verkauf<\/p>\n<p>Dadurch werden Reizungen und Schmerzen durch die Methode und einige andere gesundheitsbezogene Studien verhindert. Dar\u00fcber hinaus setzen \u00c4rzte Ketaminpulver auch aus anderen Gr\u00fcnden ein. Ketamin-Pulver zum Verkauf im Internet in das Pulver hilft uns in einer Vielzahl von M\u00f6glichkeiten, einschlie\u00dflich Schmerzmittel, Chirurgie, Fusionstherapie, und Schlachtfeld Unf\u00e4lle, aber wie andere Drogen, ist es h\u00e4ufig missbraucht, aber wenn sie verantwortungsvoll eingesetzt, kann es die gleiche Wirkung wie andere Todesk\u00e4mpfer haben. Ketaminpulver zu verkaufen<\/p>\n<h5>MER:<\/h5>\n<p>Die Bedeutung von Ketaminpulver kann nicht hoch genug eingesch\u00e4tzt werden. Es wird vor allem zur Behandlung von Krankheiten wie Depressionen und Schmerzen sowie bei Operationen und von Tier\u00e4rzten eingesetzt. <a href=\"https:\/\/thcvapecarts.net\" target=\"_blank\" rel=\"noopener\">Manche<\/a> Menschen missbrauchen Ketamin, weil sie es mit einer Clubdroge wie Molly oder Kokain verwechseln. Die Beschaffung von Ketamin pulver ist also kein Problem mehr. Das Problem wird in diesem Artikel gr\u00f6\u00dftenteils gel\u00f6st: Wissen Sie, welche Dosis Sie nehmen m\u00fcssen und wie Sie sie einfach einnehmen k\u00f6nnen? Ketamin wird in der Regel in Getr\u00e4nken verabreicht oder konsumiert. Ketaminpulver zum Verkauf<\/p>\n<p>Vielleicht noch besorgniserregender ist, dass bei Konsumenten von Ketaminpulver (Ketalar) \u00dcbelkeit auftreten kann. Wenn dies zu Erbrechen f\u00fchrt, kann dies \u00e4u\u00dferst gef\u00e4hrlich sein, da Personen, die sich auf halbem Weg durch eine dissoziierte Verwirrung befinden, h\u00e4ufig auf dem R\u00fccken landen, was eine erhebliche Erstickungsgefahr darstellt. Ebenso setzen viele Menschen Zigaretten an. Der Konsum von Ketamin kann eine Reihe von Nebenwirkungen haben. Diese Wirkungen k\u00f6nnen bei M\u00e4nnern und Frauen \u00fcber 65 Jahren st\u00e4rker ausgepr\u00e4gt sein.<\/p>\n<p>Die Dauer der Wirkung von Ketamin pulver h\u00e4ngt von der Dosierung und der Art der Verabreichung ab. Die Wirkung einer intramuskul\u00e4ren Injektion tritt innerhalb von vier Minuten ein und kann zwischen zwanzig und drei\u00dfig Minuten andauern. Einige Menschen k\u00f6nnen \u00fcberm\u00e4\u00dfig empfindlich auf die Aussagen reagieren. Ihr Facharzt f\u00fcr Schmerztherapie wird mit Ihnen eine der einfachsten M\u00f6glichkeiten besprechen, Ketamin in Betracht zu ziehen. Wenn m\u00f6glich, wird Ketamin pulver oral als fl\u00fcssiges Medikament verabreicht. Die meisten Patienten nehmen Ketamin drei- bis viermal pro Tag ein.<\/p>","protected":false},"excerpt":{"rendered":"<p>KETAMINPULVER ZUM VERKAUF Und nicht nur das: Wir haben auch hochwertiges Ketaminpulver zu verkaufen, und zwar fast zum Nulltarif. Ketamin pulver kann die Empfindungen im K\u00f6rper einschr\u00e4nken, so dass man sich wie abgesch\u00f6pft oder abgesondert f\u00fchlt, weil die Einsicht und der Rahmen isoliert sind, so dass viele Menschen nicht in der Lage sind, ihre Gef\u00fchle zu \u00e4ndern. Das weithin erh\u00e4ltliche Ketamin-HCL-Pulver ist ein h\u00e4ufig verwendetes dissoziatives Beruhigungsmittel bei Krampfanf\u00e4llen. Ketamin pulver zum Verkauf Dies wird h\u00e4ufig mit der Einsicht in den nahen Tod in Verbindung gebracht und wird gemeinhin als &#8222;Eintritt in das K-Loch&#8220; bezeichnet. Wenn Sie versuchen, jemanden auf\u2026<\/p>","protected":false},"featured_media":1715,"comment_status":"open","ping_status":"closed","template":"","meta":{"content-type":""},"product_brand":[],"product_cat":[163],"product_tag":[],"class_list":{"0":"post-1709","1":"product","2":"type-product","3":"status-publish","4":"has-post-thumbnail","6":"product_cat-forschung-chemikalien","8":"first","9":"instock","10":"shipping-taxable","11":"purchasable","12":"product-type-variable"},"_links":{"self":[{"href":"https:\/\/kokaindrogekaufen.com\/sv\/wp-json\/wp\/v2\/product\/1709"}],"collection":[{"href":"https:\/\/kokaindrogekaufen.com\/sv\/wp-json\/wp\/v2\/product"}],"about":[{"href":"https:\/\/kokaindrogekaufen.com\/sv\/wp-json\/wp\/v2\/types\/product"}],"replies":[{"embeddable":true,"href":"https:\/\/kokaindrogekaufen.com\/sv\/wp-json\/wp\/v2\/comments?post=1709"}],"wp:featuredmedia":[{"embeddable":true,"href":"https:\/\/kokaindrogekaufen.com\/sv\/wp-json\/wp\/v2\/media\/1715"}],"wp:attachment":[{"href":"https:\/\/kokaindrogekaufen.com\/sv\/wp-json\/wp\/v2\/media?parent=1709"}],"wp:term":[{"taxonomy":"product_brand","embeddable":true,"href":"https:\/\/kokaindrogekaufen.com\/sv\/wp-json\/wp\/v2\/product_brand?post=1709"},{"taxonomy":"product_cat","embeddable":true,"href":"https:\/\/kokaindrogekaufen.com\/sv\/wp-json\/wp\/v2\/product_cat?post=1709"},{"taxonomy":"product_tag","embeddable":true,"href":"https:\/\/kokaindrogekaufen.com\/sv\/wp-json\/wp\/v2\/product_tag?post=1709"}],"curies":[{"name":"wp","href":"https:\/\/api.w.org\/{rel}","templated":true}]}}