{"id":1722,"date":"2023-06-27T19:20:42","date_gmt":"2023-06-27T18:20:42","guid":{"rendered":"https:\/\/kokaindrogekaufen.com\/?post_type=product&#038;p=1722"},"modified":"2024-08-01T10:55:00","modified_gmt":"2024-08-01T09:55:00","slug":"meskalin-zu-verkaufen","status":"publish","type":"product","link":"https:\/\/kokaindrogekaufen.com\/sv\/product\/meskalin-zu-verkaufen\/","title":{"rendered":"ATT S\u00c4LJA MESKALIN"},"content":{"rendered":"<h2>ATT S\u00c4LJA MESKALIN<\/h2>\n<p>Trotzdem k\u00f6nnen Sie bei uns Meskalin kaufen, denn wir haben hochwertiges Mes-kalin im Angebot. Die Wirkung von Mes-kalin h\u00e4lt zehn bis zw\u00f6lf Stunden an, aber die Verwendung von Meskalin in einer Zeremonie kann bis zu zwei Tage dauern. Es handelt sich um ein Stimulans oder Halluzinogen. Mes-kalin hat eine Affinit\u00e4t zu Leberproteinen, aber nicht zu Plasmaproteinen. Es ist in den Randgeweben weit verbreitet. Es wird nicht nur wahrgenommen, sondern auch angenommen, dass die F\u00f6rdermenge bei mehreren L\/kg liegt.<\/p>\n<p>Meskalin l\u00f6st einen ver\u00e4nderten Bewusstseinszustand aus, in dem die Menschen auf n\u00fctzliche Weise eine ver\u00e4nderte Kontemplation und Gedanken erleben. Dieser Zustand wird h\u00e4ufig als befriedigend, euphorisch und lustvoll beschrieben. Die Droge scheint die normale Zusammenarbeit der Nervenzellen und Synapsen im Gehirn zu st\u00f6ren. Mes-kalin war das erste Halluzinogen, bei dem die Verbindung unterbrochen wurde. Arthur Heffter extrahierte Meskalin aus Peyote und testete es 1896 an sich selbst.<\/p>\n<p>Dies f\u00fchrt dazu, dass der Anblick, der Geruch, das Aussehen und die Erfahrung von <a href=\"https:\/\/kokaindrogekaufen.com\/sv\/product\/kaufen-kaliumzyanid-zum-verkauf\/\">Dingen<\/a> in der realen Welt seltsam verdreht werden. Gef\u00fchle k\u00f6nnen auch \u00fcbertrieben oder fehl am Platze sein, da der Verstand durch den Stoff angeregt wird. Die l\u00e4ngere Einnahmedauer k\u00f6nnte ein gr\u00f6\u00dferes Zeitfenster f\u00fcr die Erholung und die M\u00f6glichkeit bieten, sich in mentalen Pl\u00e4nen f\u00fcr einige mentale Zust\u00e4nde zurechtzufinden, die zus\u00e4tzlich unbeherrschbar sein k\u00f6nnen, und f\u00fcr Personen, die zus\u00e4tzliche unerh\u00f6rte Anzeichen oder Nebenwirkungen zeigen. Meskalin zu verkaufen<\/p>\n<h3>MESKALIN K\u00d6PA ONLINE:<\/h3>\n<p>Du kan hitta en m\u00e4ngd olika psykoaktiva \u00f6knen v\u00e4xter. I till\u00e4gg till 70 arter som idag, ca 300 \u00f6knen v\u00e4xter kan betraktas som en psyko-aktiva \u00e4mnen. Dessutom, det beh\u00f6ver inte alltid vara meskalin. Motst\u00e5nd kan uppst\u00e5 med upprepade intag av ett par G\u00e5nger till flera g\u00e5nger. Korsresistens med andra receptbelagda substanser som LSD och Psilocybin, \u00e4r ocks\u00e5 m\u00f6jligt. Att s\u00e4lja meskalin<\/p>\n<p>Auf den ersten Blick k\u00f6nnte man meinen, dass Echinopsis amnesia genauso aussieht wie andere Sorten der Meskalin-Stachelblume. Er hat eine \u00e4hnliche Form wie Echinopsis pachanoi und Echinopsis lageniform, und es gibt kleine Ausl\u00e4ufer von Stacheln, die sich \u00fcber die gesamte L\u00e4nge des Kaktus erstrecken. Stimulanzien im Allgemeinen und Meskalin im Besonderen werden nur selten ber\u00fccksichtigt. Der Gro\u00dfteil der Forschung hat sich auf die nahe gelegene Bindung an Serotonin konzentriert. Mes-kalin zu verkaufen<\/p>\n<p>Viele andere sind derzeit unter Ber\u00fccksichtigung der \u00c4hnlichkeiten zwischen Mes-kalin und Amphetamin, die es teilt eine fast identische Synthese. San Pedro verst\u00e4rkt visuelle Vorstellungen und geistige Bewegungen. Die tats\u00e4chliche Belastung ist nicht so emp\u00f6rend wie Peyote oder Peruvian Torch, und trotz der Tatsache, dass es eine sch\u00f6ne au\u00dfergew\u00f6hnliche in der Natur ist, ist es nicht so r\u00fcttelnd, zus\u00e4tzlich zu wirklich einladend. Meskalin zu verkaufen<\/p>\n<h3>MESKALIN TILL SALU P\u00c5 N\u00c4TET:<\/h3>\n<p>Denna styrka s\u00e4nder mer \u00e4n en hallucinogen drog p\u00e5 en ers\u00e4ttare. Med andra ord: En stark individ som konsumeras meskalin, ocks\u00e5 skulle ha en betydande motst\u00e5nd till LSD. Graden av motst\u00e5nd i kroppen till \u00e4mnet \u00e5terg\u00e5r till en normal niv\u00e5, men konsumenten exponeras f\u00f6r. Ett visst missbruk av meskalin som en drog i den sista halvan av det tjugonde \u00e5rhundradet, \u00e4ven om det \u00e4r s\u00e4llan. Meskalin till salu<\/p>\n<p>Sportliche Kunden sind Menschen, die Medikamente eher wegen des Geldes kaufen, das sie damit verdienen, als aus medizinischen Gr\u00fcnden. Diese Substanzen k\u00f6nnen einen negativen Einfluss auf Ihre unbesiegbare Strategie haben. Sie k\u00f6nnen auch die meisten Krankheiten (z. B. k\u00f6nnen die krebserregenden Wirkungen in Mes-kalin-Pulver-Benzodiazepin-Mischungen Ihr Krebsrisiko erh\u00f6hen), Krampfanf\u00e4lle und andere anfallsbezogene Indikatoren verursachen. Mes-kalin zu verkaufen<\/p>\n<p>F\u00f6r n\u00e4stan alla bensodiazepiner, det finns ingen godk\u00e4nd medicinsk behandling. En del forskning tyder p\u00e5 att vissa personer med extrema begr\u00e4nsningar och beroenden av olika droger kan anv\u00e4nda en stor m\u00e4ngd bensodiazepiner f\u00f6r din specifika anv\u00e4ndning. M\u00e4ngden av Bensodiazepiner i blodet \u00e4r proportionell till m\u00e4ngden l\u00e4kemedel du tar. M\u00e4tning av medicinering. Att s\u00e4lja meskalin<\/p>\n<h3>ATT S\u00c4LJA MESKALIN PULVER:<\/h3>\n<p>Andra fysiska och psykologiska faktorer kan bidra till en bensodiazepin beroende. Bensodiazepiner och liknande \u00e4mnen. Den r\u00e4ttsliga arv av meskalin och dess viktigaste komponent, Peyote, \u00e4r omfattande och en bit av ett problem. Meskalin verkar genom att binda till olika typer av receptorer i den m\u00e4nskliga hj\u00e4rnan, f\u00f6r att f\u00e5 effekt. Den st\u00f6rsta delen av dess psykoaktiva effekt beror p\u00e5 dess f\u00f6rm\u00e5ga att aktivera serotoninreceptorn 5-HT2A och 5-HT2C. Begr\u00e4nsning av dess anv\u00e4ndning f\u00f6r sport\u00e4ndam\u00e5l \u00e4r uppenbart. Att s\u00e4lja meskalin<\/p>\n<p>Meskalin ist als Plan-I-Droge eingestuft, was bedeutet, dass es keinen medizinischen Grund gibt, warum es verlegt oder verwendet werden sollte. Dies kann schwere Strafen nach sich ziehen, z. B. Inhaftierung und hohe Geldstrafen. Peyote, alles in allem, ist ein erweiterter Teil der strengen Zeremonien der indigenen Amerikaner. Die Menschen haben Halluzinogene Hunderte von Malen verwendet, haupts\u00e4chlich f\u00fcr Rituale oder religi\u00f6se Zeremonien. Mes-kalin zu verkaufen<\/p>\n<p>Peyote wurde erstmals von den indigenen V\u00f6lkern Nordmexikos und des S\u00fcdwestens der Vereinigten Staaten als Teil der \u00fcblichen religi\u00f6sen Riten verwendet. Obwohl Meskalin keine bekannte Stra\u00dfendroge ist, nimmt es in der Drogenszene einen besonderen Platz ein, insbesondere bei den K\u00e4ufern psychedelischer Drogen, die glauben, dass psychedelische Kakteen, wie Zauberpilze und Marihuana, heilige Pflanzen sind, die aufgrund ihrer nat\u00fcrlichen Herkunft verehrt werden sollten. Mes-kalin zu verkaufen<\/p>\n<h4>MESKALIN ATT S\u00c4LJA PILLER:<\/h4>\n<p>Meskalin wird in erster Linie zu Erholungszwecken verwendet, kann aber auch als Hilfsmittel bei verschiedenen Arten von Meditation und psychedelischer Therapie eingesetzt werden. In den Vereinigten Staaten ist es als Schedule I-Droge eingestuft, was es in allen Formen (einschlie\u00dflich Peyote) illegal macht; es ist jedoch in einigen von der Kirche der amerikanischen Ureinwohner registrierten religi\u00f6sen Zeremonien legal. Die in den Listen 1, 2 und 3 aufgef\u00fchrten Drogen haben ein h\u00f6heres Missbrauchspotenzial, werden in den Vereinigten Staaten derzeit nicht f\u00fcr Behandlungsmethoden im Gesundheitswesen eingesetzt und sind nachweislich nicht sicher genug f\u00fcr die Verwendung im Gesundheitswesen. Mes-kalin zu verkaufen<\/p>\n<p>Meskalin ist eine psychedelische Verbindung, die in einer Vielzahl von Kakteen vorkommt. Meskalin, auch bekannt als 3, 4, 5,<a href=\"https:\/\/thcvapecarts.net\" target=\"_blank\" rel=\"noopener\"> Trimethoxyphenethylamin<\/a>, ist ein Alkaloid, das sich nat\u00fcrlich in seinen Phenethylamin-Eltern entwickelt. Die halluzinogenen und kognitiven Wirkungen sind mit denen von LSD, Psilocybin und DMT vergleichbar.Mes-kalin zu verkaufen<\/p>\n<p>W\u00e4hrend Halluzinationen eine vorhersehbare oder vielleicht sogar erw\u00fcnschte Nebenwirkung halluzinogener Drogen sind, k\u00f6nnen sie in manchen F\u00e4llen viel beunruhigender oder erschreckender sein als erwartet. Mes-kalin erzeugt lebhafte visuelle Halluzinationen, die f\u00fcr den Peyote-Kult der Ureinwohner notwendig waren. Es hat eine \u00e4hnliche Wirkung wie LSD oder Psilocybin (Pilze), die beide verschreibungspflichtige halluzinogene Drogen sind. Mes-kalin zu verkaufen<\/p>\n<p>Da es sich bei diesen Erkrankungen um eine Einbahnstra\u00dfe mit Serotoninmangel handelt, umfasst Mes-kalin viele vermutete Gesundheitsprobleme, einschlie\u00dflich Alkoholismus und aussichtslose Behandlungsmethoden. Jemand mag eines Tages auf Mes-kalin umsteigen und den Erfolg seines (oder ihres) ver\u00e4nderten Bewusstseins genie\u00dfen. Dann kann man am n\u00e4chsten Tag schreckliche Erkenntnisse haben. Mes-kalin zu verkaufen<\/p>\n<h5>MER:<\/h5>\n<p>Mes-kalin aktiviert auch Serotonin- und Dopaminrezeptoren, was die Stimmung verbessern und Hoffnungslosigkeit verursachen kann. Mes-kalin ist im Allgemeinen ein nat\u00fcrlich vorkommendes psychedelisches Alkaloid aus der Klasse der Phenethylamine, das f\u00fcr seine halluzinogenen Wirkungen \u00e4hnlich denen von LSD und Psilocybin bekannt ist. Wie die meisten psychedelischen Halluzinogene macht Mes-kalin physisch nicht s\u00fcchtig; es kann jedoch eine Toleranz hervorrufen, was bedeutet, dass h\u00f6here Dosen erforderlich sind, um genau die gleiche halluzinogene Wirkung zu erzielen. Mes-kalin, das Kakteen enth\u00e4lt, kann zu starkem Erbrechen und \u00dcbelkeit f\u00fchren, was bei den amerikanischen Ureinwohnern ein Grundnahrungsmittel ist. Mes-kalin zu verkaufen<\/p>","protected":false},"excerpt":{"rendered":"<h3 style=\"text-align: center;\">MESKALIN<\/h3>\n<hr \/>\n<p>Tauchen Sie ein in die vielf\u00e4ltige Auswahl von Meskalin &#8211; Ihrem Onlineshop f\u00fcr besondere Produkte und Geschenkideen. Jetzt entdecken und begeistern lassen!<\/p>","protected":false},"featured_media":1746,"comment_status":"open","ping_status":"closed","template":"","meta":{"content-type":""},"product_brand":[],"product_cat":[163],"product_tag":[],"class_list":{"0":"post-1722","1":"product","2":"type-product","3":"status-publish","4":"has-post-thumbnail","6":"product_cat-forschung-chemikalien","8":"first","9":"instock","10":"shipping-taxable","11":"purchasable","12":"product-type-variable"},"_links":{"self":[{"href":"https:\/\/kokaindrogekaufen.com\/sv\/wp-json\/wp\/v2\/product\/1722"}],"collection":[{"href":"https:\/\/kokaindrogekaufen.com\/sv\/wp-json\/wp\/v2\/product"}],"about":[{"href":"https:\/\/kokaindrogekaufen.com\/sv\/wp-json\/wp\/v2\/types\/product"}],"replies":[{"embeddable":true,"href":"https:\/\/kokaindrogekaufen.com\/sv\/wp-json\/wp\/v2\/comments?post=1722"}],"wp:featuredmedia":[{"embeddable":true,"href":"https:\/\/kokaindrogekaufen.com\/sv\/wp-json\/wp\/v2\/media\/1746"}],"wp:attachment":[{"href":"https:\/\/kokaindrogekaufen.com\/sv\/wp-json\/wp\/v2\/media?parent=1722"}],"wp:term":[{"taxonomy":"product_brand","embeddable":true,"href":"https:\/\/kokaindrogekaufen.com\/sv\/wp-json\/wp\/v2\/product_brand?post=1722"},{"taxonomy":"product_cat","embeddable":true,"href":"https:\/\/kokaindrogekaufen.com\/sv\/wp-json\/wp\/v2\/product_cat?post=1722"},{"taxonomy":"product_tag","embeddable":true,"href":"https:\/\/kokaindrogekaufen.com\/sv\/wp-json\/wp\/v2\/product_tag?post=1722"}],"curies":[{"name":"wp","href":"https:\/\/api.w.org\/{rel}","templated":true}]}}