{"id":1729,"date":"2023-06-27T19:20:43","date_gmt":"2023-06-27T18:20:43","guid":{"rendered":"https:\/\/kokaindrogekaufen.com\/?post_type=product&#038;p=1729"},"modified":"2024-07-31T09:14:08","modified_gmt":"2024-07-31T08:14:08","slug":"kaufen-kaliumzyanid-zum-verkauf","status":"publish","type":"product","link":"https:\/\/kokaindrogekaufen.com\/sv\/product\/kaufen-kaliumzyanid-zum-verkauf\/","title":{"rendered":"KALIUMCYANID TILL SALU"},"content":{"rendered":"<h3>KALIUMCYANID TILL SALU<\/h3>\n<p>Dock erbjuder vi h\u00f6g kvalitet, rena kaliumcyanid till mycket rimliga priser f\u00f6r f\u00f6rs\u00e4ljning. Kaliumcyanid anv\u00e4nds ofta i samband med strategin KCN. Detta molnigt, glas-som salt som till utseendet liknar socker, \u00e4r ett kraftfullt l\u00f6sningsmedel i dricksvatten. Kaliumcyanid \u00e4r en kraftfull b\u00e4rbar andnings-h\u00e4mmare, som agerar p\u00e5 mitokondriell cytokrom-c-Oxidas och oxidativ fosforylering h\u00e4mmar. Som en f\u00f6ljd av anaerob nedbrytning, den kommer d\u00e5 att en mj\u00f6lksyra f\u00f6rgiftning.<\/p>\n<p>Sv\u00e5r cyanid skada leder f\u00f6rst till en m\u00f6rk r\u00f6d eller r\u00f6daktig f\u00e4rg p\u00e5 offret eftersom de v\u00e4vnader som inte har m\u00f6jlighet att utnyttja syre i blodet. Effekterna av kalium och natrium cyanid \u00e4r samma, och de symptom av skadan sker oftast inom ett par minuter efter intag av \u00e4mnet: Den Person som \u00e4r m\u00f6rklagda, och d\u00f6den av cerebrum f\u00f6ljer s\u00e5 sm\u00e5ningom. Tobaksr\u00f6k inneh\u00e5ller cyanid, liksom f\u00f6rbr\u00e4nning resultat av f\u00f6rfalskade produkter, som till exempel plast. Kaliumcyanid till salu<\/p>\n<p>KALIUMZYANID ZUM VERKAUF Zyanid ist bei der Herstellung von Papier, Stoffen und Kunststoffen sehr beliebt. Es ist derzeit in der Substanz, die intensiviert und wird verwendet, um Fotos zu erstellen. In der Metallurgie werden Zyanidsalze zur Galvanisierung, Metallreinigung und zur Entfernung von Gold aus dem Metall verwendet. W\u00e4hrend dieser Zeit kann der Verunfallte Kr\u00e4mpfe erleiden. Die Zahl der Todesopfer ist auf eine zerebrale Hypoxie zur\u00fcckzuf\u00fchren. Die Beschaffung von Kaliumcyanid ist nahezu unm\u00f6glich, auch wenn es einen Bericht \u00fcber den Verkauf von Kaliumcyanid aus China im Diskussionsforum des Tranquil Tablet Handbook gab. Kaliumcyanid zu verkaufen<\/p>\n<h4>KALIUMCYANID K\u00d6PA ONLINE:<\/h4>\n<p>Betydligt, kalium cyanid \u00e4r mycket giftigt. Genom hydrolys syra, som har en obehaglig smak av mandel \u00e4r producerade i v\u00e5tt Stall bl\u00e5. Generellt, inte alla har m\u00f6jlighet att g\u00f6ra denna erfarenhet. Personer som \u00e4r utsatta f\u00f6r en liten m\u00e4ngd bl\u00e5syra som vid inandning, hud att beh\u00e5lla eller \u00e4ta mat, v\u00e4tecyanid som finns kan l\u00e4ra sig i Allm\u00e4nhet, och inom n\u00e5gra minuter, n\u00e5gra av f\u00f6ljande symtom: yrsel, huvudv\u00e4rk, kr\u00e4kningar och Illam\u00e5ende, snabb Inandning, hj\u00e4rtklappning, rastl\u00f6shet, k\u00e4nsla av svaghet. Kaliumcyanid till salu<\/p>\n<p>Intensiv cyanid konsumtion \u00e4r f\u00f6rmodligen en fantastisk, snabb Start-up, som har en inverkan omedelbart p\u00e5 in\u00e4lvorna, och en ov\u00e4ntad kollaps, ett beslag, eller extrem tr\u00f6tthet orsakat. Best\u00e5ende skador som orsakas av intag eller det biologiska Systemet har en gradvis b\u00f6rjan av heren. Kaliumcyanid piller en d\u00f6dlig dos (m\u00e4nskliga) p\u00e5 200 till 300 mg. Dess giftighet vid f\u00f6rt\u00e4ring, best\u00e4ms av sk\u00e4rpan i magen, som en fr\u00e4tande och cyanv\u00e4te, den d\u00f6dliga strategi f\u00f6r cyanid ska svara. Kaliumcyanid till salu<\/p>\n<p>Vi f\u00e5r inte f\u00f6rv\u00e4xla v\u00e5ra f\u00f6rpackningar med en betydande sammanslagning av vilket g\u00f6r den till en s\u00e4rskilt charmig eller tidskr\u00e4vande. Vi vet att de flesta kunder bara beh\u00f6ver h\u00f6g-kvalitet-piller, och v\u00e5ra f\u00f6rpackningar \u00e4r utformade p\u00e5 ett s\u00e4tt som skyddar din investering. Kaliumcyanid kan f\u00f6rberedas i projekt beroende p\u00e5 syftet med anv\u00e4ndningen p\u00e5 olika s\u00e4tt. Som en betrodd organisationer och leverant\u00f6rer av kaliumcyanid, vi erbjuder till 99,8 % ren KCN (kaliumcyanid), som \u00e4r k\u00e4nd f\u00f6r sin h\u00f6ga l\u00f6nsamhet k\u00e4nd. Kaliumcyanid till salu<\/p>\n<h4>KALIUMCYANID TILL SALU P\u00c5 N\u00c4TET:<\/h4>\n<p>Wir verf\u00fcgen derzeit \u00fcber ein unbegrenztes Angebot an qualitativ hochwertigem KALIUMZYANID ZUM VERKAUF\u00a0 Kaliumcyanid zum g\u00fcnstigsten Preis. Kaliumcyanid ist wie Natriumcyanid extrem zerst\u00f6rerisch, unbestreitbar giftig und wirkt selbst in kleinsten Mengen schnell. Die Exposition gegen\u00fcber Kaliumcyanid in fester Form kann extrem gef\u00e4hrlich sein, da es langsam giftige Gase in die Luft abgibt, die dann durch Einatmen abget\u00f6tet werden. Kaliumcyanid zum Verkauf<\/p>\n<p>Kaliumcyanid \u00e4r kommersiellt beredd genom reaktion av cyanv\u00e4te med en Fl\u00fcssigkur, n\u00e4r vattnet \u00e4r borta, s\u00e5 att friska kaliumcyanid bildas. Cyanid \u00e4r ofta ett d\u00f6dligt \u00e4mne, som kan anv\u00e4ndas f\u00f6r livsmedel med d\u00f6dlig utg\u00e5ng. Om du s\u00f6ker p\u00e5 Internet f\u00f6r cyanid, kan du l\u00e4ra dig en hel del. Det \u00e4r viktigt att alla Partier \u00e4r \u00f6verens om att deras strategi \u00e4r att arbeta smidigt. Kaliumcyanid till salu<\/p>\n<p>Kaliumcyanid piller \u00e4r ett massivt skada f\u00f6rening som \u00e4r en h\u00e4mmare av m\u00e5nga metabola strategier och, i synnerhet, som utv\u00e4rdering av reagens som anv\u00e4nds f\u00f6r representation av chemoreceptors anv\u00e4nds. P\u00e5 grund av dess extremt l\u00f6sa egendom, anv\u00e4nds vid galvanisering och i guld gruvindustrin. Dessutom ger vi till v\u00e5ra gener\u00f6sa givare kaliumcyanid till ett l\u00e5gt pris. M\u00f6jligheterna f\u00f6r v\u00e5r produkt \u00e4r listade nedan. Det \u00e4r en vit eller \u00e5ngande, transparent tyg med en liten mandeldoft (en konsekvens av Cyanid partiklar). Kaliumcyanid till salu<\/p>\n<h4>KALIUMCYANID PULVER F\u00d6R F\u00d6RS\u00c4LJNING:<\/h4>\n<p>Det har en tjocklek p\u00e5 1. 52 g\/ml, trots en kondenseringstemperatur av 634. 5 \u00b0C. cyanid \u00e4r mycket giftigt och b\u00f6r bara anv\u00e4ndas f\u00f6r ett enda, snabbt, effektivt, enkelt, och fridfulla d\u00f6da som anv\u00e4nds. Cyanid \u00e4r ocks\u00e5 lika d\u00f6dlig beh\u00e5llare eller d\u00f6 tablett k\u00e4nd. Kaliumcyanid \u00e4r en mycket giftig substans, som anv\u00e4nds f\u00f6r att snabbt och effektivt utf\u00f6rande. Det var ocks\u00e5 anv\u00e4ndas i fisket, i syfte att d\u00f6da fisk och f\u00f6r att f\u00e5 ur vattnet, en metod som \u00e4r idag p\u00e5 grund av k\u00e4nda best\u00e5ndsdelar olagligt. Kaliumcyanid till salu<\/p>\n<p>En ytterligare f\u00f6rklaring till kaliumcyanid, \u00e5teranv\u00e4ndning av Guld. Som en vetenskaplig expert, ser jag mig tvingad till det faktum att den f\u00f6rsta strategin som f\u00f6resl\u00e5s inte kommer att leda till n\u00e5gon ren kaliumcyanid. Beroende p\u00e5 antalet reagenser, kommer du fortfarande har en betydande kaliumhydroxid f\u00e4rgning. Ett annat m\u00e5l f\u00f6r kaliumcyanid, \u00c5tervinning av Guld och silver fr\u00e5n skrot st\u00e5l, ett \u00e4mne som kommer att diskuteras p\u00e5 grundval av de redan n\u00e4mnda toxicitet av cyanider h\u00e5rd. Dess huvudsakliga anv\u00e4ndningsomr\u00e5den \u00e4r i normala och naturliga blandning, liksom i produktionen av m\u00e5nga viktiga \u00e4mnen, plast och godk\u00e4nda l\u00e4kemedel. Kaliumcyanid till salu<\/p>\n<p>Det finns ocks\u00e5 flera studier om cyanid-inducerad d\u00f6den finns. Detta kan g\u00f6ras fr\u00e5n en stabil anslutning (KOH) och en svag Etchant (HCN). Det \u00e4r faktiskt som anv\u00e4nds f\u00f6r utvinning av Guld, silver och andra metaller. Det \u00e4r en av cyanid platser i samband med f\u00f6rfall av Kaliumferrocyanid framf\u00f6r Castner-teknik. S\u00e4lja kaliumcyanid<\/p>\n<h4>S\u00c4LJA KALIUMCYANID PILLER:<\/h4>\n<p>Unstimmigkeiten im Herzen sind h\u00e4ufig. Der fokal beginnende Atemstillstand f\u00fchrt zum Tod. KALIUMZYANID ZUM VERKAUF Blaue Lippen, verminderter Bluthochdruck und<a href=\"https:\/\/lsdkaufen.store\/\" target=\"_blank\" rel=\"noopener\"> Krampfanf\u00e4lle<\/a> sind Anzeichen daf\u00fcr. F\u00fcr den Kunden\/die Zielperson, der\/die keine tats\u00e4chlichen Folgen einer Zyanidvergiftung zeigt, k\u00f6nnen extrem vorsichtige Wahrnehmung, zus\u00e4tzlicher Sauerstoff und starke R\u00fccksichtnahme eine ausreichende Behandlung sein.<\/p>\n<p>Den ursprungliga behandling f\u00f6r Personen i fr\u00e5ga, som visar de fysiska effekterna av cyanid f\u00f6rgiftning, som omfattar organisation av behandlingar under tillsyn av en klinisk expert, andning och cirkulation (syre och intraven\u00f6s v\u00e4tska), inr\u00e4ttande av syntetiska oj\u00e4mn tecken i blodet och \u00d6vervakning av beslag. Dessutom finner till\u00e4mpning i fr\u00e5ga om kombinationen av Hydantoins, den stora bluff kan vara mellan produkter n\u00e4r det reagerar med en carbonyl f\u00f6rening s\u00e5som en Aldehyd-eller keton i n\u00e4rvaro av hjorthornssalt. Kaliumcyanid till salu<\/p>\n<p>J\u00e4st-medierad omvandling av bensaldehyd till acetaldehyd \u00e4r helt \u00f6vertygande, eftersom det \u00e4r en av de f\u00f6rsta mekaniskt betydande mikrobiell f\u00f6r\u00e4ndringar, syntetiskt d\u00e4r den resulterande Acyloin nu d-efedrin \u00e4r. Kaliumcyanid \u00e4r ett utm\u00e4rkt H\u00e4mmare av cellandningen, som agerar p\u00e5 mitokondriell cytokrom-c-Oxidas och oxidativ fosforylering h\u00e4mmar. Kaliumcyanid till salu<\/p>\n<p>Som en f\u00f6ljd av anaerob metabolism \u00e4r mj\u00f6lksyra f\u00f6rgiftning. Eftersom tyget inte kan anv\u00e4nda syre i blodet, leder till en allvarlig cyanid skador, f\u00f6rst till en m\u00f6rk r\u00f6d eller ljus titt p\u00e5 Insidan av offret. Cyanid \u00e4r ett fall, en \u00e4rm, en ampull, eller tablett inneh\u00e5ller en d\u00f6dligt farlig substans som, n\u00e4r de konsumeras, \u00e4r extremt giftig bl\u00e5syra som-gratis-apparater. S\u00e4lja kaliumcyanid<\/p>\n<h5>DESSUTOM :<\/h5>\n<p>KALIUMZYANID ZUM VERKAUF Und reagiert, indem es den gesamten K\u00f6rper und seine Sinnesorgane wie den Verstand, das Herz und das fokale Angstprogramm erfasst. Infolgedessen ist die Sauerstoffaufnahme in den Venen des Opfers begrenzt, was zu einem lockeren und ruhigen Tod f\u00fchrt. 27 Weitere Hinweise auf den Herstellungswert sind die hefebedingte Anreicherung von Aldehyd (4a,b) mit fermentativ abgegebenem Acetaldehyd. Kaliumcyanid zum <a href=\"https:\/\/kokaindrogekaufen.com\/sv\/product\/ketamin-500-mg-10-ml-zu-verkaufen\/\">Verkauf<\/a><\/p>\n<p>Tillsammans med ekvationen: KCN kaliumcyanid \u00e4r en f\u00f6rening. Detta \u00e4r en torr, glas-som salt som \u00e4r av liknande utseende till socker, som l\u00f6ser sig snabbt i vatten. Den st\u00f6rsta delen av KCN anv\u00e4nds vid utvinning av guld, i den normala processen av sammanslagning, och galvanisering. Bland de mindre program smycken f\u00f6r Pl\u00e4tering och F\u00f6reningar. Som ett resultat, bilden \u00e4r exponerad och stelnat, s\u00e5 att det \u00e4r mindre k\u00e4nsliga f\u00f6r en skonsam behandling. Kaliumcyanid till salu<\/p>\n<p>Heutige Fotografen, die Platten mit Wasser \u00fcbergie\u00dfen, bevorzugen vielleicht weniger giftige Fixiermittel wie Natriumthiosulfat, aber KCN bleibt beliebt. Kaliumcyanidprodukte Kaliumcyanid hat eine t\u00f6dliche Dosis von 100-300 mg. Seine Toxizit\u00e4t bei der Einnahme wird durch den S\u00e4uregehalt des Magens bestimmt, vor allem weil es mit \u00e4tzenden Stoffen reagieren muss, um Blaus\u00e4ure, die gef\u00e4hrlichste Art von Zyanid, zu bilden. Kaliumcyanid zu verkaufen<\/p>","protected":false},"excerpt":{"rendered":"<p style=\"text-align: center;\">KALIUMCYANID TILL SALU<\/p>\n<hr \/>\n<p>Kaufen Sie hochwertiges Kaliumzyanid online. Wir bieten sicheren und diskreten Versand weltweit. Bestellen Sie jetzt und erhalten Sie Ihre Lieferung schnell.<\/p>","protected":false},"featured_media":1747,"comment_status":"open","ping_status":"closed","template":"","meta":{"content-type":""},"product_brand":[],"product_cat":[163],"product_tag":[200,201],"class_list":{"0":"post-1729","1":"product","2":"type-product","3":"status-publish","4":"has-post-thumbnail","6":"product_cat-forschung-chemikalien","7":"product_tag-kaufen-kaliumzyanid","8":"product_tag-kaufen-kaliumzyanid-online","10":"first","11":"instock","12":"shipping-taxable","13":"purchasable","14":"product-type-variable"},"_links":{"self":[{"href":"https:\/\/kokaindrogekaufen.com\/sv\/wp-json\/wp\/v2\/product\/1729"}],"collection":[{"href":"https:\/\/kokaindrogekaufen.com\/sv\/wp-json\/wp\/v2\/product"}],"about":[{"href":"https:\/\/kokaindrogekaufen.com\/sv\/wp-json\/wp\/v2\/types\/product"}],"replies":[{"embeddable":true,"href":"https:\/\/kokaindrogekaufen.com\/sv\/wp-json\/wp\/v2\/comments?post=1729"}],"wp:featuredmedia":[{"embeddable":true,"href":"https:\/\/kokaindrogekaufen.com\/sv\/wp-json\/wp\/v2\/media\/1747"}],"wp:attachment":[{"href":"https:\/\/kokaindrogekaufen.com\/sv\/wp-json\/wp\/v2\/media?parent=1729"}],"wp:term":[{"taxonomy":"product_brand","embeddable":true,"href":"https:\/\/kokaindrogekaufen.com\/sv\/wp-json\/wp\/v2\/product_brand?post=1729"},{"taxonomy":"product_cat","embeddable":true,"href":"https:\/\/kokaindrogekaufen.com\/sv\/wp-json\/wp\/v2\/product_cat?post=1729"},{"taxonomy":"product_tag","embeddable":true,"href":"https:\/\/kokaindrogekaufen.com\/sv\/wp-json\/wp\/v2\/product_tag?post=1729"}],"curies":[{"name":"wp","href":"https:\/\/api.w.org\/{rel}","templated":true}]}}