{"id":1735,"date":"2023-06-27T19:20:43","date_gmt":"2023-06-27T18:20:43","guid":{"rendered":"https:\/\/kokaindrogekaufen.com\/?post_type=product&#038;p=1735"},"modified":"2024-07-31T09:08:57","modified_gmt":"2024-07-31T08:08:57","slug":"ketamin-500-mg-10-ml-zu-verkaufen","status":"publish","type":"product","link":"https:\/\/kokaindrogekaufen.com\/sv\/product\/ketamin-500-mg-10-ml-zu-verkaufen\/","title":{"rendered":"KETAMIN 500 MG\/ S\u00c4LJA 10 ML"},"content":{"rendered":"<h2>KETAMIN 500 MG\/ S\u00c4LJA 10 ML<\/h2>\n<p>\u00c4nd\u00e5, Aaronay de st\u00f6rsta leverant\u00f6r av ketamin, dvs, k\u00f6pas, ketamin \u00e4r, runt om i v\u00e4rlden. Administrationen av den prim\u00e4ra lugnande medel kan vara f\u00f6rdr\u00f6jda upp till 15 minuter efter Infusionen av ketamin, n\u00e4r l\u00e4kemedlet administreras intramuskul\u00e4rt s\u00e5 snart det b\u00f6rjar f\u00e5 effekt. Ketamin har visat sig vara effektiv f\u00f6r att eliminera den lockande biverkningar av Tiopental. Den starka \u00d6vre ing\u00e5r ocks\u00e5 i v\u00e5rt utbud av ketamin infusioner.<\/p>\n<p>Det \u00e4r n\u00e4stan alltid en bra id\u00e9 att b\u00f6rja i liten skala och underh\u00e5llning element syn p\u00e5 arbete. De tv\u00e5 \u00e4mnen kan leda till en sl\u00e5ende f\u00f6rlust av medvetandet i alla omr\u00e5den, genom att \u00f6ka den omv\u00e4nda effekter orsakade ataxi och d\u00e5sighet. Om du inte placeras i \u00e5terh\u00e4mtningen staten, \u00e4r en Uppst\u00f6tningar i okunnighet m\u00f6jligt. Kom ih\u00e5g att du kan t\u00e4nka p\u00e5 regeln, vad \u00e4r obestridligt \u00e4r mer n\u00e4r det kommer till mediciner som du har tagit, kanske, snarare \u00e4n att bara ta mindre. Ketamin till salu<\/p>\n<p>Ein KETAMIN 500 MG\u00a0 Kommentar \u00fcber die &#8222;K-\u00d6ffnung.&#8220; ist bekannt f\u00fcr die Herstellung von mehr magere Ergebnisse, die Menschen helfen, sich auf die Therapie Obstruktion Melancholie. Ketamin reduziert Stress, der durch k\u00f6rperliche oder emotionale Traumata verursacht wird, unabh\u00e4ngig davon, ob er dumpf oder intensiv ist. Menschen, die Schilddr\u00fcsenhormone einnehmen, haben bei der Verabreichung von Ketamin ein h\u00f6heres Risiko, Bluthochdruck und Tachykardie zu entwickeln. Ketamin scheint f\u00fcr gelegentliche Anwender relativ sicher zu sein. Bei h\u00e4ufigem Konsum besteht jedoch das potenzielle Langzeitrisiko einer Neurodegeneration. Ketamin zu verkaufen<\/p>\n<h4>R\u00c4TTSLIGA KETAMIN ONLINE K\u00d6PA:<\/h4>\n<p>I rhesus apor i en f\u00f6rdr\u00f6jd intraven\u00f6s tillg\u00e5ng till drogen har g\u00e5tt (om nio eller 24 timmar) f\u00f6r att en psykiskt flexibel D\u00f6. Effekterna kan vara snabbare med ett grunt som p\u00e5 vissa andra st\u00f6rre gator ses. Snabb absorption av ett l\u00e4kemedel direkt in i blodet, n\u00e5got som m\u00f6jligg\u00f6rs av n\u00e4sslemhinnan genom v\u00e4sande andning. P\u00e5 grund av den snabba \u00f6kningen i serum koncentration, som orsakas av grymtar, kan ketamin, blod-hj\u00e4rn-att \u00f6vervinna hinder och snabbt. ketamin till salu<\/p>\n<p>Der Zweck der Momentum-Pr\u00fcfung war es, die Substanzbilanz und die k\u00f6rperliche \u00c4hnlichkeit von Ketamin zu bestimmen, nachdem eine 50 mg\/mL-Option mit sterilem Wasser f\u00fcr Infusionen auf 10 mg\/mL abgeschw\u00e4cht, in Glasfl\u00e4schchen geb\u00fcndelt und bei Raumtemperatur mit Offenheit f\u00fcr Sanftheit gelagert wurde. Dieses Medikament wird direkt vom Hersteller zu Ihnen nach Hause geliefert. Wir garantieren die Quantit\u00e4t, KETAMIN 500 MG\u00a0 die hohe Qualit\u00e4t und die Lebensf\u00e4higkeit unserer vom Arzt empfohlenen Medikamente. Ketamin zum Verkauf<\/p>\n<p>Ketamin erbjuds sportig kunder, oftast i en av tv\u00e5 former. Av de saknade salter, som avses som ett pulver eller \u00e4delstenar (typiskt som krossglas), oavsett multi dos flaskor presenteras f\u00f6r anv\u00e4ndning p\u00e5 djur och m\u00e4nniskor &#039; s recept. Motst\u00e5ndet mot att de huvudsakliga effekterna av ketamin har utvecklats f\u00f6r l\u00e5ngvarig och upprepad anv\u00e4ndning. Individer f\u00f6rv\u00e4ntar sig att dessa artiklar har utsikt \u00f6ver dynamiskt betydande doser f\u00f6r att uppn\u00e5 j\u00e4mf\u00f6rbara resultat. Att s\u00e4lja ketamin<\/p>\n<h4>ATT S\u00c4LJA KETAMIN FLYTANDE:<\/h4>\n<p>Efter det tar ca tre flera g\u00e5nger, s\u00e5 att kapaciteten \u00e4r, p\u00e5 det Hela, att 50 procent och 1 \u2013 2 m\u00e5nader av det ursprungliga v\u00e4rdet (utan att ens ett sp\u00e5r av konsumtion). Dessa flaskor skulle kunna vara fokuserade och 5 mg\/mL till 100 mg\/mL av tillverkaren f\u00f6r att uppn\u00e5s. Ketamin till salu<\/p>\n<p>Parke-Davis fokuserar p\u00e5 fall av oavsiktlig ketamin \u00f6verdrifter, som \u00e4r cirka tio g\u00e5nger h\u00f6gre \u00e4n f\u00f6r en Operation kr\u00e4vs belopp (dvs, fyrtio till 100 g\u00e5nger en sportig Portion) &#034;utan sj\u00e4lvklara, l\u00e5ngvariga konsekvenser&#034;. Om, efter administrering av Ketamin hydrochloride, en gag reflex observeras, kan hanteras, n\u00e5gra av flygrutten av f\u00f6rs\u00e4kring som en f\u00f6ljd av den livliga laryngeala-svalg reflexer. Att s\u00e4lja ketamin<\/p>\n<p>Eftersom Ketamin hydrochloride, men kan trigga en \u00f6nskan att s\u00e4kra reflektioner kan minskas genom att st\u00e4rka lugnande och muskelavslappnande medel, b\u00f6r beaktas m\u00f6jligheten av ett m\u00e5l i beaktande. Doser av 1 till 2 milligram per kilogram av situationen fett generera intensiva stimulerande och dissociativa effekter f\u00f6r ca en timme. Att s\u00e4lja ketamin<\/p>\n<p>Till f\u00f6rnimmelser av saker som Drivande, sp\u00e4nning och synliga resultat. St\u00f6rre ber\u00e4knade doser kan n\u00e5 &#034;K-hole&#034;, d\u00e4r individer av djup sedering och som en &#034;out-of-kroppen&#034; - eller &#034;n\u00e4ra d\u00f6den&#034; - upplevelse, \u00e4r som avses. N\u00e4r en tillr\u00e4cklig respiratory exchange uppr\u00e4tth\u00e5lls, \u00e4r en flaska av ketamin med den som vanligen anv\u00e4nds vanliga, och i n\u00e4rheten lugnande medel kliniskt anv\u00e4ndbart. Att s\u00e4lja ketamin<\/p>\n<h4>KETAMIN TILL SALU P\u00c5 N\u00c4TET:<\/h4>\n<p>Detta l\u00e4kemedel kan f\u00f6rs\u00e4mra din intellektuella T\u00e4nkande och f\u00f6rm\u00e5gan hos en Person, att p\u00e5verka, att verka f\u00f6r s\u00e4ker. Denna klass av l\u00e4kemedel som ing\u00e5r i den f\u00f6rteckning \u00f6ver l\u00e4kemedel. I enlighet med punkt 5a i v\u00e4gtrafiklagen 1988 Direktiv. Patienterna b\u00f6r informeras medan detta l\u00e4kemedel rekommenderas inte. Doser som \u00e4r st\u00f6rre \u00e4n 1 mg\/liter i Allm\u00e4nhet leda till en full narkos, med en liten \u00f6kning av specialistkompetens och kan kr\u00e4va en l\u00e4ngre tid f\u00f6r \u00e5terh\u00e4mtning. Ketamin till salu<\/p>\n<p>Minne f\u00f6rlust kan uppst\u00e5 vid h\u00f6gre doser, med en kortare verkningstid. Som redan n\u00e4mnts, \u00e4r ven\u00f6s, induktion av Anestesi med f\u00f6rvaltningen av en fullst\u00e4ndig intraven\u00f6s eller intramuskul\u00e4r ketamin dos \u00e4r n\u00e5dd. I m\u00e4nniskor, den bed\u00f6vande effekter av ketamin HCL avsev\u00e4rt fr\u00e5n de andra \u00e4mnen som skiljer sig \u00e5t. Eftersom detta l\u00e4kemedel inte orsakar l\u00e5gt blodtryck, eller en l\u00e5st andning, det \u00e4r mycket l\u00e4mplig f\u00f6r anestesi i sm\u00e5 barn och personer med andningshinder. Att s\u00e4lja ketamin<\/p>\n<p>Je nach Art und Zeitpunkt des Eingriffs, der tats\u00e4chlichen k\u00f6rperlichen Lage des Betroffenen und anderen Faktoren kann jedoch etwas mehr Diazepam erforderlich sein. Das Auftreten von psychischen Erscheinungen w\u00e4hrend der Dauer des Auftauchens, insbesondere wunsch\u00e4hnliche Beobachtungen und Aufstiegsdelirium. Wenn das Ketamin tats\u00e4chlich intraven\u00f6s verabreicht wurde und die Hauptan\u00e4sthesie allm\u00e4hlich wirkt, kann die zweite Ketamindosis 5 bis 8 Minuten nach der ersten Dosis erforderlich sein. <a href=\"https:\/\/ketaminkaufenn.com\/\" target=\"_blank\" rel=\"noopener\">Ketamin<\/a> zum Verkauf<\/p>\n<p>Snarkning av ketamin leder till snabbare resultat \u00e4n att Sv\u00e4lja. Olika absorption metoder har olika priser, till att tr\u00e4nga dig i \u00e5tanke, f\u00f6r att f\u00e5 F\u00f6rm\u00e5nen, och snarkning \u00e4r, i termer av hastighet av mottagandet av f\u00f6rm\u00e5nen, om inte n\u00e4stan med R\u00f6kning eller injektion j\u00e4mf\u00f6rbara. den psykoaktiva substansen i patienter d\u00e4r ingen Toxikologisk unders\u00f6kning och dokumentation av ett \u00e4mne f\u00f6rgiftning fanns eller var testad efter sedering p\u00e5 akutmottagningen p\u00e5 ett positivt, exkluderades fr\u00e5n analyserna. Ketamin till salu<\/p>\n<h4>KETAMIN PULVER F\u00d6R F\u00d6RS\u00c4LJNING:<\/h4>\n<p>Das KETAMIN 500 MG wichtigste vordefinierte Ergebnis war die Intubation auf der Krisenstation. Die Eigenschaften von Ketamin werden durch seinen Einsatz in der An\u00e4sthesie belegt. Es ist eine brauchbare Option f\u00fcr kurzfristige Verfahren, bei denen keine Muskelentspannung erforderlich ist. Ketamin hat eine andere Wirkung auf das Atmungs- und Kreislaufsystem als andere An\u00e4sthetika. Es hat eine wesentlich geringere Wirkung auf die Atmung als die meisten anderen Narkosemittel. Ketamin zum Verkauf<\/p>\n<p>Machen Sie sich jedoch bewusst, dass es keinen best\u00e4tigten Mechanismus f\u00fcr das &#8222;Erreichen der \u00d6ffnung&#8220; gibt und dass dieser nicht anwendbar sein wird. Entwickeln Sie Ihr Verst\u00e4ndnis f\u00fcr die Droge, bevor Sie beispielsweise gro\u00dfe Dosen erhalten. Diese Menschen mussten den &#8222;Graben&#8220; erreichen. Finden Sie eine Dosis, die f\u00fcr Sie gut funktioniert. KETAMIN 500 MG Bei kleinen Kindern kann Ketamin als alleiniges Narkosemittel f\u00fcr kleinere Behandlungen oder als Einleitungsmedikament in Verbindung mit einem neuromuskul\u00e4ren Blocker und einer trachealen Intubation verwendet werden. Ketamin zum Verkauf<\/p>\n<p>Kleine KETAMIN 500 MG\u00a0 Kinder mit zyanotischen Herzproblemen und neuromuskul\u00e4ren St\u00f6rungen sind besonders geeignete Kandidaten f\u00fcr eine Ketaminan\u00e4sthesie. Obwohl die H\u00e4ufigkeit der Ketaminabh\u00e4ngigkeit nicht bekannt ist, entwickeln viele Menschen, die regelm\u00e4\u00dfig Ketamin konsumieren, eine Ketaminabh\u00e4ngigkeit. Anhand von Tierversuchen l\u00e4sst sich auch das Risiko eines Missbrauchs \u00fcberpr\u00fcfen. Ketamin zu verkaufen<\/p>\n<h5>DESSUTOM :<\/h5>\n<p>Der KETAMIN 500 MG\u00a0 unmittelbare Eintritt der Folgen der Insufflationsadh\u00e4renz kann au\u00dferdem das Potenzial f\u00fcr den Freizeitdrogenkonsum erh\u00f6hen. Die kurze Dauer der Folgen beg\u00fcnstigt Essanf\u00e4lle. F\u00fcr das Fr\u00fchjahr 1999 sind auf dem Orange Exhibit Fairgrounds in San Bernardino Rave-Konzerte geplant. Ketamin zum Verkauf<\/p>\n<p>Am ersten Wochenende der Demonstrationen erschoss die Polizei einen <a href=\"https:\/\/kokaindrogekaufen.com\/sv\/product\/lsd-kaufen\/\">LSD-abh\u00e4ngigen<\/a> US-Marine. Einige Wochen sp\u00e4ter, Mitte April, unterst\u00fctzte er die Polizei von San Bernardino, indem er die 20 mit der Leitung der Rave-Party betrauten Beamten kurz schulte. Wenn die Ketamin-Fl\u00e4schchendosis mit Diazepam erh\u00f6ht wird, sollten die beiden Medikamente getrennt verabreicht werden. In der Spritze oder Infusionsflasche d\u00fcrfen Ketaminhydrochlorid und Diazepam nicht kombiniert werden. Ketamin zu verkaufen<\/p>","protected":false},"excerpt":{"rendered":"<p style=\"text-align: center;\">KETAMIN 500 MG<\/p>\n<p>Entdecken Sie die Vorteile von KETAMIN 500 MG. Erfahren Sie mehr \u00fcber Anwendung, Dosierung und m\u00f6gliche Nebenwirkungen. Ihre Gesundheit ist wichtig!<\/p>","protected":false},"featured_media":1748,"comment_status":"open","ping_status":"closed","template":"","meta":{"content-type":""},"product_brand":[],"product_cat":[188],"product_tag":[199,198],"class_list":{"0":"post-1735","1":"product","2":"type-product","3":"status-publish","4":"has-post-thumbnail","6":"product_cat-ketamine","7":"product_tag-kaufen-ketamin","8":"product_tag-ketamin-500-mg","10":"first","11":"instock","12":"shipping-taxable","13":"purchasable","14":"product-type-variable"},"_links":{"self":[{"href":"https:\/\/kokaindrogekaufen.com\/sv\/wp-json\/wp\/v2\/product\/1735"}],"collection":[{"href":"https:\/\/kokaindrogekaufen.com\/sv\/wp-json\/wp\/v2\/product"}],"about":[{"href":"https:\/\/kokaindrogekaufen.com\/sv\/wp-json\/wp\/v2\/types\/product"}],"replies":[{"embeddable":true,"href":"https:\/\/kokaindrogekaufen.com\/sv\/wp-json\/wp\/v2\/comments?post=1735"}],"wp:featuredmedia":[{"embeddable":true,"href":"https:\/\/kokaindrogekaufen.com\/sv\/wp-json\/wp\/v2\/media\/1748"}],"wp:attachment":[{"href":"https:\/\/kokaindrogekaufen.com\/sv\/wp-json\/wp\/v2\/media?parent=1735"}],"wp:term":[{"taxonomy":"product_brand","embeddable":true,"href":"https:\/\/kokaindrogekaufen.com\/sv\/wp-json\/wp\/v2\/product_brand?post=1735"},{"taxonomy":"product_cat","embeddable":true,"href":"https:\/\/kokaindrogekaufen.com\/sv\/wp-json\/wp\/v2\/product_cat?post=1735"},{"taxonomy":"product_tag","embeddable":true,"href":"https:\/\/kokaindrogekaufen.com\/sv\/wp-json\/wp\/v2\/product_tag?post=1735"}],"curies":[{"name":"wp","href":"https:\/\/api.w.org\/{rel}","templated":true}]}}