{"id":1741,"date":"2023-06-27T19:20:43","date_gmt":"2023-06-27T18:20:43","guid":{"rendered":"https:\/\/kokaindrogekaufen.com\/?post_type=product&#038;p=1741"},"modified":"2024-07-31T15:38:21","modified_gmt":"2024-07-31T14:38:21","slug":"ketamin-kristall-zu-verkaufen","status":"publish","type":"product","link":"https:\/\/kokaindrogekaufen.com\/sv\/product\/ketamin-kristall-zu-verkaufen\/","title":{"rendered":"KETAMIN-S\u00c4LJA CRYSTAL"},"content":{"rendered":"<h2><strong>KETAMIN-S\u00c4LJA CRYSTAL<\/strong><\/h2>\n<p>Slutligen, vi har att s\u00e4lja h\u00e4r p\u00e5 aaronay h\u00f6g kvalitet ketamin Crystal till mycket rimliga priser. Om du drabbas av n\u00e5got belopp av ketamin, tveka inte att anv\u00e4nda Ketamin Kristall. S\u00e5 l\u00e5ngt har jag placerat om ett dussin order, och n\u00e4r jag hade ett Problem, jag h\u00f6rde inom n\u00e5gra timmar av dem, och de var, som regel, alla problem jag hade, och n\u00e4stan utan PIp.<\/p>\n<p>Det \u00e4r en sjukdom som inneb\u00e4r en betydande \u00f6kning av belastningen p\u00e5 Cirkulationssystemet kan vara skadad, kan du alltid droxidopa, kontakta din l\u00e4kare eller rikedom-och sjukv\u00e5rd specialist Co-op snabbt, om denna typ av genomf\u00f6rande f\u00f6r dig. Ketamin Crystal \u00e4r, utan tvekan, en NMDA Receptor Antagonist, som merparten av den verksamhet, med undantag av toppen av effekterna av arrangemanget, som fortfarande \u00e4r under utredning och debatt. Ketamin Crystal till salu<\/p>\n<p>Detta \u00e4r p\u00e5 grund av det faktum att ketamin crystal kan ha allvarliga biverkningar, \u00e4ven om den anv\u00e4nds under noggrann \u00f6vervakning och kontroll av en l\u00e4kare eller veterin\u00e4r och hanteras, och om det anv\u00e4nds utanf\u00f6r den kliniska gruppen av personer utan medicinsk r\u00e5dgivning och hanteras. Ketamin kristall, kan orsaka hallucinogena effekter, som att f\u00e5 m\u00e4nniskor att se saker, h\u00f6ra, lukta, k\u00e4nna, eller k\u00e4nna att det finns inte i verkligheten eller inte st\u00e4mmer med verkligheten. Ketamin crystal till salu<\/p>\n<p>Ketamin kristall, men \u00e4r fortfarande en anst\u00e4ndig lugnande medel som anv\u00e4nds p\u00e5 sjukhus, tandv\u00e5rd milj\u00f6er och kliniskt arbete milj\u00f6er med en solid Grund av v\u00e4sentliga s\u00e4kerhetsintressen. Ov\u00e4ntad kris, l\u00e4kemedel inneh\u00e5ller ofta ett kortverkande dissoziatives en lugnande och stimulerande. Det \u00e4r den proto-typiska dissociation i medium, och anv\u00e4nds ofta i sub-lugnande-aktier. Innan det arbetade jag med pentan-Eter Omkristallisering, och jag fick reda p\u00e5 att jag var tvungen att konvertera ketamin kristall p\u00e4rla igen i en Freebase. Ketamin-s\u00e4lja crystal<\/p>\n<h4>KETAMIN CRYSTAL ONLINE K\u00d6PA:<\/h4>\n<p>Men, artikulation s\u00f6k &#034;Omkristallisering med pentan-Eter g\u00f6r mig&#034; konstigt. Ketamin kristall, anv\u00e4nds ofta i sv\u00e5rt skadade f\u00f6r att ge intryck av s\u00e4kerhet. En logisk utbildning regel talar f\u00f6r anv\u00e4ndning av ketamin kristall som dissoziatives narkotiska i akutmedicin. Det \u00e4r en drog f\u00f6r m\u00e4nniskor som \u00e4r i en sv\u00e5r chock och hypotension \u00e4r hj\u00e4lpl\u00f6s. Ketamin crystal till salu<\/p>\n<p>M\u00e4nniskor med enkla skallskador lider av en l\u00e5g hj\u00e4rt-stam, och ketamin \u00e4r minst, en l\u00e5g puls utl\u00f6ser, och kan undvika det i st\u00f6rsta Allm\u00e4nhet. Ketamin crystal p\u00e5 v\u00e4gen, mest som ett vitt pulver. Den vita f\u00e4rgen st\u00e5r i kontrast till det faktum att vita pulver, f\u00f6rordningar \u00e4r ofta blandat med ett par andra pulver f\u00f6r att distribuera sj\u00e4lva l\u00e4kemedlet och \u00f6ka dess genomslag. Ketamin crystal till salu<\/p>\n<p>Ketamin crystal \u00e4r utan tvekan ett lugnande medel, men det \u00e4r en speciell typ av lugnande medel som kallas dissoziatives lugnande medel. Dissociativa sedering orsakar en viss grad av stabilitet och en k\u00e4nsla av separation fr\u00e5n sin egen Person och milj\u00f6. Ketamin kristall kommer i barn som den prim\u00e4ra verkliga lugnande f\u00f6r mindre ingrepp eller som en entry-level-specialist i fr\u00e5ga, f\u00f6ljt av neuromuskul\u00e4rt blockerande medel, och trakeal intubation, s\u00e4rskilt hos ungdomar med zyanotischer kransk\u00e4rlssjukdom. Ketamin-s\u00e4lja crystal<\/p>\n<h4>KETAMIN CRYSTAL TILL SALU P\u00c5 N\u00c4TET:<\/h4>\n<p>Dessutom, neuromuskul\u00e4ra sjukdomar erbjuda en fantastisk m\u00f6jlighet f\u00f6r sedering med ketamin kristall. Ketamin crystal kan anv\u00e4ndas b\u00e5de inom Human-och veterin\u00e4rmedicin som ett lugnande medel. Dissociativa droger tankar som kan leda en Person att m\u00e4rka en separation fr\u00e5n verkligheten. F\u00f6rst och fr\u00e4mst, v\u00e5r stadsdel \u00e4r den mest verkliga, den mest tillf\u00f6rlitliga och betrodda k\u00e4llan f\u00f6r att k\u00f6pa ketamin kristall. Vi har ett stort lager av ketamin crystal-\u00e4delstenar som \u00e4r tillg\u00e4ngliga f\u00f6r k\u00f6p. Ketamin crystal till salu<\/p>\n<p>Ketamin crystal produceras i stor skala i flytande och stabila strukturer (produkter). Ketamin flytande \u00e4ntligen kunde vara i kristall och pulver konverteras. Ketamin crystal l\u00e4kemedel \u00e4r vanligtvis av v\u00e5rdpersonal i f\u00f6rsta hand som sedering i v\u00e4nster \/ stor. Ketamin crystal \u00e4r en potentiellt olaglig substans, och vi \u00e4r inte \u00f6vertygade om att anv\u00e4ndningen av detta \u00e4mne i strid mot lagen, och inte se det. Ketamin crystal till salu<\/p>\n<p>Men vi acceptera att illegala droger f\u00f6rekommer, anv\u00e4nda och bekr\u00e4ftar att inf\u00f6randet av ansvar f\u00f6r skador till minskningen av data \u00e4r viktigt f\u00f6r att h\u00e5lla m\u00e4nniskor trygga. St\u00f6rre m\u00e4ngder kan onekligen ge imponerande resultat, och k\u00f6paren kommer att f\u00f6rklara en fullst\u00e4ndig och fullkomlig separation fr\u00e5n kroppen. Resultaten \u00e4r mycket lika de som beskrivs av m\u00e4nniskor, n\u00e4ra till har gjort, och det \u00e4r nu k\u00e4nt att de \u00e4r i &#034;K-hole&#034;. Ketamin-s\u00e4lja crystal<\/p>\n<h4>ATT S\u00c4LJA KETAMIN:<\/h4>\n<p>F\u00f6r att hj\u00e4lpa dig p\u00e5 v\u00e4gen till en juridisk ketamin crystal Infusion, vi har r\u00e4ttslig ketamin crystal faciliteter i v\u00e5r katalog f\u00f6r hallucinogen-specialister kurator, testad och bekr\u00e4ftad; jag hoppas att du hittar en som \u00e4r r\u00e4tt f\u00f6r dig. Under de senaste \u00e5ren, ketamin \u00f6ppnades i hela landet-crystal-Infusion enheter, de miljoner Amerikaner som lider av sv\u00e5r depression, bipol\u00e4ra st\u00f6rningar, \u00e5ngest, post-traumatisk stress disorder (PTSD) och andra st\u00f6rningar hum\u00f6r, ge nytt hopp. Ketamin crystal till salu<\/p>\n<p>Ketamin crystal infusioner har en svarsfrekvens p\u00e5 91 % i den f\u00f6rb\u00e4ttring av tecken eller symptom p\u00e5 depression, om de \u00e4r korrekt och, under r\u00e4tt f\u00f6ruts\u00e4ttningar ges. Det finns insatser att g\u00f6ra ketamin crystal terapi f\u00f6r de beh\u00f6vande till mer \u00f6verkomliga, men de h\u00f6ga kostnaderna inte bara att utg\u00f6ra ett betydande hinder, men ocks\u00e5 att \u00f6ka anv\u00e4ndningen f\u00f6r dem som deltar i det, dramatiskt. Ketamin crystal till salu<\/p>\n<p>Ketamin crystal fungerar ocks\u00e5 p\u00e5 opioida systemet. Som naltrexon, som blockerar effekterna av opioider, \u00e4ven blockerade de antidepressiva effekterna av ketamin, det kan f\u00e5 den Drabbade att opiatrelaterade resultat. Ketamin kliniker d\u00e4r patienterna kommer att administreras l\u00e4kemedlet intraven\u00f6st, har funnits i \u00e5rtionden f\u00f6r behandling av kronisk sm\u00e4rta och depression. Nu n\u00e4r det \u00e4r tillg\u00e4ngligt som en n\u00e4sspray som finns, det \u00e4r mycket l\u00e4ttare att administrera. Ketamin-s\u00e4lja crystal<\/p>\n<h4>ATT S\u00c4LJA KETAMIN PULVER:<\/h4>\n<p>Naloxon, en annan opioid antagonist som blockerar den sm\u00e4rtsamma effekter av ketamin crystal p\u00e5 gnagare har visat att han g\u00f6r det samma. Ketamin kristall som anv\u00e4nds oftast i narkos och f\u00f6r lindring av sv\u00e5r sm\u00e4rta. En g\u00e5ng i den medicinska litteraturen, ett antal positiva rapporter om effekten av ketamin kristall p\u00e5 den f\u00f6rtvivlan som d\u00f6k upp, \u00e4r ketamin kristall som anv\u00e4nds i sm\u00e4rta kliniker i st\u00f6rre utstr\u00e4ckning, och nya kliniker f\u00f6r ketamin crystal uppst\u00e5. Ketamin crystal till salu<\/p>\n<p>Det faktum att varje person har ett psykiskt Problem, betyder det inte att han har f\u00f6rlorat sin sj\u00e4lvst\u00e4ndighet. Vi v\u00e4nder oss \u00e4ven till kunder som kan lida av en allvarlig psykisk sjukdom och inte kan fatta ett beslut. Racemiskt ketamin crystal \u00e4r generisk och billig, men tid, arbetskraft och utbildning i h\u00e4lso-och sjukv\u00e5rden \u00e4r v\u00e4rdefulla. Den Drabbade siffror \u00e4r inte f\u00f6r ketamin kristaller. Att s\u00e4lja ketamin kristall<\/p>\n<p>Du k\u00f6per f\u00f6r mer \u00e4n ett decennium av professionella medicinska kompetens av en l\u00e4kare som har erfarenhet av att hantera alla de kliniska problem som kan uppst\u00e5. I m\u00e5nga kulturer, ketamin kristall som anv\u00e4nds som ett l\u00e4kemedel f\u00f6r missbruk. I Kina, tusentals av ketamin crystal-missbrukare har identifierats. I Australien \u00e4r det olagligt. I Belgien finns ett Problem med missbruk av ketamin kristall. Ketamin-s\u00e4lja crystal<\/p>\n<h5>DESSUTOM:<\/h5>\n<p>Det faktum att ketamin \u00e4r inte en ren eufori inneb\u00e4r, begr\u00e4nsar sin anv\u00e4ndning f\u00f6r att forts\u00e4tta. Det finns m\u00e5nga negativa effekter; m\u00e4nniskor k\u00e4nner sig i b\u00f6rjan, m\u00e4rkligt upphetsad och f\u00f6rvirrad. Med upprepad dosering, kan du utveckla en tolerans mot \u00e4mnet. Vissa ketamin crystal-experter varnar f\u00f6r kliniker, flera ketamin crystal-demand-infusioner p\u00e5 en g\u00e5ng, och h\u00e4vdar att v\u00e4lrenommerade kliniker b\u00f6r endast kr\u00e4va en ketamin crystal-Infusion. Ketamin-s\u00e4lja crystal<\/p>\n<p>Du kan st\u00e4nga dina \u00f6gon och lugnande att lyssna p\u00e5 musik som fr\u00e4mjar Neds\u00e4nkning i en dissociativ resa. Under sessionen, f\u00f6r Patienten \u00e4r vid fullt medvetande, men kan k\u00e4nna en sk\u00f6n flytande k\u00e4nsla. Om en Person \u00e4r i sm\u00e4rta, s\u00e5som \u00e5ngest eller Illam\u00e5ende, k\u00e4nde, kommer att vara en l\u00e4kare h\u00e4r f\u00f6r att behandla dig s\u00e5 snabbt som m\u00f6jligt. Ketamin-s\u00e4lja crystal<\/p>","protected":false},"excerpt":{"rendered":"<p>KETAMIN-KRISTALL ZU VERKAUFEN Schlie\u00dflich haben wir hier bei aaronay hochwertiges Ketamin Crystal zu sehr g\u00fcnstigen Preisen zu verkaufen. Wenn Sie durch irgendeine Menge von Ketamin beeintr\u00e4chtigt werden, z\u00f6gern Sie nicht, Ketamine Crystal zu verwenden. Bisher habe ich etwa zw\u00f6lf Bestellungen aufgegeben, und wann immer ich ein Problem hatte, h\u00f6rte ich innerhalb weniger Stunden von ihnen, und sie k\u00fcmmerten sich in der Regel um alle Probleme, die ich hatte, und das fast ohne PIp. Es ist eine Krankheit, bei der eine signifikante Erh\u00f6hung der Kreislaufbelastung kann verletzt werden Sie k\u00f6nnen immer droxidopa, um Kontakt mit Ihrem Arzt oder Wohlstand Pflege Spezialist\u2026<\/p>","protected":false},"featured_media":1749,"comment_status":"open","ping_status":"closed","template":"","meta":{"content-type":""},"product_brand":[],"product_cat":[188],"product_tag":[197,196],"class_list":{"0":"post-1741","1":"product","2":"type-product","3":"status-publish","4":"has-post-thumbnail","6":"product_cat-ketamine","7":"product_tag-kaufen-ketamin-kristall","8":"product_tag-ketamin-kristall","10":"first","11":"instock","12":"shipping-taxable","13":"purchasable","14":"product-type-variable"},"_links":{"self":[{"href":"https:\/\/kokaindrogekaufen.com\/sv\/wp-json\/wp\/v2\/product\/1741"}],"collection":[{"href":"https:\/\/kokaindrogekaufen.com\/sv\/wp-json\/wp\/v2\/product"}],"about":[{"href":"https:\/\/kokaindrogekaufen.com\/sv\/wp-json\/wp\/v2\/types\/product"}],"replies":[{"embeddable":true,"href":"https:\/\/kokaindrogekaufen.com\/sv\/wp-json\/wp\/v2\/comments?post=1741"}],"wp:featuredmedia":[{"embeddable":true,"href":"https:\/\/kokaindrogekaufen.com\/sv\/wp-json\/wp\/v2\/media\/1749"}],"wp:attachment":[{"href":"https:\/\/kokaindrogekaufen.com\/sv\/wp-json\/wp\/v2\/media?parent=1741"}],"wp:term":[{"taxonomy":"product_brand","embeddable":true,"href":"https:\/\/kokaindrogekaufen.com\/sv\/wp-json\/wp\/v2\/product_brand?post=1741"},{"taxonomy":"product_cat","embeddable":true,"href":"https:\/\/kokaindrogekaufen.com\/sv\/wp-json\/wp\/v2\/product_cat?post=1741"},{"taxonomy":"product_tag","embeddable":true,"href":"https:\/\/kokaindrogekaufen.com\/sv\/wp-json\/wp\/v2\/product_tag?post=1741"}],"curies":[{"name":"wp","href":"https:\/\/api.w.org\/{rel}","templated":true}]}}