{"id":1752,"date":"2023-06-27T19:20:52","date_gmt":"2023-06-27T18:20:52","guid":{"rendered":"https:\/\/kokaindrogekaufen.com\/?post_type=product&#038;p=1752"},"modified":"2024-07-31T09:02:31","modified_gmt":"2024-07-31T08:02:31","slug":"kaufen_ketamin-flussig-50-mg-10-ml-zu-verkaufen","status":"publish","type":"product","link":"https:\/\/kokaindrogekaufen.com\/sv\/product\/kaufen_ketamin-flussig-50-mg-10-ml-zu-verkaufen\/","title":{"rendered":"KETAMIN K\u00d6PA LIKVIDA 50 MG\/S\u00c4LJA 10 ML"},"content":{"rendered":"<h2>KETAMIN FLYTANDE 50MG\/S\u00c4LJA 10 ML<\/h2>\n<p>Im Allgemeinen verkaufen wir reines Ketamin in fl\u00fcssiger Form zu sehr g\u00fcnstigen Preisen, d. h. Ketamin in fl\u00fcssiger Form zum Verkauf. Wir wurden schnell der weltweit gr\u00f6\u00dfte Lieferant von Ketamin f\u00fcr Forschung und medizinische Zwecke. Infolgedessen haben wir Ketamin fl\u00fcssig zu verkaufen. Ketamin Fl\u00fcssigkeit 50mg\/10 ml schnell erm\u00f6glicht eine anst\u00e4ndige Art und Weise f\u00fcr die Menschen, um ihre Umst\u00e4nde zu beheben, w\u00e4hrend die Aufhebung ihrer Verzweiflung und die Arbeit an ihrer Disposition. Ketamin fl\u00fcssig 50mg\/10 ml Hydrochlorid-Infusion ist mit Sedierung Einsatz nicht lange vor der Organisation von anderen typischen Sedativa Vermittler gezeigt. <a href=\"https:\/\/kokaindrogekaufen.com\/sv\/product\/ketamin-kristall-zu-verkaufen\/\">Ketamin<\/a> fl\u00fcssig 50mg\/10 ml Hydrochlorid-Infusion verbessert nachweislich die Wirkung von schwach wirksamen Spezialisten wie Lachgas.<\/p>\n<p>Jag kunde avsluta arbetet i tv\u00e5 timmar. Om m\u00f6jligt b\u00f6r du undvika dessa behandlingar eller andra l\u00e4kemedel f\u00f6r att ers\u00e4tta. Om det \u00e4r n\u00e5gon f\u00f6rb\u00e4ttring, b\u00f6r inte vara mitverabreicht drogen. \u00c4ndra om n\u00f6dv\u00e4ndigt, dosering enligt rekommenderade effekter. I denna metod, v\u00e4tskan \u00e4r sorterade och b\u00e5de intramuskul\u00e4rt samt administreras intraven\u00f6st (som \u00e4r mycket mer os\u00e4kra).<\/p>\n<p>Effekten av denna interaktion \u00e4r starkare, eftersom det hela drog slutligen kommer in i blodomloppet, i motsats till administration av att Sv\u00e4lja, d\u00e4r en del av drogen f\u00f6rsvinner under matsm\u00e4ltningen. Som terapeutisk anv\u00e4ndning av ketamin vann p\u00e5 1970-talet till populariteten, det har ocks\u00e5 anv\u00e4nts som en drog. I Argentina, var det b\u00e5de lagligt och olagligt i \u00e5terfall behandling, New Age mysticism, och de fallstudier som anv\u00e4nds.<\/p>\n<p>Under 1970-och 1980-talet, mer och mer tester utf\u00f6rdes i till\u00e4mpningar av ketamin likvida 50 mg\/10 ml under olika varum\u00e4rken, och ut\u00f6kas. Det var i Form av beh\u00e5llare, pulver, \u00e4delstenar, tabletter och v\u00e4tska, samt olika alternativ f\u00f6r Infusion p\u00e5 gatorna realistiska. En specialist kan v\u00e4lja n\u00e4sspray p\u00e5 IV ketamin p\u00e5 grund av organisationen av st\u00f6d. Att s\u00e4lja ketamin likvida<\/p>\n<h4>R\u00c4TTSLIGA KETAMIN ONLINE K\u00d6PA:<\/h4>\n<p>Du b\u00f6r ha i \u00e5tanke att det \u00e4r oberoende av, hanteras, s\u00e5som ketamin flytande 50mg\/10ml i v\u00e4gen, inga tillf\u00f6rlitliga v\u00e4rden f\u00f6r avslappnad ketamin flytande 50mg\/10ml-anv\u00e4ndning. Anv\u00e4ndning av detta l\u00e4kemedel utan l\u00e4kares tillsyn kan leda till icke-fysiska problem, och b\u00f6r undvikas till varje pris. &#034;N\u00e4san \u00e4r en dusch, varken snabbare eller l\u00e5ngvariga, s\u00e4ger han. Ketamin flytande till salu<\/p>\n<p>&#034;IV ketamin \u00e4r p\u00e5 grund av dess biotillg\u00e4nglighet, b\u00e4ttre \u00e4n intranasalt ketamin.&#034; Ketamin flytande 50mg\/10ml sj\u00e4lvf\u00f6rtroende och \u00e5terh\u00e4mtningsf\u00f6rm\u00e5ga efter l\u00e5ngvarig anv\u00e4ndning. Efter en extremt l\u00e5ng intag av ketamin likvida 50 mg\/10 ml av en \u00e5terkallelse sjukdom diskuteras med vansinniga Alternativ. Som ett resultat, ketamin flytande 50mg\/10ml borde vara en varning och reglerade av misstag. Ketamin flytande till salu<\/p>\n<p>Die Behandlung kann die sympathomimetische Wirkung deutlich verbessern; Vorsicht bei Personen mit Porphyrie oder m\u00f6glicherweise einer Schilddr\u00fcsenerkrankung; Porphyrie und Schilddr\u00fcsenerkrankung oder Schilddr\u00fcsenbehandlung k\u00f6nnen als allgemeine Kontraindikation gelten. Neuere Forschungen zur Ketamin-induzierten Neurotoxizit\u00e4t haben sich auf Primaten konzentriert, um ein geeigneteres Modell als Nagetiere zu verwenden. Bei einer dieser Pr\u00fcfungen wurden jungen erwachsenen Cynomolgus-Affen \u00fcber verschiedene Zeitr\u00e4ume t\u00e4gliche Ketamin-Dosen von 50 mg\/10 ml verabreicht, die mit den \u00fcblichen Sportportionen (1 mg\/kg IV) \u00fcbereinstimmten.<a href=\"http:\/\/ketaminkaufenn.com\" target=\"_blank\" rel=\"noopener\"> Ketamin fl\u00fcssig<\/a> zum Verkauf<\/p>\n<p>Drogen har lagts till i n\u00e5gra sekunder med olika \u00e4mnen, vilket ledde till bisarra effekter. Sm\u00e5 doser av ketamin flytande 50mg\/10ml orsaka disinhibition, som f\u00f6rekommer ocks\u00e5 i fr\u00e5ga om alkoholhaltiga drycker. D\u00e4rf\u00f6r anv\u00e4nds den ofta p\u00e5 fester och Yrar. H\u00f6gre doser har motsatt effekt: social tillbakadragenhet, och en utbredd of\u00f6rm\u00e5ga att kommunicera. Att k\u00f6pa ketamin likvida<\/p>\n<h4>ATT S\u00c4LJA KETAMIN FLYTANDE N\u00c4TET:<\/h4>\n<p>MDMA (gl\u00e4dje), en v\u00e4lk\u00e4nd klubb l\u00e4kemedel, som f\u00f6rst d\u00f6k upp i mitten av 1980-talet, \u00e4r ett bra exempel p\u00e5 detta. \u00c4ven om effekterna inte \u00e4r j\u00e4mf\u00f6rbara, \u00e4r ketamin flytande 50mg\/10ml presenteras ofta som en k\u00e4nsla av lycka. De lugnande egenskaperna hos ketamin leda till otydliga spr\u00e5k och en of\u00f6rm\u00e5ga att r\u00f6ra sig, vilket g\u00f6r det n\u00e4stan om\u00f6jligt att r\u00f6ra sig. Av denna anledning, ketamin flytande 50mg\/10ml kallas ofta f\u00f6r en Rendezvous l\u00e4kemedel. Ketamin flytande till salu<\/p>\n<p>Doktor Levine h\u00e4vdar att m\u00f6jligheten att vara en av ketamin flytande 50mg\/10ml beroende p\u00e5 om det anv\u00e4nds som ett &#034;parti narkotika&#034;, \u00e4r inte helt enkelt. &#034;Studier visar att, med den minskade portioner, som vi anv\u00e4nder, i en mycket medicinskt orienterad milj\u00f6, med bristande \u00f6ppenhet f\u00f6r hem och inkonsekvent dosering, ingen Chans f\u00f6r tv\u00e5ng eller missbruk&#034;, s\u00e4ger han, och l\u00e4gger till en Brasklapp: &#034;bensodiazepiner kan fukta upp effekten av ketamin riktigt.&#034; Ketamin flytande till salu<\/p>\n<p>Detta \u00e4r regelbundet raffineras av en klinisk expert i en reglerad milj\u00f6 f\u00f6r kritiska s\u00e4kerhet utredningar. Denna strategi kr\u00e4ver noggrann planering, eftersom hallucinogena Experiment kan vara chockerande, om medlemmen \u00e4r inte tillr\u00e4ckligt samordnad. N\u00e5gra av de experter p\u00e5 psykisk h\u00e4lsa, till f\u00f6rsiktighet i anv\u00e4ndningen av ketamin flytande 50mg\/10ml. Ketamin flytande till salu<\/p>\n<p>&#034;\u00c4ven om det kan vara en effektiv behandling f\u00f6r att snabbt minska symptom p\u00e5 depression, men vi vet inte tillr\u00e4ckligt om de potentiella negativa biverkningar, s\u00e4rskilt med l\u00e5ng tids anv\u00e4ndning, till att rekommendera det f\u00f6r majoriteten av patienterna.&#034; Betydande k\u00e4nslor av lycka \u2013 ketamin flytande 50mg\/10ml kan orsaka vissa slutanv\u00e4ndare Stater verklig h\u00e4nf\u00f6relse. Att s\u00e4lja ketamin likvida<\/p>\n<h4>ATT S\u00c4LJA KETAMIN V\u00c4TSKA, MED\/UTAN RECEPT:<\/h4>\n<p>I alla fall, denna effekt \u00e4r betydligt mindre stark och motst\u00e5ndskraftig som i fallet med narkotika, eller MDMA. Ketamin flytande 50mg\/10ml \u00e4r en medicin som kan hj\u00e4lpa dig att hantera neuropatisk Lidande (nervsm\u00e4rta) under och efter behandling av sjukdomen. Ketamin flytande 50mg\/10ml kan vara, f\u00f6r m\u00e5nga m\u00e4nniskor, \u00e4r ett fantastiskt medium. Ketamin flytande till salu<\/p>\n<p>F\u00f6r andra \u00e4r det n\u00e5got annat \u00e4n en lysande f\u00e4rg. Om du drar en behandling med ketamin 50 mg\/10 ml i beaktande, \u00e4r det viktigt att du kan lita p\u00e5 att leverant\u00f6rerna av deras sjukhus. Intag av ketamin 50 mg\/10 ml lugnade henne uppr\u00f6rd nerver som \u00f6verf\u00f6r n\u00f6d meddelanden till dig. Att s\u00e4lja ketamin likvida<\/p>\n<p>Ketamin flytande 50mg\/10ml blandningar f\u00f6r behandling av depression och andra psykiska problem \u00e4r typiskt senaste fr\u00e5n 40 minuter till 2 timmar, beroende p\u00e5 den drabbade Personen. Det antas att Dissoziativa finns andra \u00e4mnen som \u00e4r \u00f6verl\u00e4gsna, eftersom de fortsatte att orsaka en l\u00e5ngvarig eller mycket l\u00e5ngvariga typ av motst\u00e5nd som utvecklar successivt och \u00e4r oberoende av den typiska motst\u00e5nd. Att s\u00e4lja ketamin likvida<\/p>\n<p>Ketamin likvida 50 mg\/10 ml kan ges som en olaglig drog. Vissa centra kr\u00e4va att under sin upps\u00e4gning n\u00e5gon \u00e4r n\u00e4rvarande f\u00f6r att hj\u00e4lpa dig s\u00e4kert hem. Vissa patienter f\u00f6redrar n\u00e4rvaro av en \u00e4lskad Person under hela kursen av behandlingen, f\u00f6r att k\u00e4nna sig mer bekv\u00e4m, men det \u00e4r inte alla faciliteter som kr\u00e4vs. Att s\u00e4lja ketamin likvida<\/p>\n<h4>ATT S\u00c4LJA KETAMIN:<\/h4>\n<p>Sanningen sandwich \u00e4r inte auktoriserad, l\u00e4tt att anv\u00e4nda, dessa recept p\u00e5 plats. Vi \u00e4r av den \u00e5sikten att det \u00e4r f\u00f6r s\u00e4kerheten f\u00f6r de som v\u00e4ljer dessa \u00e4mnen, \u00e4r det viktigt nyanser anger. M\u00e5nga p\u00e5 mycket l\u00e5ng sikt eller tunga ketamin Flytande 50mg\/10ml kunder rapporterar att de har betydligt mer f\u00f6r att f\u00e5 en separation eller Ing\u00e5ende i j\u00e4mf\u00f6relse med den f\u00f6rsta anv\u00e4ndningen, i alla fall, efter att ha l\u00e4ngre raster. Ketamin flytande till salu<\/p>\n<p>Om du har n\u00e5gon Person, v\u00e4nligen kontakta n\u00e5gon av organisationerna nedan, f\u00f6r att ordna med Transport. Med st\u00f6d av en expert f\u00f6r det psykiska v\u00e4lbefinnandet, kan du f\u00e5 en behandling plan som fokuserar p\u00e5 de aspekter av ditt dagliga liv, du beh\u00f6ver f\u00f6r att f\u00e5 b\u00e4sta grepp n\u00e4r du k\u00f6per ketamin likvida 50 mg\/10 ml l\u00e4kemedel f\u00f6r att ha ovanligt gl\u00e4dje till ditt M\u00f6te Ketamin flytande till salu<\/p>\n<p>N\u00e5gon att du kommer att skickas hem f\u00f6r att plocka upp dem. Generellt, intresset f\u00f6r den h\u00e4r organisationen \u00e4r stor, och du kommer att beh\u00f6va tillhandah\u00e5lla Transport. Eftersom ketamin flytande 50mg\/10ml \u00e4r godk\u00e4nd under varum\u00e4rket Spravato av FDA, det finns krav p\u00e5 att dess anv\u00e4ndning f\u00f6r behandling av depression. Att s\u00e4lja ketamin likvida<\/p>\n<p>En ketamin flytande 50mg\/10ml-assisted psykoterapi \u00e4r ett Alternativ. Detta f\u00f6rfarande syftar till att ta itu med orsakerna till f\u00f6rtvivlan av patienten. I denna kategori ing\u00e5r alla institutioner som erbjuder psykologisk behandling i samband med ketamin flytande 50mg\/10ml organisationer. Ketamin flytande till salu<\/p>\n<h4>Sm\u00e4rtstillande:<\/h4>\n<p>Spravato \u00e4r f\u00f6reskrivna f\u00f6r att Spraya i n\u00e4san, och \u00e4r endast ett f\u00e5tal godk\u00e4nda ketamin flytande 50mg\/10ml centra och apotek. I den kliniska studien, tolv personer var med som kr\u00e4ver behandling f\u00f6r sv\u00e5r depression och sj\u00e4lvmordstankar tre g\u00e5nger i veckan intraven\u00f6st blandningar av ketamin flytande 50mg\/10ml. Ketamin flytande till salu<\/p>\n<p>Fem av de tolv s\u00e4nds och tas emot \u00f6ver en l\u00e4ngre tid, en vecka ketamin likvida 50 mg\/10 ml, f\u00f6ljt av en ketamin flytande 50mg\/10ml-behandlingen och en m\u00e5nad uppf\u00f6ljning fas, i vilken ingen ketamin likvida 50 mg\/10 ml administrerades. Var och en av de fem f\u00f6rberedd f\u00f6r varaktigheten av den uppf\u00f6ljande behandling en sv\u00e5r manifestation kurs. Ketamin flytande till salu<\/p>","protected":false},"excerpt":{"rendered":"<h3 style=\"text-align: center;\">KAUFEN KETAMIN FL\u00dcSSIG<\/h3>\n<hr \/>\n<p>Finden Sie das beste fl\u00fcssige Ketamin zum Kauf auf unserer Website. Bestellen Sie jetzt und erhalten Sie es bequem nach Hause geliefert!<\/p>","protected":false},"featured_media":1761,"comment_status":"open","ping_status":"closed","template":"","meta":{"content-type":""},"product_brand":[],"product_cat":[188],"product_tag":[194,195],"class_list":{"0":"post-1752","1":"product","2":"type-product","3":"status-publish","4":"has-post-thumbnail","6":"product_cat-ketamine","7":"product_tag-ketamin-flussig-50-mg","8":"product_tag-ketamin-flussig-kaufen","10":"first","11":"instock","12":"shipping-taxable","13":"purchasable","14":"product-type-variable"},"_links":{"self":[{"href":"https:\/\/kokaindrogekaufen.com\/sv\/wp-json\/wp\/v2\/product\/1752"}],"collection":[{"href":"https:\/\/kokaindrogekaufen.com\/sv\/wp-json\/wp\/v2\/product"}],"about":[{"href":"https:\/\/kokaindrogekaufen.com\/sv\/wp-json\/wp\/v2\/types\/product"}],"replies":[{"embeddable":true,"href":"https:\/\/kokaindrogekaufen.com\/sv\/wp-json\/wp\/v2\/comments?post=1752"}],"wp:featuredmedia":[{"embeddable":true,"href":"https:\/\/kokaindrogekaufen.com\/sv\/wp-json\/wp\/v2\/media\/1761"}],"wp:attachment":[{"href":"https:\/\/kokaindrogekaufen.com\/sv\/wp-json\/wp\/v2\/media?parent=1752"}],"wp:term":[{"taxonomy":"product_brand","embeddable":true,"href":"https:\/\/kokaindrogekaufen.com\/sv\/wp-json\/wp\/v2\/product_brand?post=1752"},{"taxonomy":"product_cat","embeddable":true,"href":"https:\/\/kokaindrogekaufen.com\/sv\/wp-json\/wp\/v2\/product_cat?post=1752"},{"taxonomy":"product_tag","embeddable":true,"href":"https:\/\/kokaindrogekaufen.com\/sv\/wp-json\/wp\/v2\/product_tag?post=1752"}],"curies":[{"name":"wp","href":"https:\/\/api.w.org\/{rel}","templated":true}]}}