{"id":1805,"date":"2023-08-07T09:51:02","date_gmt":"2023-08-07T08:51:02","guid":{"rendered":"https:\/\/kokaindrogekaufen.com\/?post_type=product&#038;p=1805"},"modified":"2025-01-13T06:50:24","modified_gmt":"2025-01-13T06:50:24","slug":"lsd-kaufen","status":"publish","type":"product","link":"https:\/\/kokaindrogekaufen.com\/sv\/product\/lsd-kaufen\/","title":{"rendered":"LSD K\u00f6pa"},"content":{"rendered":"<div class=\"visible-content\">\n<h1>LSD online k\u00f6pa<\/h1>\n<p class=\"gt-block\">V\u00e4nligen ta en Stund och l\u00e4s v\u00e5r senaste artikel att 1D-LSD, 1V-LSD och de senaste \u00e4ndringarna i lagen i Tyskland.<\/p>\n<h2>Vad LSD \u00e4r 1D?<\/h2>\n<p>1D-LSD ((1-(<a href=\"https:\/\/en.wikipedia.org\/wiki\/1D-LSD#:~:text=1D%2DLSD%20(1%2D(1,German%20NpSG%20law%20in%202022.\" target=\"_blank\" rel=\"noopener\">1,2-dimetyl CYKLOBUTAN-1-carbonyl<\/a>)-Lysergic acid diethylamide-Hemi-L-tartrat)) inf\u00f6rs.<\/p>\n<p>1D-LSD \u00e4r en Prodrug av en Lysergamide derivat med Ergolin ryggrad och LSD, medan 1V-LSD-och 1D \u00e4r LSD analog. Eftersom det \u00e4r en Prodrug till LSD, it-aktier \u00e4r det troligt att m\u00e5nga av de psykedeliska egenskaper av LSD-25, liksom andra LSD-Prodrugs, s\u00e5som 1 cp-LSD-och-1P-LSD, och f\u00f6rmodligen har en liknande verkningsmekanism. En Prodrug \u00e4r i Huvudsak en inaktiv substans, som \u00e4r aktiva i \u00e4mnesoms\u00e4ttningen av kemiska reaktioner vid f\u00f6rt\u00e4ring.<\/p>\n<h3><strong>Vad \u00e4r effekterna av 0D-LSD?<\/strong><\/h3>\n<\/div>\n<div class=\"hidden-content\">\n<p class=\"gt-block\">F\u00f6rsta rapporterna tyder p\u00e5 att 1D-LSD har en liknande effekt som 1V-LSD-och LSD-25, men det \u00e4r fortfarande tidigt i livet f\u00f6r 1D-LSD. 1D-LSD verkar ha n\u00e5gra viktiga skillnader fr\u00e5n andra Lysergamiden.<\/p>\n<p class=\"gt-block\">Den\u00a0<strong>Stora skillnader<\/strong>\u00a0Vi har hittills identifierat \u00e4r:<\/p>\n<ul>\n<li><strong>Kortare\/snabbare i b\u00f6rjan<\/strong>\u00a0\u2013 1D-LSD verkar beh\u00f6va ca 30-60 minuter f\u00f6r att f\u00e5 full effekt. I j\u00e4mf\u00f6relse med 1-2 timmar f\u00f6r 1 cp-LSD-och LSD-25.<\/li>\n<li><strong>Konsekvens<\/strong>\u00a0\u2013 Viele Forscher haben berichtet, dass 1D-LSD konsistentere und reproduzierbarere Ergebnisse liefert, wodurch es sich besonders f\u00fcr Mikrodosierungen oder Therapeutika eignet. Die Momente auf dem Sportplatz sind voller Leidenschaft und Vitalit\u00e4t.<\/li>\n<li><strong>Kortare<\/strong>\u00a0Rapporter visar att 1D-LSD har en kortare varaktighet \u00e4n 1V-LSD, som redan hade en kort l\u00e4ngd ca 6-8 timmar, j\u00e4mf\u00f6rt med l\u00e4ngre L\u00f6ptider 1 cp-LSD-och LSD-25, n\u00e4rmare 10-12 timmar.<\/li>\n<li><strong>Styrka<\/strong>\u00a0\u2013 Kraften i 1D-LSD verkar vara j\u00e4mf\u00f6rbar med 1V-LSD. LSD online k\u00f6pa.<\/li>\n<\/ul>\n<h3 class=\"gt-block\">D\u00e4rf\u00f6r snabbare b\u00f6rjan?<\/h3>\n<p>Det har spekulerats i att den snabba insjuknandet kan f\u00f6rklaras av det kraftigt laddad 1,2-dimetyl CYKLOBUTAN-grupp, som g\u00f6r det m\u00f6jligt f\u00f6r en snabbare \u00e4mnesoms\u00e4ttning och en snabbare hydrolys till LSD in vivo.<\/p>\n<p class=\"gt-block\"><strong>Laglighet<\/strong><\/p>\n<p>1D-LSD \u00e4r f\u00f6r n\u00e4rvarande i Tyskland, Frankrike, Japan, och n\u00e4stan alla l\u00e4nder i v\u00e4rlden lagligt, i vilket det finns inget allm\u00e4nt f\u00f6rbud av psykoaktiva Substanser.<\/p>\n<p class=\"gt-block\">Vi har \u00e4nnu inte ett smeknamn f\u00f6r 1D-LSD, eftersom vi vet vad deras egenskaper. Om du har n\u00e5gra f\u00f6rslag, du kan dela dem via E-Post eller chatta live med oss. F\u00f6r mer information, kontakta\u00a0<a href=\"https:\/\/kokaindrogekaufen.com\/sv\/\">Kontakta<\/a>\u00a0med oss.<\/p>\n<\/div>","protected":false},"excerpt":{"rendered":"<p>\u2713Hela frakt fr\u00e5n Tyskland<br \/>\n\u2713Utsikt poet och vakuumierter Stealth frakt<br \/>\n\u2713Betala anonymt med Bitcoin\/Crypto<br \/>\n\u2713Fullst\u00e4ndiga uppgifter s\u00e4kerhet genom kryptering<\/p>","protected":false},"featured_media":1810,"comment_status":"open","ping_status":"closed","template":"","meta":{"content-type":""},"product_brand":[],"product_cat":[193],"product_tag":[205,202,203,204],"class_list":{"0":"post-1805","1":"product","2":"type-product","3":"status-publish","4":"has-post-thumbnail","6":"product_cat-lsd-kaufen","7":"product_tag-kaufen-lsd","8":"product_tag-lsd-kaufen","9":"product_tag-lsd-kaufen-lieferung","10":"product_tag-lsd-online-kaufen","12":"first","13":"instock","14":"shipping-taxable","15":"purchasable","16":"product-type-variable"},"_links":{"self":[{"href":"https:\/\/kokaindrogekaufen.com\/sv\/wp-json\/wp\/v2\/product\/1805"}],"collection":[{"href":"https:\/\/kokaindrogekaufen.com\/sv\/wp-json\/wp\/v2\/product"}],"about":[{"href":"https:\/\/kokaindrogekaufen.com\/sv\/wp-json\/wp\/v2\/types\/product"}],"replies":[{"embeddable":true,"href":"https:\/\/kokaindrogekaufen.com\/sv\/wp-json\/wp\/v2\/comments?post=1805"}],"wp:featuredmedia":[{"embeddable":true,"href":"https:\/\/kokaindrogekaufen.com\/sv\/wp-json\/wp\/v2\/media\/1810"}],"wp:attachment":[{"href":"https:\/\/kokaindrogekaufen.com\/sv\/wp-json\/wp\/v2\/media?parent=1805"}],"wp:term":[{"taxonomy":"product_brand","embeddable":true,"href":"https:\/\/kokaindrogekaufen.com\/sv\/wp-json\/wp\/v2\/product_brand?post=1805"},{"taxonomy":"product_cat","embeddable":true,"href":"https:\/\/kokaindrogekaufen.com\/sv\/wp-json\/wp\/v2\/product_cat?post=1805"},{"taxonomy":"product_tag","embeddable":true,"href":"https:\/\/kokaindrogekaufen.com\/sv\/wp-json\/wp\/v2\/product_tag?post=1805"}],"curies":[{"name":"wp","href":"https:\/\/api.w.org\/{rel}","templated":true}]}}